{"id":9949,"date":"2025-04-29T14:59:36","date_gmt":"2025-04-29T11:59:36","guid":{"rendered":"https:\/\/www.stoneplusturkiye.com\/shop\/?post_type=product&#038;p=9949"},"modified":"2025-06-18T17:04:28","modified_gmt":"2025-06-18T14:04:28","slug":"barbekulu-cardak-modeli-3","status":"publish","type":"product","link":"https:\/\/www.stoneplusturkiye.com\/shop\/urun\/barbekulu-cardak-modeli-3\/","title":{"rendered":"Stonewood Rose | Barbek\u00fcl\u00fc \u00c7ardak Modeli 4&#215;5 20 m2"},"content":{"rendered":"<p><strong>Barbek\u00fcl\u00fc \u00c7ardak Modeli<\/strong><\/p>\n<p>Boyut: 4&#215;6 m.<br \/>\n\u00c7er\u00e7eve ve taban: profil boru 100*100, duvar 3mm.<br \/>\nD\u00f6\u015feme kiri\u015fleri: 60*40*2mm.<br \/>\nAlt \u00e7er\u00e7eve: takviyeli. malzeme: 100*100, duvar 3mm<br \/>\nZemin: d\u00f6\u015feme tahtas\u0131 (yumu\u015fak a\u011fa\u00e7) \u00e7am (istenirse kara\u00e7am, WPC, MPC kullan\u0131labilir)<br \/>\nYan duvar: kuru planyalanm\u0131\u015f \u00e7\u0131talar 40*40<br \/>\nElektrik tesisat\u0131: kablolar tavan\u0131n alt\u0131ndan ge\u00e7iyor, ayd\u0131nlatma: tavana g\u00f6m\u00fcl\u00fc 4 adet spot, 2 anahtar, 2 priz.<br \/>\n\u00c7at\u0131 kaplamas\u0131: shtil malzeme \u00e7am (AB s\u0131n\u0131f\u0131)<br \/>\nTedavi: Yang\u0131n-biyolojik koruma.<br \/>\nRenkler: Taban (\u00e7er\u00e7eve) kahverengi, ah\u015fap kaplama rengi: tik rengi<br \/>\n(aquatex vernik ve emprenye)<br \/>\nKurulum kaz\u0131kl\u0131 saha \u00fczerinde ger\u00e7ekle\u015ftirilir.<br \/>\nAyr\u0131ca yemek masas\u0131, mangal masas\u0131, baca ve perde montaj\u0131 da yap\u0131labiliyor.<\/p>\n","protected":false},"excerpt":{"rendered":"<ul>\n<li style=\"list-style-type: none;\">\n<ul>\n<li>\n<h5 style=\"text-align: left;\"><span style=\"color: #d60f51;\"><strong><span style=\"color: #99cc00;\"><span style=\"color: #339966;\"><span style=\"color: #008080;\">\u00dcr\u00fcnlerimiz 3 y\u0131l montaj ve imalat garantilidir.\u00a0 Fiyat\u0131m\u0131za Nakliye Dahil de\u011fildir veya Yerinde kurulum olarak imal edilecektir. <em>Barbek\u00fcl\u00fc \u00c7ardak Modeli\u00a0<\/em><\/span><\/span><\/span><\/strong><\/span><span style=\"color: #d60f51;\"><strong><span style=\"color: #99cc00;\"><span style=\"color: #339966;\"><span style=\"color: #008080;\"><br \/>\n<\/span><\/span><\/span><\/strong><\/span><strong>Kameriye Tasar\u0131mlar\u0131m\u0131z\u0131 iste\u011finize uygun mimari olarak revize edebilir, mutfak dolab\u0131 renkleri ve opsiyonel \u00fcr\u00fcnleri taleplerinize g\u00f6re revize edebiliriz.\u00a0<\/strong><\/h5>\n<h5 style=\"text-align: left;\"><span style=\"color: #d60f51;\"><strong><span style=\"color: #993300;\">Fiyat\u0131m\u0131za Dahil Olan Hizmetler<br \/>\n-Zemin Platformu Fiyat\u0131m\u0131za Dahil Edilmi\u015ftir.<br \/>\n-Mutfak Dolab\u0131 Fiyat\u0131m\u0131za Dahil Edilmi\u015ftir.<br \/>\n<\/span><\/strong><\/span>-\u00dcr\u00fcnlerimiz 1. S\u0131n\u0131f Kamelyal\u0131k Rus veya Sar\u0131\u00e7am olarak imal edilmektedir.<br \/>\n-Ah\u015fap Uygulamalar\u0131m\u0131z ebatlar\u0131n\u0131za ve \u00f6l\u00e7\u00fclerinize g\u00f6re haz\u0131rlanmaktad\u0131r.<br \/>\n-Kameriye uygulamam\u0131za elektrik ve su tesisat\u0131 dahil edilmi\u015ftir.<br \/>\n-Mutfak dolab\u0131 Membran, Tezgah uygulamas\u0131 Masif ah\u015fap olarak imal edilmektedir.<br \/>\n-\u00c7at\u0131 katman\u0131 cam y\u00fcn\u00fc yal\u0131t\u0131m dahilinde, trapez sa\u00e7 panel ve al\u0131nlar 0,60 kenet olarak fiyatland\u0131r\u0131lm\u0131\u015ft\u0131r<br \/>\n-Yap\u0131&#8217;da 0,16 cm geni\u015fli\u011finde lambiri uygulamas\u0131 fiyat\u0131m\u0131za dahil edilmi\u015ftir.<br \/>\n-Spot ve \u0131\u015f\u0131kland\u0131rma fiyat\u0131m\u0131za dahil edilmi\u015ftir.<br \/>\n-Zemin Alt\u0131 ve Tutucu Profiller Demir Profil Olarak \u0130mal Edilmi\u015ftir.<br \/>\n-Mutfak Dolaplar\u0131: HightGlass | Granit Tezgah:<br \/>\n-Elektrik ve Su tesisat\u0131\u00a0 (Halogen Free -Siemens + Viko Priz\u00a0 | F\u0131ratpen-Plastherm)<br \/>\n<strong><br \/>\n<span style=\"color: #993300;\">Kullan\u0131lacak t\u00fcm malzemeler TSE ve ISO belgeli olarak hesaplanm\u0131\u015ft\u0131r.<\/span><\/strong><\/h5>\n<p>&nbsp;<\/p>\n<h5 style=\"text-align: left;\"><span style=\"color: #d60f51;\"><strong><span style=\"color: #993300;\">Fiyat\u0131m\u0131za Hari\u00e7 Olan Hizmetler<br \/>\nNakliye ve Kurulum Fiyat\u0131 Mesafe Nedeniyle De\u011fi\u015fiklik G\u00f6sterebilmektedir.<br \/>\nBarbek\u00fc Uygulamas\u0131 Haricen Fiyatland\u0131r\u0131lacakt\u0131r.\u00a0<\/span><\/strong><\/span><\/h5>\n<h5 style=\"text-align: left;\"><strong><span style=\"color: #993300;\">\u00a0<\/span><\/strong><\/h5>\n<h5><\/h5>\n<\/li>\n<\/ul>\n<\/li>\n<\/ul>\n","protected":false},"featured_media":9951,"comment_status":"closed","ping_status":"closed","template":"","meta":[],"product_brand":[],"product_cat":[146,29],"product_tag":[157,182,183],"class_list":{"0":"post-9949","1":"product","2":"type-product","3":"status-publish","4":"has-post-thumbnail","6":"product_cat-kamelya","7":"product_cat-stoneplus-urunleri","8":"product_tag-modern-kis-bahcesi-kamelya","9":"product_tag-profil-kamelya-modeli","10":"product_tag-profil-kamelya-modeli-fiyatlari","12":"first","13":"instock","14":"shipping-taxable","15":"purchasable","16":"product-type-simple"},"yoast_head":"<!-- This site is optimized with the Yoast SEO Premium plugin v24.8 (Yoast SEO v27.3) - https:\/\/yoast.com\/product\/yoast-seo-premium-wordpress\/ -->\n<title>Stonewood Rose | Barbek\u00fcl\u00fc \u00c7ardak Modeli 4x5 20 m2 - Stoneplus Ah\u015fap \u00dcr\u00fcnleri<\/title>\n<meta name=\"description\" content=\"Barbek\u00fcl\u00fc \u00c7ardak Modeli en \u00e7ok be\u011fenilen \u00fcr\u00fcn\u00fcm\u00fcz Stonewood n\u00fckse Kameriye tasar\u0131m\u0131m\u0131zla modern bir g\u00f6r\u00fcn\u00fcm sa\u011flar ve sizi b\u00fcy\u00fcler\" \/>\n<meta name=\"robots\" content=\"index, follow, max-snippet:-1, max-image-preview:large, max-video-preview:-1\" \/>\n<link rel=\"canonical\" href=\"https:\/\/www.stoneplusturkiye.com\/shop\/urun\/barbekulu-cardak-modeli-3\/\" \/>\n<meta property=\"og:locale\" content=\"tr_TR\" \/>\n<meta property=\"og:type\" content=\"article\" \/>\n<meta property=\"og:title\" content=\"Stonewood Rose | Barbek\u00fcl\u00fc \u00c7ardak Modeli 4x5 20 m2\" \/>\n<meta property=\"og:description\" content=\"Barbek\u00fcl\u00fc \u00c7ardak Modeli en \u00e7ok be\u011fenilen \u00fcr\u00fcn\u00fcm\u00fcz Stonewood n\u00fckse Kameriye tasar\u0131m\u0131m\u0131zla modern bir g\u00f6r\u00fcn\u00fcm sa\u011flar ve sizi b\u00fcy\u00fcler\" \/>\n<meta property=\"og:url\" content=\"https:\/\/www.stoneplusturkiye.com\/shop\/urun\/barbekulu-cardak-modeli-3\/\" \/>\n<meta property=\"og:site_name\" content=\"Stoneplus Ah\u015fap \u00dcr\u00fcnleri\" \/>\n<meta property=\"article:publisher\" content=\"https:\/\/www.facebook.com\/stoneplusturkiye\/\" \/>\n<meta property=\"article:modified_time\" content=\"2025-06-18T14:04:28+00:00\" \/>\n<meta property=\"og:image\" content=\"https:\/\/www.stoneplusturkiye.com\/shop\/wp-content\/uploads\/2025\/04\/5-min-1.jpg\" \/>\n\t<meta property=\"og:image:width\" content=\"2560\" \/>\n\t<meta property=\"og:image:height\" content=\"1650\" \/>\n\t<meta property=\"og:image:type\" content=\"image\/jpeg\" \/>\n<meta name=\"twitter:card\" content=\"summary_large_image\" \/>\n<meta name=\"twitter:label1\" content=\"Tahmini okuma s\u00fcresi\" \/>\n\t<meta name=\"twitter:data1\" content=\"1 dakika\" \/>\n<script type=\"application\/ld+json\" class=\"yoast-schema-graph\">{\"@context\":\"https:\\\/\\\/schema.org\",\"@graph\":[{\"@type\":\"WebPage\",\"@id\":\"https:\\\/\\\/www.stoneplusturkiye.com\\\/shop\\\/urun\\\/barbekulu-cardak-modeli-3\\\/\",\"url\":\"https:\\\/\\\/www.stoneplusturkiye.com\\\/shop\\\/urun\\\/barbekulu-cardak-modeli-3\\\/\",\"name\":\"Stonewood Rose | Barbek\u00fcl\u00fc \u00c7ardak Modeli 4x5 20 m2 - Stoneplus Ah\u015fap \u00dcr\u00fcnleri\",\"isPartOf\":{\"@id\":\"https:\\\/\\\/www.stoneplusturkiye.com\\\/shop\\\/#website\"},\"primaryImageOfPage\":{\"@id\":\"https:\\\/\\\/www.stoneplusturkiye.com\\\/shop\\\/urun\\\/barbekulu-cardak-modeli-3\\\/#primaryimage\"},\"image\":{\"@id\":\"https:\\\/\\\/www.stoneplusturkiye.com\\\/shop\\\/urun\\\/barbekulu-cardak-modeli-3\\\/#primaryimage\"},\"thumbnailUrl\":\"https:\\\/\\\/www.stoneplusturkiye.com\\\/shop\\\/wp-content\\\/uploads\\\/2025\\\/04\\\/5-min-1.jpg\",\"datePublished\":\"2025-04-29T11:59:36+00:00\",\"dateModified\":\"2025-06-18T14:04:28+00:00\",\"description\":\"Barbek\u00fcl\u00fc \u00c7ardak Modeli en \u00e7ok be\u011fenilen \u00fcr\u00fcn\u00fcm\u00fcz Stonewood n\u00fckse Kameriye tasar\u0131m\u0131m\u0131zla modern bir g\u00f6r\u00fcn\u00fcm sa\u011flar ve sizi b\u00fcy\u00fcler\",\"breadcrumb\":{\"@id\":\"https:\\\/\\\/www.stoneplusturkiye.com\\\/shop\\\/urun\\\/barbekulu-cardak-modeli-3\\\/#breadcrumb\"},\"inLanguage\":\"tr\",\"potentialAction\":[{\"@type\":\"ReadAction\",\"target\":[\"https:\\\/\\\/www.stoneplusturkiye.com\\\/shop\\\/urun\\\/barbekulu-cardak-modeli-3\\\/\"]}]},{\"@type\":\"ImageObject\",\"inLanguage\":\"tr\",\"@id\":\"https:\\\/\\\/www.stoneplusturkiye.com\\\/shop\\\/urun\\\/barbekulu-cardak-modeli-3\\\/#primaryimage\",\"url\":\"https:\\\/\\\/www.stoneplusturkiye.com\\\/shop\\\/wp-content\\\/uploads\\\/2025\\\/04\\\/5-min-1.jpg\",\"contentUrl\":\"https:\\\/\\\/www.stoneplusturkiye.com\\\/shop\\\/wp-content\\\/uploads\\\/2025\\\/04\\\/5-min-1.jpg\",\"width\":2560,\"height\":1650,\"caption\":\"Barbek\u00fcl\u00fc \u00c7ardak Modeli\"},{\"@type\":\"BreadcrumbList\",\"@id\":\"https:\\\/\\\/www.stoneplusturkiye.com\\\/shop\\\/urun\\\/barbekulu-cardak-modeli-3\\\/#breadcrumb\",\"itemListElement\":[{\"@type\":\"ListItem\",\"position\":1,\"name\":\"Home\",\"item\":\"https:\\\/\\\/www.stoneplusturkiye.com\\\/shop\\\/\"},{\"@type\":\"ListItem\",\"position\":2,\"name\":\"Ma\u011faza\",\"item\":\"https:\\\/\\\/www.stoneplusturkiye.com\\\/shop\\\/magaza\\\/\"},{\"@type\":\"ListItem\",\"position\":3,\"name\":\"Stonewood Rose | Barbek\u00fcl\u00fc \u00c7ardak Modeli 4&#215;5 20 m2\"}]},{\"@type\":\"WebSite\",\"@id\":\"https:\\\/\\\/www.stoneplusturkiye.com\\\/shop\\\/#website\",\"url\":\"https:\\\/\\\/www.stoneplusturkiye.com\\\/shop\\\/\",\"name\":\"Stoneplus Ah\u015fap \u00dcr\u00fcnleri\",\"description\":\"Stonewood Ah\u015fap \u00c7\u00f6z\u00fcmleri\",\"publisher\":{\"@id\":\"https:\\\/\\\/www.stoneplusturkiye.com\\\/shop\\\/#organization\"},\"potentialAction\":[{\"@type\":\"SearchAction\",\"target\":{\"@type\":\"EntryPoint\",\"urlTemplate\":\"https:\\\/\\\/www.stoneplusturkiye.com\\\/shop\\\/?s={search_term_string}\"},\"query-input\":{\"@type\":\"PropertyValueSpecification\",\"valueRequired\":true,\"valueName\":\"search_term_string\"}}],\"inLanguage\":\"tr\"},{\"@type\":\"Organization\",\"@id\":\"https:\\\/\\\/www.stoneplusturkiye.com\\\/shop\\\/#organization\",\"name\":\"Stoneplus \u0130n\u015faat Yap\u0131 Ah\u015fap \u00dcr\u00fcnleri\",\"url\":\"https:\\\/\\\/www.stoneplusturkiye.com\\\/shop\\\/\",\"logo\":{\"@type\":\"ImageObject\",\"inLanguage\":\"tr\",\"@id\":\"https:\\\/\\\/www.stoneplusturkiye.com\\\/shop\\\/#\\\/schema\\\/logo\\\/image\\\/\",\"url\":\"https:\\\/\\\/www.stoneplusturkiye.com\\\/shop\\\/wp-content\\\/uploads\\\/2025\\\/02\\\/stoneplus2.png\",\"contentUrl\":\"https:\\\/\\\/www.stoneplusturkiye.com\\\/shop\\\/wp-content\\\/uploads\\\/2025\\\/02\\\/stoneplus2.png\",\"width\":1000,\"height\":1000,\"caption\":\"Stoneplus \u0130n\u015faat Yap\u0131 Ah\u015fap \u00dcr\u00fcnleri\"},\"image\":{\"@id\":\"https:\\\/\\\/www.stoneplusturkiye.com\\\/shop\\\/#\\\/schema\\\/logo\\\/image\\\/\"},\"sameAs\":[\"https:\\\/\\\/www.facebook.com\\\/stoneplusturkiye\\\/\"],\"description\":\"Stoneplus in\u015faat yap\u0131 ah\u015fap \u00fcr\u00fcnleri\",\"email\":\"bilgi@stoneplusturkiye.com\",\"telephone\":\"08504950590\",\"legalName\":\"Stoneplus \u0130n\u015f. Yap\u0131 Ah\u015fap \u00dcr\u00fcnleri\",\"taxID\":\"7810871242\",\"numberOfEmployees\":{\"@type\":\"QuantitativeValue\",\"minValue\":\"1\",\"maxValue\":\"10\"}}]}<\/script>\n<!-- \/ Yoast SEO Premium plugin. -->","yoast_head_json":{"title":"Stonewood Rose | Barbek\u00fcl\u00fc \u00c7ardak Modeli 4x5 20 m2 - Stoneplus Ah\u015fap \u00dcr\u00fcnleri","description":"Barbek\u00fcl\u00fc \u00c7ardak Modeli en \u00e7ok be\u011fenilen \u00fcr\u00fcn\u00fcm\u00fcz Stonewood n\u00fckse Kameriye tasar\u0131m\u0131m\u0131zla modern bir g\u00f6r\u00fcn\u00fcm sa\u011flar ve sizi b\u00fcy\u00fcler","robots":{"index":"index","follow":"follow","max-snippet":"max-snippet:-1","max-image-preview":"max-image-preview:large","max-video-preview":"max-video-preview:-1"},"canonical":"https:\/\/www.stoneplusturkiye.com\/shop\/urun\/barbekulu-cardak-modeli-3\/","og_locale":"tr_TR","og_type":"article","og_title":"Stonewood Rose | Barbek\u00fcl\u00fc \u00c7ardak Modeli 4x5 20 m2","og_description":"Barbek\u00fcl\u00fc \u00c7ardak Modeli en \u00e7ok be\u011fenilen \u00fcr\u00fcn\u00fcm\u00fcz Stonewood n\u00fckse Kameriye tasar\u0131m\u0131m\u0131zla modern bir g\u00f6r\u00fcn\u00fcm sa\u011flar ve sizi b\u00fcy\u00fcler","og_url":"https:\/\/www.stoneplusturkiye.com\/shop\/urun\/barbekulu-cardak-modeli-3\/","og_site_name":"Stoneplus Ah\u015fap \u00dcr\u00fcnleri","article_publisher":"https:\/\/www.facebook.com\/stoneplusturkiye\/","article_modified_time":"2025-06-18T14:04:28+00:00","og_image":[{"width":2560,"height":1650,"url":"https:\/\/www.stoneplusturkiye.com\/shop\/wp-content\/uploads\/2025\/04\/5-min-1.jpg","type":"image\/jpeg"}],"twitter_card":"summary_large_image","twitter_misc":{"Tahmini okuma s\u00fcresi":"1 dakika"},"schema":{"@context":"https:\/\/schema.org","@graph":[{"@type":"WebPage","@id":"https:\/\/www.stoneplusturkiye.com\/shop\/urun\/barbekulu-cardak-modeli-3\/","url":"https:\/\/www.stoneplusturkiye.com\/shop\/urun\/barbekulu-cardak-modeli-3\/","name":"Stonewood Rose | Barbek\u00fcl\u00fc \u00c7ardak Modeli 4x5 20 m2 - Stoneplus Ah\u015fap \u00dcr\u00fcnleri","isPartOf":{"@id":"https:\/\/www.stoneplusturkiye.com\/shop\/#website"},"primaryImageOfPage":{"@id":"https:\/\/www.stoneplusturkiye.com\/shop\/urun\/barbekulu-cardak-modeli-3\/#primaryimage"},"image":{"@id":"https:\/\/www.stoneplusturkiye.com\/shop\/urun\/barbekulu-cardak-modeli-3\/#primaryimage"},"thumbnailUrl":"https:\/\/www.stoneplusturkiye.com\/shop\/wp-content\/uploads\/2025\/04\/5-min-1.jpg","datePublished":"2025-04-29T11:59:36+00:00","dateModified":"2025-06-18T14:04:28+00:00","description":"Barbek\u00fcl\u00fc \u00c7ardak Modeli en \u00e7ok be\u011fenilen \u00fcr\u00fcn\u00fcm\u00fcz Stonewood n\u00fckse Kameriye tasar\u0131m\u0131m\u0131zla modern bir g\u00f6r\u00fcn\u00fcm sa\u011flar ve sizi b\u00fcy\u00fcler","breadcrumb":{"@id":"https:\/\/www.stoneplusturkiye.com\/shop\/urun\/barbekulu-cardak-modeli-3\/#breadcrumb"},"inLanguage":"tr","potentialAction":[{"@type":"ReadAction","target":["https:\/\/www.stoneplusturkiye.com\/shop\/urun\/barbekulu-cardak-modeli-3\/"]}]},{"@type":"ImageObject","inLanguage":"tr","@id":"https:\/\/www.stoneplusturkiye.com\/shop\/urun\/barbekulu-cardak-modeli-3\/#primaryimage","url":"https:\/\/www.stoneplusturkiye.com\/shop\/wp-content\/uploads\/2025\/04\/5-min-1.jpg","contentUrl":"https:\/\/www.stoneplusturkiye.com\/shop\/wp-content\/uploads\/2025\/04\/5-min-1.jpg","width":2560,"height":1650,"caption":"Barbek\u00fcl\u00fc \u00c7ardak Modeli"},{"@type":"BreadcrumbList","@id":"https:\/\/www.stoneplusturkiye.com\/shop\/urun\/barbekulu-cardak-modeli-3\/#breadcrumb","itemListElement":[{"@type":"ListItem","position":1,"name":"Home","item":"https:\/\/www.stoneplusturkiye.com\/shop\/"},{"@type":"ListItem","position":2,"name":"Ma\u011faza","item":"https:\/\/www.stoneplusturkiye.com\/shop\/magaza\/"},{"@type":"ListItem","position":3,"name":"Stonewood Rose | Barbek\u00fcl\u00fc \u00c7ardak Modeli 4&#215;5 20 m2"}]},{"@type":"WebSite","@id":"https:\/\/www.stoneplusturkiye.com\/shop\/#website","url":"https:\/\/www.stoneplusturkiye.com\/shop\/","name":"Stoneplus Ah\u015fap \u00dcr\u00fcnleri","description":"Stonewood Ah\u015fap \u00c7\u00f6z\u00fcmleri","publisher":{"@id":"https:\/\/www.stoneplusturkiye.com\/shop\/#organization"},"potentialAction":[{"@type":"SearchAction","target":{"@type":"EntryPoint","urlTemplate":"https:\/\/www.stoneplusturkiye.com\/shop\/?s={search_term_string}"},"query-input":{"@type":"PropertyValueSpecification","valueRequired":true,"valueName":"search_term_string"}}],"inLanguage":"tr"},{"@type":"Organization","@id":"https:\/\/www.stoneplusturkiye.com\/shop\/#organization","name":"Stoneplus \u0130n\u015faat Yap\u0131 Ah\u015fap \u00dcr\u00fcnleri","url":"https:\/\/www.stoneplusturkiye.com\/shop\/","logo":{"@type":"ImageObject","inLanguage":"tr","@id":"https:\/\/www.stoneplusturkiye.com\/shop\/#\/schema\/logo\/image\/","url":"https:\/\/www.stoneplusturkiye.com\/shop\/wp-content\/uploads\/2025\/02\/stoneplus2.png","contentUrl":"https:\/\/www.stoneplusturkiye.com\/shop\/wp-content\/uploads\/2025\/02\/stoneplus2.png","width":1000,"height":1000,"caption":"Stoneplus \u0130n\u015faat Yap\u0131 Ah\u015fap \u00dcr\u00fcnleri"},"image":{"@id":"https:\/\/www.stoneplusturkiye.com\/shop\/#\/schema\/logo\/image\/"},"sameAs":["https:\/\/www.facebook.com\/stoneplusturkiye\/"],"description":"Stoneplus in\u015faat yap\u0131 ah\u015fap \u00fcr\u00fcnleri","email":"bilgi@stoneplusturkiye.com","telephone":"08504950590","legalName":"Stoneplus \u0130n\u015f. Yap\u0131 Ah\u015fap \u00dcr\u00fcnleri","taxID":"7810871242","numberOfEmployees":{"@type":"QuantitativeValue","minValue":"1","maxValue":"10"}}]}},"_links":{"self":[{"href":"https:\/\/www.stoneplusturkiye.com\/shop\/wp-json\/wp\/v2\/product\/9949","targetHints":{"allow":["GET"]}}],"collection":[{"href":"https:\/\/www.stoneplusturkiye.com\/shop\/wp-json\/wp\/v2\/product"}],"about":[{"href":"https:\/\/www.stoneplusturkiye.com\/shop\/wp-json\/wp\/v2\/types\/product"}],"replies":[{"embeddable":true,"href":"https:\/\/www.stoneplusturkiye.com\/shop\/wp-json\/wp\/v2\/comments?post=9949"}],"version-history":[{"count":4,"href":"https:\/\/www.stoneplusturkiye.com\/shop\/wp-json\/wp\/v2\/product\/9949\/revisions"}],"predecessor-version":[{"id":9957,"href":"https:\/\/www.stoneplusturkiye.com\/shop\/wp-json\/wp\/v2\/product\/9949\/revisions\/9957"}],"wp:featuredmedia":[{"embeddable":true,"href":"https:\/\/www.stoneplusturkiye.com\/shop\/wp-json\/wp\/v2\/media\/9951"}],"wp:attachment":[{"href":"https:\/\/www.stoneplusturkiye.com\/shop\/wp-json\/wp\/v2\/media?parent=9949"}],"wp:term":[{"taxonomy":"product_brand","embeddable":true,"href":"https:\/\/www.stoneplusturkiye.com\/shop\/wp-json\/wp\/v2\/product_brand?post=9949"},{"taxonomy":"product_cat","embeddable":true,"href":"https:\/\/www.stoneplusturkiye.com\/shop\/wp-json\/wp\/v2\/product_cat?post=9949"},{"taxonomy":"product_tag","embeddable":true,"href":"https:\/\/www.stoneplusturkiye.com\/shop\/wp-json\/wp\/v2\/product_tag?post=9949"}],"curies":[{"name":"wp","href":"https:\/\/api.w.org\/{rel}","templated":true}]}}