{"id":9913,"date":"2025-04-25T00:09:10","date_gmt":"2025-04-24T21:09:10","guid":{"rendered":"https:\/\/www.stoneplusturkiye.com\/shop\/?post_type=product&#038;p=9913"},"modified":"2025-04-25T18:39:13","modified_gmt":"2025-04-25T15:39:13","slug":"teras-barbeku-modeli","status":"publish","type":"product","link":"https:\/\/www.stoneplusturkiye.com\/shop\/urun\/teras-barbeku-modeli\/","title":{"rendered":"Teras Barbek\u00fc Modeli | Stoneplus Ye\u015fim 140 cm x 242 cm"},"content":{"rendered":"<p class=\"\" data-start=\"115\" data-end=\"574\">\u015eehir ya\u015fam\u0131n\u0131n h\u0131z\u0131na k\u0131sa bir mola vermek isteyenler i\u00e7in teraslar adeta k\u00fc\u00e7\u00fck birer cennet k\u00f6\u015fesidir. \u00d6zellikle barbek\u00fc keyfini apartman ya\u015fam\u0131na ta\u015f\u0131mak isteyenler i\u00e7in teras barbek\u00fc modeli olduk\u00e7a cazip bir se\u00e7enektir. Do\u011fru se\u00e7ilmi\u015f bir model sayesinde, geni\u015f bir bah\u00e7eye ihtiya\u00e7 duymadan lezzetli yemeklerin tad\u0131n\u0131 teras\u0131n\u0131zda \u00e7\u0131karabilirsiniz. Teras barbek\u00fcleri, kompakt yap\u0131lar\u0131 ve \u015f\u0131k tasar\u0131mlar\u0131yla hem i\u015flevselli\u011fi hem de esteti\u011fi bir arada sunar.<\/p>\n<p class=\"\" data-start=\"576\" data-end=\"1096\">Teras ortam\u0131 genellikle r\u00fczg\u00e2ra ve d\u0131\u015f hava ko\u015fullar\u0131na daha fazla maruz kald\u0131\u011f\u0131 i\u00e7in, barbek\u00fc modelinin malzemesi olduk\u00e7a \u00f6nemlidir. Paslanmaz \u00e7elik, \u0131s\u0131ya dayan\u0131kl\u0131 ta\u015f ya da tu\u011fla gibi uzun \u00f6m\u00fcrl\u00fc ve sa\u011flam materyaller, teras kullan\u0131m\u0131 i\u00e7in en ideal olanlard\u0131r. Ayr\u0131ca duman kontrol\u00fc de teras kullan\u0131mlar\u0131nda kritik bir konudur. Bu y\u00fczden baca sistemine sahip veya duman\u0131 y\u00f6nlendirebilen modeller tercih edilmelidir. Kom\u015fularla ya\u015fanabilecek olas\u0131 sorunlar\u0131 \u00f6nlemek a\u00e7\u0131s\u0131ndan da bu detay g\u00f6z \u00f6n\u00fcnde bulundurulmal\u0131d\u0131r.<\/p>\n<p class=\"\" data-start=\"1098\" data-end=\"1450\">Modern teras barbek\u00fcleri ayn\u0131 zamanda estetik a\u00e7\u0131dan da g\u00f6z doldurur. Minimalist \u00e7izgilere sahip, yer kaplamayan ve kolay ta\u015f\u0131nabilir modeller, hem kullan\u0131m kolayl\u0131\u011f\u0131 sa\u011flar hem de dar alanlarda ferah bir g\u00f6r\u00fcn\u00fcm sunar. Baz\u0131 modeller ise ta\u015f duvarlara entegre edilerek do\u011fal bir g\u00f6r\u00fcn\u00fcm olu\u015fturur, b\u00f6ylece teras dekorasyonunun bir par\u00e7as\u0131 h\u00e2line gelir.<\/p>\n<p class=\"\" data-start=\"1452\" data-end=\"1633\">K\u0131sacas\u0131 teras barbek\u00fc modelleri, \u015fehirde do\u011fayla i\u00e7 i\u00e7e vakit ge\u00e7irme hayalini ger\u00e7ekle\u015ftiren pratik ve \u015f\u0131k \u00e7\u00f6z\u00fcmler sunar. Do\u011fru model ile sadece yemek de\u011fil, an\u0131 da pi\u015firirsiniz.<\/p>\n<p>https:\/\/ingiardino.palazzettigroup.com\/cement-barbecues\/pianosa-red<\/p>\n<p data-start=\"1452\" data-end=\"1633\">\n","protected":false},"excerpt":{"rendered":"<p>Geni\u015f \u0131zgara alan\u0131na sahip barbek\u00fc \u015f\u00f6minesi, Stoneplus Beton Barbek\u00fc Modeli d\u0131\u015f mekan mutfak sisteminin bir par\u00e7as\u0131d\u0131r ve ek mod\u00fcllerle geni\u015fletilerek tam te\u015fekk\u00fcll\u00fc bir bah\u00e7e mutfa\u011f\u0131 olu\u015fturulabilir.<\/p>\n<h4><span style=\"color: #ff6600;\">\u00dcr\u00fcn Teknik \u00d6zellikleri<br \/>\n<\/span><strong style=\"color: #333333; font-size: 16px;\">Yang\u0131na dayan\u0131kl\u0131 geni\u015fletilmi\u015f beton<\/strong><span style=\"color: #333333; font-size: 16px;\">\u00a0ve\/veya\u00a0<\/span><strong style=\"color: #333333; font-size: 16px;\">\u00f6zel Marmotech<\/strong><span style=\"color: #333333; font-size: 16px;\"> (mermer-beton kar\u0131\u015f\u0131m\u0131) malzemeden yap\u0131lm\u0131\u015f\u00a0barbek\u00fc \u015f\u00f6minesi<br \/>\n<\/span><span style=\"color: #333333; font-size: 16px;\">Ek renk uyumlu d\u0131\u015f mekan mutfak mod\u00fclleri ile\u00a0<\/span><strong style=\"color: #333333; font-size: 16px;\">ayr\u0131 ayr\u0131 geni\u015fletilebilir<br \/>\n<\/strong><span style=\"color: #333333; font-size: 16px;\">Barbek\u00fc \u015f\u00f6minelerinin\u00a0<\/span><strong style=\"color: #333333; font-size: 16px;\">farkl\u0131 tasar\u0131m ve \u00f6zelliklerinin<\/strong><span style=\"color: #333333; font-size: 16px;\"> geni\u015f se\u00e7imi<br \/>\n<\/span><strong style=\"color: #333333; font-size: 16px;\">Ate\u015f tu\u011flas\u0131 f\u0131r\u0131nl\u0131 veya paslanmaz \u00e7elik f\u0131r\u0131nl\u0131<\/strong><span style=\"color: #333333; font-size: 16px;\"> modeller<br \/>\n<\/span><strong style=\"color: #333333; font-size: 16px;\">Tezgah, lavabo, buzdolab\u0131 veya k\u00f6\u015fe mod\u00fclleri<\/strong><span style=\"color: #333333; font-size: 16px;\"> i\u00e7eren ek mod\u00fcller\u00a0mevcuttur<br \/>\n<\/span><span style=\"color: #333333; font-size: 16px;\">3 tasar\u0131m mevcuttur:\u00a0<\/span><strong style=\"color: #333333; font-size: 16px;\">Brioni, granit g\u00f6r\u00fcn\u00fcml\u00fc gri, granit g\u00f6r\u00fcn\u00fcml\u00fc k\u0131rm\u0131z\u0131<br \/>\n<\/strong><strong style=\"color: #333333; font-size: 16px;\">h\u0131zl\u0131 teslimat (\u00fccretsiz) ve kolay montaj<br \/>\n<\/strong><strong style=\"color: #333333; font-size: 16px;\">Montaj malzemesi dahil<\/strong><span style=\"color: #333333; font-size: 16px;\">\u00a0t\u00fcm barbek\u00fc \u015f\u00f6mineleri ve mod\u00fclleri<\/span><\/h4>\n<h5><span style=\"color: #ff6600;\">\u00dcr\u00fcn Teknik \u00d6zellikleri<br \/>\nRenk: <span style=\"color: #000000;\">Beyaz, Antasit Gri<\/span><br \/>\nIzgara Alan\u0131: <\/span>90&#215;40 cm<span style=\"color: #ff6600;\"><br \/>\n\u00dcr\u00fcn Boyutu: <\/span>140 cm x 242 cm x 90 cm\u00a0\u00a0<span style=\"color: #ff6600;\"><br \/>\n\u00dcr\u00fcn A\u011f\u0131rl\u0131\u011f\u0131 : <\/span>4<span style=\"color: #ff6600;\"><span style=\"color: #000000;\">70 Kg<br \/>\nToplam A\u011f\u0131rl\u0131k: 80 cm x 180 cm x 120 cm &#8211; 1728000 cm3 &#8211; 840 kg<\/span><\/span><\/h5>\n<p><strong>Nakliye Masraflar\u0131 Fiyat\u0131m\u0131za Hari\u00e7 Tutulmu\u015ftur.\u00a0<\/strong><\/p>\n","protected":false},"featured_media":9914,"comment_status":"closed","ping_status":"closed","template":"","meta":[],"product_brand":[],"product_cat":[194,189,29],"product_tag":[208,196,193,195,209],"class_list":{"0":"post-9913","1":"product","2":"type-product","3":"status-publish","4":"has-post-thumbnail","6":"product_cat-barbeku-modelleri","7":"product_cat-beton-barbeku-modelleri","8":"product_cat-stoneplus-urunleri","9":"product_tag-bahce-barbeku-modeli","10":"product_tag-hazir-barbeku-modeli","11":"product_tag-minimal-hazir-barbeku-fiyatlari","12":"product_tag-modern-barbeku-modeli","13":"product_tag-teras-barbeku-modeli","15":"first","16":"instock","17":"shipping-taxable","18":"purchasable","19":"product-type-simple"},"yoast_head":"<!-- This site is optimized with the Yoast SEO Premium plugin v24.8 (Yoast SEO v27.3) - https:\/\/yoast.com\/product\/yoast-seo-premium-wordpress\/ -->\n<title>Teras Barbek\u00fc Modeli | Stoneplus Ye\u015fim 140 cm x 242 cm - Stoneplus Ah\u015fap \u00dcr\u00fcnleri<\/title>\n<meta name=\"description\" content=\"Teras Barbek\u00fc Modeli hem dayan\u0131kl\u0131l\u0131\u011f\u0131 hem de estetik yap\u0131s\u0131yla bah\u00e7elerde en \u00e7ok tercih edilen barbek\u00fc modelleri aras\u0131nda yer al\u0131r.\" \/>\n<meta name=\"robots\" content=\"index, follow, max-snippet:-1, max-image-preview:large, max-video-preview:-1\" \/>\n<link rel=\"canonical\" href=\"https:\/\/www.stoneplusturkiye.com\/shop\/urun\/teras-barbeku-modeli\/\" \/>\n<meta property=\"og:locale\" content=\"tr_TR\" \/>\n<meta property=\"og:type\" content=\"article\" \/>\n<meta property=\"og:title\" content=\"Teras Barbek\u00fc Modeli | Stoneplus Ye\u015fim 140 cm x 242 cm\" \/>\n<meta property=\"og:description\" content=\"Teras Barbek\u00fc Modeli hem dayan\u0131kl\u0131l\u0131\u011f\u0131 hem de estetik yap\u0131s\u0131yla bah\u00e7elerde en \u00e7ok tercih edilen barbek\u00fc modelleri aras\u0131nda yer al\u0131r.\" \/>\n<meta property=\"og:url\" content=\"https:\/\/www.stoneplusturkiye.com\/shop\/urun\/teras-barbeku-modeli\/\" \/>\n<meta property=\"og:site_name\" content=\"Stoneplus Ah\u015fap \u00dcr\u00fcnleri\" \/>\n<meta property=\"article:publisher\" content=\"https:\/\/www.facebook.com\/stoneplusturkiye\/\" \/>\n<meta property=\"article:modified_time\" content=\"2025-04-25T15:39:13+00:00\" \/>\n<meta property=\"og:image\" content=\"https:\/\/www.stoneplusturkiye.com\/shop\/wp-content\/uploads\/2025\/04\/barbeku2-Kurtarildi-Kurtarildi.jpg\" \/>\n\t<meta property=\"og:image:width\" content=\"1200\" \/>\n\t<meta property=\"og:image:height\" content=\"1055\" \/>\n\t<meta property=\"og:image:type\" content=\"image\/jpeg\" \/>\n<meta name=\"twitter:card\" content=\"summary_large_image\" \/>\n<meta name=\"twitter:label1\" content=\"Tahmini okuma s\u00fcresi\" \/>\n\t<meta name=\"twitter:data1\" content=\"2 dakika\" \/>\n<script type=\"application\/ld+json\" class=\"yoast-schema-graph\">{\"@context\":\"https:\\\/\\\/schema.org\",\"@graph\":[{\"@type\":\"WebPage\",\"@id\":\"https:\\\/\\\/www.stoneplusturkiye.com\\\/shop\\\/urun\\\/teras-barbeku-modeli\\\/\",\"url\":\"https:\\\/\\\/www.stoneplusturkiye.com\\\/shop\\\/urun\\\/teras-barbeku-modeli\\\/\",\"name\":\"Teras Barbek\u00fc Modeli | Stoneplus Ye\u015fim 140 cm x 242 cm - Stoneplus Ah\u015fap \u00dcr\u00fcnleri\",\"isPartOf\":{\"@id\":\"https:\\\/\\\/www.stoneplusturkiye.com\\\/shop\\\/#website\"},\"primaryImageOfPage\":{\"@id\":\"https:\\\/\\\/www.stoneplusturkiye.com\\\/shop\\\/urun\\\/teras-barbeku-modeli\\\/#primaryimage\"},\"image\":{\"@id\":\"https:\\\/\\\/www.stoneplusturkiye.com\\\/shop\\\/urun\\\/teras-barbeku-modeli\\\/#primaryimage\"},\"thumbnailUrl\":\"https:\\\/\\\/www.stoneplusturkiye.com\\\/shop\\\/wp-content\\\/uploads\\\/2025\\\/04\\\/barbeku2-Kurtarildi-Kurtarildi.jpg\",\"datePublished\":\"2025-04-24T21:09:10+00:00\",\"dateModified\":\"2025-04-25T15:39:13+00:00\",\"description\":\"Teras Barbek\u00fc Modeli hem dayan\u0131kl\u0131l\u0131\u011f\u0131 hem de estetik yap\u0131s\u0131yla bah\u00e7elerde en \u00e7ok tercih edilen barbek\u00fc modelleri aras\u0131nda yer al\u0131r.\",\"breadcrumb\":{\"@id\":\"https:\\\/\\\/www.stoneplusturkiye.com\\\/shop\\\/urun\\\/teras-barbeku-modeli\\\/#breadcrumb\"},\"inLanguage\":\"tr\",\"potentialAction\":[{\"@type\":\"ReadAction\",\"target\":[\"https:\\\/\\\/www.stoneplusturkiye.com\\\/shop\\\/urun\\\/teras-barbeku-modeli\\\/\"]}]},{\"@type\":\"ImageObject\",\"inLanguage\":\"tr\",\"@id\":\"https:\\\/\\\/www.stoneplusturkiye.com\\\/shop\\\/urun\\\/teras-barbeku-modeli\\\/#primaryimage\",\"url\":\"https:\\\/\\\/www.stoneplusturkiye.com\\\/shop\\\/wp-content\\\/uploads\\\/2025\\\/04\\\/barbeku2-Kurtarildi-Kurtarildi.jpg\",\"contentUrl\":\"https:\\\/\\\/www.stoneplusturkiye.com\\\/shop\\\/wp-content\\\/uploads\\\/2025\\\/04\\\/barbeku2-Kurtarildi-Kurtarildi.jpg\",\"width\":1200,\"height\":1055,\"caption\":\"Teras Barbek\u00fc Modeli\"},{\"@type\":\"BreadcrumbList\",\"@id\":\"https:\\\/\\\/www.stoneplusturkiye.com\\\/shop\\\/urun\\\/teras-barbeku-modeli\\\/#breadcrumb\",\"itemListElement\":[{\"@type\":\"ListItem\",\"position\":1,\"name\":\"Home\",\"item\":\"https:\\\/\\\/www.stoneplusturkiye.com\\\/shop\\\/\"},{\"@type\":\"ListItem\",\"position\":2,\"name\":\"Ma\u011faza\",\"item\":\"https:\\\/\\\/www.stoneplusturkiye.com\\\/shop\\\/magaza\\\/\"},{\"@type\":\"ListItem\",\"position\":3,\"name\":\"Teras Barbek\u00fc Modeli | Stoneplus Ye\u015fim 140 cm x 242 cm\"}]},{\"@type\":\"WebSite\",\"@id\":\"https:\\\/\\\/www.stoneplusturkiye.com\\\/shop\\\/#website\",\"url\":\"https:\\\/\\\/www.stoneplusturkiye.com\\\/shop\\\/\",\"name\":\"Stoneplus Ah\u015fap \u00dcr\u00fcnleri\",\"description\":\"Stonewood Ah\u015fap \u00c7\u00f6z\u00fcmleri\",\"publisher\":{\"@id\":\"https:\\\/\\\/www.stoneplusturkiye.com\\\/shop\\\/#organization\"},\"potentialAction\":[{\"@type\":\"SearchAction\",\"target\":{\"@type\":\"EntryPoint\",\"urlTemplate\":\"https:\\\/\\\/www.stoneplusturkiye.com\\\/shop\\\/?s={search_term_string}\"},\"query-input\":{\"@type\":\"PropertyValueSpecification\",\"valueRequired\":true,\"valueName\":\"search_term_string\"}}],\"inLanguage\":\"tr\"},{\"@type\":\"Organization\",\"@id\":\"https:\\\/\\\/www.stoneplusturkiye.com\\\/shop\\\/#organization\",\"name\":\"Stoneplus \u0130n\u015faat Yap\u0131 Ah\u015fap \u00dcr\u00fcnleri\",\"url\":\"https:\\\/\\\/www.stoneplusturkiye.com\\\/shop\\\/\",\"logo\":{\"@type\":\"ImageObject\",\"inLanguage\":\"tr\",\"@id\":\"https:\\\/\\\/www.stoneplusturkiye.com\\\/shop\\\/#\\\/schema\\\/logo\\\/image\\\/\",\"url\":\"https:\\\/\\\/www.stoneplusturkiye.com\\\/shop\\\/wp-content\\\/uploads\\\/2025\\\/02\\\/stoneplus2.png\",\"contentUrl\":\"https:\\\/\\\/www.stoneplusturkiye.com\\\/shop\\\/wp-content\\\/uploads\\\/2025\\\/02\\\/stoneplus2.png\",\"width\":1000,\"height\":1000,\"caption\":\"Stoneplus \u0130n\u015faat Yap\u0131 Ah\u015fap \u00dcr\u00fcnleri\"},\"image\":{\"@id\":\"https:\\\/\\\/www.stoneplusturkiye.com\\\/shop\\\/#\\\/schema\\\/logo\\\/image\\\/\"},\"sameAs\":[\"https:\\\/\\\/www.facebook.com\\\/stoneplusturkiye\\\/\"],\"description\":\"Stoneplus in\u015faat yap\u0131 ah\u015fap \u00fcr\u00fcnleri\",\"email\":\"bilgi@stoneplusturkiye.com\",\"telephone\":\"08504950590\",\"legalName\":\"Stoneplus \u0130n\u015f. Yap\u0131 Ah\u015fap \u00dcr\u00fcnleri\",\"taxID\":\"7810871242\",\"numberOfEmployees\":{\"@type\":\"QuantitativeValue\",\"minValue\":\"1\",\"maxValue\":\"10\"}}]}<\/script>\n<!-- \/ Yoast SEO Premium plugin. -->","yoast_head_json":{"title":"Teras Barbek\u00fc Modeli | Stoneplus Ye\u015fim 140 cm x 242 cm - Stoneplus Ah\u015fap \u00dcr\u00fcnleri","description":"Teras Barbek\u00fc Modeli hem dayan\u0131kl\u0131l\u0131\u011f\u0131 hem de estetik yap\u0131s\u0131yla bah\u00e7elerde en \u00e7ok tercih edilen barbek\u00fc modelleri aras\u0131nda yer al\u0131r.","robots":{"index":"index","follow":"follow","max-snippet":"max-snippet:-1","max-image-preview":"max-image-preview:large","max-video-preview":"max-video-preview:-1"},"canonical":"https:\/\/www.stoneplusturkiye.com\/shop\/urun\/teras-barbeku-modeli\/","og_locale":"tr_TR","og_type":"article","og_title":"Teras Barbek\u00fc Modeli | Stoneplus Ye\u015fim 140 cm x 242 cm","og_description":"Teras Barbek\u00fc Modeli hem dayan\u0131kl\u0131l\u0131\u011f\u0131 hem de estetik yap\u0131s\u0131yla bah\u00e7elerde en \u00e7ok tercih edilen barbek\u00fc modelleri aras\u0131nda yer al\u0131r.","og_url":"https:\/\/www.stoneplusturkiye.com\/shop\/urun\/teras-barbeku-modeli\/","og_site_name":"Stoneplus Ah\u015fap \u00dcr\u00fcnleri","article_publisher":"https:\/\/www.facebook.com\/stoneplusturkiye\/","article_modified_time":"2025-04-25T15:39:13+00:00","og_image":[{"width":1200,"height":1055,"url":"https:\/\/www.stoneplusturkiye.com\/shop\/wp-content\/uploads\/2025\/04\/barbeku2-Kurtarildi-Kurtarildi.jpg","type":"image\/jpeg"}],"twitter_card":"summary_large_image","twitter_misc":{"Tahmini okuma s\u00fcresi":"2 dakika"},"schema":{"@context":"https:\/\/schema.org","@graph":[{"@type":"WebPage","@id":"https:\/\/www.stoneplusturkiye.com\/shop\/urun\/teras-barbeku-modeli\/","url":"https:\/\/www.stoneplusturkiye.com\/shop\/urun\/teras-barbeku-modeli\/","name":"Teras Barbek\u00fc Modeli | Stoneplus Ye\u015fim 140 cm x 242 cm - Stoneplus Ah\u015fap \u00dcr\u00fcnleri","isPartOf":{"@id":"https:\/\/www.stoneplusturkiye.com\/shop\/#website"},"primaryImageOfPage":{"@id":"https:\/\/www.stoneplusturkiye.com\/shop\/urun\/teras-barbeku-modeli\/#primaryimage"},"image":{"@id":"https:\/\/www.stoneplusturkiye.com\/shop\/urun\/teras-barbeku-modeli\/#primaryimage"},"thumbnailUrl":"https:\/\/www.stoneplusturkiye.com\/shop\/wp-content\/uploads\/2025\/04\/barbeku2-Kurtarildi-Kurtarildi.jpg","datePublished":"2025-04-24T21:09:10+00:00","dateModified":"2025-04-25T15:39:13+00:00","description":"Teras Barbek\u00fc Modeli hem dayan\u0131kl\u0131l\u0131\u011f\u0131 hem de estetik yap\u0131s\u0131yla bah\u00e7elerde en \u00e7ok tercih edilen barbek\u00fc modelleri aras\u0131nda yer al\u0131r.","breadcrumb":{"@id":"https:\/\/www.stoneplusturkiye.com\/shop\/urun\/teras-barbeku-modeli\/#breadcrumb"},"inLanguage":"tr","potentialAction":[{"@type":"ReadAction","target":["https:\/\/www.stoneplusturkiye.com\/shop\/urun\/teras-barbeku-modeli\/"]}]},{"@type":"ImageObject","inLanguage":"tr","@id":"https:\/\/www.stoneplusturkiye.com\/shop\/urun\/teras-barbeku-modeli\/#primaryimage","url":"https:\/\/www.stoneplusturkiye.com\/shop\/wp-content\/uploads\/2025\/04\/barbeku2-Kurtarildi-Kurtarildi.jpg","contentUrl":"https:\/\/www.stoneplusturkiye.com\/shop\/wp-content\/uploads\/2025\/04\/barbeku2-Kurtarildi-Kurtarildi.jpg","width":1200,"height":1055,"caption":"Teras Barbek\u00fc Modeli"},{"@type":"BreadcrumbList","@id":"https:\/\/www.stoneplusturkiye.com\/shop\/urun\/teras-barbeku-modeli\/#breadcrumb","itemListElement":[{"@type":"ListItem","position":1,"name":"Home","item":"https:\/\/www.stoneplusturkiye.com\/shop\/"},{"@type":"ListItem","position":2,"name":"Ma\u011faza","item":"https:\/\/www.stoneplusturkiye.com\/shop\/magaza\/"},{"@type":"ListItem","position":3,"name":"Teras Barbek\u00fc Modeli | Stoneplus Ye\u015fim 140 cm x 242 cm"}]},{"@type":"WebSite","@id":"https:\/\/www.stoneplusturkiye.com\/shop\/#website","url":"https:\/\/www.stoneplusturkiye.com\/shop\/","name":"Stoneplus Ah\u015fap \u00dcr\u00fcnleri","description":"Stonewood Ah\u015fap \u00c7\u00f6z\u00fcmleri","publisher":{"@id":"https:\/\/www.stoneplusturkiye.com\/shop\/#organization"},"potentialAction":[{"@type":"SearchAction","target":{"@type":"EntryPoint","urlTemplate":"https:\/\/www.stoneplusturkiye.com\/shop\/?s={search_term_string}"},"query-input":{"@type":"PropertyValueSpecification","valueRequired":true,"valueName":"search_term_string"}}],"inLanguage":"tr"},{"@type":"Organization","@id":"https:\/\/www.stoneplusturkiye.com\/shop\/#organization","name":"Stoneplus \u0130n\u015faat Yap\u0131 Ah\u015fap \u00dcr\u00fcnleri","url":"https:\/\/www.stoneplusturkiye.com\/shop\/","logo":{"@type":"ImageObject","inLanguage":"tr","@id":"https:\/\/www.stoneplusturkiye.com\/shop\/#\/schema\/logo\/image\/","url":"https:\/\/www.stoneplusturkiye.com\/shop\/wp-content\/uploads\/2025\/02\/stoneplus2.png","contentUrl":"https:\/\/www.stoneplusturkiye.com\/shop\/wp-content\/uploads\/2025\/02\/stoneplus2.png","width":1000,"height":1000,"caption":"Stoneplus \u0130n\u015faat Yap\u0131 Ah\u015fap \u00dcr\u00fcnleri"},"image":{"@id":"https:\/\/www.stoneplusturkiye.com\/shop\/#\/schema\/logo\/image\/"},"sameAs":["https:\/\/www.facebook.com\/stoneplusturkiye\/"],"description":"Stoneplus in\u015faat yap\u0131 ah\u015fap \u00fcr\u00fcnleri","email":"bilgi@stoneplusturkiye.com","telephone":"08504950590","legalName":"Stoneplus \u0130n\u015f. Yap\u0131 Ah\u015fap \u00dcr\u00fcnleri","taxID":"7810871242","numberOfEmployees":{"@type":"QuantitativeValue","minValue":"1","maxValue":"10"}}]}},"_links":{"self":[{"href":"https:\/\/www.stoneplusturkiye.com\/shop\/wp-json\/wp\/v2\/product\/9913","targetHints":{"allow":["GET"]}}],"collection":[{"href":"https:\/\/www.stoneplusturkiye.com\/shop\/wp-json\/wp\/v2\/product"}],"about":[{"href":"https:\/\/www.stoneplusturkiye.com\/shop\/wp-json\/wp\/v2\/types\/product"}],"replies":[{"embeddable":true,"href":"https:\/\/www.stoneplusturkiye.com\/shop\/wp-json\/wp\/v2\/comments?post=9913"}],"version-history":[{"count":1,"href":"https:\/\/www.stoneplusturkiye.com\/shop\/wp-json\/wp\/v2\/product\/9913\/revisions"}],"predecessor-version":[{"id":9921,"href":"https:\/\/www.stoneplusturkiye.com\/shop\/wp-json\/wp\/v2\/product\/9913\/revisions\/9921"}],"wp:featuredmedia":[{"embeddable":true,"href":"https:\/\/www.stoneplusturkiye.com\/shop\/wp-json\/wp\/v2\/media\/9914"}],"wp:attachment":[{"href":"https:\/\/www.stoneplusturkiye.com\/shop\/wp-json\/wp\/v2\/media?parent=9913"}],"wp:term":[{"taxonomy":"product_brand","embeddable":true,"href":"https:\/\/www.stoneplusturkiye.com\/shop\/wp-json\/wp\/v2\/product_brand?post=9913"},{"taxonomy":"product_cat","embeddable":true,"href":"https:\/\/www.stoneplusturkiye.com\/shop\/wp-json\/wp\/v2\/product_cat?post=9913"},{"taxonomy":"product_tag","embeddable":true,"href":"https:\/\/www.stoneplusturkiye.com\/shop\/wp-json\/wp\/v2\/product_tag?post=9913"}],"curies":[{"name":"wp","href":"https:\/\/api.w.org\/{rel}","templated":true}]}}