{"id":9906,"date":"2025-04-24T23:47:37","date_gmt":"2025-04-24T20:47:37","guid":{"rendered":"https:\/\/www.stoneplusturkiye.com\/shop\/?post_type=product&#038;p=9906"},"modified":"2025-05-08T19:40:56","modified_gmt":"2025-05-08T16:40:56","slug":"bahce-barbeku-modeli-stoneplus-nukse","status":"publish","type":"product","link":"https:\/\/www.stoneplusturkiye.com\/shop\/urun\/bahce-barbeku-modeli-stoneplus-nukse\/","title":{"rendered":"Bah\u00e7e Barbek\u00fc Modeli | Stoneplus N\u00fckse"},"content":{"rendered":"<p class=\"\" data-start=\"123\" data-end=\"574\"><strong>Bah\u00e7e Barbek\u00fc Modeli<\/strong>\u00a0 Bah\u00e7ede ge\u00e7irilen keyifli vakitlerin en vazge\u00e7ilmez par\u00e7as\u0131 \u015f\u00fcphesiz ki barbek\u00fclerdir. Bah\u00e7e barbek\u00fc modeli se\u00e7imi, yaln\u0131zca estetik a\u00e7\u0131dan de\u011fil, kullan\u0131m kolayl\u0131\u011f\u0131 ve dayan\u0131kl\u0131l\u0131k bak\u0131m\u0131ndan da b\u00fcy\u00fck \u00f6nem ta\u015f\u0131r. Modern ya\u015fam alanlar\u0131nda art\u0131k sadece i\u015flevsellik de\u011fil, ayn\u0131 zamanda g\u00f6rsellik de \u00f6n plandad\u0131r. Bu nedenle bah\u00e7e barbek\u00fc modelleri, ta\u015f, tu\u011fla, beton ya da \u00e7elik gibi farkl\u0131 malzemelerle tasarlanarak her zevke hitap eder h\u00e2le gelmi\u015ftir.<\/p>\n<p class=\"\" data-start=\"576\" data-end=\"1134\">Bah\u00e7enizin b\u00fcy\u00fckl\u00fc\u011f\u00fcne ve kullan\u0131m s\u0131kl\u0131\u011f\u0131na g\u00f6re tercih edilecek barbek\u00fc modeli, <strong>Bah\u00e7e Barbek\u00fc Modeli<\/strong> yaz ak\u015famlar\u0131n\u0131za ayr\u0131 bir keyif katabilir. G\u00f6mme sistemli ta\u015f barbek\u00fcler hem do\u011fal g\u00f6r\u00fcnt\u00fcs\u00fcyle \u00e7evreye uyum sa\u011flar hem de uzun y\u0131llar kullan\u0131labilecek dayan\u0131kl\u0131l\u0131ktad\u0131r. Portatif \u00e7elik barbek\u00fcler ise hareket kabiliyeti ve pratik temizli\u011fi ile \u00f6n plana \u00e7\u0131kar. \u00d6zellikle yazl\u0131k evlerde veya dar alanl\u0131 bah\u00e7elerde bu tip modeller b\u00fcy\u00fck kolayl\u0131k sa\u011flar. Ayr\u0131ca modern \u00e7izgilerle tasarlanm\u0131\u015f barbek\u00fcler, minimal bah\u00e7elerle m\u00fckemmel bir uyum yakalayarak estetik bir g\u00f6r\u00fcnt\u00fc sunar.<\/p>\n<p data-start=\"576\" data-end=\"1134\">\n","protected":false},"excerpt":{"rendered":"<p>Geni\u015f \u0131zgara alan\u0131na sahip barbek\u00fc \u015f\u00f6minesi, Stoneplus Beton Barbek\u00fc Modeli d\u0131\u015f mekan mutfak sisteminin bir par\u00e7as\u0131d\u0131r ve ek mod\u00fcllerle geni\u015fletilerek tam te\u015fekk\u00fcll\u00fc bir bah\u00e7e mutfa\u011f\u0131 olu\u015fturulabilir.<\/p>\n<h4><span style=\"color: #ff6600;\">\u00dcr\u00fcn Teknik \u00d6zellikleri<br \/>\n<\/span><strong style=\"color: #333333; font-size: 16px;\">Yang\u0131na dayan\u0131kl\u0131 geni\u015fletilmi\u015f beton<\/strong><span style=\"color: #333333; font-size: 16px;\">\u00a0ve\/veya\u00a0<\/span><strong style=\"color: #333333; font-size: 16px;\">\u00f6zel Marmotech<\/strong><span style=\"color: #333333; font-size: 16px;\"> (mermer-beton kar\u0131\u015f\u0131m\u0131) malzemeden yap\u0131lm\u0131\u015f\u00a0barbek\u00fc \u015f\u00f6minesi<br \/>\n<\/span><span style=\"color: #333333; font-size: 16px;\">Ek renk uyumlu d\u0131\u015f mekan mutfak mod\u00fclleri ile\u00a0<\/span><strong style=\"color: #333333; font-size: 16px;\">ayr\u0131 ayr\u0131 geni\u015fletilebilir<br \/>\n<\/strong><span style=\"color: #333333; font-size: 16px;\">Barbek\u00fc \u015f\u00f6minelerinin\u00a0<\/span><strong style=\"color: #333333; font-size: 16px;\">farkl\u0131 tasar\u0131m ve \u00f6zelliklerinin<\/strong><span style=\"color: #333333; font-size: 16px;\"> geni\u015f se\u00e7imi<br \/>\n<\/span><strong style=\"color: #333333; font-size: 16px;\">Ate\u015f tu\u011flas\u0131 f\u0131r\u0131nl\u0131 veya paslanmaz \u00e7elik f\u0131r\u0131nl\u0131<\/strong><span style=\"color: #333333; font-size: 16px;\"> modeller<br \/>\n<\/span><strong style=\"color: #333333; font-size: 16px;\">Tezgah, lavabo, buzdolab\u0131 veya k\u00f6\u015fe mod\u00fclleri<\/strong><span style=\"color: #333333; font-size: 16px;\"> i\u00e7eren ek mod\u00fcller\u00a0mevcuttur<br \/>\n<\/span><span style=\"color: #333333; font-size: 16px;\">3 tasar\u0131m mevcuttur:\u00a0<\/span><strong style=\"color: #333333; font-size: 16px;\">Brioni, granit g\u00f6r\u00fcn\u00fcml\u00fc gri, granit g\u00f6r\u00fcn\u00fcml\u00fc k\u0131rm\u0131z\u0131<br \/>\n<\/strong><strong style=\"color: #333333; font-size: 16px;\">h\u0131zl\u0131 teslimat (\u00fccretsiz) ve kolay montaj<br \/>\n<\/strong><strong style=\"color: #333333; font-size: 16px;\">Montaj malzemesi dahil<\/strong><span style=\"color: #333333; font-size: 16px;\">\u00a0t\u00fcm barbek\u00fc \u015f\u00f6mineleri ve mod\u00fclleri<\/span><\/h4>\n<h5><span style=\"color: #ff6600;\">\u00dcr\u00fcn Teknik \u00d6zellikleri<br \/>\nRenk: <span style=\"color: #000000;\">Beyaz, Antasit Gri<\/span><br \/>\nIzgara Alan\u0131: <\/span>68cm x 37cm<span style=\"color: #ff6600;\"><br \/>\n\u00dcr\u00fcn Boyutu: <\/span>110 cm x 226cm x 77cm \u00a0<span style=\"color: #ff6600;\"><br \/>\n\u00dcr\u00fcn A\u011f\u0131rl\u0131\u011f\u0131 : <\/span>4<span style=\"color: #ff6600;\"><span style=\"color: #000000;\">70 Kg\u00a0<\/span><\/span><\/h5>\n<p><strong>Nakliye Masraflar\u0131 Fiyat\u0131m\u0131za Hari\u00e7 Tutulmu\u015ftur.\u00a0<\/strong><\/p>\n","protected":false},"featured_media":9907,"comment_status":"closed","ping_status":"closed","template":"","meta":[],"product_brand":[],"product_cat":[194,189,29],"product_tag":[208,196,193,195,207,206,190],"class_list":{"0":"post-9906","1":"product","2":"type-product","3":"status-publish","4":"has-post-thumbnail","6":"product_cat-barbeku-modelleri","7":"product_cat-beton-barbeku-modelleri","8":"product_cat-stoneplus-urunleri","9":"product_tag-bahce-barbeku-modeli","10":"product_tag-hazir-barbeku-modeli","11":"product_tag-minimal-hazir-barbeku-fiyatlari","12":"product_tag-modern-barbeku-modeli","13":"product_tag-modern-tas-barbeku-modeli","14":"product_tag-tas-barbeku-modeli","15":"product_tag-tezgahli-beton-barbeku","17":"first","18":"instock","19":"shipping-taxable","20":"purchasable","21":"product-type-simple"},"yoast_head":"<!-- This site is optimized with the Yoast SEO Premium plugin v24.8 (Yoast SEO v27.4) - https:\/\/yoast.com\/product\/yoast-seo-premium-wordpress\/ -->\n<title>Bah\u00e7e Barbek\u00fc Modeli | Stoneplus N\u00fckse - Stoneplus Ah\u015fap \u00dcr\u00fcnleri<\/title>\n<meta name=\"description\" content=\"Bah\u00e7e Barbek\u00fc Modeli hem dayan\u0131kl\u0131l\u0131\u011f\u0131 hem de estetik yap\u0131s\u0131yla bah\u00e7elerde en \u00e7ok tercih edilen barbek\u00fc modelleri aras\u0131nda yer al\u0131r.\" \/>\n<meta name=\"robots\" content=\"index, follow, max-snippet:-1, max-image-preview:large, max-video-preview:-1\" \/>\n<link rel=\"canonical\" href=\"https:\/\/www.stoneplusturkiye.com\/shop\/urun\/bahce-barbeku-modeli-stoneplus-nukse\/\" \/>\n<meta property=\"og:locale\" content=\"tr_TR\" \/>\n<meta property=\"og:type\" content=\"article\" \/>\n<meta property=\"og:title\" content=\"Bah\u00e7e Barbek\u00fc Modeli | Stoneplus N\u00fckse\" \/>\n<meta property=\"og:description\" content=\"Bah\u00e7e Barbek\u00fc Modeli hem dayan\u0131kl\u0131l\u0131\u011f\u0131 hem de estetik yap\u0131s\u0131yla bah\u00e7elerde en \u00e7ok tercih edilen barbek\u00fc modelleri aras\u0131nda yer al\u0131r.\" \/>\n<meta property=\"og:url\" content=\"https:\/\/www.stoneplusturkiye.com\/shop\/urun\/bahce-barbeku-modeli-stoneplus-nukse\/\" \/>\n<meta property=\"og:site_name\" content=\"Stoneplus Ah\u015fap \u00dcr\u00fcnleri\" \/>\n<meta property=\"article:publisher\" content=\"https:\/\/www.facebook.com\/stoneplusturkiye\/\" \/>\n<meta property=\"article:modified_time\" content=\"2025-05-08T16:40:56+00:00\" \/>\n<meta property=\"og:image\" content=\"https:\/\/www.stoneplusturkiye.com\/shop\/wp-content\/uploads\/2025\/04\/webbarbelu.jpg\" \/>\n\t<meta property=\"og:image:width\" content=\"1200\" \/>\n\t<meta property=\"og:image:height\" content=\"1055\" \/>\n\t<meta property=\"og:image:type\" content=\"image\/jpeg\" \/>\n<meta name=\"twitter:card\" content=\"summary_large_image\" \/>\n<meta name=\"twitter:label1\" content=\"Tahmini okuma s\u00fcresi\" \/>\n\t<meta name=\"twitter:data1\" content=\"2 dakika\" \/>\n<script type=\"application\/ld+json\" class=\"yoast-schema-graph\">{\"@context\":\"https:\\\/\\\/schema.org\",\"@graph\":[{\"@type\":\"WebPage\",\"@id\":\"https:\\\/\\\/www.stoneplusturkiye.com\\\/shop\\\/urun\\\/bahce-barbeku-modeli-stoneplus-nukse\\\/\",\"url\":\"https:\\\/\\\/www.stoneplusturkiye.com\\\/shop\\\/urun\\\/bahce-barbeku-modeli-stoneplus-nukse\\\/\",\"name\":\"Bah\u00e7e Barbek\u00fc Modeli | Stoneplus N\u00fckse - Stoneplus Ah\u015fap \u00dcr\u00fcnleri\",\"isPartOf\":{\"@id\":\"https:\\\/\\\/www.stoneplusturkiye.com\\\/shop\\\/#website\"},\"primaryImageOfPage\":{\"@id\":\"https:\\\/\\\/www.stoneplusturkiye.com\\\/shop\\\/urun\\\/bahce-barbeku-modeli-stoneplus-nukse\\\/#primaryimage\"},\"image\":{\"@id\":\"https:\\\/\\\/www.stoneplusturkiye.com\\\/shop\\\/urun\\\/bahce-barbeku-modeli-stoneplus-nukse\\\/#primaryimage\"},\"thumbnailUrl\":\"https:\\\/\\\/www.stoneplusturkiye.com\\\/shop\\\/wp-content\\\/uploads\\\/2025\\\/04\\\/webbarbelu.jpg\",\"datePublished\":\"2025-04-24T20:47:37+00:00\",\"dateModified\":\"2025-05-08T16:40:56+00:00\",\"description\":\"Bah\u00e7e Barbek\u00fc Modeli hem dayan\u0131kl\u0131l\u0131\u011f\u0131 hem de estetik yap\u0131s\u0131yla bah\u00e7elerde en \u00e7ok tercih edilen barbek\u00fc modelleri aras\u0131nda yer al\u0131r.\",\"breadcrumb\":{\"@id\":\"https:\\\/\\\/www.stoneplusturkiye.com\\\/shop\\\/urun\\\/bahce-barbeku-modeli-stoneplus-nukse\\\/#breadcrumb\"},\"inLanguage\":\"tr\",\"potentialAction\":[{\"@type\":\"ReadAction\",\"target\":[\"https:\\\/\\\/www.stoneplusturkiye.com\\\/shop\\\/urun\\\/bahce-barbeku-modeli-stoneplus-nukse\\\/\"]}]},{\"@type\":\"ImageObject\",\"inLanguage\":\"tr\",\"@id\":\"https:\\\/\\\/www.stoneplusturkiye.com\\\/shop\\\/urun\\\/bahce-barbeku-modeli-stoneplus-nukse\\\/#primaryimage\",\"url\":\"https:\\\/\\\/www.stoneplusturkiye.com\\\/shop\\\/wp-content\\\/uploads\\\/2025\\\/04\\\/webbarbelu.jpg\",\"contentUrl\":\"https:\\\/\\\/www.stoneplusturkiye.com\\\/shop\\\/wp-content\\\/uploads\\\/2025\\\/04\\\/webbarbelu.jpg\",\"width\":1200,\"height\":1055,\"caption\":\"Bah\u00e7e Barbek\u00fc Modeli\"},{\"@type\":\"BreadcrumbList\",\"@id\":\"https:\\\/\\\/www.stoneplusturkiye.com\\\/shop\\\/urun\\\/bahce-barbeku-modeli-stoneplus-nukse\\\/#breadcrumb\",\"itemListElement\":[{\"@type\":\"ListItem\",\"position\":1,\"name\":\"Home\",\"item\":\"https:\\\/\\\/www.stoneplusturkiye.com\\\/shop\\\/\"},{\"@type\":\"ListItem\",\"position\":2,\"name\":\"Ma\u011faza\",\"item\":\"https:\\\/\\\/www.stoneplusturkiye.com\\\/shop\\\/magaza\\\/\"},{\"@type\":\"ListItem\",\"position\":3,\"name\":\"Bah\u00e7e Barbek\u00fc Modeli | Stoneplus N\u00fckse\"}]},{\"@type\":\"WebSite\",\"@id\":\"https:\\\/\\\/www.stoneplusturkiye.com\\\/shop\\\/#website\",\"url\":\"https:\\\/\\\/www.stoneplusturkiye.com\\\/shop\\\/\",\"name\":\"Stoneplus Ah\u015fap \u00dcr\u00fcnleri\",\"description\":\"Stonewood Ah\u015fap \u00c7\u00f6z\u00fcmleri\",\"publisher\":{\"@id\":\"https:\\\/\\\/www.stoneplusturkiye.com\\\/shop\\\/#organization\"},\"potentialAction\":[{\"@type\":\"SearchAction\",\"target\":{\"@type\":\"EntryPoint\",\"urlTemplate\":\"https:\\\/\\\/www.stoneplusturkiye.com\\\/shop\\\/?s={search_term_string}\"},\"query-input\":{\"@type\":\"PropertyValueSpecification\",\"valueRequired\":true,\"valueName\":\"search_term_string\"}}],\"inLanguage\":\"tr\"},{\"@type\":\"Organization\",\"@id\":\"https:\\\/\\\/www.stoneplusturkiye.com\\\/shop\\\/#organization\",\"name\":\"Stoneplus \u0130n\u015faat Yap\u0131 Ah\u015fap \u00dcr\u00fcnleri\",\"url\":\"https:\\\/\\\/www.stoneplusturkiye.com\\\/shop\\\/\",\"logo\":{\"@type\":\"ImageObject\",\"inLanguage\":\"tr\",\"@id\":\"https:\\\/\\\/www.stoneplusturkiye.com\\\/shop\\\/#\\\/schema\\\/logo\\\/image\\\/\",\"url\":\"https:\\\/\\\/www.stoneplusturkiye.com\\\/shop\\\/wp-content\\\/uploads\\\/2025\\\/02\\\/stoneplus2.png\",\"contentUrl\":\"https:\\\/\\\/www.stoneplusturkiye.com\\\/shop\\\/wp-content\\\/uploads\\\/2025\\\/02\\\/stoneplus2.png\",\"width\":1000,\"height\":1000,\"caption\":\"Stoneplus \u0130n\u015faat Yap\u0131 Ah\u015fap \u00dcr\u00fcnleri\"},\"image\":{\"@id\":\"https:\\\/\\\/www.stoneplusturkiye.com\\\/shop\\\/#\\\/schema\\\/logo\\\/image\\\/\"},\"sameAs\":[\"https:\\\/\\\/www.facebook.com\\\/stoneplusturkiye\\\/\"],\"description\":\"Stoneplus in\u015faat yap\u0131 ah\u015fap \u00fcr\u00fcnleri\",\"email\":\"bilgi@stoneplusturkiye.com\",\"telephone\":\"08504950590\",\"legalName\":\"Stoneplus \u0130n\u015f. Yap\u0131 Ah\u015fap \u00dcr\u00fcnleri\",\"taxID\":\"7810871242\",\"numberOfEmployees\":{\"@type\":\"QuantitativeValue\",\"minValue\":\"1\",\"maxValue\":\"10\"}}]}<\/script>\n<!-- \/ Yoast SEO Premium plugin. -->","yoast_head_json":{"title":"Bah\u00e7e Barbek\u00fc Modeli | Stoneplus N\u00fckse - Stoneplus Ah\u015fap \u00dcr\u00fcnleri","description":"Bah\u00e7e Barbek\u00fc Modeli hem dayan\u0131kl\u0131l\u0131\u011f\u0131 hem de estetik yap\u0131s\u0131yla bah\u00e7elerde en \u00e7ok tercih edilen barbek\u00fc modelleri aras\u0131nda yer al\u0131r.","robots":{"index":"index","follow":"follow","max-snippet":"max-snippet:-1","max-image-preview":"max-image-preview:large","max-video-preview":"max-video-preview:-1"},"canonical":"https:\/\/www.stoneplusturkiye.com\/shop\/urun\/bahce-barbeku-modeli-stoneplus-nukse\/","og_locale":"tr_TR","og_type":"article","og_title":"Bah\u00e7e Barbek\u00fc Modeli | Stoneplus N\u00fckse","og_description":"Bah\u00e7e Barbek\u00fc Modeli hem dayan\u0131kl\u0131l\u0131\u011f\u0131 hem de estetik yap\u0131s\u0131yla bah\u00e7elerde en \u00e7ok tercih edilen barbek\u00fc modelleri aras\u0131nda yer al\u0131r.","og_url":"https:\/\/www.stoneplusturkiye.com\/shop\/urun\/bahce-barbeku-modeli-stoneplus-nukse\/","og_site_name":"Stoneplus Ah\u015fap \u00dcr\u00fcnleri","article_publisher":"https:\/\/www.facebook.com\/stoneplusturkiye\/","article_modified_time":"2025-05-08T16:40:56+00:00","og_image":[{"width":1200,"height":1055,"url":"https:\/\/www.stoneplusturkiye.com\/shop\/wp-content\/uploads\/2025\/04\/webbarbelu.jpg","type":"image\/jpeg"}],"twitter_card":"summary_large_image","twitter_misc":{"Tahmini okuma s\u00fcresi":"2 dakika"},"schema":{"@context":"https:\/\/schema.org","@graph":[{"@type":"WebPage","@id":"https:\/\/www.stoneplusturkiye.com\/shop\/urun\/bahce-barbeku-modeli-stoneplus-nukse\/","url":"https:\/\/www.stoneplusturkiye.com\/shop\/urun\/bahce-barbeku-modeli-stoneplus-nukse\/","name":"Bah\u00e7e Barbek\u00fc Modeli | Stoneplus N\u00fckse - Stoneplus Ah\u015fap \u00dcr\u00fcnleri","isPartOf":{"@id":"https:\/\/www.stoneplusturkiye.com\/shop\/#website"},"primaryImageOfPage":{"@id":"https:\/\/www.stoneplusturkiye.com\/shop\/urun\/bahce-barbeku-modeli-stoneplus-nukse\/#primaryimage"},"image":{"@id":"https:\/\/www.stoneplusturkiye.com\/shop\/urun\/bahce-barbeku-modeli-stoneplus-nukse\/#primaryimage"},"thumbnailUrl":"https:\/\/www.stoneplusturkiye.com\/shop\/wp-content\/uploads\/2025\/04\/webbarbelu.jpg","datePublished":"2025-04-24T20:47:37+00:00","dateModified":"2025-05-08T16:40:56+00:00","description":"Bah\u00e7e Barbek\u00fc Modeli hem dayan\u0131kl\u0131l\u0131\u011f\u0131 hem de estetik yap\u0131s\u0131yla bah\u00e7elerde en \u00e7ok tercih edilen barbek\u00fc modelleri aras\u0131nda yer al\u0131r.","breadcrumb":{"@id":"https:\/\/www.stoneplusturkiye.com\/shop\/urun\/bahce-barbeku-modeli-stoneplus-nukse\/#breadcrumb"},"inLanguage":"tr","potentialAction":[{"@type":"ReadAction","target":["https:\/\/www.stoneplusturkiye.com\/shop\/urun\/bahce-barbeku-modeli-stoneplus-nukse\/"]}]},{"@type":"ImageObject","inLanguage":"tr","@id":"https:\/\/www.stoneplusturkiye.com\/shop\/urun\/bahce-barbeku-modeli-stoneplus-nukse\/#primaryimage","url":"https:\/\/www.stoneplusturkiye.com\/shop\/wp-content\/uploads\/2025\/04\/webbarbelu.jpg","contentUrl":"https:\/\/www.stoneplusturkiye.com\/shop\/wp-content\/uploads\/2025\/04\/webbarbelu.jpg","width":1200,"height":1055,"caption":"Bah\u00e7e Barbek\u00fc Modeli"},{"@type":"BreadcrumbList","@id":"https:\/\/www.stoneplusturkiye.com\/shop\/urun\/bahce-barbeku-modeli-stoneplus-nukse\/#breadcrumb","itemListElement":[{"@type":"ListItem","position":1,"name":"Home","item":"https:\/\/www.stoneplusturkiye.com\/shop\/"},{"@type":"ListItem","position":2,"name":"Ma\u011faza","item":"https:\/\/www.stoneplusturkiye.com\/shop\/magaza\/"},{"@type":"ListItem","position":3,"name":"Bah\u00e7e Barbek\u00fc Modeli | Stoneplus N\u00fckse"}]},{"@type":"WebSite","@id":"https:\/\/www.stoneplusturkiye.com\/shop\/#website","url":"https:\/\/www.stoneplusturkiye.com\/shop\/","name":"Stoneplus Ah\u015fap \u00dcr\u00fcnleri","description":"Stonewood Ah\u015fap \u00c7\u00f6z\u00fcmleri","publisher":{"@id":"https:\/\/www.stoneplusturkiye.com\/shop\/#organization"},"potentialAction":[{"@type":"SearchAction","target":{"@type":"EntryPoint","urlTemplate":"https:\/\/www.stoneplusturkiye.com\/shop\/?s={search_term_string}"},"query-input":{"@type":"PropertyValueSpecification","valueRequired":true,"valueName":"search_term_string"}}],"inLanguage":"tr"},{"@type":"Organization","@id":"https:\/\/www.stoneplusturkiye.com\/shop\/#organization","name":"Stoneplus \u0130n\u015faat Yap\u0131 Ah\u015fap \u00dcr\u00fcnleri","url":"https:\/\/www.stoneplusturkiye.com\/shop\/","logo":{"@type":"ImageObject","inLanguage":"tr","@id":"https:\/\/www.stoneplusturkiye.com\/shop\/#\/schema\/logo\/image\/","url":"https:\/\/www.stoneplusturkiye.com\/shop\/wp-content\/uploads\/2025\/02\/stoneplus2.png","contentUrl":"https:\/\/www.stoneplusturkiye.com\/shop\/wp-content\/uploads\/2025\/02\/stoneplus2.png","width":1000,"height":1000,"caption":"Stoneplus \u0130n\u015faat Yap\u0131 Ah\u015fap \u00dcr\u00fcnleri"},"image":{"@id":"https:\/\/www.stoneplusturkiye.com\/shop\/#\/schema\/logo\/image\/"},"sameAs":["https:\/\/www.facebook.com\/stoneplusturkiye\/"],"description":"Stoneplus in\u015faat yap\u0131 ah\u015fap \u00fcr\u00fcnleri","email":"bilgi@stoneplusturkiye.com","telephone":"08504950590","legalName":"Stoneplus \u0130n\u015f. Yap\u0131 Ah\u015fap \u00dcr\u00fcnleri","taxID":"7810871242","numberOfEmployees":{"@type":"QuantitativeValue","minValue":"1","maxValue":"10"}}]}},"_links":{"self":[{"href":"https:\/\/www.stoneplusturkiye.com\/shop\/wp-json\/wp\/v2\/product\/9906","targetHints":{"allow":["GET"]}}],"collection":[{"href":"https:\/\/www.stoneplusturkiye.com\/shop\/wp-json\/wp\/v2\/product"}],"about":[{"href":"https:\/\/www.stoneplusturkiye.com\/shop\/wp-json\/wp\/v2\/types\/product"}],"replies":[{"embeddable":true,"href":"https:\/\/www.stoneplusturkiye.com\/shop\/wp-json\/wp\/v2\/comments?post=9906"}],"version-history":[{"count":2,"href":"https:\/\/www.stoneplusturkiye.com\/shop\/wp-json\/wp\/v2\/product\/9906\/revisions"}],"predecessor-version":[{"id":9926,"href":"https:\/\/www.stoneplusturkiye.com\/shop\/wp-json\/wp\/v2\/product\/9906\/revisions\/9926"}],"wp:featuredmedia":[{"embeddable":true,"href":"https:\/\/www.stoneplusturkiye.com\/shop\/wp-json\/wp\/v2\/media\/9907"}],"wp:attachment":[{"href":"https:\/\/www.stoneplusturkiye.com\/shop\/wp-json\/wp\/v2\/media?parent=9906"}],"wp:term":[{"taxonomy":"product_brand","embeddable":true,"href":"https:\/\/www.stoneplusturkiye.com\/shop\/wp-json\/wp\/v2\/product_brand?post=9906"},{"taxonomy":"product_cat","embeddable":true,"href":"https:\/\/www.stoneplusturkiye.com\/shop\/wp-json\/wp\/v2\/product_cat?post=9906"},{"taxonomy":"product_tag","embeddable":true,"href":"https:\/\/www.stoneplusturkiye.com\/shop\/wp-json\/wp\/v2\/product_tag?post=9906"}],"curies":[{"name":"wp","href":"https:\/\/api.w.org\/{rel}","templated":true}]}}