{"id":9900,"date":"2025-04-24T21:52:17","date_gmt":"2025-04-24T18:52:17","guid":{"rendered":"https:\/\/www.stoneplusturkiye.com\/shop\/?post_type=product&#038;p=9900"},"modified":"2025-05-08T19:40:40","modified_gmt":"2025-05-08T16:40:40","slug":"modern-tas-barbeku-modeli","status":"publish","type":"product","link":"https:\/\/www.stoneplusturkiye.com\/shop\/urun\/modern-tas-barbeku-modeli\/","title":{"rendered":"Modern Ta\u015f Barbek\u00fc Modeli | Stoneplus N\u00fckse 128 cm x 71 cm x 181 cm\u00a0"},"content":{"rendered":"<p class=\"\" data-start=\"220\" data-end=\"750\"><strong>Modern Ta\u015f Barbek\u00fc Modeli<\/strong> Bah\u00e7enizde hem estetik hem de i\u015flevsel bir dokunu\u015f ar\u0131yorsan\u0131z, modern ta\u015f barbek\u00fc modelimiz tam size g\u00f6re. Do\u011fal ta\u015f\u0131n s\u0131cakl\u0131\u011f\u0131yla \u00e7a\u011fda\u015f \u00e7izgilerin bir araya geldi\u011fi bu barbek\u00fc, sadece lezzetli sofralar kurmakla kalmaz, ayn\u0131 zamanda a\u00e7\u0131k alan\u0131n\u0131za de\u011fer katar. Y\u00fcksek kaliteli do\u011fal ta\u015flarla \u00fcretilmi\u015f d\u0131\u015f y\u00fczeyi, hem dayan\u0131kl\u0131l\u0131\u011f\u0131 hem de \u015f\u0131kl\u0131\u011f\u0131 bir arada sunar. Geni\u015f \u0131zgara alan\u0131 sayesinde kalabal\u0131k davetlerde bile rahatl\u0131kla kullan\u0131labilirken, entegre baca sistemi duman\u0131 yukar\u0131 y\u00f6nlendirerek konforlu bir kullan\u0131m sa\u011flar.<\/p>\n<p class=\"\" data-start=\"752\" data-end=\"1154\">Tasar\u0131m\u0131nda modern detaylar g\u00f6zetilen barbek\u00fcm\u00fczde, paslanmaz \u00e7elik \u0131zgara y\u00fczeyi ve kolay temizlenebilir yap\u0131s\u0131 sayesinde kullan\u0131m sonras\u0131 temizlik dert olmaktan \u00e7\u0131kar. Opsiyonel tezgah ve lavabo alan\u0131yla, yemek haz\u0131rl\u0131\u011f\u0131 i\u00e7in ekstra konfor sunar. Bah\u00e7enizde modern ve do\u011fal \u00e7izgilerle bezenmi\u015f kal\u0131c\u0131 bir barbek\u00fc alan\u0131 yaratmak istiyorsan\u0131z, bu model sizi ve misafirlerinizi kendine hayran b\u0131rakacak.<\/p>\n<p>https:\/\/www.grillfuerst.de\/Palazzetti\/Grillkamine\/Grillkamin-Dubai.php<\/p>\n<p>&nbsp;<\/p>\n<p data-start=\"1454\" data-end=\"1645\">\n","protected":false},"excerpt":{"rendered":"<p>Geni\u015f \u0131zgara alan\u0131na sahip barbek\u00fc \u015f\u00f6minesi, Stoneplus Beton Barbek\u00fc Modeli d\u0131\u015f mekan mutfak sisteminin bir par\u00e7as\u0131d\u0131r ve ek mod\u00fcllerle geni\u015fletilerek tam te\u015fekk\u00fcll\u00fc bir bah\u00e7e mutfa\u011f\u0131 olu\u015fturulabilir.<\/p>\n<h4><span style=\"color: #ff6600;\">\u00dcr\u00fcn Teknik \u00d6zellikleri<br \/>\n<\/span><strong style=\"color: #333333; font-size: 16px;\">Yang\u0131na dayan\u0131kl\u0131 geni\u015fletilmi\u015f beton<\/strong><span style=\"color: #333333; font-size: 16px;\">\u00a0ve\/veya\u00a0<\/span><strong style=\"color: #333333; font-size: 16px;\">\u00f6zel Marmotech<\/strong><span style=\"color: #333333; font-size: 16px;\"> (mermer-beton kar\u0131\u015f\u0131m\u0131) malzemeden yap\u0131lm\u0131\u015f\u00a0barbek\u00fc \u015f\u00f6minesi<br \/>\n<\/span><span style=\"color: #333333; font-size: 16px;\">Ek renk uyumlu d\u0131\u015f mekan mutfak mod\u00fclleri ile\u00a0<\/span><strong style=\"color: #333333; font-size: 16px;\">ayr\u0131 ayr\u0131 geni\u015fletilebilir<br \/>\n<\/strong><span style=\"color: #333333; font-size: 16px;\">Barbek\u00fc \u015f\u00f6minelerinin\u00a0<\/span><strong style=\"color: #333333; font-size: 16px;\">farkl\u0131 tasar\u0131m ve \u00f6zelliklerinin<\/strong><span style=\"color: #333333; font-size: 16px;\"> geni\u015f se\u00e7imi<br \/>\n<\/span><strong style=\"color: #333333; font-size: 16px;\">Ate\u015f tu\u011flas\u0131 f\u0131r\u0131nl\u0131 veya paslanmaz \u00e7elik f\u0131r\u0131nl\u0131<\/strong><span style=\"color: #333333; font-size: 16px;\"> modeller<br \/>\n<\/span><strong style=\"color: #333333; font-size: 16px;\">Tezgah, lavabo, buzdolab\u0131 veya k\u00f6\u015fe mod\u00fclleri<\/strong><span style=\"color: #333333; font-size: 16px;\"> i\u00e7eren ek mod\u00fcller\u00a0mevcuttur<br \/>\n<\/span><span style=\"color: #333333; font-size: 16px;\">3 tasar\u0131m mevcuttur:\u00a0<\/span><strong style=\"color: #333333; font-size: 16px;\">Brioni, granit g\u00f6r\u00fcn\u00fcml\u00fc gri, granit g\u00f6r\u00fcn\u00fcml\u00fc k\u0131rm\u0131z\u0131<br \/>\n<\/strong><strong style=\"color: #333333; font-size: 16px;\">h\u0131zl\u0131 teslimat (\u00fccretsiz) ve kolay montaj<br \/>\n<\/strong><strong style=\"color: #333333; font-size: 16px;\">Montaj malzemesi dahil<\/strong><span style=\"color: #333333; font-size: 16px;\">\u00a0t\u00fcm barbek\u00fc \u015f\u00f6mineleri ve mod\u00fclleri<\/span><\/h4>\n<h5><span style=\"color: #ff6600;\">\u00dcr\u00fcn Teknik \u00d6zellikleri<br \/>\nRenk: <span style=\"color: #000000;\">Beyaz, Antasit Gri<\/span><br \/>\nIzgara Alan\u0131: <\/span>68 cm x 40cm<span style=\"color: #ff6600;\"><br \/>\n\u00dcr\u00fcn Boyutu: <\/span>128 cm x 71 cm x 181 cm\u00a0<span style=\"color: #ff6600;\"><br \/>\n\u00dcr\u00fcn A\u011f\u0131rl\u0131\u011f\u0131 : <span style=\"color: #000000;\">270 Kg\u00a0<\/span><\/span><\/h5>\n<p><strong>Nakliye Masraflar\u0131 Fiyat\u0131m\u0131za Hari\u00e7 Tutulmu\u015ftur.\u00a0<\/strong><\/p>\n","protected":false},"featured_media":9901,"comment_status":"closed","ping_status":"closed","template":"","meta":[],"product_brand":[],"product_cat":[194,189,29],"product_tag":[196,193,195,207,206,190],"class_list":{"0":"post-9900","1":"product","2":"type-product","3":"status-publish","4":"has-post-thumbnail","6":"product_cat-barbeku-modelleri","7":"product_cat-beton-barbeku-modelleri","8":"product_cat-stoneplus-urunleri","9":"product_tag-hazir-barbeku-modeli","10":"product_tag-minimal-hazir-barbeku-fiyatlari","11":"product_tag-modern-barbeku-modeli","12":"product_tag-modern-tas-barbeku-modeli","13":"product_tag-tas-barbeku-modeli","14":"product_tag-tezgahli-beton-barbeku","16":"first","17":"instock","18":"shipping-taxable","19":"purchasable","20":"product-type-simple"},"yoast_head":"<!-- This site is optimized with the Yoast SEO Premium plugin v24.8 (Yoast SEO v25.6) - https:\/\/yoast.com\/wordpress\/plugins\/seo\/ -->\n<title>Modern Ta\u015f Barbek\u00fc Modeli | Stoneplus N\u00fckse 128 cm x 71 cm x 181 cm\u00a0 - Stoneplus Ah\u015fap \u00dcr\u00fcnleri<\/title>\n<meta name=\"description\" content=\"Modern Ta\u015f Barbek\u00fc Modeli hem dayan\u0131kl\u0131l\u0131\u011f\u0131 hem de estetik yap\u0131s\u0131yla bah\u00e7elerde en \u00e7ok tercih edilen barbek\u00fc modelleri aras\u0131nda yer al\u0131r.\" \/>\n<meta name=\"robots\" content=\"index, follow, max-snippet:-1, max-image-preview:large, max-video-preview:-1\" \/>\n<link rel=\"canonical\" href=\"https:\/\/www.stoneplusturkiye.com\/shop\/urun\/modern-tas-barbeku-modeli\/\" \/>\n<meta property=\"og:locale\" content=\"tr_TR\" \/>\n<meta property=\"og:type\" content=\"article\" \/>\n<meta property=\"og:title\" content=\"Modern Ta\u015f Barbek\u00fc Modeli | Stoneplus N\u00fckse 128 cm x 71 cm x 181 cm\u00a0\" \/>\n<meta property=\"og:description\" content=\"Modern Ta\u015f Barbek\u00fc Modeli hem dayan\u0131kl\u0131l\u0131\u011f\u0131 hem de estetik yap\u0131s\u0131yla bah\u00e7elerde en \u00e7ok tercih edilen barbek\u00fc modelleri aras\u0131nda yer al\u0131r.\" \/>\n<meta property=\"og:url\" content=\"https:\/\/www.stoneplusturkiye.com\/shop\/urun\/modern-tas-barbeku-modeli\/\" \/>\n<meta property=\"og:site_name\" content=\"Stoneplus Ah\u015fap \u00dcr\u00fcnleri\" \/>\n<meta property=\"article:publisher\" content=\"https:\/\/www.facebook.com\/stoneplusturkiye\/\" \/>\n<meta property=\"article:modified_time\" content=\"2025-05-08T16:40:40+00:00\" \/>\n<meta property=\"og:image\" content=\"https:\/\/www.stoneplusturkiye.com\/shop\/wp-content\/uploads\/2025\/04\/estetik-barbekuler.jpg\" \/>\n\t<meta property=\"og:image:width\" content=\"1200\" \/>\n\t<meta property=\"og:image:height\" content=\"1055\" \/>\n\t<meta property=\"og:image:type\" content=\"image\/jpeg\" \/>\n<meta name=\"twitter:card\" content=\"summary_large_image\" \/>\n<meta name=\"twitter:label1\" content=\"Tahmini okuma s\u00fcresi\" \/>\n\t<meta name=\"twitter:data1\" content=\"1 dakika\" \/>\n<script type=\"application\/ld+json\" class=\"yoast-schema-graph\">{\"@context\":\"https:\/\/schema.org\",\"@graph\":[{\"@type\":\"WebPage\",\"@id\":\"https:\/\/www.stoneplusturkiye.com\/shop\/urun\/modern-tas-barbeku-modeli\/\",\"url\":\"https:\/\/www.stoneplusturkiye.com\/shop\/urun\/modern-tas-barbeku-modeli\/\",\"name\":\"Modern Ta\u015f Barbek\u00fc Modeli | Stoneplus N\u00fckse 128 cm x 71 cm x 181 cm\u00a0 - Stoneplus Ah\u015fap \u00dcr\u00fcnleri\",\"isPartOf\":{\"@id\":\"https:\/\/www.stoneplusturkiye.com\/shop\/#website\"},\"primaryImageOfPage\":{\"@id\":\"https:\/\/www.stoneplusturkiye.com\/shop\/urun\/modern-tas-barbeku-modeli\/#primaryimage\"},\"image\":{\"@id\":\"https:\/\/www.stoneplusturkiye.com\/shop\/urun\/modern-tas-barbeku-modeli\/#primaryimage\"},\"thumbnailUrl\":\"https:\/\/www.stoneplusturkiye.com\/shop\/wp-content\/uploads\/2025\/04\/estetik-barbekuler.jpg\",\"datePublished\":\"2025-04-24T18:52:17+00:00\",\"dateModified\":\"2025-05-08T16:40:40+00:00\",\"description\":\"Modern Ta\u015f Barbek\u00fc Modeli hem dayan\u0131kl\u0131l\u0131\u011f\u0131 hem de estetik yap\u0131s\u0131yla bah\u00e7elerde en \u00e7ok tercih edilen barbek\u00fc modelleri aras\u0131nda yer al\u0131r.\",\"breadcrumb\":{\"@id\":\"https:\/\/www.stoneplusturkiye.com\/shop\/urun\/modern-tas-barbeku-modeli\/#breadcrumb\"},\"inLanguage\":\"tr\",\"potentialAction\":[{\"@type\":\"ReadAction\",\"target\":[\"https:\/\/www.stoneplusturkiye.com\/shop\/urun\/modern-tas-barbeku-modeli\/\"]}]},{\"@type\":\"ImageObject\",\"inLanguage\":\"tr\",\"@id\":\"https:\/\/www.stoneplusturkiye.com\/shop\/urun\/modern-tas-barbeku-modeli\/#primaryimage\",\"url\":\"https:\/\/www.stoneplusturkiye.com\/shop\/wp-content\/uploads\/2025\/04\/estetik-barbekuler.jpg\",\"contentUrl\":\"https:\/\/www.stoneplusturkiye.com\/shop\/wp-content\/uploads\/2025\/04\/estetik-barbekuler.jpg\",\"width\":1200,\"height\":1055,\"caption\":\"Modern Ta\u015f Barbek\u00fc Modeli\"},{\"@type\":\"BreadcrumbList\",\"@id\":\"https:\/\/www.stoneplusturkiye.com\/shop\/urun\/modern-tas-barbeku-modeli\/#breadcrumb\",\"itemListElement\":[{\"@type\":\"ListItem\",\"position\":1,\"name\":\"Home\",\"item\":\"https:\/\/www.stoneplusturkiye.com\/shop\/\"},{\"@type\":\"ListItem\",\"position\":2,\"name\":\"Ma\u011faza\",\"item\":\"https:\/\/www.stoneplusturkiye.com\/shop\/magaza\/\"},{\"@type\":\"ListItem\",\"position\":3,\"name\":\"Modern Ta\u015f Barbek\u00fc Modeli | Stoneplus N\u00fckse 128 cm x 71 cm x 181 cm\u00a0\"}]},{\"@type\":\"WebSite\",\"@id\":\"https:\/\/www.stoneplusturkiye.com\/shop\/#website\",\"url\":\"https:\/\/www.stoneplusturkiye.com\/shop\/\",\"name\":\"Stoneplus Ah\u015fap \u00dcr\u00fcnleri\",\"description\":\"Stonewood Ah\u015fap \u00c7\u00f6z\u00fcmleri\",\"publisher\":{\"@id\":\"https:\/\/www.stoneplusturkiye.com\/shop\/#organization\"},\"potentialAction\":[{\"@type\":\"SearchAction\",\"target\":{\"@type\":\"EntryPoint\",\"urlTemplate\":\"https:\/\/www.stoneplusturkiye.com\/shop\/?s={search_term_string}\"},\"query-input\":{\"@type\":\"PropertyValueSpecification\",\"valueRequired\":true,\"valueName\":\"search_term_string\"}}],\"inLanguage\":\"tr\"},{\"@type\":\"Organization\",\"@id\":\"https:\/\/www.stoneplusturkiye.com\/shop\/#organization\",\"name\":\"Stoneplus \u0130n\u015faat Yap\u0131 Ah\u015fap \u00dcr\u00fcnleri\",\"url\":\"https:\/\/www.stoneplusturkiye.com\/shop\/\",\"logo\":{\"@type\":\"ImageObject\",\"inLanguage\":\"tr\",\"@id\":\"https:\/\/www.stoneplusturkiye.com\/shop\/#\/schema\/logo\/image\/\",\"url\":\"https:\/\/www.stoneplusturkiye.com\/shop\/wp-content\/uploads\/2025\/02\/stoneplus2.png\",\"contentUrl\":\"https:\/\/www.stoneplusturkiye.com\/shop\/wp-content\/uploads\/2025\/02\/stoneplus2.png\",\"width\":1000,\"height\":1000,\"caption\":\"Stoneplus \u0130n\u015faat Yap\u0131 Ah\u015fap \u00dcr\u00fcnleri\"},\"image\":{\"@id\":\"https:\/\/www.stoneplusturkiye.com\/shop\/#\/schema\/logo\/image\/\"},\"sameAs\":[\"https:\/\/www.facebook.com\/stoneplusturkiye\/\"],\"description\":\"Stoneplus in\u015faat yap\u0131 ah\u015fap \u00fcr\u00fcnleri\",\"email\":\"bilgi@stoneplusturkiye.com\",\"telephone\":\"08504950590\",\"legalName\":\"Stoneplus \u0130n\u015f. Yap\u0131 Ah\u015fap \u00dcr\u00fcnleri\",\"taxID\":\"7810871242\",\"numberOfEmployees\":{\"@type\":\"QuantitativeValue\",\"minValue\":\"1\",\"maxValue\":\"10\"}}]}<\/script>\n<!-- \/ Yoast SEO Premium plugin. -->","yoast_head_json":{"title":"Modern Ta\u015f Barbek\u00fc Modeli | Stoneplus N\u00fckse 128 cm x 71 cm x 181 cm\u00a0 - Stoneplus Ah\u015fap \u00dcr\u00fcnleri","description":"Modern Ta\u015f Barbek\u00fc Modeli hem dayan\u0131kl\u0131l\u0131\u011f\u0131 hem de estetik yap\u0131s\u0131yla bah\u00e7elerde en \u00e7ok tercih edilen barbek\u00fc modelleri aras\u0131nda yer al\u0131r.","robots":{"index":"index","follow":"follow","max-snippet":"max-snippet:-1","max-image-preview":"max-image-preview:large","max-video-preview":"max-video-preview:-1"},"canonical":"https:\/\/www.stoneplusturkiye.com\/shop\/urun\/modern-tas-barbeku-modeli\/","og_locale":"tr_TR","og_type":"article","og_title":"Modern Ta\u015f Barbek\u00fc Modeli | Stoneplus N\u00fckse 128 cm x 71 cm x 181 cm\u00a0","og_description":"Modern Ta\u015f Barbek\u00fc Modeli hem dayan\u0131kl\u0131l\u0131\u011f\u0131 hem de estetik yap\u0131s\u0131yla bah\u00e7elerde en \u00e7ok tercih edilen barbek\u00fc modelleri aras\u0131nda yer al\u0131r.","og_url":"https:\/\/www.stoneplusturkiye.com\/shop\/urun\/modern-tas-barbeku-modeli\/","og_site_name":"Stoneplus Ah\u015fap \u00dcr\u00fcnleri","article_publisher":"https:\/\/www.facebook.com\/stoneplusturkiye\/","article_modified_time":"2025-05-08T16:40:40+00:00","og_image":[{"width":1200,"height":1055,"url":"https:\/\/www.stoneplusturkiye.com\/shop\/wp-content\/uploads\/2025\/04\/estetik-barbekuler.jpg","type":"image\/jpeg"}],"twitter_card":"summary_large_image","twitter_misc":{"Tahmini okuma s\u00fcresi":"1 dakika"},"schema":{"@context":"https:\/\/schema.org","@graph":[{"@type":"WebPage","@id":"https:\/\/www.stoneplusturkiye.com\/shop\/urun\/modern-tas-barbeku-modeli\/","url":"https:\/\/www.stoneplusturkiye.com\/shop\/urun\/modern-tas-barbeku-modeli\/","name":"Modern Ta\u015f Barbek\u00fc Modeli | Stoneplus N\u00fckse 128 cm x 71 cm x 181 cm\u00a0 - Stoneplus Ah\u015fap \u00dcr\u00fcnleri","isPartOf":{"@id":"https:\/\/www.stoneplusturkiye.com\/shop\/#website"},"primaryImageOfPage":{"@id":"https:\/\/www.stoneplusturkiye.com\/shop\/urun\/modern-tas-barbeku-modeli\/#primaryimage"},"image":{"@id":"https:\/\/www.stoneplusturkiye.com\/shop\/urun\/modern-tas-barbeku-modeli\/#primaryimage"},"thumbnailUrl":"https:\/\/www.stoneplusturkiye.com\/shop\/wp-content\/uploads\/2025\/04\/estetik-barbekuler.jpg","datePublished":"2025-04-24T18:52:17+00:00","dateModified":"2025-05-08T16:40:40+00:00","description":"Modern Ta\u015f Barbek\u00fc Modeli hem dayan\u0131kl\u0131l\u0131\u011f\u0131 hem de estetik yap\u0131s\u0131yla bah\u00e7elerde en \u00e7ok tercih edilen barbek\u00fc modelleri aras\u0131nda yer al\u0131r.","breadcrumb":{"@id":"https:\/\/www.stoneplusturkiye.com\/shop\/urun\/modern-tas-barbeku-modeli\/#breadcrumb"},"inLanguage":"tr","potentialAction":[{"@type":"ReadAction","target":["https:\/\/www.stoneplusturkiye.com\/shop\/urun\/modern-tas-barbeku-modeli\/"]}]},{"@type":"ImageObject","inLanguage":"tr","@id":"https:\/\/www.stoneplusturkiye.com\/shop\/urun\/modern-tas-barbeku-modeli\/#primaryimage","url":"https:\/\/www.stoneplusturkiye.com\/shop\/wp-content\/uploads\/2025\/04\/estetik-barbekuler.jpg","contentUrl":"https:\/\/www.stoneplusturkiye.com\/shop\/wp-content\/uploads\/2025\/04\/estetik-barbekuler.jpg","width":1200,"height":1055,"caption":"Modern Ta\u015f Barbek\u00fc Modeli"},{"@type":"BreadcrumbList","@id":"https:\/\/www.stoneplusturkiye.com\/shop\/urun\/modern-tas-barbeku-modeli\/#breadcrumb","itemListElement":[{"@type":"ListItem","position":1,"name":"Home","item":"https:\/\/www.stoneplusturkiye.com\/shop\/"},{"@type":"ListItem","position":2,"name":"Ma\u011faza","item":"https:\/\/www.stoneplusturkiye.com\/shop\/magaza\/"},{"@type":"ListItem","position":3,"name":"Modern Ta\u015f Barbek\u00fc Modeli | Stoneplus N\u00fckse 128 cm x 71 cm x 181 cm\u00a0"}]},{"@type":"WebSite","@id":"https:\/\/www.stoneplusturkiye.com\/shop\/#website","url":"https:\/\/www.stoneplusturkiye.com\/shop\/","name":"Stoneplus Ah\u015fap \u00dcr\u00fcnleri","description":"Stonewood Ah\u015fap \u00c7\u00f6z\u00fcmleri","publisher":{"@id":"https:\/\/www.stoneplusturkiye.com\/shop\/#organization"},"potentialAction":[{"@type":"SearchAction","target":{"@type":"EntryPoint","urlTemplate":"https:\/\/www.stoneplusturkiye.com\/shop\/?s={search_term_string}"},"query-input":{"@type":"PropertyValueSpecification","valueRequired":true,"valueName":"search_term_string"}}],"inLanguage":"tr"},{"@type":"Organization","@id":"https:\/\/www.stoneplusturkiye.com\/shop\/#organization","name":"Stoneplus \u0130n\u015faat Yap\u0131 Ah\u015fap \u00dcr\u00fcnleri","url":"https:\/\/www.stoneplusturkiye.com\/shop\/","logo":{"@type":"ImageObject","inLanguage":"tr","@id":"https:\/\/www.stoneplusturkiye.com\/shop\/#\/schema\/logo\/image\/","url":"https:\/\/www.stoneplusturkiye.com\/shop\/wp-content\/uploads\/2025\/02\/stoneplus2.png","contentUrl":"https:\/\/www.stoneplusturkiye.com\/shop\/wp-content\/uploads\/2025\/02\/stoneplus2.png","width":1000,"height":1000,"caption":"Stoneplus \u0130n\u015faat Yap\u0131 Ah\u015fap \u00dcr\u00fcnleri"},"image":{"@id":"https:\/\/www.stoneplusturkiye.com\/shop\/#\/schema\/logo\/image\/"},"sameAs":["https:\/\/www.facebook.com\/stoneplusturkiye\/"],"description":"Stoneplus in\u015faat yap\u0131 ah\u015fap \u00fcr\u00fcnleri","email":"bilgi@stoneplusturkiye.com","telephone":"08504950590","legalName":"Stoneplus \u0130n\u015f. Yap\u0131 Ah\u015fap \u00dcr\u00fcnleri","taxID":"7810871242","numberOfEmployees":{"@type":"QuantitativeValue","minValue":"1","maxValue":"10"}}]}},"_links":{"self":[{"href":"https:\/\/www.stoneplusturkiye.com\/shop\/wp-json\/wp\/v2\/product\/9900","targetHints":{"allow":["GET"]}}],"collection":[{"href":"https:\/\/www.stoneplusturkiye.com\/shop\/wp-json\/wp\/v2\/product"}],"about":[{"href":"https:\/\/www.stoneplusturkiye.com\/shop\/wp-json\/wp\/v2\/types\/product"}],"replies":[{"embeddable":true,"href":"https:\/\/www.stoneplusturkiye.com\/shop\/wp-json\/wp\/v2\/comments?post=9900"}],"version-history":[{"count":2,"href":"https:\/\/www.stoneplusturkiye.com\/shop\/wp-json\/wp\/v2\/product\/9900\/revisions"}],"predecessor-version":[{"id":9905,"href":"https:\/\/www.stoneplusturkiye.com\/shop\/wp-json\/wp\/v2\/product\/9900\/revisions\/9905"}],"wp:featuredmedia":[{"embeddable":true,"href":"https:\/\/www.stoneplusturkiye.com\/shop\/wp-json\/wp\/v2\/media\/9901"}],"wp:attachment":[{"href":"https:\/\/www.stoneplusturkiye.com\/shop\/wp-json\/wp\/v2\/media?parent=9900"}],"wp:term":[{"taxonomy":"product_brand","embeddable":true,"href":"https:\/\/www.stoneplusturkiye.com\/shop\/wp-json\/wp\/v2\/product_brand?post=9900"},{"taxonomy":"product_cat","embeddable":true,"href":"https:\/\/www.stoneplusturkiye.com\/shop\/wp-json\/wp\/v2\/product_cat?post=9900"},{"taxonomy":"product_tag","embeddable":true,"href":"https:\/\/www.stoneplusturkiye.com\/shop\/wp-json\/wp\/v2\/product_tag?post=9900"}],"curies":[{"name":"wp","href":"https:\/\/api.w.org\/{rel}","templated":true}]}}