{"id":9892,"date":"2025-04-24T15:37:48","date_gmt":"2025-04-24T12:37:48","guid":{"rendered":"https:\/\/www.stoneplusturkiye.com\/shop\/?post_type=product&#038;p=9892"},"modified":"2025-05-08T19:40:33","modified_gmt":"2025-05-08T16:40:33","slug":"tas-barbeku-modeli","status":"publish","type":"product","link":"https:\/\/www.stoneplusturkiye.com\/shop\/urun\/tas-barbeku-modeli\/","title":{"rendered":"Ta\u015f Barbek\u00fc Modeli | Stoneplus Nina 80&#215;180"},"content":{"rendered":"<p class=\"\" data-start=\"302\" data-end=\"596\">Ta\u015f barbek\u00fc, do\u011fall\u0131\u011f\u0131 sevenlerin bah\u00e7esindeki en \u00f6zel k\u00f6\u015feyi olu\u015fturur. Do\u011fal ta\u015fla \u00f6r\u00fclm\u00fc\u015f bu barbek\u00fcler, sadece yemek pi\u015firmek i\u00e7in de\u011fil, ayn\u0131 zamanda a\u00e7\u0131k hava keyfi yapmak isteyenler i\u00e7in ideal bir ya\u015fam alan\u0131 sunar. Her ta\u015f\u0131n farkl\u0131 dokusu, barbek\u00fcye kendine has bir karakter kazand\u0131r\u0131r.<\/p>\n<p class=\"\" data-start=\"598\" data-end=\"899\"><strong>Ta\u015f barbek\u00fc modelleri,<\/strong> b\u00f6lgenin mimarisine ve ki\u015fisel zevke g\u00f6re \u015fekillendirilebilir. \u0130ster k\u00fc\u00e7\u00fck ve sade, ister b\u00fcy\u00fck bacal\u0131 ve tezgahl\u0131 modeller tercih edin, ta\u015f barbek\u00fc her h\u00e2l\u00fck\u00e2rda bah\u00e7eye de\u011fer katar. Do\u011fal ta\u015f yap\u0131s\u0131 sayesinde hem estetik durur, hem de d\u0131\u015f etkenlere kar\u015f\u0131 olduk\u00e7a dayan\u0131kl\u0131d\u0131r.<\/p>\n<p class=\"\" data-start=\"901\" data-end=\"971\">\u00d6zellikle K\u0131br\u0131s gibi g\u00fcne\u015fli b\u00f6lgelerde ta\u015f\u0131n s\u0131cakla uyumu harikad\u0131r&#8230;<\/p>\n<p>https:\/\/www.grillfuerst.de\/Palazzetti\/Outdoor-Kueche.php<\/p>\n<p>https:\/\/www.grillfuerst.de\/Palazzetti\/Grillkamine\/Grillkamin-Boston.php<\/p>\n<p>&nbsp;<\/p>\n<p data-start=\"1454\" data-end=\"1645\">\n","protected":false},"excerpt":{"rendered":"<p>Geni\u015f \u0131zgara alan\u0131na sahip barbek\u00fc \u015f\u00f6minesi, Stoneplus Beton Barbek\u00fc Modeli d\u0131\u015f mekan mutfak sisteminin bir par\u00e7as\u0131d\u0131r ve ek mod\u00fcllerle geni\u015fletilerek tam te\u015fekk\u00fcll\u00fc bir bah\u00e7e mutfa\u011f\u0131 olu\u015fturulabilir.<\/p>\n<h4><span style=\"color: #ff6600;\">\u00dcr\u00fcn Teknik \u00d6zellikleri<br \/>\n<\/span><strong style=\"color: #333333; font-size: 16px;\">Yang\u0131na dayan\u0131kl\u0131 geni\u015fletilmi\u015f beton<\/strong><span style=\"color: #333333; font-size: 16px;\">\u00a0ve\/veya\u00a0<\/span><strong style=\"color: #333333; font-size: 16px;\">\u00f6zel Marmotech<\/strong><span style=\"color: #333333; font-size: 16px;\"> (mermer-beton kar\u0131\u015f\u0131m\u0131) malzemeden yap\u0131lm\u0131\u015f\u00a0barbek\u00fc \u015f\u00f6minesi<br \/>\n<\/span><span style=\"color: #333333; font-size: 16px;\">Ek renk uyumlu d\u0131\u015f mekan mutfak mod\u00fclleri ile\u00a0<\/span><strong style=\"color: #333333; font-size: 16px;\">ayr\u0131 ayr\u0131 geni\u015fletilebilir<br \/>\n<\/strong><span style=\"color: #333333; font-size: 16px;\">Barbek\u00fc \u015f\u00f6minelerinin\u00a0<\/span><strong style=\"color: #333333; font-size: 16px;\">farkl\u0131 tasar\u0131m ve \u00f6zelliklerinin<\/strong><span style=\"color: #333333; font-size: 16px;\"> geni\u015f se\u00e7imi<br \/>\n<\/span><strong style=\"color: #333333; font-size: 16px;\">Ate\u015f tu\u011flas\u0131 f\u0131r\u0131nl\u0131 veya paslanmaz \u00e7elik f\u0131r\u0131nl\u0131<\/strong><span style=\"color: #333333; font-size: 16px;\"> modeller<br \/>\n<\/span><strong style=\"color: #333333; font-size: 16px;\">Tezgah, lavabo, buzdolab\u0131 veya k\u00f6\u015fe mod\u00fclleri<\/strong><span style=\"color: #333333; font-size: 16px;\"> i\u00e7eren ek mod\u00fcller\u00a0mevcuttur<br \/>\n<\/span><span style=\"color: #333333; font-size: 16px;\">3 tasar\u0131m mevcuttur:\u00a0<\/span><strong style=\"color: #333333; font-size: 16px;\">Brioni, granit g\u00f6r\u00fcn\u00fcml\u00fc gri, granit g\u00f6r\u00fcn\u00fcml\u00fc k\u0131rm\u0131z\u0131<br \/>\n<\/strong><strong style=\"color: #333333; font-size: 16px;\">h\u0131zl\u0131 teslimat (\u00fccretsiz) ve kolay montaj<br \/>\n<\/strong><strong style=\"color: #333333; font-size: 16px;\">Montaj malzemesi dahil<\/strong><span style=\"color: #333333; font-size: 16px;\">\u00a0t\u00fcm barbek\u00fc \u015f\u00f6mineleri ve mod\u00fclleri<\/span><\/h4>\n<h5><span style=\"color: #ff6600;\">\u00dcr\u00fcn Teknik \u00d6zellikleri<br \/>\nRenk: <span style=\"color: #000000;\">Beyaz, Antasit Gri<\/span><br \/>\nIzgara Alan\u0131: <\/span>53cm x 40cm<span style=\"color: #ff6600;\"><br \/>\n\u00dcr\u00fcn Boyutu: <\/span>80 cm x 59 cm x 182 cm\u00a0<span style=\"color: #ff6600;\"><br \/>\n\u00dcr\u00fcn A\u011f\u0131rl\u0131\u011f\u0131 : <span style=\"color: #000000;\">270 Kg\u00a0<\/span><\/span><\/h5>\n<p><strong>Nakliye Masraflar\u0131 Fiyat\u0131m\u0131za Hari\u00e7 Tutulmu\u015ftur.\u00a0<\/strong><\/p>\n","protected":false},"featured_media":9893,"comment_status":"closed","ping_status":"closed","template":"","meta":[],"product_brand":[],"product_cat":[194,189,29],"product_tag":[196,193,195,206,190],"class_list":{"0":"post-9892","1":"product","2":"type-product","3":"status-publish","4":"has-post-thumbnail","6":"product_cat-barbeku-modelleri","7":"product_cat-beton-barbeku-modelleri","8":"product_cat-stoneplus-urunleri","9":"product_tag-hazir-barbeku-modeli","10":"product_tag-minimal-hazir-barbeku-fiyatlari","11":"product_tag-modern-barbeku-modeli","12":"product_tag-tas-barbeku-modeli","13":"product_tag-tezgahli-beton-barbeku","15":"first","16":"instock","17":"shipping-taxable","18":"purchasable","19":"product-type-simple"},"yoast_head":"<!-- This site is optimized with the Yoast SEO Premium plugin v24.8 (Yoast SEO v25.6) - https:\/\/yoast.com\/wordpress\/plugins\/seo\/ -->\n<title>Ta\u015f Barbek\u00fc Modeli | Stoneplus Nina 80x180 - Stoneplus Ah\u015fap \u00dcr\u00fcnleri<\/title>\n<meta name=\"description\" content=\"Ta\u015f Barbek\u00fc Modeli hem dayan\u0131kl\u0131l\u0131\u011f\u0131 hem de estetik yap\u0131s\u0131yla bah\u00e7elerde en \u00e7ok tercih edilen barbek\u00fc modelleri aras\u0131nda yer al\u0131r.\" \/>\n<meta name=\"robots\" content=\"index, follow, max-snippet:-1, max-image-preview:large, max-video-preview:-1\" \/>\n<link rel=\"canonical\" href=\"https:\/\/www.stoneplusturkiye.com\/shop\/urun\/tas-barbeku-modeli\/\" \/>\n<meta property=\"og:locale\" content=\"tr_TR\" \/>\n<meta property=\"og:type\" content=\"article\" \/>\n<meta property=\"og:title\" content=\"Ta\u015f Barbek\u00fc Modeli | Stoneplus Nina 80x180\" \/>\n<meta property=\"og:description\" content=\"Ta\u015f Barbek\u00fc Modeli hem dayan\u0131kl\u0131l\u0131\u011f\u0131 hem de estetik yap\u0131s\u0131yla bah\u00e7elerde en \u00e7ok tercih edilen barbek\u00fc modelleri aras\u0131nda yer al\u0131r.\" \/>\n<meta property=\"og:url\" content=\"https:\/\/www.stoneplusturkiye.com\/shop\/urun\/tas-barbeku-modeli\/\" \/>\n<meta property=\"og:site_name\" content=\"Stoneplus Ah\u015fap \u00dcr\u00fcnleri\" \/>\n<meta property=\"article:publisher\" content=\"https:\/\/www.facebook.com\/stoneplusturkiye\/\" \/>\n<meta property=\"article:modified_time\" content=\"2025-05-08T16:40:33+00:00\" \/>\n<meta property=\"og:image\" content=\"https:\/\/www.stoneplusturkiye.com\/shop\/wp-content\/uploads\/2025\/04\/1-4.jpg\" \/>\n\t<meta property=\"og:image:width\" content=\"1200\" \/>\n\t<meta property=\"og:image:height\" content=\"1055\" \/>\n\t<meta property=\"og:image:type\" content=\"image\/jpeg\" \/>\n<meta name=\"twitter:card\" content=\"summary_large_image\" \/>\n<meta name=\"twitter:label1\" content=\"Tahmini okuma s\u00fcresi\" \/>\n\t<meta name=\"twitter:data1\" content=\"1 dakika\" \/>\n<script type=\"application\/ld+json\" class=\"yoast-schema-graph\">{\"@context\":\"https:\/\/schema.org\",\"@graph\":[{\"@type\":\"WebPage\",\"@id\":\"https:\/\/www.stoneplusturkiye.com\/shop\/urun\/tas-barbeku-modeli\/\",\"url\":\"https:\/\/www.stoneplusturkiye.com\/shop\/urun\/tas-barbeku-modeli\/\",\"name\":\"Ta\u015f Barbek\u00fc Modeli | Stoneplus Nina 80x180 - Stoneplus Ah\u015fap \u00dcr\u00fcnleri\",\"isPartOf\":{\"@id\":\"https:\/\/www.stoneplusturkiye.com\/shop\/#website\"},\"primaryImageOfPage\":{\"@id\":\"https:\/\/www.stoneplusturkiye.com\/shop\/urun\/tas-barbeku-modeli\/#primaryimage\"},\"image\":{\"@id\":\"https:\/\/www.stoneplusturkiye.com\/shop\/urun\/tas-barbeku-modeli\/#primaryimage\"},\"thumbnailUrl\":\"https:\/\/www.stoneplusturkiye.com\/shop\/wp-content\/uploads\/2025\/04\/1-4.jpg\",\"datePublished\":\"2025-04-24T12:37:48+00:00\",\"dateModified\":\"2025-05-08T16:40:33+00:00\",\"description\":\"Ta\u015f Barbek\u00fc Modeli hem dayan\u0131kl\u0131l\u0131\u011f\u0131 hem de estetik yap\u0131s\u0131yla bah\u00e7elerde en \u00e7ok tercih edilen barbek\u00fc modelleri aras\u0131nda yer al\u0131r.\",\"breadcrumb\":{\"@id\":\"https:\/\/www.stoneplusturkiye.com\/shop\/urun\/tas-barbeku-modeli\/#breadcrumb\"},\"inLanguage\":\"tr\",\"potentialAction\":[{\"@type\":\"ReadAction\",\"target\":[\"https:\/\/www.stoneplusturkiye.com\/shop\/urun\/tas-barbeku-modeli\/\"]}]},{\"@type\":\"ImageObject\",\"inLanguage\":\"tr\",\"@id\":\"https:\/\/www.stoneplusturkiye.com\/shop\/urun\/tas-barbeku-modeli\/#primaryimage\",\"url\":\"https:\/\/www.stoneplusturkiye.com\/shop\/wp-content\/uploads\/2025\/04\/1-4.jpg\",\"contentUrl\":\"https:\/\/www.stoneplusturkiye.com\/shop\/wp-content\/uploads\/2025\/04\/1-4.jpg\",\"width\":1200,\"height\":1055},{\"@type\":\"BreadcrumbList\",\"@id\":\"https:\/\/www.stoneplusturkiye.com\/shop\/urun\/tas-barbeku-modeli\/#breadcrumb\",\"itemListElement\":[{\"@type\":\"ListItem\",\"position\":1,\"name\":\"Home\",\"item\":\"https:\/\/www.stoneplusturkiye.com\/shop\/\"},{\"@type\":\"ListItem\",\"position\":2,\"name\":\"Ma\u011faza\",\"item\":\"https:\/\/www.stoneplusturkiye.com\/shop\/magaza\/\"},{\"@type\":\"ListItem\",\"position\":3,\"name\":\"Ta\u015f Barbek\u00fc Modeli | Stoneplus Nina 80&#215;180\"}]},{\"@type\":\"WebSite\",\"@id\":\"https:\/\/www.stoneplusturkiye.com\/shop\/#website\",\"url\":\"https:\/\/www.stoneplusturkiye.com\/shop\/\",\"name\":\"Stoneplus Ah\u015fap \u00dcr\u00fcnleri\",\"description\":\"Stonewood Ah\u015fap \u00c7\u00f6z\u00fcmleri\",\"publisher\":{\"@id\":\"https:\/\/www.stoneplusturkiye.com\/shop\/#organization\"},\"potentialAction\":[{\"@type\":\"SearchAction\",\"target\":{\"@type\":\"EntryPoint\",\"urlTemplate\":\"https:\/\/www.stoneplusturkiye.com\/shop\/?s={search_term_string}\"},\"query-input\":{\"@type\":\"PropertyValueSpecification\",\"valueRequired\":true,\"valueName\":\"search_term_string\"}}],\"inLanguage\":\"tr\"},{\"@type\":\"Organization\",\"@id\":\"https:\/\/www.stoneplusturkiye.com\/shop\/#organization\",\"name\":\"Stoneplus \u0130n\u015faat Yap\u0131 Ah\u015fap \u00dcr\u00fcnleri\",\"url\":\"https:\/\/www.stoneplusturkiye.com\/shop\/\",\"logo\":{\"@type\":\"ImageObject\",\"inLanguage\":\"tr\",\"@id\":\"https:\/\/www.stoneplusturkiye.com\/shop\/#\/schema\/logo\/image\/\",\"url\":\"https:\/\/www.stoneplusturkiye.com\/shop\/wp-content\/uploads\/2025\/02\/stoneplus2.png\",\"contentUrl\":\"https:\/\/www.stoneplusturkiye.com\/shop\/wp-content\/uploads\/2025\/02\/stoneplus2.png\",\"width\":1000,\"height\":1000,\"caption\":\"Stoneplus \u0130n\u015faat Yap\u0131 Ah\u015fap \u00dcr\u00fcnleri\"},\"image\":{\"@id\":\"https:\/\/www.stoneplusturkiye.com\/shop\/#\/schema\/logo\/image\/\"},\"sameAs\":[\"https:\/\/www.facebook.com\/stoneplusturkiye\/\"],\"description\":\"Stoneplus in\u015faat yap\u0131 ah\u015fap \u00fcr\u00fcnleri\",\"email\":\"bilgi@stoneplusturkiye.com\",\"telephone\":\"08504950590\",\"legalName\":\"Stoneplus \u0130n\u015f. Yap\u0131 Ah\u015fap \u00dcr\u00fcnleri\",\"taxID\":\"7810871242\",\"numberOfEmployees\":{\"@type\":\"QuantitativeValue\",\"minValue\":\"1\",\"maxValue\":\"10\"}}]}<\/script>\n<!-- \/ Yoast SEO Premium plugin. -->","yoast_head_json":{"title":"Ta\u015f Barbek\u00fc Modeli | Stoneplus Nina 80x180 - Stoneplus Ah\u015fap \u00dcr\u00fcnleri","description":"Ta\u015f Barbek\u00fc Modeli hem dayan\u0131kl\u0131l\u0131\u011f\u0131 hem de estetik yap\u0131s\u0131yla bah\u00e7elerde en \u00e7ok tercih edilen barbek\u00fc modelleri aras\u0131nda yer al\u0131r.","robots":{"index":"index","follow":"follow","max-snippet":"max-snippet:-1","max-image-preview":"max-image-preview:large","max-video-preview":"max-video-preview:-1"},"canonical":"https:\/\/www.stoneplusturkiye.com\/shop\/urun\/tas-barbeku-modeli\/","og_locale":"tr_TR","og_type":"article","og_title":"Ta\u015f Barbek\u00fc Modeli | Stoneplus Nina 80x180","og_description":"Ta\u015f Barbek\u00fc Modeli hem dayan\u0131kl\u0131l\u0131\u011f\u0131 hem de estetik yap\u0131s\u0131yla bah\u00e7elerde en \u00e7ok tercih edilen barbek\u00fc modelleri aras\u0131nda yer al\u0131r.","og_url":"https:\/\/www.stoneplusturkiye.com\/shop\/urun\/tas-barbeku-modeli\/","og_site_name":"Stoneplus Ah\u015fap \u00dcr\u00fcnleri","article_publisher":"https:\/\/www.facebook.com\/stoneplusturkiye\/","article_modified_time":"2025-05-08T16:40:33+00:00","og_image":[{"width":1200,"height":1055,"url":"https:\/\/www.stoneplusturkiye.com\/shop\/wp-content\/uploads\/2025\/04\/1-4.jpg","type":"image\/jpeg"}],"twitter_card":"summary_large_image","twitter_misc":{"Tahmini okuma s\u00fcresi":"1 dakika"},"schema":{"@context":"https:\/\/schema.org","@graph":[{"@type":"WebPage","@id":"https:\/\/www.stoneplusturkiye.com\/shop\/urun\/tas-barbeku-modeli\/","url":"https:\/\/www.stoneplusturkiye.com\/shop\/urun\/tas-barbeku-modeli\/","name":"Ta\u015f Barbek\u00fc Modeli | Stoneplus Nina 80x180 - Stoneplus Ah\u015fap \u00dcr\u00fcnleri","isPartOf":{"@id":"https:\/\/www.stoneplusturkiye.com\/shop\/#website"},"primaryImageOfPage":{"@id":"https:\/\/www.stoneplusturkiye.com\/shop\/urun\/tas-barbeku-modeli\/#primaryimage"},"image":{"@id":"https:\/\/www.stoneplusturkiye.com\/shop\/urun\/tas-barbeku-modeli\/#primaryimage"},"thumbnailUrl":"https:\/\/www.stoneplusturkiye.com\/shop\/wp-content\/uploads\/2025\/04\/1-4.jpg","datePublished":"2025-04-24T12:37:48+00:00","dateModified":"2025-05-08T16:40:33+00:00","description":"Ta\u015f Barbek\u00fc Modeli hem dayan\u0131kl\u0131l\u0131\u011f\u0131 hem de estetik yap\u0131s\u0131yla bah\u00e7elerde en \u00e7ok tercih edilen barbek\u00fc modelleri aras\u0131nda yer al\u0131r.","breadcrumb":{"@id":"https:\/\/www.stoneplusturkiye.com\/shop\/urun\/tas-barbeku-modeli\/#breadcrumb"},"inLanguage":"tr","potentialAction":[{"@type":"ReadAction","target":["https:\/\/www.stoneplusturkiye.com\/shop\/urun\/tas-barbeku-modeli\/"]}]},{"@type":"ImageObject","inLanguage":"tr","@id":"https:\/\/www.stoneplusturkiye.com\/shop\/urun\/tas-barbeku-modeli\/#primaryimage","url":"https:\/\/www.stoneplusturkiye.com\/shop\/wp-content\/uploads\/2025\/04\/1-4.jpg","contentUrl":"https:\/\/www.stoneplusturkiye.com\/shop\/wp-content\/uploads\/2025\/04\/1-4.jpg","width":1200,"height":1055},{"@type":"BreadcrumbList","@id":"https:\/\/www.stoneplusturkiye.com\/shop\/urun\/tas-barbeku-modeli\/#breadcrumb","itemListElement":[{"@type":"ListItem","position":1,"name":"Home","item":"https:\/\/www.stoneplusturkiye.com\/shop\/"},{"@type":"ListItem","position":2,"name":"Ma\u011faza","item":"https:\/\/www.stoneplusturkiye.com\/shop\/magaza\/"},{"@type":"ListItem","position":3,"name":"Ta\u015f Barbek\u00fc Modeli | Stoneplus Nina 80&#215;180"}]},{"@type":"WebSite","@id":"https:\/\/www.stoneplusturkiye.com\/shop\/#website","url":"https:\/\/www.stoneplusturkiye.com\/shop\/","name":"Stoneplus Ah\u015fap \u00dcr\u00fcnleri","description":"Stonewood Ah\u015fap \u00c7\u00f6z\u00fcmleri","publisher":{"@id":"https:\/\/www.stoneplusturkiye.com\/shop\/#organization"},"potentialAction":[{"@type":"SearchAction","target":{"@type":"EntryPoint","urlTemplate":"https:\/\/www.stoneplusturkiye.com\/shop\/?s={search_term_string}"},"query-input":{"@type":"PropertyValueSpecification","valueRequired":true,"valueName":"search_term_string"}}],"inLanguage":"tr"},{"@type":"Organization","@id":"https:\/\/www.stoneplusturkiye.com\/shop\/#organization","name":"Stoneplus \u0130n\u015faat Yap\u0131 Ah\u015fap \u00dcr\u00fcnleri","url":"https:\/\/www.stoneplusturkiye.com\/shop\/","logo":{"@type":"ImageObject","inLanguage":"tr","@id":"https:\/\/www.stoneplusturkiye.com\/shop\/#\/schema\/logo\/image\/","url":"https:\/\/www.stoneplusturkiye.com\/shop\/wp-content\/uploads\/2025\/02\/stoneplus2.png","contentUrl":"https:\/\/www.stoneplusturkiye.com\/shop\/wp-content\/uploads\/2025\/02\/stoneplus2.png","width":1000,"height":1000,"caption":"Stoneplus \u0130n\u015faat Yap\u0131 Ah\u015fap \u00dcr\u00fcnleri"},"image":{"@id":"https:\/\/www.stoneplusturkiye.com\/shop\/#\/schema\/logo\/image\/"},"sameAs":["https:\/\/www.facebook.com\/stoneplusturkiye\/"],"description":"Stoneplus in\u015faat yap\u0131 ah\u015fap \u00fcr\u00fcnleri","email":"bilgi@stoneplusturkiye.com","telephone":"08504950590","legalName":"Stoneplus \u0130n\u015f. Yap\u0131 Ah\u015fap \u00dcr\u00fcnleri","taxID":"7810871242","numberOfEmployees":{"@type":"QuantitativeValue","minValue":"1","maxValue":"10"}}]}},"_links":{"self":[{"href":"https:\/\/www.stoneplusturkiye.com\/shop\/wp-json\/wp\/v2\/product\/9892","targetHints":{"allow":["GET"]}}],"collection":[{"href":"https:\/\/www.stoneplusturkiye.com\/shop\/wp-json\/wp\/v2\/product"}],"about":[{"href":"https:\/\/www.stoneplusturkiye.com\/shop\/wp-json\/wp\/v2\/types\/product"}],"replies":[{"embeddable":true,"href":"https:\/\/www.stoneplusturkiye.com\/shop\/wp-json\/wp\/v2\/comments?post=9892"}],"version-history":[{"count":2,"href":"https:\/\/www.stoneplusturkiye.com\/shop\/wp-json\/wp\/v2\/product\/9892\/revisions"}],"predecessor-version":[{"id":9899,"href":"https:\/\/www.stoneplusturkiye.com\/shop\/wp-json\/wp\/v2\/product\/9892\/revisions\/9899"}],"wp:featuredmedia":[{"embeddable":true,"href":"https:\/\/www.stoneplusturkiye.com\/shop\/wp-json\/wp\/v2\/media\/9893"}],"wp:attachment":[{"href":"https:\/\/www.stoneplusturkiye.com\/shop\/wp-json\/wp\/v2\/media?parent=9892"}],"wp:term":[{"taxonomy":"product_brand","embeddable":true,"href":"https:\/\/www.stoneplusturkiye.com\/shop\/wp-json\/wp\/v2\/product_brand?post=9892"},{"taxonomy":"product_cat","embeddable":true,"href":"https:\/\/www.stoneplusturkiye.com\/shop\/wp-json\/wp\/v2\/product_cat?post=9892"},{"taxonomy":"product_tag","embeddable":true,"href":"https:\/\/www.stoneplusturkiye.com\/shop\/wp-json\/wp\/v2\/product_tag?post=9892"}],"curies":[{"name":"wp","href":"https:\/\/api.w.org\/{rel}","templated":true}]}}