{"id":9885,"date":"2025-04-24T14:41:02","date_gmt":"2025-04-24T11:41:02","guid":{"rendered":"https:\/\/www.stoneplusturkiye.com\/shop\/?post_type=product&#038;p=9885"},"modified":"2025-05-08T19:40:46","modified_gmt":"2025-05-08T16:40:46","slug":"beton-barbeku-modeli","status":"publish","type":"product","link":"https:\/\/www.stoneplusturkiye.com\/shop\/urun\/beton-barbeku-modeli\/","title":{"rendered":"Beton Barbek\u00fc Modeli | Stoneplus N\u00fckse 90&#215;225"},"content":{"rendered":"<p class=\"\" data-start=\"248\" data-end=\"650\"><strong>Beton barbek\u00fc modeli<\/strong>, hem dayan\u0131kl\u0131l\u0131\u011f\u0131 hem de estetik yap\u0131s\u0131yla bah\u00e7elerde en \u00e7ok tercih edilen barbek\u00fc modelleri aras\u0131nda yer al\u0131r. \u00d6zellikle a\u00e7\u0131k hava mekanlar\u0131n\u0131 daha i\u015flevsel hale getirmek isteyenler i\u00e7in beton barbek\u00fc, uzun \u00f6m\u00fcrl\u00fc kullan\u0131m ve \u015f\u0131k bir g\u00f6r\u00fcn\u00fcm sunar. Modern ya da rustik tarzda tasarlanabilen bu barbek\u00fcler, ki\u015fiye \u00f6zel \u00f6l\u00e7\u00fclerle \u00fcretilebildi\u011fi gibi haz\u0131r modeller halinde de bulunabilir.<\/p>\n<p class=\"\" data-start=\"652\" data-end=\"1084\">Betonun sa\u011flam yap\u0131s\u0131 sayesinde barbek\u00fc hem y\u00fcksek s\u0131cakl\u0131klara dayan\u0131r hem de hava \u015fartlar\u0131ndan etkilenmeden y\u0131llarca kullan\u0131labilir. <strong>Beton Barbek\u00fc Fiyatlar\u0131<\/strong> Genellikle mangal keyfini yaz k\u0131\u015f ya\u015famak isteyenler, beton barbek\u00fc tercih ederek konforlu ve g\u00fcvenli bir kullan\u0131m sa\u011flar. Ayn\u0131 zamanda, bacal\u0131 sistemleri sayesinde duman\u0131 yukar\u0131 \u00e7ekerek \u00e7evreye rahats\u0131zl\u0131k vermez. Bu da aileyle ya da arkada\u015flarla yap\u0131lan mangal partilerinde ekstra konfor sa\u011flar.<\/p>\n<p class=\"\" data-start=\"1086\" data-end=\"1452\"><strong>Beton Barbek\u00fc modelleri <\/strong>Dekoratif anlamda da bir\u00e7ok avantaja sahip olan beton barbek\u00fcler, ta\u015f kaplama, tu\u011fla detaylar\u0131 veya do\u011fal g\u00f6r\u00fcn\u00fcmlerle ki\u015fisel zevke uygun hale getirilebilir. Bah\u00e7eye entegre edilen oturma alanlar\u0131yla birlikte kullan\u0131ld\u0131\u011f\u0131nda, a\u00e7\u0131k hava ya\u015fam alan\u0131 olu\u015fturmak m\u00fcmk\u00fcn olur. Ayr\u0131ca yan tezgah, odunluk ve raf gibi ekstra b\u00f6l\u00fcmlerle daha fonksiyonel hale getirilebilir.<\/p>\n<p class=\"\" data-start=\"1454\" data-end=\"1645\">E\u011fer siz de dayan\u0131kl\u0131, estetik ve kullan\u0131\u015fl\u0131 bir d\u0131\u015f mekan barbek\u00fcs\u00fc ar\u0131yorsan\u0131z, beton barbek\u00fc modelleri tam size g\u00f6re. \u015eimdi beton barbek\u00fcn\u00fcz\u00fc se\u00e7in, bah\u00e7enizde lezzet dolu anlara yer a\u00e7\u0131n!<\/p>\n","protected":false},"excerpt":{"rendered":"<p>Geni\u015f \u0131zgara alan\u0131na sahip barbek\u00fc \u015f\u00f6minesi, Stoneplus Beton Barbek\u00fc Modeli d\u0131\u015f mekan mutfak sisteminin bir par\u00e7as\u0131d\u0131r ve ek mod\u00fcllerle geni\u015fletilerek tam te\u015fekk\u00fcll\u00fc bir bah\u00e7e mutfa\u011f\u0131 olu\u015fturulabilir.<\/p>\n<h4><span style=\"color: #ff6600;\">\u00dcr\u00fcn Teknik \u00d6zellikleri<br \/>\n<\/span><strong style=\"color: #333333; font-size: 16px;\">Yang\u0131na dayan\u0131kl\u0131 geni\u015fletilmi\u015f beton<\/strong><span style=\"color: #333333; font-size: 16px;\">\u00a0ve\/veya\u00a0<\/span><strong style=\"color: #333333; font-size: 16px;\">\u00f6zel Marmotech<\/strong><span style=\"color: #333333; font-size: 16px;\"> (mermer-beton kar\u0131\u015f\u0131m\u0131) malzemeden yap\u0131lm\u0131\u015f\u00a0barbek\u00fc \u015f\u00f6minesi<br \/>\n<\/span><span style=\"color: #333333; font-size: 16px;\">Ek renk uyumlu d\u0131\u015f mekan mutfak mod\u00fclleri ile\u00a0<\/span><strong style=\"color: #333333; font-size: 16px;\">ayr\u0131 ayr\u0131 geni\u015fletilebilir<br \/>\n<\/strong><span style=\"color: #333333; font-size: 16px;\">Barbek\u00fc \u015f\u00f6minelerinin\u00a0<\/span><strong style=\"color: #333333; font-size: 16px;\">farkl\u0131 tasar\u0131m ve \u00f6zelliklerinin<\/strong><span style=\"color: #333333; font-size: 16px;\"> geni\u015f se\u00e7imi<br \/>\n<\/span><strong style=\"color: #333333; font-size: 16px;\">Ate\u015f tu\u011flas\u0131 f\u0131r\u0131nl\u0131 veya paslanmaz \u00e7elik f\u0131r\u0131nl\u0131<\/strong><span style=\"color: #333333; font-size: 16px;\"> modeller<br \/>\n<\/span><strong style=\"color: #333333; font-size: 16px;\">Tezgah, lavabo, buzdolab\u0131 veya k\u00f6\u015fe mod\u00fclleri<\/strong><span style=\"color: #333333; font-size: 16px;\"> i\u00e7eren ek mod\u00fcller\u00a0mevcuttur<br \/>\n<\/span><span style=\"color: #333333; font-size: 16px;\">3 tasar\u0131m mevcuttur:\u00a0<\/span><strong style=\"color: #333333; font-size: 16px;\">Brioni, granit g\u00f6r\u00fcn\u00fcml\u00fc gri, granit g\u00f6r\u00fcn\u00fcml\u00fc k\u0131rm\u0131z\u0131<br \/>\n<\/strong><strong style=\"color: #333333; font-size: 16px;\">h\u0131zl\u0131 teslimat (\u00fccretsiz) ve kolay montaj<br \/>\n<\/strong><strong style=\"color: #333333; font-size: 16px;\">Montaj malzemesi dahil<\/strong><span style=\"color: #333333; font-size: 16px;\">\u00a0t\u00fcm barbek\u00fc \u015f\u00f6mineleri ve mod\u00fclleri<\/span><\/h4>\n<h5><span style=\"color: #ff6600;\">\u00dcr\u00fcn Teknik \u00d6zellikleri<br \/>\nRenk: <span style=\"color: #000000;\">Beyaz, Kahverengi\u00a0<\/span><br \/>\nIzgara Alan\u0131: <span style=\"color: #000000;\">68 cm x 40 cm<\/span><br \/>\n\u00dcr\u00fcn Boyutu: <span style=\"color: #000000;\">90 cm x 70 cm x 225 cm (G\/D\/Y)<\/span><br \/>\n\u00dcr\u00fcn A\u011f\u0131rl\u0131\u011f\u0131 : <span style=\"color: #000000;\">460 Kg<\/span><\/span><\/h5>\n<p><strong>Nakliye Masraflar\u0131 Fiyat\u0131m\u0131za Hari\u00e7 Tutulmu\u015ftur.\u00a0<\/strong><\/p>\n","protected":false},"featured_media":9886,"comment_status":"closed","ping_status":"closed","template":"","meta":[],"product_brand":[],"product_cat":[194,189,29],"product_tag":[205,196,192,193,195,190],"class_list":{"0":"post-9885","1":"product","2":"type-product","3":"status-publish","4":"has-post-thumbnail","6":"product_cat-barbeku-modelleri","7":"product_cat-beton-barbeku-modelleri","8":"product_cat-stoneplus-urunleri","9":"product_tag-beton-barbeku-modeli","10":"product_tag-hazir-barbeku-modeli","11":"product_tag-minimal-hazir-barbeku","12":"product_tag-minimal-hazir-barbeku-fiyatlari","13":"product_tag-modern-barbeku-modeli","14":"product_tag-tezgahli-beton-barbeku","16":"first","17":"instock","18":"shipping-taxable","19":"purchasable","20":"product-type-simple"},"yoast_head":"<!-- This site is optimized with the Yoast SEO Premium plugin v24.8 (Yoast SEO v25.6) - https:\/\/yoast.com\/wordpress\/plugins\/seo\/ -->\n<title>Beton Barbek\u00fc Modeli | Stoneplus N\u00fckse 90x225 - Stoneplus Ah\u015fap \u00dcr\u00fcnleri<\/title>\n<meta name=\"description\" content=\"Beton barbek\u00fc modeli, hem dayan\u0131kl\u0131l\u0131\u011f\u0131 hem de estetik yap\u0131s\u0131yla bah\u00e7elerde en \u00e7ok tercih edilen barbek\u00fc modelleri aras\u0131nda yer al\u0131r.\" \/>\n<meta name=\"robots\" content=\"index, follow, max-snippet:-1, max-image-preview:large, max-video-preview:-1\" \/>\n<link rel=\"canonical\" href=\"https:\/\/www.stoneplusturkiye.com\/shop\/urun\/beton-barbeku-modeli\/\" \/>\n<meta property=\"og:locale\" content=\"tr_TR\" \/>\n<meta property=\"og:type\" content=\"article\" \/>\n<meta property=\"og:title\" content=\"Beton Barbek\u00fc Modeli | Stoneplus N\u00fckse 90x225\" \/>\n<meta property=\"og:description\" content=\"Beton barbek\u00fc modeli, hem dayan\u0131kl\u0131l\u0131\u011f\u0131 hem de estetik yap\u0131s\u0131yla bah\u00e7elerde en \u00e7ok tercih edilen barbek\u00fc modelleri aras\u0131nda yer al\u0131r.\" \/>\n<meta property=\"og:url\" content=\"https:\/\/www.stoneplusturkiye.com\/shop\/urun\/beton-barbeku-modeli\/\" \/>\n<meta property=\"og:site_name\" content=\"Stoneplus Ah\u015fap \u00dcr\u00fcnleri\" \/>\n<meta property=\"article:publisher\" content=\"https:\/\/www.facebook.com\/stoneplusturkiye\/\" \/>\n<meta property=\"article:modified_time\" content=\"2025-05-08T16:40:46+00:00\" \/>\n<meta property=\"og:image\" content=\"https:\/\/www.stoneplusturkiye.com\/shop\/wp-content\/uploads\/2025\/04\/BARBEKUWEB.jpg\" \/>\n\t<meta property=\"og:image:width\" content=\"1200\" \/>\n\t<meta property=\"og:image:height\" content=\"1055\" \/>\n\t<meta property=\"og:image:type\" content=\"image\/jpeg\" \/>\n<meta name=\"twitter:card\" content=\"summary_large_image\" \/>\n<meta name=\"twitter:label1\" content=\"Tahmini okuma s\u00fcresi\" \/>\n\t<meta name=\"twitter:data1\" content=\"2 dakika\" \/>\n<script type=\"application\/ld+json\" class=\"yoast-schema-graph\">{\"@context\":\"https:\/\/schema.org\",\"@graph\":[{\"@type\":\"WebPage\",\"@id\":\"https:\/\/www.stoneplusturkiye.com\/shop\/urun\/beton-barbeku-modeli\/\",\"url\":\"https:\/\/www.stoneplusturkiye.com\/shop\/urun\/beton-barbeku-modeli\/\",\"name\":\"Beton Barbek\u00fc Modeli | Stoneplus N\u00fckse 90x225 - Stoneplus Ah\u015fap \u00dcr\u00fcnleri\",\"isPartOf\":{\"@id\":\"https:\/\/www.stoneplusturkiye.com\/shop\/#website\"},\"primaryImageOfPage\":{\"@id\":\"https:\/\/www.stoneplusturkiye.com\/shop\/urun\/beton-barbeku-modeli\/#primaryimage\"},\"image\":{\"@id\":\"https:\/\/www.stoneplusturkiye.com\/shop\/urun\/beton-barbeku-modeli\/#primaryimage\"},\"thumbnailUrl\":\"https:\/\/www.stoneplusturkiye.com\/shop\/wp-content\/uploads\/2025\/04\/BARBEKUWEB.jpg\",\"datePublished\":\"2025-04-24T11:41:02+00:00\",\"dateModified\":\"2025-05-08T16:40:46+00:00\",\"description\":\"Beton barbek\u00fc modeli, hem dayan\u0131kl\u0131l\u0131\u011f\u0131 hem de estetik yap\u0131s\u0131yla bah\u00e7elerde en \u00e7ok tercih edilen barbek\u00fc modelleri aras\u0131nda yer al\u0131r.\",\"breadcrumb\":{\"@id\":\"https:\/\/www.stoneplusturkiye.com\/shop\/urun\/beton-barbeku-modeli\/#breadcrumb\"},\"inLanguage\":\"tr\",\"potentialAction\":[{\"@type\":\"ReadAction\",\"target\":[\"https:\/\/www.stoneplusturkiye.com\/shop\/urun\/beton-barbeku-modeli\/\"]}]},{\"@type\":\"ImageObject\",\"inLanguage\":\"tr\",\"@id\":\"https:\/\/www.stoneplusturkiye.com\/shop\/urun\/beton-barbeku-modeli\/#primaryimage\",\"url\":\"https:\/\/www.stoneplusturkiye.com\/shop\/wp-content\/uploads\/2025\/04\/BARBEKUWEB.jpg\",\"contentUrl\":\"https:\/\/www.stoneplusturkiye.com\/shop\/wp-content\/uploads\/2025\/04\/BARBEKUWEB.jpg\",\"width\":1200,\"height\":1055,\"caption\":\"Beton Barbek\u00fc Modeli\"},{\"@type\":\"BreadcrumbList\",\"@id\":\"https:\/\/www.stoneplusturkiye.com\/shop\/urun\/beton-barbeku-modeli\/#breadcrumb\",\"itemListElement\":[{\"@type\":\"ListItem\",\"position\":1,\"name\":\"Home\",\"item\":\"https:\/\/www.stoneplusturkiye.com\/shop\/\"},{\"@type\":\"ListItem\",\"position\":2,\"name\":\"Ma\u011faza\",\"item\":\"https:\/\/www.stoneplusturkiye.com\/shop\/magaza\/\"},{\"@type\":\"ListItem\",\"position\":3,\"name\":\"Beton Barbek\u00fc Modeli | Stoneplus N\u00fckse 90&#215;225\"}]},{\"@type\":\"WebSite\",\"@id\":\"https:\/\/www.stoneplusturkiye.com\/shop\/#website\",\"url\":\"https:\/\/www.stoneplusturkiye.com\/shop\/\",\"name\":\"Stoneplus Ah\u015fap \u00dcr\u00fcnleri\",\"description\":\"Stonewood Ah\u015fap \u00c7\u00f6z\u00fcmleri\",\"publisher\":{\"@id\":\"https:\/\/www.stoneplusturkiye.com\/shop\/#organization\"},\"potentialAction\":[{\"@type\":\"SearchAction\",\"target\":{\"@type\":\"EntryPoint\",\"urlTemplate\":\"https:\/\/www.stoneplusturkiye.com\/shop\/?s={search_term_string}\"},\"query-input\":{\"@type\":\"PropertyValueSpecification\",\"valueRequired\":true,\"valueName\":\"search_term_string\"}}],\"inLanguage\":\"tr\"},{\"@type\":\"Organization\",\"@id\":\"https:\/\/www.stoneplusturkiye.com\/shop\/#organization\",\"name\":\"Stoneplus \u0130n\u015faat Yap\u0131 Ah\u015fap \u00dcr\u00fcnleri\",\"url\":\"https:\/\/www.stoneplusturkiye.com\/shop\/\",\"logo\":{\"@type\":\"ImageObject\",\"inLanguage\":\"tr\",\"@id\":\"https:\/\/www.stoneplusturkiye.com\/shop\/#\/schema\/logo\/image\/\",\"url\":\"https:\/\/www.stoneplusturkiye.com\/shop\/wp-content\/uploads\/2025\/02\/stoneplus2.png\",\"contentUrl\":\"https:\/\/www.stoneplusturkiye.com\/shop\/wp-content\/uploads\/2025\/02\/stoneplus2.png\",\"width\":1000,\"height\":1000,\"caption\":\"Stoneplus \u0130n\u015faat Yap\u0131 Ah\u015fap \u00dcr\u00fcnleri\"},\"image\":{\"@id\":\"https:\/\/www.stoneplusturkiye.com\/shop\/#\/schema\/logo\/image\/\"},\"sameAs\":[\"https:\/\/www.facebook.com\/stoneplusturkiye\/\"],\"description\":\"Stoneplus in\u015faat yap\u0131 ah\u015fap \u00fcr\u00fcnleri\",\"email\":\"bilgi@stoneplusturkiye.com\",\"telephone\":\"08504950590\",\"legalName\":\"Stoneplus \u0130n\u015f. Yap\u0131 Ah\u015fap \u00dcr\u00fcnleri\",\"taxID\":\"7810871242\",\"numberOfEmployees\":{\"@type\":\"QuantitativeValue\",\"minValue\":\"1\",\"maxValue\":\"10\"}}]}<\/script>\n<!-- \/ Yoast SEO Premium plugin. -->","yoast_head_json":{"title":"Beton Barbek\u00fc Modeli | Stoneplus N\u00fckse 90x225 - Stoneplus Ah\u015fap \u00dcr\u00fcnleri","description":"Beton barbek\u00fc modeli, hem dayan\u0131kl\u0131l\u0131\u011f\u0131 hem de estetik yap\u0131s\u0131yla bah\u00e7elerde en \u00e7ok tercih edilen barbek\u00fc modelleri aras\u0131nda yer al\u0131r.","robots":{"index":"index","follow":"follow","max-snippet":"max-snippet:-1","max-image-preview":"max-image-preview:large","max-video-preview":"max-video-preview:-1"},"canonical":"https:\/\/www.stoneplusturkiye.com\/shop\/urun\/beton-barbeku-modeli\/","og_locale":"tr_TR","og_type":"article","og_title":"Beton Barbek\u00fc Modeli | Stoneplus N\u00fckse 90x225","og_description":"Beton barbek\u00fc modeli, hem dayan\u0131kl\u0131l\u0131\u011f\u0131 hem de estetik yap\u0131s\u0131yla bah\u00e7elerde en \u00e7ok tercih edilen barbek\u00fc modelleri aras\u0131nda yer al\u0131r.","og_url":"https:\/\/www.stoneplusturkiye.com\/shop\/urun\/beton-barbeku-modeli\/","og_site_name":"Stoneplus Ah\u015fap \u00dcr\u00fcnleri","article_publisher":"https:\/\/www.facebook.com\/stoneplusturkiye\/","article_modified_time":"2025-05-08T16:40:46+00:00","og_image":[{"width":1200,"height":1055,"url":"https:\/\/www.stoneplusturkiye.com\/shop\/wp-content\/uploads\/2025\/04\/BARBEKUWEB.jpg","type":"image\/jpeg"}],"twitter_card":"summary_large_image","twitter_misc":{"Tahmini okuma s\u00fcresi":"2 dakika"},"schema":{"@context":"https:\/\/schema.org","@graph":[{"@type":"WebPage","@id":"https:\/\/www.stoneplusturkiye.com\/shop\/urun\/beton-barbeku-modeli\/","url":"https:\/\/www.stoneplusturkiye.com\/shop\/urun\/beton-barbeku-modeli\/","name":"Beton Barbek\u00fc Modeli | Stoneplus N\u00fckse 90x225 - Stoneplus Ah\u015fap \u00dcr\u00fcnleri","isPartOf":{"@id":"https:\/\/www.stoneplusturkiye.com\/shop\/#website"},"primaryImageOfPage":{"@id":"https:\/\/www.stoneplusturkiye.com\/shop\/urun\/beton-barbeku-modeli\/#primaryimage"},"image":{"@id":"https:\/\/www.stoneplusturkiye.com\/shop\/urun\/beton-barbeku-modeli\/#primaryimage"},"thumbnailUrl":"https:\/\/www.stoneplusturkiye.com\/shop\/wp-content\/uploads\/2025\/04\/BARBEKUWEB.jpg","datePublished":"2025-04-24T11:41:02+00:00","dateModified":"2025-05-08T16:40:46+00:00","description":"Beton barbek\u00fc modeli, hem dayan\u0131kl\u0131l\u0131\u011f\u0131 hem de estetik yap\u0131s\u0131yla bah\u00e7elerde en \u00e7ok tercih edilen barbek\u00fc modelleri aras\u0131nda yer al\u0131r.","breadcrumb":{"@id":"https:\/\/www.stoneplusturkiye.com\/shop\/urun\/beton-barbeku-modeli\/#breadcrumb"},"inLanguage":"tr","potentialAction":[{"@type":"ReadAction","target":["https:\/\/www.stoneplusturkiye.com\/shop\/urun\/beton-barbeku-modeli\/"]}]},{"@type":"ImageObject","inLanguage":"tr","@id":"https:\/\/www.stoneplusturkiye.com\/shop\/urun\/beton-barbeku-modeli\/#primaryimage","url":"https:\/\/www.stoneplusturkiye.com\/shop\/wp-content\/uploads\/2025\/04\/BARBEKUWEB.jpg","contentUrl":"https:\/\/www.stoneplusturkiye.com\/shop\/wp-content\/uploads\/2025\/04\/BARBEKUWEB.jpg","width":1200,"height":1055,"caption":"Beton Barbek\u00fc Modeli"},{"@type":"BreadcrumbList","@id":"https:\/\/www.stoneplusturkiye.com\/shop\/urun\/beton-barbeku-modeli\/#breadcrumb","itemListElement":[{"@type":"ListItem","position":1,"name":"Home","item":"https:\/\/www.stoneplusturkiye.com\/shop\/"},{"@type":"ListItem","position":2,"name":"Ma\u011faza","item":"https:\/\/www.stoneplusturkiye.com\/shop\/magaza\/"},{"@type":"ListItem","position":3,"name":"Beton Barbek\u00fc Modeli | Stoneplus N\u00fckse 90&#215;225"}]},{"@type":"WebSite","@id":"https:\/\/www.stoneplusturkiye.com\/shop\/#website","url":"https:\/\/www.stoneplusturkiye.com\/shop\/","name":"Stoneplus Ah\u015fap \u00dcr\u00fcnleri","description":"Stonewood Ah\u015fap \u00c7\u00f6z\u00fcmleri","publisher":{"@id":"https:\/\/www.stoneplusturkiye.com\/shop\/#organization"},"potentialAction":[{"@type":"SearchAction","target":{"@type":"EntryPoint","urlTemplate":"https:\/\/www.stoneplusturkiye.com\/shop\/?s={search_term_string}"},"query-input":{"@type":"PropertyValueSpecification","valueRequired":true,"valueName":"search_term_string"}}],"inLanguage":"tr"},{"@type":"Organization","@id":"https:\/\/www.stoneplusturkiye.com\/shop\/#organization","name":"Stoneplus \u0130n\u015faat Yap\u0131 Ah\u015fap \u00dcr\u00fcnleri","url":"https:\/\/www.stoneplusturkiye.com\/shop\/","logo":{"@type":"ImageObject","inLanguage":"tr","@id":"https:\/\/www.stoneplusturkiye.com\/shop\/#\/schema\/logo\/image\/","url":"https:\/\/www.stoneplusturkiye.com\/shop\/wp-content\/uploads\/2025\/02\/stoneplus2.png","contentUrl":"https:\/\/www.stoneplusturkiye.com\/shop\/wp-content\/uploads\/2025\/02\/stoneplus2.png","width":1000,"height":1000,"caption":"Stoneplus \u0130n\u015faat Yap\u0131 Ah\u015fap \u00dcr\u00fcnleri"},"image":{"@id":"https:\/\/www.stoneplusturkiye.com\/shop\/#\/schema\/logo\/image\/"},"sameAs":["https:\/\/www.facebook.com\/stoneplusturkiye\/"],"description":"Stoneplus in\u015faat yap\u0131 ah\u015fap \u00fcr\u00fcnleri","email":"bilgi@stoneplusturkiye.com","telephone":"08504950590","legalName":"Stoneplus \u0130n\u015f. Yap\u0131 Ah\u015fap \u00dcr\u00fcnleri","taxID":"7810871242","numberOfEmployees":{"@type":"QuantitativeValue","minValue":"1","maxValue":"10"}}]}},"_links":{"self":[{"href":"https:\/\/www.stoneplusturkiye.com\/shop\/wp-json\/wp\/v2\/product\/9885","targetHints":{"allow":["GET"]}}],"collection":[{"href":"https:\/\/www.stoneplusturkiye.com\/shop\/wp-json\/wp\/v2\/product"}],"about":[{"href":"https:\/\/www.stoneplusturkiye.com\/shop\/wp-json\/wp\/v2\/types\/product"}],"replies":[{"embeddable":true,"href":"https:\/\/www.stoneplusturkiye.com\/shop\/wp-json\/wp\/v2\/comments?post=9885"}],"version-history":[{"count":3,"href":"https:\/\/www.stoneplusturkiye.com\/shop\/wp-json\/wp\/v2\/product\/9885\/revisions"}],"predecessor-version":[{"id":9891,"href":"https:\/\/www.stoneplusturkiye.com\/shop\/wp-json\/wp\/v2\/product\/9885\/revisions\/9891"}],"wp:featuredmedia":[{"embeddable":true,"href":"https:\/\/www.stoneplusturkiye.com\/shop\/wp-json\/wp\/v2\/media\/9886"}],"wp:attachment":[{"href":"https:\/\/www.stoneplusturkiye.com\/shop\/wp-json\/wp\/v2\/media?parent=9885"}],"wp:term":[{"taxonomy":"product_brand","embeddable":true,"href":"https:\/\/www.stoneplusturkiye.com\/shop\/wp-json\/wp\/v2\/product_brand?post=9885"},{"taxonomy":"product_cat","embeddable":true,"href":"https:\/\/www.stoneplusturkiye.com\/shop\/wp-json\/wp\/v2\/product_cat?post=9885"},{"taxonomy":"product_tag","embeddable":true,"href":"https:\/\/www.stoneplusturkiye.com\/shop\/wp-json\/wp\/v2\/product_tag?post=9885"}],"curies":[{"name":"wp","href":"https:\/\/api.w.org\/{rel}","templated":true}]}}