{"id":9415,"date":"2024-12-30T18:00:48","date_gmt":"2024-12-30T15:00:48","guid":{"rendered":"https:\/\/www.stoneplusturkiye.com\/shop\/?post_type=product&#038;p=9415"},"modified":"2024-12-30T18:04:04","modified_gmt":"2024-12-30T15:04:04","slug":"stonewood-petek-ahsap-size-ozel-tablo","status":"publish","type":"product","link":"https:\/\/www.stoneplusturkiye.com\/shop\/urun\/stonewood-petek-ahsap-size-ozel-tablo\/","title":{"rendered":"Stonewood Petek Ah\u015fap Size \u00d6zel Tablo"},"content":{"rendered":"<p data-pm-slice=\"1 1 []\"><strong>Ah\u015fap El Oymas\u0131 Tablolar: Sanat ve Do\u011fan\u0131n E\u015fsiz Uyumu<\/strong><\/p>\n<p>Ah\u015fap el oymas\u0131 tablolar, hem estetik hem de manevi de\u011feri y\u00fcksek, tarih boyunca sanat ve zanaatk\u00e2rl\u0131\u011f\u0131n en \u00f6zel \u00fcr\u00fcnlerinden biri olmu\u015ftur. Do\u011fal bir malzeme olan ah\u015fap, zengin dokusu ve \u00e7e\u015fitlili\u011fi ile sanat\u00e7\u0131lara e\u015fsiz bir yarat\u0131c\u0131l\u0131k alan\u0131 sunar. Ah\u015fap el oymas\u0131 tablolar, yaln\u0131zca bir dekorasyon \u00f6\u011fesi de\u011fil, ayn\u0131 zamanda birer hik\u00e2ye anlat\u0131c\u0131s\u0131d\u0131r.<\/p>\n<p>&nbsp;<\/p>\n<h3 data-pm-slice=\"1 3 []\"><strong>Ah\u015fap El Oymas\u0131 Sanat\u0131n\u0131n Tarihi ve K\u00f6kenleri<\/strong><\/h3>\n<p>Ah\u015fap oyma sanat\u0131, tarih\u00f6ncesi d\u00f6nemlerden bu yana varl\u0131\u011f\u0131n\u0131 s\u00fcrd\u00fcrmektedir. Antik \u00e7a\u011flarda tap\u0131nak s\u00fcslemelerinden g\u00fcn\u00fclk kullan\u0131m e\u015fyalar\u0131na kadar geni\u015f bir yelpazede kullan\u0131lan bu sanat, her medeniyetin k\u00fclt\u00fcr\u00fcne ve inanc\u0131na g\u00f6re \u015fekillendi. Osmanl\u0131 ve Sel\u00e7uklu d\u00f6nemlerinde geometrik desenler ve bitkisel motiflerle zenginle\u015ftirilen ah\u015fap oymac\u0131l\u0131k, g\u00fcn\u00fcm\u00fczde modern yorumlarla yeniden hayat buluyor.<\/p>\n<h3><strong>Ah\u015fap El Oymas\u0131 Tablolar\u0131n Yap\u0131m A\u015famalar\u0131<\/strong><\/h3>\n<p>Ah\u015fap el oymas\u0131 tablolar, sab\u0131r ve detayc\u0131 bir \u00e7al\u0131\u015fma s\u00fcreci gerektirir. Bu tablolar\u0131n yap\u0131m\u0131nda izlenen temel a\u015famalar \u015funlard\u0131r:<\/p>\n<ol start=\"1\" data-spread=\"true\">\n<li><strong>Ah\u015fap Se\u00e7imi<\/strong>: Tablo yap\u0131m\u0131nda kullan\u0131lacak ah\u015fap t\u00fcr\u00fc b\u00fcy\u00fck \u00f6nem ta\u015f\u0131r. Me\u015fe, ceviz, ard\u0131\u00e7 ve kay\u0131n gibi dayan\u0131kl\u0131 ah\u015faplar tercih edilir.<\/li>\n<\/ol>\n","protected":false},"excerpt":{"rendered":"<p>Ah\u015fap, tabiat\u0131n s\u00fck\u00fbnetini ve sabr\u0131n\u0131 sembolize eden bir malzeme olarak kadim devirlerden bu yana sanatk\u00e2rlar\u0131n ellerinde \u015fekillenmi\u015ftir. El yap\u0131m\u0131 duvar tablolar\u0131, sade bir kerestenin sanatk\u00e2rane bir i\u015f\u00e7ilikle zarafet ve anlam ihtiva eden bir esere d\u00f6n\u00fc\u015fmesidir. Bu eserler, kimi zaman bir cihan devleti olan Osmanl\u0131\u2019n\u0131n ihti\u015fam\u0131n\u0131 hat\u0131rlatan nak\u0131\u015flarla s\u00fcslenir, kimi zaman da Fars \u015fiirinin letafetini yans\u0131tan bir beyitle ta\u00e7land\u0131r\u0131l\u0131r.<\/p>\n","protected":false},"featured_media":9416,"comment_status":"closed","ping_status":"closed","template":"","meta":[],"product_brand":[],"product_cat":[135],"product_tag":[138,136,137,139],"class_list":{"0":"post-9415","1":"product","2":"type-product","3":"status-publish","4":"has-post-thumbnail","6":"product_cat-ahsap-el-yapimi-urunler","7":"product_tag-ahsap-el-oymasi-tablo","8":"product_tag-ahsap-el-yapimi-tablolar","9":"product_tag-el-yapimi-ahsap-tablo","10":"product_tag-tablo-el-yapimi","12":"first","13":"instock","14":"shipping-taxable","15":"purchasable","16":"product-type-simple"},"yoast_head":"<!-- This site is optimized with the Yoast SEO Premium plugin v24.8 (Yoast SEO v27.3) - https:\/\/yoast.com\/product\/yoast-seo-premium-wordpress\/ -->\n<title>Stonewood Petek Ah\u015fap Size \u00d6zel Tablo - Stoneplus Ah\u015fap \u00dcr\u00fcnleri<\/title>\n<meta name=\"robots\" content=\"index, follow, max-snippet:-1, max-image-preview:large, max-video-preview:-1\" \/>\n<link rel=\"canonical\" href=\"https:\/\/www.stoneplusturkiye.com\/shop\/urun\/stonewood-petek-ahsap-size-ozel-tablo\/\" \/>\n<meta property=\"og:locale\" content=\"tr_TR\" \/>\n<meta property=\"og:type\" content=\"article\" \/>\n<meta property=\"og:title\" content=\"Stonewood Petek Ah\u015fap Size \u00d6zel Tablo\" \/>\n<meta property=\"og:description\" content=\"Ah\u015fap, tabiat\u0131n s\u00fck\u00fbnetini ve sabr\u0131n\u0131 sembolize eden bir malzeme olarak kadim devirlerden bu yana sanatk\u00e2rlar\u0131n ellerinde \u015fekillenmi\u015ftir. El yap\u0131m\u0131 duvar tablolar\u0131, sade bir kerestenin sanatk\u00e2rane bir i\u015f\u00e7ilikle zarafet ve anlam ihtiva eden bir esere d\u00f6n\u00fc\u015fmesidir. Bu eserler, kimi zaman bir cihan devleti olan Osmanl\u0131\u2019n\u0131n ihti\u015fam\u0131n\u0131 hat\u0131rlatan nak\u0131\u015flarla s\u00fcslenir, kimi zaman da Fars \u015fiirinin letafetini yans\u0131tan bir beyitle ta\u00e7land\u0131r\u0131l\u0131r.\" \/>\n<meta property=\"og:url\" content=\"https:\/\/www.stoneplusturkiye.com\/shop\/urun\/stonewood-petek-ahsap-size-ozel-tablo\/\" \/>\n<meta property=\"og:site_name\" content=\"Stoneplus Ah\u015fap \u00dcr\u00fcnleri\" \/>\n<meta property=\"article:publisher\" content=\"https:\/\/www.facebook.com\/stoneplusturkiye\/\" \/>\n<meta property=\"article:modified_time\" content=\"2024-12-30T15:04:04+00:00\" \/>\n<meta property=\"og:image\" content=\"https:\/\/www.stoneplusturkiye.com\/shop\/wp-content\/uploads\/2024\/12\/eloymasitablo.jpg\" \/>\n\t<meta property=\"og:image:width\" content=\"2000\" \/>\n\t<meta property=\"og:image:height\" content=\"1399\" \/>\n\t<meta property=\"og:image:type\" content=\"image\/jpeg\" \/>\n<meta name=\"twitter:card\" content=\"summary_large_image\" \/>\n<meta name=\"twitter:label1\" content=\"Tahmini okuma s\u00fcresi\" \/>\n\t<meta name=\"twitter:data1\" content=\"1 dakika\" \/>\n<script type=\"application\/ld+json\" class=\"yoast-schema-graph\">{\"@context\":\"https:\\\/\\\/schema.org\",\"@graph\":[{\"@type\":\"WebPage\",\"@id\":\"https:\\\/\\\/www.stoneplusturkiye.com\\\/shop\\\/urun\\\/stonewood-petek-ahsap-size-ozel-tablo\\\/\",\"url\":\"https:\\\/\\\/www.stoneplusturkiye.com\\\/shop\\\/urun\\\/stonewood-petek-ahsap-size-ozel-tablo\\\/\",\"name\":\"Stonewood Petek Ah\u015fap Size \u00d6zel Tablo - Stoneplus Ah\u015fap \u00dcr\u00fcnleri\",\"isPartOf\":{\"@id\":\"https:\\\/\\\/www.stoneplusturkiye.com\\\/shop\\\/#website\"},\"primaryImageOfPage\":{\"@id\":\"https:\\\/\\\/www.stoneplusturkiye.com\\\/shop\\\/urun\\\/stonewood-petek-ahsap-size-ozel-tablo\\\/#primaryimage\"},\"image\":{\"@id\":\"https:\\\/\\\/www.stoneplusturkiye.com\\\/shop\\\/urun\\\/stonewood-petek-ahsap-size-ozel-tablo\\\/#primaryimage\"},\"thumbnailUrl\":\"https:\\\/\\\/www.stoneplusturkiye.com\\\/shop\\\/wp-content\\\/uploads\\\/2024\\\/12\\\/eloymasitablo.jpg\",\"datePublished\":\"2024-12-30T15:00:48+00:00\",\"dateModified\":\"2024-12-30T15:04:04+00:00\",\"breadcrumb\":{\"@id\":\"https:\\\/\\\/www.stoneplusturkiye.com\\\/shop\\\/urun\\\/stonewood-petek-ahsap-size-ozel-tablo\\\/#breadcrumb\"},\"inLanguage\":\"tr\",\"potentialAction\":[{\"@type\":\"ReadAction\",\"target\":[\"https:\\\/\\\/www.stoneplusturkiye.com\\\/shop\\\/urun\\\/stonewood-petek-ahsap-size-ozel-tablo\\\/\"]}]},{\"@type\":\"ImageObject\",\"inLanguage\":\"tr\",\"@id\":\"https:\\\/\\\/www.stoneplusturkiye.com\\\/shop\\\/urun\\\/stonewood-petek-ahsap-size-ozel-tablo\\\/#primaryimage\",\"url\":\"https:\\\/\\\/www.stoneplusturkiye.com\\\/shop\\\/wp-content\\\/uploads\\\/2024\\\/12\\\/eloymasitablo.jpg\",\"contentUrl\":\"https:\\\/\\\/www.stoneplusturkiye.com\\\/shop\\\/wp-content\\\/uploads\\\/2024\\\/12\\\/eloymasitablo.jpg\",\"width\":2000,\"height\":1399},{\"@type\":\"BreadcrumbList\",\"@id\":\"https:\\\/\\\/www.stoneplusturkiye.com\\\/shop\\\/urun\\\/stonewood-petek-ahsap-size-ozel-tablo\\\/#breadcrumb\",\"itemListElement\":[{\"@type\":\"ListItem\",\"position\":1,\"name\":\"Home\",\"item\":\"https:\\\/\\\/www.stoneplusturkiye.com\\\/shop\\\/\"},{\"@type\":\"ListItem\",\"position\":2,\"name\":\"Ma\u011faza\",\"item\":\"https:\\\/\\\/www.stoneplusturkiye.com\\\/shop\\\/magaza\\\/\"},{\"@type\":\"ListItem\",\"position\":3,\"name\":\"Stonewood Petek Ah\u015fap Size \u00d6zel Tablo\"}]},{\"@type\":\"WebSite\",\"@id\":\"https:\\\/\\\/www.stoneplusturkiye.com\\\/shop\\\/#website\",\"url\":\"https:\\\/\\\/www.stoneplusturkiye.com\\\/shop\\\/\",\"name\":\"Stoneplus Ah\u015fap \u00dcr\u00fcnleri\",\"description\":\"Stonewood Ah\u015fap \u00c7\u00f6z\u00fcmleri\",\"publisher\":{\"@id\":\"https:\\\/\\\/www.stoneplusturkiye.com\\\/shop\\\/#organization\"},\"potentialAction\":[{\"@type\":\"SearchAction\",\"target\":{\"@type\":\"EntryPoint\",\"urlTemplate\":\"https:\\\/\\\/www.stoneplusturkiye.com\\\/shop\\\/?s={search_term_string}\"},\"query-input\":{\"@type\":\"PropertyValueSpecification\",\"valueRequired\":true,\"valueName\":\"search_term_string\"}}],\"inLanguage\":\"tr\"},{\"@type\":\"Organization\",\"@id\":\"https:\\\/\\\/www.stoneplusturkiye.com\\\/shop\\\/#organization\",\"name\":\"Stoneplus \u0130n\u015faat Yap\u0131 Ah\u015fap \u00dcr\u00fcnleri\",\"url\":\"https:\\\/\\\/www.stoneplusturkiye.com\\\/shop\\\/\",\"logo\":{\"@type\":\"ImageObject\",\"inLanguage\":\"tr\",\"@id\":\"https:\\\/\\\/www.stoneplusturkiye.com\\\/shop\\\/#\\\/schema\\\/logo\\\/image\\\/\",\"url\":\"https:\\\/\\\/www.stoneplusturkiye.com\\\/shop\\\/wp-content\\\/uploads\\\/2025\\\/02\\\/stoneplus2.png\",\"contentUrl\":\"https:\\\/\\\/www.stoneplusturkiye.com\\\/shop\\\/wp-content\\\/uploads\\\/2025\\\/02\\\/stoneplus2.png\",\"width\":1000,\"height\":1000,\"caption\":\"Stoneplus \u0130n\u015faat Yap\u0131 Ah\u015fap \u00dcr\u00fcnleri\"},\"image\":{\"@id\":\"https:\\\/\\\/www.stoneplusturkiye.com\\\/shop\\\/#\\\/schema\\\/logo\\\/image\\\/\"},\"sameAs\":[\"https:\\\/\\\/www.facebook.com\\\/stoneplusturkiye\\\/\"],\"description\":\"Stoneplus in\u015faat yap\u0131 ah\u015fap \u00fcr\u00fcnleri\",\"email\":\"bilgi@stoneplusturkiye.com\",\"telephone\":\"08504950590\",\"legalName\":\"Stoneplus \u0130n\u015f. Yap\u0131 Ah\u015fap \u00dcr\u00fcnleri\",\"taxID\":\"7810871242\",\"numberOfEmployees\":{\"@type\":\"QuantitativeValue\",\"minValue\":\"1\",\"maxValue\":\"10\"}}]}<\/script>\n<!-- \/ Yoast SEO Premium plugin. -->","yoast_head_json":{"title":"Stonewood Petek Ah\u015fap Size \u00d6zel Tablo - Stoneplus Ah\u015fap \u00dcr\u00fcnleri","robots":{"index":"index","follow":"follow","max-snippet":"max-snippet:-1","max-image-preview":"max-image-preview:large","max-video-preview":"max-video-preview:-1"},"canonical":"https:\/\/www.stoneplusturkiye.com\/shop\/urun\/stonewood-petek-ahsap-size-ozel-tablo\/","og_locale":"tr_TR","og_type":"article","og_title":"Stonewood Petek Ah\u015fap Size \u00d6zel Tablo","og_description":"Ah\u015fap, tabiat\u0131n s\u00fck\u00fbnetini ve sabr\u0131n\u0131 sembolize eden bir malzeme olarak kadim devirlerden bu yana sanatk\u00e2rlar\u0131n ellerinde \u015fekillenmi\u015ftir. El yap\u0131m\u0131 duvar tablolar\u0131, sade bir kerestenin sanatk\u00e2rane bir i\u015f\u00e7ilikle zarafet ve anlam ihtiva eden bir esere d\u00f6n\u00fc\u015fmesidir. Bu eserler, kimi zaman bir cihan devleti olan Osmanl\u0131\u2019n\u0131n ihti\u015fam\u0131n\u0131 hat\u0131rlatan nak\u0131\u015flarla s\u00fcslenir, kimi zaman da Fars \u015fiirinin letafetini yans\u0131tan bir beyitle ta\u00e7land\u0131r\u0131l\u0131r.","og_url":"https:\/\/www.stoneplusturkiye.com\/shop\/urun\/stonewood-petek-ahsap-size-ozel-tablo\/","og_site_name":"Stoneplus Ah\u015fap \u00dcr\u00fcnleri","article_publisher":"https:\/\/www.facebook.com\/stoneplusturkiye\/","article_modified_time":"2024-12-30T15:04:04+00:00","og_image":[{"width":2000,"height":1399,"url":"https:\/\/www.stoneplusturkiye.com\/shop\/wp-content\/uploads\/2024\/12\/eloymasitablo.jpg","type":"image\/jpeg"}],"twitter_card":"summary_large_image","twitter_misc":{"Tahmini okuma s\u00fcresi":"1 dakika"},"schema":{"@context":"https:\/\/schema.org","@graph":[{"@type":"WebPage","@id":"https:\/\/www.stoneplusturkiye.com\/shop\/urun\/stonewood-petek-ahsap-size-ozel-tablo\/","url":"https:\/\/www.stoneplusturkiye.com\/shop\/urun\/stonewood-petek-ahsap-size-ozel-tablo\/","name":"Stonewood Petek Ah\u015fap Size \u00d6zel Tablo - Stoneplus Ah\u015fap \u00dcr\u00fcnleri","isPartOf":{"@id":"https:\/\/www.stoneplusturkiye.com\/shop\/#website"},"primaryImageOfPage":{"@id":"https:\/\/www.stoneplusturkiye.com\/shop\/urun\/stonewood-petek-ahsap-size-ozel-tablo\/#primaryimage"},"image":{"@id":"https:\/\/www.stoneplusturkiye.com\/shop\/urun\/stonewood-petek-ahsap-size-ozel-tablo\/#primaryimage"},"thumbnailUrl":"https:\/\/www.stoneplusturkiye.com\/shop\/wp-content\/uploads\/2024\/12\/eloymasitablo.jpg","datePublished":"2024-12-30T15:00:48+00:00","dateModified":"2024-12-30T15:04:04+00:00","breadcrumb":{"@id":"https:\/\/www.stoneplusturkiye.com\/shop\/urun\/stonewood-petek-ahsap-size-ozel-tablo\/#breadcrumb"},"inLanguage":"tr","potentialAction":[{"@type":"ReadAction","target":["https:\/\/www.stoneplusturkiye.com\/shop\/urun\/stonewood-petek-ahsap-size-ozel-tablo\/"]}]},{"@type":"ImageObject","inLanguage":"tr","@id":"https:\/\/www.stoneplusturkiye.com\/shop\/urun\/stonewood-petek-ahsap-size-ozel-tablo\/#primaryimage","url":"https:\/\/www.stoneplusturkiye.com\/shop\/wp-content\/uploads\/2024\/12\/eloymasitablo.jpg","contentUrl":"https:\/\/www.stoneplusturkiye.com\/shop\/wp-content\/uploads\/2024\/12\/eloymasitablo.jpg","width":2000,"height":1399},{"@type":"BreadcrumbList","@id":"https:\/\/www.stoneplusturkiye.com\/shop\/urun\/stonewood-petek-ahsap-size-ozel-tablo\/#breadcrumb","itemListElement":[{"@type":"ListItem","position":1,"name":"Home","item":"https:\/\/www.stoneplusturkiye.com\/shop\/"},{"@type":"ListItem","position":2,"name":"Ma\u011faza","item":"https:\/\/www.stoneplusturkiye.com\/shop\/magaza\/"},{"@type":"ListItem","position":3,"name":"Stonewood Petek Ah\u015fap Size \u00d6zel Tablo"}]},{"@type":"WebSite","@id":"https:\/\/www.stoneplusturkiye.com\/shop\/#website","url":"https:\/\/www.stoneplusturkiye.com\/shop\/","name":"Stoneplus Ah\u015fap \u00dcr\u00fcnleri","description":"Stonewood Ah\u015fap \u00c7\u00f6z\u00fcmleri","publisher":{"@id":"https:\/\/www.stoneplusturkiye.com\/shop\/#organization"},"potentialAction":[{"@type":"SearchAction","target":{"@type":"EntryPoint","urlTemplate":"https:\/\/www.stoneplusturkiye.com\/shop\/?s={search_term_string}"},"query-input":{"@type":"PropertyValueSpecification","valueRequired":true,"valueName":"search_term_string"}}],"inLanguage":"tr"},{"@type":"Organization","@id":"https:\/\/www.stoneplusturkiye.com\/shop\/#organization","name":"Stoneplus \u0130n\u015faat Yap\u0131 Ah\u015fap \u00dcr\u00fcnleri","url":"https:\/\/www.stoneplusturkiye.com\/shop\/","logo":{"@type":"ImageObject","inLanguage":"tr","@id":"https:\/\/www.stoneplusturkiye.com\/shop\/#\/schema\/logo\/image\/","url":"https:\/\/www.stoneplusturkiye.com\/shop\/wp-content\/uploads\/2025\/02\/stoneplus2.png","contentUrl":"https:\/\/www.stoneplusturkiye.com\/shop\/wp-content\/uploads\/2025\/02\/stoneplus2.png","width":1000,"height":1000,"caption":"Stoneplus \u0130n\u015faat Yap\u0131 Ah\u015fap \u00dcr\u00fcnleri"},"image":{"@id":"https:\/\/www.stoneplusturkiye.com\/shop\/#\/schema\/logo\/image\/"},"sameAs":["https:\/\/www.facebook.com\/stoneplusturkiye\/"],"description":"Stoneplus in\u015faat yap\u0131 ah\u015fap \u00fcr\u00fcnleri","email":"bilgi@stoneplusturkiye.com","telephone":"08504950590","legalName":"Stoneplus \u0130n\u015f. Yap\u0131 Ah\u015fap \u00dcr\u00fcnleri","taxID":"7810871242","numberOfEmployees":{"@type":"QuantitativeValue","minValue":"1","maxValue":"10"}}]}},"_links":{"self":[{"href":"https:\/\/www.stoneplusturkiye.com\/shop\/wp-json\/wp\/v2\/product\/9415","targetHints":{"allow":["GET"]}}],"collection":[{"href":"https:\/\/www.stoneplusturkiye.com\/shop\/wp-json\/wp\/v2\/product"}],"about":[{"href":"https:\/\/www.stoneplusturkiye.com\/shop\/wp-json\/wp\/v2\/types\/product"}],"replies":[{"embeddable":true,"href":"https:\/\/www.stoneplusturkiye.com\/shop\/wp-json\/wp\/v2\/comments?post=9415"}],"version-history":[{"count":1,"href":"https:\/\/www.stoneplusturkiye.com\/shop\/wp-json\/wp\/v2\/product\/9415\/revisions"}],"predecessor-version":[{"id":9417,"href":"https:\/\/www.stoneplusturkiye.com\/shop\/wp-json\/wp\/v2\/product\/9415\/revisions\/9417"}],"wp:featuredmedia":[{"embeddable":true,"href":"https:\/\/www.stoneplusturkiye.com\/shop\/wp-json\/wp\/v2\/media\/9416"}],"wp:attachment":[{"href":"https:\/\/www.stoneplusturkiye.com\/shop\/wp-json\/wp\/v2\/media?parent=9415"}],"wp:term":[{"taxonomy":"product_brand","embeddable":true,"href":"https:\/\/www.stoneplusturkiye.com\/shop\/wp-json\/wp\/v2\/product_brand?post=9415"},{"taxonomy":"product_cat","embeddable":true,"href":"https:\/\/www.stoneplusturkiye.com\/shop\/wp-json\/wp\/v2\/product_cat?post=9415"},{"taxonomy":"product_tag","embeddable":true,"href":"https:\/\/www.stoneplusturkiye.com\/shop\/wp-json\/wp\/v2\/product_tag?post=9415"}],"curies":[{"name":"wp","href":"https:\/\/api.w.org\/{rel}","templated":true}]}}