{"id":9412,"date":"2024-12-30T17:16:01","date_gmt":"2024-12-30T14:16:01","guid":{"rendered":"https:\/\/www.stoneplusturkiye.com\/shop\/?post_type=product&#038;p=9412"},"modified":"2024-12-30T17:18:24","modified_gmt":"2024-12-30T14:18:24","slug":"stonewood-simge-ahsap-tablo","status":"publish","type":"product","link":"https:\/\/www.stoneplusturkiye.com\/shop\/urun\/stonewood-simge-ahsap-tablo\/","title":{"rendered":"Stonewood Simge Ah\u015fap Tablo"},"content":{"rendered":"<p>Ah\u015fap el yap\u0131m\u0131 duvar tablolar\u0131, hem estetik hem de fonksiyonel \u00f6zellikleriyle son y\u0131llarda dekorasyon d\u00fcnyas\u0131nda b\u00fcy\u00fck ilgi g\u00f6r\u00fcyor. Ah\u015fap malzemenin s\u0131cakl\u0131\u011f\u0131, do\u011fal yap\u0131s\u0131 ve i\u015flenebilirli\u011fi, bu tablolar\u0131n ev ve ofis dekorasyonunda tercih edilmesini sa\u011fl\u0131yor. Bu makalede, ah\u015fap el yap\u0131m\u0131 duvar tablolar\u0131n\u0131n yap\u0131m\u0131, \u00e7e\u015fitleri ve dekorasyondaki yerinden bahsedece\u011fiz.<\/p>\n<hr \/>\n<h2>Ah\u015fap El Yap\u0131m\u0131 Duvar Tablolar\u0131n\u0131n Avantajlar\u0131<\/h2>\n<ol>\n<li><strong>Do\u011fal ve Estetik G\u00f6r\u00fcn\u00fcm<\/strong><br \/>\nAh\u015fap, do\u011fal dokusu ve benzersiz damar desenleri sayesinde her zaman dikkat \u00e7eken bir malzemedir. El yap\u0131m\u0131 tablolar, bireyselli\u011fi yans\u0131tan e\u015fsiz tasar\u0131mlarla ya\u015fam alanlar\u0131na s\u0131cakl\u0131k katar.<\/li>\n<li><strong>Uzun \u00d6m\u00fcrl\u00fc ve Dayan\u0131kl\u0131<\/strong><br \/>\nDo\u011fru i\u015flendi\u011finde ah\u015fap malzeme uzun y\u0131llar dayan\u0131kl\u0131l\u0131\u011f\u0131n\u0131 korur. Bu nedenle, el yap\u0131m\u0131 ah\u015fap tablolar yaln\u0131zca bir dekorasyon \u00f6\u011fesi de\u011fil, ayn\u0131 zamanda uzun \u00f6m\u00fcrl\u00fc bir sanat eseridir.<\/li>\n<li><strong>\u00c7e\u015fitlilik ve Ki\u015fiselle\u015ftirme<\/strong><br \/>\nEl yap\u0131m\u0131 oldu\u011fu i\u00e7in bu tablolar her zevke uygun \u015fekilde \u00f6zelle\u015ftirilebilir. Do\u011fadan ilham alan manzaralar, geometrik desenler veya ki\u015fisel mesajlar tablolar\u0131n tasar\u0131m\u0131nda kullan\u0131labilir.<\/li>\n<\/ol>\n","protected":false},"excerpt":{"rendered":"<p>Ah\u015fap, tabiat\u0131n s\u00fck\u00fbnetini ve sabr\u0131n\u0131 sembolize eden bir malzeme olarak kadim devirlerden bu yana sanatk\u00e2rlar\u0131n ellerinde \u015fekillenmi\u015ftir. El yap\u0131m\u0131 duvar tablolar\u0131, sade bir kerestenin sanatk\u00e2rane bir i\u015f\u00e7ilikle zarafet ve anlam ihtiva eden bir esere d\u00f6n\u00fc\u015fmesidir. Bu eserler, kimi zaman bir cihan devleti olan Osmanl\u0131\u2019n\u0131n ihti\u015fam\u0131n\u0131 hat\u0131rlatan nak\u0131\u015flarla s\u00fcslenir, kimi zaman da Fars \u015fiirinin letafetini yans\u0131tan bir beyitle ta\u00e7land\u0131r\u0131l\u0131r.<\/p>\n","protected":false},"featured_media":9413,"comment_status":"closed","ping_status":"closed","template":"","meta":[],"product_brand":[],"product_cat":[135],"product_tag":[138,136,137,139],"class_list":{"0":"post-9412","1":"product","2":"type-product","3":"status-publish","4":"has-post-thumbnail","6":"product_cat-ahsap-el-yapimi-urunler","7":"product_tag-ahsap-el-oymasi-tablo","8":"product_tag-ahsap-el-yapimi-tablolar","9":"product_tag-el-yapimi-ahsap-tablo","10":"product_tag-tablo-el-yapimi","12":"first","13":"instock","14":"shipping-taxable","15":"purchasable","16":"product-type-simple"},"yoast_head":"<!-- This site is optimized with the Yoast SEO Premium plugin v24.8 (Yoast SEO v27.3) - https:\/\/yoast.com\/product\/yoast-seo-premium-wordpress\/ -->\n<title>Stonewood Simge Ah\u015fap Tablo - Stoneplus Ah\u015fap \u00dcr\u00fcnleri<\/title>\n<meta name=\"robots\" content=\"index, follow, max-snippet:-1, max-image-preview:large, max-video-preview:-1\" \/>\n<link rel=\"canonical\" href=\"https:\/\/www.stoneplusturkiye.com\/shop\/urun\/stonewood-simge-ahsap-tablo\/\" \/>\n<meta property=\"og:locale\" content=\"tr_TR\" \/>\n<meta property=\"og:type\" content=\"article\" \/>\n<meta property=\"og:title\" content=\"Stonewood Simge Ah\u015fap Tablo\" \/>\n<meta property=\"og:description\" content=\"Ah\u015fap, tabiat\u0131n s\u00fck\u00fbnetini ve sabr\u0131n\u0131 sembolize eden bir malzeme olarak kadim devirlerden bu yana sanatk\u00e2rlar\u0131n ellerinde \u015fekillenmi\u015ftir. El yap\u0131m\u0131 duvar tablolar\u0131, sade bir kerestenin sanatk\u00e2rane bir i\u015f\u00e7ilikle zarafet ve anlam ihtiva eden bir esere d\u00f6n\u00fc\u015fmesidir. Bu eserler, kimi zaman bir cihan devleti olan Osmanl\u0131\u2019n\u0131n ihti\u015fam\u0131n\u0131 hat\u0131rlatan nak\u0131\u015flarla s\u00fcslenir, kimi zaman da Fars \u015fiirinin letafetini yans\u0131tan bir beyitle ta\u00e7land\u0131r\u0131l\u0131r.\" \/>\n<meta property=\"og:url\" content=\"https:\/\/www.stoneplusturkiye.com\/shop\/urun\/stonewood-simge-ahsap-tablo\/\" \/>\n<meta property=\"og:site_name\" content=\"Stoneplus Ah\u015fap \u00dcr\u00fcnleri\" \/>\n<meta property=\"article:publisher\" content=\"https:\/\/www.facebook.com\/stoneplusturkiye\/\" \/>\n<meta property=\"article:modified_time\" content=\"2024-12-30T14:18:24+00:00\" \/>\n<meta property=\"og:image\" content=\"https:\/\/www.stoneplusturkiye.com\/shop\/wp-content\/uploads\/2024\/12\/simge-el-oymasi-ahsap-tablo.jpg\" \/>\n\t<meta property=\"og:image:width\" content=\"2000\" \/>\n\t<meta property=\"og:image:height\" content=\"1399\" \/>\n\t<meta property=\"og:image:type\" content=\"image\/jpeg\" \/>\n<meta name=\"twitter:card\" content=\"summary_large_image\" \/>\n<meta name=\"twitter:label1\" content=\"Tahmini okuma s\u00fcresi\" \/>\n\t<meta name=\"twitter:data1\" content=\"1 dakika\" \/>\n<script type=\"application\/ld+json\" class=\"yoast-schema-graph\">{\"@context\":\"https:\\\/\\\/schema.org\",\"@graph\":[{\"@type\":\"WebPage\",\"@id\":\"https:\\\/\\\/www.stoneplusturkiye.com\\\/shop\\\/urun\\\/stonewood-simge-ahsap-tablo\\\/\",\"url\":\"https:\\\/\\\/www.stoneplusturkiye.com\\\/shop\\\/urun\\\/stonewood-simge-ahsap-tablo\\\/\",\"name\":\"Stonewood Simge Ah\u015fap Tablo - Stoneplus Ah\u015fap \u00dcr\u00fcnleri\",\"isPartOf\":{\"@id\":\"https:\\\/\\\/www.stoneplusturkiye.com\\\/shop\\\/#website\"},\"primaryImageOfPage\":{\"@id\":\"https:\\\/\\\/www.stoneplusturkiye.com\\\/shop\\\/urun\\\/stonewood-simge-ahsap-tablo\\\/#primaryimage\"},\"image\":{\"@id\":\"https:\\\/\\\/www.stoneplusturkiye.com\\\/shop\\\/urun\\\/stonewood-simge-ahsap-tablo\\\/#primaryimage\"},\"thumbnailUrl\":\"https:\\\/\\\/www.stoneplusturkiye.com\\\/shop\\\/wp-content\\\/uploads\\\/2024\\\/12\\\/simge-el-oymasi-ahsap-tablo.jpg\",\"datePublished\":\"2024-12-30T14:16:01+00:00\",\"dateModified\":\"2024-12-30T14:18:24+00:00\",\"breadcrumb\":{\"@id\":\"https:\\\/\\\/www.stoneplusturkiye.com\\\/shop\\\/urun\\\/stonewood-simge-ahsap-tablo\\\/#breadcrumb\"},\"inLanguage\":\"tr\",\"potentialAction\":[{\"@type\":\"ReadAction\",\"target\":[\"https:\\\/\\\/www.stoneplusturkiye.com\\\/shop\\\/urun\\\/stonewood-simge-ahsap-tablo\\\/\"]}]},{\"@type\":\"ImageObject\",\"inLanguage\":\"tr\",\"@id\":\"https:\\\/\\\/www.stoneplusturkiye.com\\\/shop\\\/urun\\\/stonewood-simge-ahsap-tablo\\\/#primaryimage\",\"url\":\"https:\\\/\\\/www.stoneplusturkiye.com\\\/shop\\\/wp-content\\\/uploads\\\/2024\\\/12\\\/simge-el-oymasi-ahsap-tablo.jpg\",\"contentUrl\":\"https:\\\/\\\/www.stoneplusturkiye.com\\\/shop\\\/wp-content\\\/uploads\\\/2024\\\/12\\\/simge-el-oymasi-ahsap-tablo.jpg\",\"width\":2000,\"height\":1399},{\"@type\":\"BreadcrumbList\",\"@id\":\"https:\\\/\\\/www.stoneplusturkiye.com\\\/shop\\\/urun\\\/stonewood-simge-ahsap-tablo\\\/#breadcrumb\",\"itemListElement\":[{\"@type\":\"ListItem\",\"position\":1,\"name\":\"Home\",\"item\":\"https:\\\/\\\/www.stoneplusturkiye.com\\\/shop\\\/\"},{\"@type\":\"ListItem\",\"position\":2,\"name\":\"Ma\u011faza\",\"item\":\"https:\\\/\\\/www.stoneplusturkiye.com\\\/shop\\\/magaza\\\/\"},{\"@type\":\"ListItem\",\"position\":3,\"name\":\"Stonewood Simge Ah\u015fap Tablo\"}]},{\"@type\":\"WebSite\",\"@id\":\"https:\\\/\\\/www.stoneplusturkiye.com\\\/shop\\\/#website\",\"url\":\"https:\\\/\\\/www.stoneplusturkiye.com\\\/shop\\\/\",\"name\":\"Stoneplus Ah\u015fap \u00dcr\u00fcnleri\",\"description\":\"Stonewood Ah\u015fap \u00c7\u00f6z\u00fcmleri\",\"publisher\":{\"@id\":\"https:\\\/\\\/www.stoneplusturkiye.com\\\/shop\\\/#organization\"},\"potentialAction\":[{\"@type\":\"SearchAction\",\"target\":{\"@type\":\"EntryPoint\",\"urlTemplate\":\"https:\\\/\\\/www.stoneplusturkiye.com\\\/shop\\\/?s={search_term_string}\"},\"query-input\":{\"@type\":\"PropertyValueSpecification\",\"valueRequired\":true,\"valueName\":\"search_term_string\"}}],\"inLanguage\":\"tr\"},{\"@type\":\"Organization\",\"@id\":\"https:\\\/\\\/www.stoneplusturkiye.com\\\/shop\\\/#organization\",\"name\":\"Stoneplus \u0130n\u015faat Yap\u0131 Ah\u015fap \u00dcr\u00fcnleri\",\"url\":\"https:\\\/\\\/www.stoneplusturkiye.com\\\/shop\\\/\",\"logo\":{\"@type\":\"ImageObject\",\"inLanguage\":\"tr\",\"@id\":\"https:\\\/\\\/www.stoneplusturkiye.com\\\/shop\\\/#\\\/schema\\\/logo\\\/image\\\/\",\"url\":\"https:\\\/\\\/www.stoneplusturkiye.com\\\/shop\\\/wp-content\\\/uploads\\\/2025\\\/02\\\/stoneplus2.png\",\"contentUrl\":\"https:\\\/\\\/www.stoneplusturkiye.com\\\/shop\\\/wp-content\\\/uploads\\\/2025\\\/02\\\/stoneplus2.png\",\"width\":1000,\"height\":1000,\"caption\":\"Stoneplus \u0130n\u015faat Yap\u0131 Ah\u015fap \u00dcr\u00fcnleri\"},\"image\":{\"@id\":\"https:\\\/\\\/www.stoneplusturkiye.com\\\/shop\\\/#\\\/schema\\\/logo\\\/image\\\/\"},\"sameAs\":[\"https:\\\/\\\/www.facebook.com\\\/stoneplusturkiye\\\/\"],\"description\":\"Stoneplus in\u015faat yap\u0131 ah\u015fap \u00fcr\u00fcnleri\",\"email\":\"bilgi@stoneplusturkiye.com\",\"telephone\":\"08504950590\",\"legalName\":\"Stoneplus \u0130n\u015f. Yap\u0131 Ah\u015fap \u00dcr\u00fcnleri\",\"taxID\":\"7810871242\",\"numberOfEmployees\":{\"@type\":\"QuantitativeValue\",\"minValue\":\"1\",\"maxValue\":\"10\"}}]}<\/script>\n<!-- \/ Yoast SEO Premium plugin. -->","yoast_head_json":{"title":"Stonewood Simge Ah\u015fap Tablo - Stoneplus Ah\u015fap \u00dcr\u00fcnleri","robots":{"index":"index","follow":"follow","max-snippet":"max-snippet:-1","max-image-preview":"max-image-preview:large","max-video-preview":"max-video-preview:-1"},"canonical":"https:\/\/www.stoneplusturkiye.com\/shop\/urun\/stonewood-simge-ahsap-tablo\/","og_locale":"tr_TR","og_type":"article","og_title":"Stonewood Simge Ah\u015fap Tablo","og_description":"Ah\u015fap, tabiat\u0131n s\u00fck\u00fbnetini ve sabr\u0131n\u0131 sembolize eden bir malzeme olarak kadim devirlerden bu yana sanatk\u00e2rlar\u0131n ellerinde \u015fekillenmi\u015ftir. El yap\u0131m\u0131 duvar tablolar\u0131, sade bir kerestenin sanatk\u00e2rane bir i\u015f\u00e7ilikle zarafet ve anlam ihtiva eden bir esere d\u00f6n\u00fc\u015fmesidir. Bu eserler, kimi zaman bir cihan devleti olan Osmanl\u0131\u2019n\u0131n ihti\u015fam\u0131n\u0131 hat\u0131rlatan nak\u0131\u015flarla s\u00fcslenir, kimi zaman da Fars \u015fiirinin letafetini yans\u0131tan bir beyitle ta\u00e7land\u0131r\u0131l\u0131r.","og_url":"https:\/\/www.stoneplusturkiye.com\/shop\/urun\/stonewood-simge-ahsap-tablo\/","og_site_name":"Stoneplus Ah\u015fap \u00dcr\u00fcnleri","article_publisher":"https:\/\/www.facebook.com\/stoneplusturkiye\/","article_modified_time":"2024-12-30T14:18:24+00:00","og_image":[{"width":2000,"height":1399,"url":"https:\/\/www.stoneplusturkiye.com\/shop\/wp-content\/uploads\/2024\/12\/simge-el-oymasi-ahsap-tablo.jpg","type":"image\/jpeg"}],"twitter_card":"summary_large_image","twitter_misc":{"Tahmini okuma s\u00fcresi":"1 dakika"},"schema":{"@context":"https:\/\/schema.org","@graph":[{"@type":"WebPage","@id":"https:\/\/www.stoneplusturkiye.com\/shop\/urun\/stonewood-simge-ahsap-tablo\/","url":"https:\/\/www.stoneplusturkiye.com\/shop\/urun\/stonewood-simge-ahsap-tablo\/","name":"Stonewood Simge Ah\u015fap Tablo - Stoneplus Ah\u015fap \u00dcr\u00fcnleri","isPartOf":{"@id":"https:\/\/www.stoneplusturkiye.com\/shop\/#website"},"primaryImageOfPage":{"@id":"https:\/\/www.stoneplusturkiye.com\/shop\/urun\/stonewood-simge-ahsap-tablo\/#primaryimage"},"image":{"@id":"https:\/\/www.stoneplusturkiye.com\/shop\/urun\/stonewood-simge-ahsap-tablo\/#primaryimage"},"thumbnailUrl":"https:\/\/www.stoneplusturkiye.com\/shop\/wp-content\/uploads\/2024\/12\/simge-el-oymasi-ahsap-tablo.jpg","datePublished":"2024-12-30T14:16:01+00:00","dateModified":"2024-12-30T14:18:24+00:00","breadcrumb":{"@id":"https:\/\/www.stoneplusturkiye.com\/shop\/urun\/stonewood-simge-ahsap-tablo\/#breadcrumb"},"inLanguage":"tr","potentialAction":[{"@type":"ReadAction","target":["https:\/\/www.stoneplusturkiye.com\/shop\/urun\/stonewood-simge-ahsap-tablo\/"]}]},{"@type":"ImageObject","inLanguage":"tr","@id":"https:\/\/www.stoneplusturkiye.com\/shop\/urun\/stonewood-simge-ahsap-tablo\/#primaryimage","url":"https:\/\/www.stoneplusturkiye.com\/shop\/wp-content\/uploads\/2024\/12\/simge-el-oymasi-ahsap-tablo.jpg","contentUrl":"https:\/\/www.stoneplusturkiye.com\/shop\/wp-content\/uploads\/2024\/12\/simge-el-oymasi-ahsap-tablo.jpg","width":2000,"height":1399},{"@type":"BreadcrumbList","@id":"https:\/\/www.stoneplusturkiye.com\/shop\/urun\/stonewood-simge-ahsap-tablo\/#breadcrumb","itemListElement":[{"@type":"ListItem","position":1,"name":"Home","item":"https:\/\/www.stoneplusturkiye.com\/shop\/"},{"@type":"ListItem","position":2,"name":"Ma\u011faza","item":"https:\/\/www.stoneplusturkiye.com\/shop\/magaza\/"},{"@type":"ListItem","position":3,"name":"Stonewood Simge Ah\u015fap Tablo"}]},{"@type":"WebSite","@id":"https:\/\/www.stoneplusturkiye.com\/shop\/#website","url":"https:\/\/www.stoneplusturkiye.com\/shop\/","name":"Stoneplus Ah\u015fap \u00dcr\u00fcnleri","description":"Stonewood Ah\u015fap \u00c7\u00f6z\u00fcmleri","publisher":{"@id":"https:\/\/www.stoneplusturkiye.com\/shop\/#organization"},"potentialAction":[{"@type":"SearchAction","target":{"@type":"EntryPoint","urlTemplate":"https:\/\/www.stoneplusturkiye.com\/shop\/?s={search_term_string}"},"query-input":{"@type":"PropertyValueSpecification","valueRequired":true,"valueName":"search_term_string"}}],"inLanguage":"tr"},{"@type":"Organization","@id":"https:\/\/www.stoneplusturkiye.com\/shop\/#organization","name":"Stoneplus \u0130n\u015faat Yap\u0131 Ah\u015fap \u00dcr\u00fcnleri","url":"https:\/\/www.stoneplusturkiye.com\/shop\/","logo":{"@type":"ImageObject","inLanguage":"tr","@id":"https:\/\/www.stoneplusturkiye.com\/shop\/#\/schema\/logo\/image\/","url":"https:\/\/www.stoneplusturkiye.com\/shop\/wp-content\/uploads\/2025\/02\/stoneplus2.png","contentUrl":"https:\/\/www.stoneplusturkiye.com\/shop\/wp-content\/uploads\/2025\/02\/stoneplus2.png","width":1000,"height":1000,"caption":"Stoneplus \u0130n\u015faat Yap\u0131 Ah\u015fap \u00dcr\u00fcnleri"},"image":{"@id":"https:\/\/www.stoneplusturkiye.com\/shop\/#\/schema\/logo\/image\/"},"sameAs":["https:\/\/www.facebook.com\/stoneplusturkiye\/"],"description":"Stoneplus in\u015faat yap\u0131 ah\u015fap \u00fcr\u00fcnleri","email":"bilgi@stoneplusturkiye.com","telephone":"08504950590","legalName":"Stoneplus \u0130n\u015f. Yap\u0131 Ah\u015fap \u00dcr\u00fcnleri","taxID":"7810871242","numberOfEmployees":{"@type":"QuantitativeValue","minValue":"1","maxValue":"10"}}]}},"_links":{"self":[{"href":"https:\/\/www.stoneplusturkiye.com\/shop\/wp-json\/wp\/v2\/product\/9412","targetHints":{"allow":["GET"]}}],"collection":[{"href":"https:\/\/www.stoneplusturkiye.com\/shop\/wp-json\/wp\/v2\/product"}],"about":[{"href":"https:\/\/www.stoneplusturkiye.com\/shop\/wp-json\/wp\/v2\/types\/product"}],"replies":[{"embeddable":true,"href":"https:\/\/www.stoneplusturkiye.com\/shop\/wp-json\/wp\/v2\/comments?post=9412"}],"version-history":[{"count":1,"href":"https:\/\/www.stoneplusturkiye.com\/shop\/wp-json\/wp\/v2\/product\/9412\/revisions"}],"predecessor-version":[{"id":9414,"href":"https:\/\/www.stoneplusturkiye.com\/shop\/wp-json\/wp\/v2\/product\/9412\/revisions\/9414"}],"wp:featuredmedia":[{"embeddable":true,"href":"https:\/\/www.stoneplusturkiye.com\/shop\/wp-json\/wp\/v2\/media\/9413"}],"wp:attachment":[{"href":"https:\/\/www.stoneplusturkiye.com\/shop\/wp-json\/wp\/v2\/media?parent=9412"}],"wp:term":[{"taxonomy":"product_brand","embeddable":true,"href":"https:\/\/www.stoneplusturkiye.com\/shop\/wp-json\/wp\/v2\/product_brand?post=9412"},{"taxonomy":"product_cat","embeddable":true,"href":"https:\/\/www.stoneplusturkiye.com\/shop\/wp-json\/wp\/v2\/product_cat?post=9412"},{"taxonomy":"product_tag","embeddable":true,"href":"https:\/\/www.stoneplusturkiye.com\/shop\/wp-json\/wp\/v2\/product_tag?post=9412"}],"curies":[{"name":"wp","href":"https:\/\/api.w.org\/{rel}","templated":true}]}}