{"id":9326,"date":"2024-12-22T20:45:42","date_gmt":"2024-12-22T17:45:42","guid":{"rendered":"https:\/\/www.stoneplusturkiye.com\/shop\/?post_type=product&#038;p=9326"},"modified":"2025-05-03T17:41:48","modified_gmt":"2025-05-03T14:41:48","slug":"kestane-cami-mihrabi","status":"publish","type":"product","link":"https:\/\/www.stoneplusturkiye.com\/shop\/urun\/kestane-cami-mihrabi\/","title":{"rendered":"Kestane Cami Mihrab\u0131"},"content":{"rendered":"<h3>Kestane Cami Mihrab\u0131 &#8211; El Yap\u0131m\u0131 \u0130slami Sanat Eseri<\/h3>\n<p><strong>\u00dcr\u00fcn A\u00e7\u0131klamas\u0131:<\/strong><br \/>\nKestane Cami Mihrab\u0131, \u0130slami mimarinin zarif ve tarihi bir par\u00e7as\u0131d\u0131r. Y\u00fcksek kaliteli kestane a\u011fac\u0131ndan \u00f6zenle i\u015flenmi\u015f bu mihrab, cami ve mescitlerde kullan\u0131lmak \u00fczere tasarlanm\u0131\u015ft\u0131r. El yap\u0131m\u0131 olmas\u0131, her detayda geleneksel sanat anlay\u0131\u015f\u0131n\u0131n izlerini ta\u015f\u0131r ve mekanlara manevi bir huzur katmaktad\u0131r.<\/p>\n<p>Mihrab\u0131n tasar\u0131m\u0131nda kullan\u0131lan ince detaylar, \u0130slam sanat\u0131n\u0131n estetik anlay\u0131\u015f\u0131n\u0131 modern dokunu\u015flarla birle\u015ftirir. <strong>Kestane Cami Mihrab\u0131<\/strong>; hem g\u00f6rsel hem de i\u015flevsel a\u00e7\u0131dan ibadet alanlar\u0131n\u0131n merkezini olu\u015fturur. Dayan\u0131kl\u0131 yap\u0131s\u0131 sayesinde uzun y\u0131llar boyunca kullan\u0131labilir ve ibadet yerlerine \u00f6zg\u00fcn bir atmosfer katar.<\/p>\n<h3>\u00d6zellikler:<\/h3>\n<ul>\n<li><strong>Malzeme:<\/strong> Y\u00fcksek kaliteli kestane a\u011fac\u0131<\/li>\n<li><strong>El Yap\u0131m\u0131:<\/strong> Geleneksel i\u015f\u00e7ilik ve sanatsal detaylar<\/li>\n<li><strong>Kullan\u0131m Alanlar\u0131:<\/strong> Camiler, mescitler, ibadet alanlar\u0131<\/li>\n<li><strong>Tasar\u0131m:<\/strong> \u0130nce oyma motifler ve zarif s\u00fcslemeler<\/li>\n<li><strong>Boyutlar:<\/strong> \u00d6zel \u00f6l\u00e7\u00fclerde \u00fcretim imkan\u0131<\/li>\n<\/ul>\n<p><strong>Kestane Cami Mihrab\u0131<\/strong>, her mekan\u0131n ihtiyac\u0131 olan estetik zarafeti sunar. Hem ibadetlerinizde manevi bir derinlik sa\u011flar hem de bulundu\u011fu alan\u0131 g\u00fczelle\u015ftirir.<\/p>\n","protected":false},"excerpt":{"rendered":"<p><span style=\"color: #544538;\">Suya ve Ya\u011fmura Dayan\u0131kl\u0131, 0,16 Kuruluk Oran\u0131na Sahip, Kusursuz Cnc \u0130\u015fleme Teknolojisiyle, Ya\u015fam Alanlar\u0131n\u0131za De\u011fer Katacak Ah\u015fap mihrap, minber ve k\u00fcrs\u00fc uygulamalar\u0131.<\/span><br \/>\n<span style=\"color: #544538;\">\u00dcr\u00fcnlerimizi \u0130ste\u011finize uygun projelendirip, tasar\u0131msal se\u00e7enekleri mimarlar\u0131m\u0131zla birlikte tasarl\u0131yor, ortalama 20 g\u00fcn i\u00e7erisinde kargoya veriyoruz. \u0130\u00e7 ve D\u0131\u015f alanlarda rahatl\u0131kla kullanabilece\u011finiz, neme ve rutubete dayan\u0131kl\u0131d\u0131r. Ah\u015fap Kal\u0131nl\u0131\u011f\u0131 6 mm olarak fiyatland\u0131r\u0131lm\u0131\u015ft\u0131r. Desenler ve taslak \u00f6l\u00e7\u00fcler ibadethaneye g\u00f6re de\u011fi\u015fiklik g\u00f6sterebilmektedir. \u00d6l\u00e7\u00fclere g\u00f6re tekrar projelendirebilmekteyiz.\u00a0 Aksesuarlar Bronz veya prin\u00e7 olarak de\u011fi\u015fkenlik g\u00f6sterebilmektedir.\u00a0<\/span><\/p>\n","protected":false},"featured_media":9327,"comment_status":"open","ping_status":"closed","template":"","meta":[],"product_brand":[],"product_cat":[102],"product_tag":[105,104,110,109],"class_list":{"0":"post-9326","1":"product","2":"type-product","3":"status-publish","4":"has-post-thumbnail","6":"product_cat-cami-mihraplari-ve-fiyatlari","7":"product_tag-mihrap-fiyatlari","8":"product_tag-mihrap-modelleri","9":"product_tag-modern-cami-minber-fiyati","10":"product_tag-modern-cami-minberi","12":"first","13":"instock","14":"shipping-taxable","15":"purchasable","16":"product-type-simple"},"yoast_head":"<!-- This site is optimized with the Yoast SEO Premium plugin v24.8 (Yoast SEO v27.3) - https:\/\/yoast.com\/product\/yoast-seo-premium-wordpress\/ -->\n<title>Kestane Cami Mihrab\u0131 - Stoneplus Ah\u015fap \u00dcr\u00fcnleri<\/title>\n<meta name=\"robots\" content=\"index, follow, max-snippet:-1, max-image-preview:large, max-video-preview:-1\" \/>\n<link rel=\"canonical\" href=\"https:\/\/www.stoneplusturkiye.com\/shop\/urun\/kestane-cami-mihrabi\/\" \/>\n<meta property=\"og:locale\" content=\"tr_TR\" \/>\n<meta property=\"og:type\" content=\"article\" \/>\n<meta property=\"og:title\" content=\"Kestane Cami Mihrab\u0131\" \/>\n<meta property=\"og:description\" content=\"Suya ve Ya\u011fmura Dayan\u0131kl\u0131, 0,16 Kuruluk Oran\u0131na Sahip, Kusursuz Cnc \u0130\u015fleme Teknolojisiyle, Ya\u015fam Alanlar\u0131n\u0131za De\u011fer Katacak Ah\u015fap mihrap, minber ve k\u00fcrs\u00fc uygulamalar\u0131. \u00dcr\u00fcnlerimizi \u0130ste\u011finize uygun projelendirip, tasar\u0131msal se\u00e7enekleri mimarlar\u0131m\u0131zla birlikte tasarl\u0131yor, ortalama 20 g\u00fcn i\u00e7erisinde kargoya veriyoruz. \u0130\u00e7 ve D\u0131\u015f alanlarda rahatl\u0131kla kullanabilece\u011finiz, neme ve rutubete dayan\u0131kl\u0131d\u0131r. Ah\u015fap Kal\u0131nl\u0131\u011f\u0131 6 mm olarak fiyatland\u0131r\u0131lm\u0131\u015ft\u0131r. Desenler ve taslak \u00f6l\u00e7\u00fcler ibadethaneye g\u00f6re de\u011fi\u015fiklik g\u00f6sterebilmektedir. \u00d6l\u00e7\u00fclere g\u00f6re tekrar projelendirebilmekteyiz.\u00a0 Aksesuarlar Bronz veya prin\u00e7 olarak de\u011fi\u015fkenlik g\u00f6sterebilmektedir.\u00a0\" \/>\n<meta property=\"og:url\" content=\"https:\/\/www.stoneplusturkiye.com\/shop\/urun\/kestane-cami-mihrabi\/\" \/>\n<meta property=\"og:site_name\" content=\"Stoneplus Ah\u015fap \u00dcr\u00fcnleri\" \/>\n<meta property=\"article:publisher\" content=\"https:\/\/www.facebook.com\/stoneplusturkiye\/\" \/>\n<meta property=\"article:modified_time\" content=\"2025-05-03T14:41:48+00:00\" \/>\n<meta property=\"og:image\" content=\"https:\/\/www.stoneplusturkiye.com\/shop\/wp-content\/uploads\/2024\/12\/1-3-1.webp\" \/>\n\t<meta property=\"og:image:width\" content=\"1000\" \/>\n\t<meta property=\"og:image:height\" content=\"1100\" \/>\n\t<meta property=\"og:image:type\" content=\"image\/webp\" \/>\n<meta name=\"twitter:card\" content=\"summary_large_image\" \/>\n<meta name=\"twitter:label1\" content=\"Tahmini okuma s\u00fcresi\" \/>\n\t<meta name=\"twitter:data1\" content=\"2 dakika\" \/>\n<script type=\"application\/ld+json\" class=\"yoast-schema-graph\">{\"@context\":\"https:\\\/\\\/schema.org\",\"@graph\":[{\"@type\":\"WebPage\",\"@id\":\"https:\\\/\\\/www.stoneplusturkiye.com\\\/shop\\\/urun\\\/kestane-cami-mihrabi\\\/\",\"url\":\"https:\\\/\\\/www.stoneplusturkiye.com\\\/shop\\\/urun\\\/kestane-cami-mihrabi\\\/\",\"name\":\"Kestane Cami Mihrab\u0131 - Stoneplus Ah\u015fap \u00dcr\u00fcnleri\",\"isPartOf\":{\"@id\":\"https:\\\/\\\/www.stoneplusturkiye.com\\\/shop\\\/#website\"},\"primaryImageOfPage\":{\"@id\":\"https:\\\/\\\/www.stoneplusturkiye.com\\\/shop\\\/urun\\\/kestane-cami-mihrabi\\\/#primaryimage\"},\"image\":{\"@id\":\"https:\\\/\\\/www.stoneplusturkiye.com\\\/shop\\\/urun\\\/kestane-cami-mihrabi\\\/#primaryimage\"},\"thumbnailUrl\":\"https:\\\/\\\/www.stoneplusturkiye.com\\\/shop\\\/wp-content\\\/uploads\\\/2024\\\/12\\\/1-3-1.webp\",\"datePublished\":\"2024-12-22T17:45:42+00:00\",\"dateModified\":\"2025-05-03T14:41:48+00:00\",\"breadcrumb\":{\"@id\":\"https:\\\/\\\/www.stoneplusturkiye.com\\\/shop\\\/urun\\\/kestane-cami-mihrabi\\\/#breadcrumb\"},\"inLanguage\":\"tr\",\"potentialAction\":[{\"@type\":\"ReadAction\",\"target\":[\"https:\\\/\\\/www.stoneplusturkiye.com\\\/shop\\\/urun\\\/kestane-cami-mihrabi\\\/\"]}]},{\"@type\":\"ImageObject\",\"inLanguage\":\"tr\",\"@id\":\"https:\\\/\\\/www.stoneplusturkiye.com\\\/shop\\\/urun\\\/kestane-cami-mihrabi\\\/#primaryimage\",\"url\":\"https:\\\/\\\/www.stoneplusturkiye.com\\\/shop\\\/wp-content\\\/uploads\\\/2024\\\/12\\\/1-3-1.webp\",\"contentUrl\":\"https:\\\/\\\/www.stoneplusturkiye.com\\\/shop\\\/wp-content\\\/uploads\\\/2024\\\/12\\\/1-3-1.webp\",\"width\":1000,\"height\":1100,\"caption\":\"Kestane a\u011fac\u0131 mihrap uygulamas\u0131\"},{\"@type\":\"BreadcrumbList\",\"@id\":\"https:\\\/\\\/www.stoneplusturkiye.com\\\/shop\\\/urun\\\/kestane-cami-mihrabi\\\/#breadcrumb\",\"itemListElement\":[{\"@type\":\"ListItem\",\"position\":1,\"name\":\"Home\",\"item\":\"https:\\\/\\\/www.stoneplusturkiye.com\\\/shop\\\/\"},{\"@type\":\"ListItem\",\"position\":2,\"name\":\"Ma\u011faza\",\"item\":\"https:\\\/\\\/www.stoneplusturkiye.com\\\/shop\\\/magaza\\\/\"},{\"@type\":\"ListItem\",\"position\":3,\"name\":\"Kestane Cami Mihrab\u0131\"}]},{\"@type\":\"WebSite\",\"@id\":\"https:\\\/\\\/www.stoneplusturkiye.com\\\/shop\\\/#website\",\"url\":\"https:\\\/\\\/www.stoneplusturkiye.com\\\/shop\\\/\",\"name\":\"Stoneplus Ah\u015fap \u00dcr\u00fcnleri\",\"description\":\"Stonewood Ah\u015fap \u00c7\u00f6z\u00fcmleri\",\"publisher\":{\"@id\":\"https:\\\/\\\/www.stoneplusturkiye.com\\\/shop\\\/#organization\"},\"potentialAction\":[{\"@type\":\"SearchAction\",\"target\":{\"@type\":\"EntryPoint\",\"urlTemplate\":\"https:\\\/\\\/www.stoneplusturkiye.com\\\/shop\\\/?s={search_term_string}\"},\"query-input\":{\"@type\":\"PropertyValueSpecification\",\"valueRequired\":true,\"valueName\":\"search_term_string\"}}],\"inLanguage\":\"tr\"},{\"@type\":\"Organization\",\"@id\":\"https:\\\/\\\/www.stoneplusturkiye.com\\\/shop\\\/#organization\",\"name\":\"Stoneplus \u0130n\u015faat Yap\u0131 Ah\u015fap \u00dcr\u00fcnleri\",\"url\":\"https:\\\/\\\/www.stoneplusturkiye.com\\\/shop\\\/\",\"logo\":{\"@type\":\"ImageObject\",\"inLanguage\":\"tr\",\"@id\":\"https:\\\/\\\/www.stoneplusturkiye.com\\\/shop\\\/#\\\/schema\\\/logo\\\/image\\\/\",\"url\":\"https:\\\/\\\/www.stoneplusturkiye.com\\\/shop\\\/wp-content\\\/uploads\\\/2025\\\/02\\\/stoneplus2.png\",\"contentUrl\":\"https:\\\/\\\/www.stoneplusturkiye.com\\\/shop\\\/wp-content\\\/uploads\\\/2025\\\/02\\\/stoneplus2.png\",\"width\":1000,\"height\":1000,\"caption\":\"Stoneplus \u0130n\u015faat Yap\u0131 Ah\u015fap \u00dcr\u00fcnleri\"},\"image\":{\"@id\":\"https:\\\/\\\/www.stoneplusturkiye.com\\\/shop\\\/#\\\/schema\\\/logo\\\/image\\\/\"},\"sameAs\":[\"https:\\\/\\\/www.facebook.com\\\/stoneplusturkiye\\\/\"],\"description\":\"Stoneplus in\u015faat yap\u0131 ah\u015fap \u00fcr\u00fcnleri\",\"email\":\"bilgi@stoneplusturkiye.com\",\"telephone\":\"08504950590\",\"legalName\":\"Stoneplus \u0130n\u015f. Yap\u0131 Ah\u015fap \u00dcr\u00fcnleri\",\"taxID\":\"7810871242\",\"numberOfEmployees\":{\"@type\":\"QuantitativeValue\",\"minValue\":\"1\",\"maxValue\":\"10\"}}]}<\/script>\n<!-- \/ Yoast SEO Premium plugin. -->","yoast_head_json":{"title":"Kestane Cami Mihrab\u0131 - Stoneplus Ah\u015fap \u00dcr\u00fcnleri","robots":{"index":"index","follow":"follow","max-snippet":"max-snippet:-1","max-image-preview":"max-image-preview:large","max-video-preview":"max-video-preview:-1"},"canonical":"https:\/\/www.stoneplusturkiye.com\/shop\/urun\/kestane-cami-mihrabi\/","og_locale":"tr_TR","og_type":"article","og_title":"Kestane Cami Mihrab\u0131","og_description":"Suya ve Ya\u011fmura Dayan\u0131kl\u0131, 0,16 Kuruluk Oran\u0131na Sahip, Kusursuz Cnc \u0130\u015fleme Teknolojisiyle, Ya\u015fam Alanlar\u0131n\u0131za De\u011fer Katacak Ah\u015fap mihrap, minber ve k\u00fcrs\u00fc uygulamalar\u0131. \u00dcr\u00fcnlerimizi \u0130ste\u011finize uygun projelendirip, tasar\u0131msal se\u00e7enekleri mimarlar\u0131m\u0131zla birlikte tasarl\u0131yor, ortalama 20 g\u00fcn i\u00e7erisinde kargoya veriyoruz. \u0130\u00e7 ve D\u0131\u015f alanlarda rahatl\u0131kla kullanabilece\u011finiz, neme ve rutubete dayan\u0131kl\u0131d\u0131r. Ah\u015fap Kal\u0131nl\u0131\u011f\u0131 6 mm olarak fiyatland\u0131r\u0131lm\u0131\u015ft\u0131r. Desenler ve taslak \u00f6l\u00e7\u00fcler ibadethaneye g\u00f6re de\u011fi\u015fiklik g\u00f6sterebilmektedir. \u00d6l\u00e7\u00fclere g\u00f6re tekrar projelendirebilmekteyiz.\u00a0 Aksesuarlar Bronz veya prin\u00e7 olarak de\u011fi\u015fkenlik g\u00f6sterebilmektedir.\u00a0","og_url":"https:\/\/www.stoneplusturkiye.com\/shop\/urun\/kestane-cami-mihrabi\/","og_site_name":"Stoneplus Ah\u015fap \u00dcr\u00fcnleri","article_publisher":"https:\/\/www.facebook.com\/stoneplusturkiye\/","article_modified_time":"2025-05-03T14:41:48+00:00","og_image":[{"width":1000,"height":1100,"url":"https:\/\/www.stoneplusturkiye.com\/shop\/wp-content\/uploads\/2024\/12\/1-3-1.webp","type":"image\/webp"}],"twitter_card":"summary_large_image","twitter_misc":{"Tahmini okuma s\u00fcresi":"2 dakika"},"schema":{"@context":"https:\/\/schema.org","@graph":[{"@type":"WebPage","@id":"https:\/\/www.stoneplusturkiye.com\/shop\/urun\/kestane-cami-mihrabi\/","url":"https:\/\/www.stoneplusturkiye.com\/shop\/urun\/kestane-cami-mihrabi\/","name":"Kestane Cami Mihrab\u0131 - Stoneplus Ah\u015fap \u00dcr\u00fcnleri","isPartOf":{"@id":"https:\/\/www.stoneplusturkiye.com\/shop\/#website"},"primaryImageOfPage":{"@id":"https:\/\/www.stoneplusturkiye.com\/shop\/urun\/kestane-cami-mihrabi\/#primaryimage"},"image":{"@id":"https:\/\/www.stoneplusturkiye.com\/shop\/urun\/kestane-cami-mihrabi\/#primaryimage"},"thumbnailUrl":"https:\/\/www.stoneplusturkiye.com\/shop\/wp-content\/uploads\/2024\/12\/1-3-1.webp","datePublished":"2024-12-22T17:45:42+00:00","dateModified":"2025-05-03T14:41:48+00:00","breadcrumb":{"@id":"https:\/\/www.stoneplusturkiye.com\/shop\/urun\/kestane-cami-mihrabi\/#breadcrumb"},"inLanguage":"tr","potentialAction":[{"@type":"ReadAction","target":["https:\/\/www.stoneplusturkiye.com\/shop\/urun\/kestane-cami-mihrabi\/"]}]},{"@type":"ImageObject","inLanguage":"tr","@id":"https:\/\/www.stoneplusturkiye.com\/shop\/urun\/kestane-cami-mihrabi\/#primaryimage","url":"https:\/\/www.stoneplusturkiye.com\/shop\/wp-content\/uploads\/2024\/12\/1-3-1.webp","contentUrl":"https:\/\/www.stoneplusturkiye.com\/shop\/wp-content\/uploads\/2024\/12\/1-3-1.webp","width":1000,"height":1100,"caption":"Kestane a\u011fac\u0131 mihrap uygulamas\u0131"},{"@type":"BreadcrumbList","@id":"https:\/\/www.stoneplusturkiye.com\/shop\/urun\/kestane-cami-mihrabi\/#breadcrumb","itemListElement":[{"@type":"ListItem","position":1,"name":"Home","item":"https:\/\/www.stoneplusturkiye.com\/shop\/"},{"@type":"ListItem","position":2,"name":"Ma\u011faza","item":"https:\/\/www.stoneplusturkiye.com\/shop\/magaza\/"},{"@type":"ListItem","position":3,"name":"Kestane Cami Mihrab\u0131"}]},{"@type":"WebSite","@id":"https:\/\/www.stoneplusturkiye.com\/shop\/#website","url":"https:\/\/www.stoneplusturkiye.com\/shop\/","name":"Stoneplus Ah\u015fap \u00dcr\u00fcnleri","description":"Stonewood Ah\u015fap \u00c7\u00f6z\u00fcmleri","publisher":{"@id":"https:\/\/www.stoneplusturkiye.com\/shop\/#organization"},"potentialAction":[{"@type":"SearchAction","target":{"@type":"EntryPoint","urlTemplate":"https:\/\/www.stoneplusturkiye.com\/shop\/?s={search_term_string}"},"query-input":{"@type":"PropertyValueSpecification","valueRequired":true,"valueName":"search_term_string"}}],"inLanguage":"tr"},{"@type":"Organization","@id":"https:\/\/www.stoneplusturkiye.com\/shop\/#organization","name":"Stoneplus \u0130n\u015faat Yap\u0131 Ah\u015fap \u00dcr\u00fcnleri","url":"https:\/\/www.stoneplusturkiye.com\/shop\/","logo":{"@type":"ImageObject","inLanguage":"tr","@id":"https:\/\/www.stoneplusturkiye.com\/shop\/#\/schema\/logo\/image\/","url":"https:\/\/www.stoneplusturkiye.com\/shop\/wp-content\/uploads\/2025\/02\/stoneplus2.png","contentUrl":"https:\/\/www.stoneplusturkiye.com\/shop\/wp-content\/uploads\/2025\/02\/stoneplus2.png","width":1000,"height":1000,"caption":"Stoneplus \u0130n\u015faat Yap\u0131 Ah\u015fap \u00dcr\u00fcnleri"},"image":{"@id":"https:\/\/www.stoneplusturkiye.com\/shop\/#\/schema\/logo\/image\/"},"sameAs":["https:\/\/www.facebook.com\/stoneplusturkiye\/"],"description":"Stoneplus in\u015faat yap\u0131 ah\u015fap \u00fcr\u00fcnleri","email":"bilgi@stoneplusturkiye.com","telephone":"08504950590","legalName":"Stoneplus \u0130n\u015f. Yap\u0131 Ah\u015fap \u00dcr\u00fcnleri","taxID":"7810871242","numberOfEmployees":{"@type":"QuantitativeValue","minValue":"1","maxValue":"10"}}]}},"_links":{"self":[{"href":"https:\/\/www.stoneplusturkiye.com\/shop\/wp-json\/wp\/v2\/product\/9326","targetHints":{"allow":["GET"]}}],"collection":[{"href":"https:\/\/www.stoneplusturkiye.com\/shop\/wp-json\/wp\/v2\/product"}],"about":[{"href":"https:\/\/www.stoneplusturkiye.com\/shop\/wp-json\/wp\/v2\/types\/product"}],"replies":[{"embeddable":true,"href":"https:\/\/www.stoneplusturkiye.com\/shop\/wp-json\/wp\/v2\/comments?post=9326"}],"version-history":[{"count":1,"href":"https:\/\/www.stoneplusturkiye.com\/shop\/wp-json\/wp\/v2\/product\/9326\/revisions"}],"predecessor-version":[{"id":9330,"href":"https:\/\/www.stoneplusturkiye.com\/shop\/wp-json\/wp\/v2\/product\/9326\/revisions\/9330"}],"wp:featuredmedia":[{"embeddable":true,"href":"https:\/\/www.stoneplusturkiye.com\/shop\/wp-json\/wp\/v2\/media\/9327"}],"wp:attachment":[{"href":"https:\/\/www.stoneplusturkiye.com\/shop\/wp-json\/wp\/v2\/media?parent=9326"}],"wp:term":[{"taxonomy":"product_brand","embeddable":true,"href":"https:\/\/www.stoneplusturkiye.com\/shop\/wp-json\/wp\/v2\/product_brand?post=9326"},{"taxonomy":"product_cat","embeddable":true,"href":"https:\/\/www.stoneplusturkiye.com\/shop\/wp-json\/wp\/v2\/product_cat?post=9326"},{"taxonomy":"product_tag","embeddable":true,"href":"https:\/\/www.stoneplusturkiye.com\/shop\/wp-json\/wp\/v2\/product_tag?post=9326"}],"curies":[{"name":"wp","href":"https:\/\/api.w.org\/{rel}","templated":true}]}}