{"id":9238,"date":"2024-12-20T10:52:25","date_gmt":"2024-12-20T07:52:25","guid":{"rendered":"https:\/\/www.stoneplusturkiye.com\/shop\/?post_type=product&#038;p=9238"},"modified":"2025-04-19T17:49:56","modified_gmt":"2025-04-19T14:49:56","slug":"celik-ahsap-basamakli-merdiven","status":"publish","type":"product","link":"https:\/\/www.stoneplusturkiye.com\/shop\/urun\/celik-ahsap-basamakli-merdiven\/","title":{"rendered":"\u00c7elik Ah\u015fap Basamakl\u0131 Merdiven"},"content":{"rendered":"\t\t<div data-elementor-type=\"wp-post\" data-elementor-id=\"9238\" class=\"elementor elementor-9238\">\n\t\t\t\t<div class=\"wd-negative-gap elementor-element elementor-element-fb207a7 e-flex e-con-boxed e-con e-parent\" data-id=\"fb207a7\" data-element_type=\"container\" data-e-type=\"container\">\n\t\t\t\t\t<div class=\"e-con-inner\">\n\t\t\t\t<div class=\"elementor-element elementor-element-9b3a067 wd-width-100 elementor-widget elementor-widget-wd_portfolio\" data-id=\"9b3a067\" data-element_type=\"widget\" data-e-type=\"widget\" data-widget_type=\"wd_portfolio.default\">\n\t\t\t\t<div class=\"elementor-widget-container\">\n\t\t\t\t\t\t\t\t\t\t\t\t\t\t<div class=\"wd-portfolio-element\">\n\n\t\t\t\t\t\n\t\t\t\t\t<div class=\"wd-projects wd-masonry wd-grid-f-col\" data-atts=\"{&quot;posts_per_page&quot;:&quot;&quot;,&quot;filters&quot;:&quot;0&quot;,&quot;filters_type&quot;:null,&quot;categories&quot;:&quot;&quot;,&quot;style&quot;:&quot;inherit&quot;,&quot;columns&quot;:4,&quot;columns_tablet&quot;:{&quot;size&quot;:&quot;&quot;},&quot;columns_mobile&quot;:{&quot;size&quot;:&quot;&quot;},&quot;spacing&quot;:&quot;&quot;,&quot;spacing_tablet&quot;:&quot;&quot;,&quot;spacing_mobile&quot;:&quot;&quot;,&quot;pagination&quot;:&quot;&quot;,&quot;ajax_page&quot;:&quot;&quot;,&quot;orderby&quot;:&quot;&quot;,&quot;order&quot;:&quot;&quot;,&quot;layout&quot;:&quot;grid&quot;,&quot;lazy_loading&quot;:&quot;no&quot;,&quot;elementor&quot;:true,&quot;custom_sizes&quot;:false,&quot;image_size&quot;:&quot;large&quot;,&quot;speed&quot;:null,&quot;slides_per_view&quot;:null,&quot;slides_per_view_tablet&quot;:{&quot;size&quot;:&quot;&quot;},&quot;slides_per_view_mobile&quot;:{&quot;size&quot;:&quot;&quot;},&quot;wrap&quot;:null,&quot;autoplay&quot;:null,&quot;hide_pagination_control&quot;:null,&quot;hide_prev_next_buttons&quot;:null,&quot;scroll_per_page&quot;:null,&quot;scroll_carousel_init&quot;:null}\" data-source=\"shortcode\" data-paged=\"1\" style=\"--wd-col-lg:4;--wd-col-md:4;--wd-col-sm:1;--wd-gap-lg:0px;\">\n\t\t\t\n\t\t\t\t\t\t\t\t\t\t\t\n<article id=\"post-1520\" class=\"wd-project portfolio-entry wd-col masonry-item portfolio-hover post-1520 portfolio type-portfolio status-publish has-post-thumbnail hentry\">\n\t<header class=\"entry-header\">\n\t\t\t\t\t<figure class=\"entry-thumbnail color-scheme-light\">\n\t\t\t\t<a href=\"https:\/\/www.stoneplusturkiye.com\/shop\/portfolio\/wood-works\/\" class=\"portfolio-thumbnail\">\n\t\t\t\t\t<img fetchpriority=\"high\" decoding=\"async\" width=\"1000\" height=\"707\" src=\"https:\/\/www.stoneplusturkiye.com\/shop\/wp-content\/uploads\/2024\/01\/9-3.jpg\" class=\"attachment-large size-large\" alt=\"\" srcset=\"https:\/\/www.stoneplusturkiye.com\/shop\/wp-content\/uploads\/2024\/01\/9-3.jpg 1000w, https:\/\/www.stoneplusturkiye.com\/shop\/wp-content\/uploads\/2024\/01\/9-3-116x82.jpg 116w, https:\/\/www.stoneplusturkiye.com\/shop\/wp-content\/uploads\/2024\/01\/9-3-300x212.jpg 300w, https:\/\/www.stoneplusturkiye.com\/shop\/wp-content\/uploads\/2024\/01\/9-3-768x543.jpg 768w\" sizes=\"(max-width: 1000px) 100vw, 1000px\" \/>\t\t\t\t<\/a>\n\t\t\t\t<div class=\"wd-portfolio-btns\">\n\t\t\t\t\t<div class=\"portfolio-enlarge wd-action-btn wd-style-icon wd-enlarge-icon\">\n\t\t\t\t\t\t<a href=\"https:\/\/www.stoneplusturkiye.com\/shop\/wp-content\/uploads\/2024\/01\/9-3.jpg\" data-elementor-open-lightbox=\"no\">B\u00fcy\u00fck G\u00f6r\u00fcnt\u00fcle<\/a>\n\t\t\t\t\t<\/div>\n\t\t\t\t\t\t\t\t\t\t\t<div class=\"social-icons-wrapper wd-action-btn wd-style-icon wd-share-icon wd-tltp\">\n\t\t\t\t\t\t\t<a><\/a>\n\t\t\t\t\t\t\t<div class=\"tooltip left\">\n\t\t\t\t\t\t\t\t<div class=\"tooltip-arrow\"><\/div>\n\t\t\t\t\t\t\t\t<div class=\"tooltip-inner\">\n\t\t\t\t\t\t\t\t\t\t\t\t<div id=\"\" class=\" wd-social-icons wd-style-default wd-size-small social-share wd-shape-circle color-scheme-light text-center\">\n\t\t\t\t\n\t\t\t\t\n\t\t\t\t\t\t\t\t\t<a rel=\"noopener noreferrer nofollow\" href=\"https:\/\/www.facebook.com\/sharer\/sharer.php?u=https:\/\/www.stoneplusturkiye.com\/shop\/portfolio\/wood-works\/\" target=\"_blank\" class=\" wd-social-icon social-facebook\" aria-label=\"Facebook sosyal ba\u011flant\u0131s\u0131\">\n\t\t\t\t\t\t<span class=\"wd-icon\"><\/span>\n\t\t\t\t\t\t\t\t\t\t\t<\/a>\n\t\t\t\t\n\t\t\t\t\t\t\t\t\t<a rel=\"noopener noreferrer nofollow\" href=\"https:\/\/x.com\/share?url=https:\/\/www.stoneplusturkiye.com\/shop\/portfolio\/wood-works\/\" target=\"_blank\" class=\" wd-social-icon social-twitter\" aria-label=\"X social link\">\n\t\t\t\t\t\t<span class=\"wd-icon\"><\/span>\n\t\t\t\t\t\t\t\t\t\t\t<\/a>\n\t\t\t\t\n\t\t\t\t\n\t\t\t\t\n\t\t\t\t\n\t\t\t\t\n\t\t\t\t\n\t\t\t\t\t\t\t\t\t<a rel=\"noopener noreferrer nofollow\" href=\"https:\/\/pinterest.com\/pin\/create\/button\/?url=https:\/\/www.stoneplusturkiye.com\/shop\/portfolio\/wood-works\/&media=https:\/\/www.stoneplusturkiye.com\/shop\/wp-content\/uploads\/2024\/01\/9-3.jpg&description=Wood+Works\" target=\"_blank\" class=\" wd-social-icon social-pinterest\" aria-label=\"Pinterest sosyal ba\u011flant\u0131s\u0131\">\n\t\t\t\t\t\t<span class=\"wd-icon\"><\/span>\n\t\t\t\t\t\t\t\t\t\t\t<\/a>\n\t\t\t\t\n\t\t\t\t\n\t\t\t\t\t\t\t\t\t<a rel=\"noopener noreferrer nofollow\" href=\"https:\/\/www.linkedin.com\/shareArticle?mini=true&url=https:\/\/www.stoneplusturkiye.com\/shop\/portfolio\/wood-works\/\" target=\"_blank\" class=\" wd-social-icon social-linkedin\" aria-label=\"Linkedin sosyal ba\u011flant\u0131s\u0131\">\n\t\t\t\t\t\t<span class=\"wd-icon\"><\/span>\n\t\t\t\t\t\t\t\t\t\t\t<\/a>\n\t\t\t\t\n\t\t\t\t\n\t\t\t\t\n\t\t\t\t\n\t\t\t\t\n\t\t\t\t\n\t\t\t\t\n\t\t\t\t\n\t\t\t\t\n\t\t\t\t\n\t\t\t\t\n\t\t\t\t\n\t\t\t\t\n\t\t\t\t\n\t\t\t\t\n\t\t\t\t\n\t\t\t\t\n\t\t\t\t\n\t\t\t<\/div>\n\n\t\t\t\t\t\t\t\t\t\t<\/div>\n\t\t\t\t\t\t\t<\/div>\n\t\t\t\t\t\t<\/div>\n\t\t\t\t\t\t\t\t\t<\/div>\n\t\t\t<\/figure>\n\t\t\n\t\t<div class=\"portfolio-info color-scheme-light\">\n\t\t\t\n\t\t\t<div class=\"wrap-title\">\n\t\t\t\t<h3 class=\"wd-entities-title\">\n\t\t\t\t\t<a href=\"https:\/\/www.stoneplusturkiye.com\/shop\/portfolio\/wood-works\/\" rel=\"bookmark\">Wood Works<\/a>\n\t\t\t\t<\/h3>\n\t\t\t<\/div>\n\t\t<\/div>\n\t<\/header>\n<\/article>\n\t\t\t\n\t\t\t\t\t\t\t\t<\/div>\n\n\t\t\t\t\t\t\t\t\t<\/div>\n\t\t\t\n\t\t\t\t\t\t\t\t<\/div>\n\t\t\t\t<\/div>\n\t\t\t\t\t<\/div>\n\t\t\t\t<\/div>\n\t\t\t\t<\/div>\n\t\t","protected":false},"excerpt":{"rendered":"<p>Stoneplus\u00a0 Deluxe Spiral Merdiven Tak\u0131m\u0131 (1200 mm), orijinaline benzer sa\u011flam kay\u0131n basamaklar\u0131 ve g\u00fc\u00e7l\u00fc bir \u00e7elik iskelete sahiptir, ancak siyah plastik korkulu\u011fu g\u00fczel bir sa\u011flam kay\u0131n korkulu\u011fuyla de\u011fi\u015ftirir. T\u00fcm Stoneshop \u00fcr\u00fcnlerinde hem metal i\u015f\u00e7ili\u011fi hem de ah\u015fap i\u015f\u00e7ili\u011fi i\u00e7in renk se\u00e7ene\u011fi mevcuttur.<\/p>\n","protected":false},"featured_media":9239,"comment_status":"open","ping_status":"closed","template":"","meta":[],"product_brand":[],"product_cat":[90,89],"product_tag":[93,161,91,92,94],"class_list":{"0":"post-9238","1":"product","2":"type-product","3":"status-publish","4":"has-post-thumbnail","6":"product_cat-hazir-doner-merdivenler","7":"product_cat-merdiven-fiyatlari","8":"product_tag-ahsap-basamakli-metal-merdiven","9":"product_tag-celik-ahsap-basamakli-merdiven","10":"product_tag-hazir-doner-merdiven","11":"product_tag-hazir-doner-merdiven-fiyatlari","12":"product_tag-metal-merdiven-fiyatlari","14":"first","15":"instock","16":"shipping-taxable","17":"purchasable","18":"product-type-simple"},"yoast_head":"<!-- This site is optimized with the Yoast SEO Premium plugin v24.8 (Yoast SEO v27.4) - https:\/\/yoast.com\/product\/yoast-seo-premium-wordpress\/ -->\n<title>\u00c7elik Ah\u015fap Basamakl\u0131 Merdiven - Stoneplus Ah\u015fap \u00dcr\u00fcnleri<\/title>\n<meta name=\"description\" content=\"\u00c7elik Ah\u015fap Basamakl\u0131 Merdiven, merdiven tasar\u0131mlar\u0131, \u00f6l\u00e7\u00fcye g\u00f6re haz\u0131r merdiven, merdiven fiyatlar\u0131 ve ucuz merdiven tasar\u0131mlar\u0131,\" \/>\n<meta name=\"robots\" content=\"index, follow, max-snippet:-1, max-image-preview:large, max-video-preview:-1\" \/>\n<link rel=\"canonical\" href=\"https:\/\/www.stoneplusturkiye.com\/shop\/urun\/celik-ahsap-basamakli-merdiven\/\" \/>\n<meta property=\"og:locale\" content=\"tr_TR\" \/>\n<meta property=\"og:type\" content=\"article\" \/>\n<meta property=\"og:title\" content=\"\u00c7elik Ah\u015fap Basamakl\u0131 Merdiven\" \/>\n<meta property=\"og:description\" content=\"\u00c7elik Ah\u015fap Basamakl\u0131 Merdiven, merdiven tasar\u0131mlar\u0131, \u00f6l\u00e7\u00fcye g\u00f6re haz\u0131r merdiven, merdiven fiyatlar\u0131 ve ucuz merdiven tasar\u0131mlar\u0131,\" \/>\n<meta property=\"og:url\" content=\"https:\/\/www.stoneplusturkiye.com\/shop\/urun\/celik-ahsap-basamakli-merdiven\/\" \/>\n<meta property=\"og:site_name\" content=\"Stoneplus Ah\u015fap \u00dcr\u00fcnleri\" \/>\n<meta property=\"article:publisher\" content=\"https:\/\/www.facebook.com\/stoneplusturkiye\/\" \/>\n<meta property=\"article:modified_time\" content=\"2025-04-19T14:49:56+00:00\" \/>\n<meta property=\"og:image\" content=\"https:\/\/www.stoneplusturkiye.com\/shop\/wp-content\/uploads\/2024\/12\/stoneplus.jpg\" \/>\n\t<meta property=\"og:image:width\" content=\"1000\" \/>\n\t<meta property=\"og:image:height\" content=\"1100\" \/>\n\t<meta property=\"og:image:type\" content=\"image\/jpeg\" \/>\n<meta name=\"twitter:card\" content=\"summary_large_image\" \/>\n<meta name=\"twitter:label1\" content=\"Tahmini okuma s\u00fcresi\" \/>\n\t<meta name=\"twitter:data1\" content=\"1 dakika\" \/>\n<script type=\"application\/ld+json\" class=\"yoast-schema-graph\">{\"@context\":\"https:\\\/\\\/schema.org\",\"@graph\":[{\"@type\":\"WebPage\",\"@id\":\"https:\\\/\\\/www.stoneplusturkiye.com\\\/shop\\\/urun\\\/celik-ahsap-basamakli-merdiven\\\/\",\"url\":\"https:\\\/\\\/www.stoneplusturkiye.com\\\/shop\\\/urun\\\/celik-ahsap-basamakli-merdiven\\\/\",\"name\":\"\u00c7elik Ah\u015fap Basamakl\u0131 Merdiven - Stoneplus Ah\u015fap \u00dcr\u00fcnleri\",\"isPartOf\":{\"@id\":\"https:\\\/\\\/www.stoneplusturkiye.com\\\/shop\\\/#website\"},\"primaryImageOfPage\":{\"@id\":\"https:\\\/\\\/www.stoneplusturkiye.com\\\/shop\\\/urun\\\/celik-ahsap-basamakli-merdiven\\\/#primaryimage\"},\"image\":{\"@id\":\"https:\\\/\\\/www.stoneplusturkiye.com\\\/shop\\\/urun\\\/celik-ahsap-basamakli-merdiven\\\/#primaryimage\"},\"thumbnailUrl\":\"https:\\\/\\\/www.stoneplusturkiye.com\\\/shop\\\/wp-content\\\/uploads\\\/2024\\\/12\\\/stoneplus.jpg\",\"datePublished\":\"2024-12-20T07:52:25+00:00\",\"dateModified\":\"2025-04-19T14:49:56+00:00\",\"description\":\"\u00c7elik Ah\u015fap Basamakl\u0131 Merdiven, merdiven tasar\u0131mlar\u0131, \u00f6l\u00e7\u00fcye g\u00f6re haz\u0131r merdiven, merdiven fiyatlar\u0131 ve ucuz merdiven tasar\u0131mlar\u0131,\",\"breadcrumb\":{\"@id\":\"https:\\\/\\\/www.stoneplusturkiye.com\\\/shop\\\/urun\\\/celik-ahsap-basamakli-merdiven\\\/#breadcrumb\"},\"inLanguage\":\"tr\",\"potentialAction\":[{\"@type\":\"ReadAction\",\"target\":[\"https:\\\/\\\/www.stoneplusturkiye.com\\\/shop\\\/urun\\\/celik-ahsap-basamakli-merdiven\\\/\"]}]},{\"@type\":\"ImageObject\",\"inLanguage\":\"tr\",\"@id\":\"https:\\\/\\\/www.stoneplusturkiye.com\\\/shop\\\/urun\\\/celik-ahsap-basamakli-merdiven\\\/#primaryimage\",\"url\":\"https:\\\/\\\/www.stoneplusturkiye.com\\\/shop\\\/wp-content\\\/uploads\\\/2024\\\/12\\\/stoneplus.jpg\",\"contentUrl\":\"https:\\\/\\\/www.stoneplusturkiye.com\\\/shop\\\/wp-content\\\/uploads\\\/2024\\\/12\\\/stoneplus.jpg\",\"width\":1000,\"height\":1100,\"caption\":\"\u00c7elik Ah\u015fap Basamakl\u0131 Merdiven\"},{\"@type\":\"BreadcrumbList\",\"@id\":\"https:\\\/\\\/www.stoneplusturkiye.com\\\/shop\\\/urun\\\/celik-ahsap-basamakli-merdiven\\\/#breadcrumb\",\"itemListElement\":[{\"@type\":\"ListItem\",\"position\":1,\"name\":\"Home\",\"item\":\"https:\\\/\\\/www.stoneplusturkiye.com\\\/shop\\\/\"},{\"@type\":\"ListItem\",\"position\":2,\"name\":\"Ma\u011faza\",\"item\":\"https:\\\/\\\/www.stoneplusturkiye.com\\\/shop\\\/magaza\\\/\"},{\"@type\":\"ListItem\",\"position\":3,\"name\":\"\u00c7elik Ah\u015fap Basamakl\u0131 Merdiven\"}]},{\"@type\":\"WebSite\",\"@id\":\"https:\\\/\\\/www.stoneplusturkiye.com\\\/shop\\\/#website\",\"url\":\"https:\\\/\\\/www.stoneplusturkiye.com\\\/shop\\\/\",\"name\":\"Stoneplus Ah\u015fap \u00dcr\u00fcnleri\",\"description\":\"Stonewood Ah\u015fap \u00c7\u00f6z\u00fcmleri\",\"publisher\":{\"@id\":\"https:\\\/\\\/www.stoneplusturkiye.com\\\/shop\\\/#organization\"},\"potentialAction\":[{\"@type\":\"SearchAction\",\"target\":{\"@type\":\"EntryPoint\",\"urlTemplate\":\"https:\\\/\\\/www.stoneplusturkiye.com\\\/shop\\\/?s={search_term_string}\"},\"query-input\":{\"@type\":\"PropertyValueSpecification\",\"valueRequired\":true,\"valueName\":\"search_term_string\"}}],\"inLanguage\":\"tr\"},{\"@type\":\"Organization\",\"@id\":\"https:\\\/\\\/www.stoneplusturkiye.com\\\/shop\\\/#organization\",\"name\":\"Stoneplus \u0130n\u015faat Yap\u0131 Ah\u015fap \u00dcr\u00fcnleri\",\"url\":\"https:\\\/\\\/www.stoneplusturkiye.com\\\/shop\\\/\",\"logo\":{\"@type\":\"ImageObject\",\"inLanguage\":\"tr\",\"@id\":\"https:\\\/\\\/www.stoneplusturkiye.com\\\/shop\\\/#\\\/schema\\\/logo\\\/image\\\/\",\"url\":\"https:\\\/\\\/www.stoneplusturkiye.com\\\/shop\\\/wp-content\\\/uploads\\\/2025\\\/02\\\/stoneplus2.png\",\"contentUrl\":\"https:\\\/\\\/www.stoneplusturkiye.com\\\/shop\\\/wp-content\\\/uploads\\\/2025\\\/02\\\/stoneplus2.png\",\"width\":1000,\"height\":1000,\"caption\":\"Stoneplus \u0130n\u015faat Yap\u0131 Ah\u015fap \u00dcr\u00fcnleri\"},\"image\":{\"@id\":\"https:\\\/\\\/www.stoneplusturkiye.com\\\/shop\\\/#\\\/schema\\\/logo\\\/image\\\/\"},\"sameAs\":[\"https:\\\/\\\/www.facebook.com\\\/stoneplusturkiye\\\/\"],\"description\":\"Stoneplus in\u015faat yap\u0131 ah\u015fap \u00fcr\u00fcnleri\",\"email\":\"bilgi@stoneplusturkiye.com\",\"telephone\":\"08504950590\",\"legalName\":\"Stoneplus \u0130n\u015f. Yap\u0131 Ah\u015fap \u00dcr\u00fcnleri\",\"taxID\":\"7810871242\",\"numberOfEmployees\":{\"@type\":\"QuantitativeValue\",\"minValue\":\"1\",\"maxValue\":\"10\"}}]}<\/script>\n<!-- \/ Yoast SEO Premium plugin. -->","yoast_head_json":{"title":"\u00c7elik Ah\u015fap Basamakl\u0131 Merdiven - Stoneplus Ah\u015fap \u00dcr\u00fcnleri","description":"\u00c7elik Ah\u015fap Basamakl\u0131 Merdiven, merdiven tasar\u0131mlar\u0131, \u00f6l\u00e7\u00fcye g\u00f6re haz\u0131r merdiven, merdiven fiyatlar\u0131 ve ucuz merdiven tasar\u0131mlar\u0131,","robots":{"index":"index","follow":"follow","max-snippet":"max-snippet:-1","max-image-preview":"max-image-preview:large","max-video-preview":"max-video-preview:-1"},"canonical":"https:\/\/www.stoneplusturkiye.com\/shop\/urun\/celik-ahsap-basamakli-merdiven\/","og_locale":"tr_TR","og_type":"article","og_title":"\u00c7elik Ah\u015fap Basamakl\u0131 Merdiven","og_description":"\u00c7elik Ah\u015fap Basamakl\u0131 Merdiven, merdiven tasar\u0131mlar\u0131, \u00f6l\u00e7\u00fcye g\u00f6re haz\u0131r merdiven, merdiven fiyatlar\u0131 ve ucuz merdiven tasar\u0131mlar\u0131,","og_url":"https:\/\/www.stoneplusturkiye.com\/shop\/urun\/celik-ahsap-basamakli-merdiven\/","og_site_name":"Stoneplus Ah\u015fap \u00dcr\u00fcnleri","article_publisher":"https:\/\/www.facebook.com\/stoneplusturkiye\/","article_modified_time":"2025-04-19T14:49:56+00:00","og_image":[{"width":1000,"height":1100,"url":"https:\/\/www.stoneplusturkiye.com\/shop\/wp-content\/uploads\/2024\/12\/stoneplus.jpg","type":"image\/jpeg"}],"twitter_card":"summary_large_image","twitter_misc":{"Tahmini okuma s\u00fcresi":"1 dakika"},"schema":{"@context":"https:\/\/schema.org","@graph":[{"@type":"WebPage","@id":"https:\/\/www.stoneplusturkiye.com\/shop\/urun\/celik-ahsap-basamakli-merdiven\/","url":"https:\/\/www.stoneplusturkiye.com\/shop\/urun\/celik-ahsap-basamakli-merdiven\/","name":"\u00c7elik Ah\u015fap Basamakl\u0131 Merdiven - Stoneplus Ah\u015fap \u00dcr\u00fcnleri","isPartOf":{"@id":"https:\/\/www.stoneplusturkiye.com\/shop\/#website"},"primaryImageOfPage":{"@id":"https:\/\/www.stoneplusturkiye.com\/shop\/urun\/celik-ahsap-basamakli-merdiven\/#primaryimage"},"image":{"@id":"https:\/\/www.stoneplusturkiye.com\/shop\/urun\/celik-ahsap-basamakli-merdiven\/#primaryimage"},"thumbnailUrl":"https:\/\/www.stoneplusturkiye.com\/shop\/wp-content\/uploads\/2024\/12\/stoneplus.jpg","datePublished":"2024-12-20T07:52:25+00:00","dateModified":"2025-04-19T14:49:56+00:00","description":"\u00c7elik Ah\u015fap Basamakl\u0131 Merdiven, merdiven tasar\u0131mlar\u0131, \u00f6l\u00e7\u00fcye g\u00f6re haz\u0131r merdiven, merdiven fiyatlar\u0131 ve ucuz merdiven tasar\u0131mlar\u0131,","breadcrumb":{"@id":"https:\/\/www.stoneplusturkiye.com\/shop\/urun\/celik-ahsap-basamakli-merdiven\/#breadcrumb"},"inLanguage":"tr","potentialAction":[{"@type":"ReadAction","target":["https:\/\/www.stoneplusturkiye.com\/shop\/urun\/celik-ahsap-basamakli-merdiven\/"]}]},{"@type":"ImageObject","inLanguage":"tr","@id":"https:\/\/www.stoneplusturkiye.com\/shop\/urun\/celik-ahsap-basamakli-merdiven\/#primaryimage","url":"https:\/\/www.stoneplusturkiye.com\/shop\/wp-content\/uploads\/2024\/12\/stoneplus.jpg","contentUrl":"https:\/\/www.stoneplusturkiye.com\/shop\/wp-content\/uploads\/2024\/12\/stoneplus.jpg","width":1000,"height":1100,"caption":"\u00c7elik Ah\u015fap Basamakl\u0131 Merdiven"},{"@type":"BreadcrumbList","@id":"https:\/\/www.stoneplusturkiye.com\/shop\/urun\/celik-ahsap-basamakli-merdiven\/#breadcrumb","itemListElement":[{"@type":"ListItem","position":1,"name":"Home","item":"https:\/\/www.stoneplusturkiye.com\/shop\/"},{"@type":"ListItem","position":2,"name":"Ma\u011faza","item":"https:\/\/www.stoneplusturkiye.com\/shop\/magaza\/"},{"@type":"ListItem","position":3,"name":"\u00c7elik Ah\u015fap Basamakl\u0131 Merdiven"}]},{"@type":"WebSite","@id":"https:\/\/www.stoneplusturkiye.com\/shop\/#website","url":"https:\/\/www.stoneplusturkiye.com\/shop\/","name":"Stoneplus Ah\u015fap \u00dcr\u00fcnleri","description":"Stonewood Ah\u015fap \u00c7\u00f6z\u00fcmleri","publisher":{"@id":"https:\/\/www.stoneplusturkiye.com\/shop\/#organization"},"potentialAction":[{"@type":"SearchAction","target":{"@type":"EntryPoint","urlTemplate":"https:\/\/www.stoneplusturkiye.com\/shop\/?s={search_term_string}"},"query-input":{"@type":"PropertyValueSpecification","valueRequired":true,"valueName":"search_term_string"}}],"inLanguage":"tr"},{"@type":"Organization","@id":"https:\/\/www.stoneplusturkiye.com\/shop\/#organization","name":"Stoneplus \u0130n\u015faat Yap\u0131 Ah\u015fap \u00dcr\u00fcnleri","url":"https:\/\/www.stoneplusturkiye.com\/shop\/","logo":{"@type":"ImageObject","inLanguage":"tr","@id":"https:\/\/www.stoneplusturkiye.com\/shop\/#\/schema\/logo\/image\/","url":"https:\/\/www.stoneplusturkiye.com\/shop\/wp-content\/uploads\/2025\/02\/stoneplus2.png","contentUrl":"https:\/\/www.stoneplusturkiye.com\/shop\/wp-content\/uploads\/2025\/02\/stoneplus2.png","width":1000,"height":1000,"caption":"Stoneplus \u0130n\u015faat Yap\u0131 Ah\u015fap \u00dcr\u00fcnleri"},"image":{"@id":"https:\/\/www.stoneplusturkiye.com\/shop\/#\/schema\/logo\/image\/"},"sameAs":["https:\/\/www.facebook.com\/stoneplusturkiye\/"],"description":"Stoneplus in\u015faat yap\u0131 ah\u015fap \u00fcr\u00fcnleri","email":"bilgi@stoneplusturkiye.com","telephone":"08504950590","legalName":"Stoneplus \u0130n\u015f. Yap\u0131 Ah\u015fap \u00dcr\u00fcnleri","taxID":"7810871242","numberOfEmployees":{"@type":"QuantitativeValue","minValue":"1","maxValue":"10"}}]}},"_links":{"self":[{"href":"https:\/\/www.stoneplusturkiye.com\/shop\/wp-json\/wp\/v2\/product\/9238","targetHints":{"allow":["GET"]}}],"collection":[{"href":"https:\/\/www.stoneplusturkiye.com\/shop\/wp-json\/wp\/v2\/product"}],"about":[{"href":"https:\/\/www.stoneplusturkiye.com\/shop\/wp-json\/wp\/v2\/types\/product"}],"replies":[{"embeddable":true,"href":"https:\/\/www.stoneplusturkiye.com\/shop\/wp-json\/wp\/v2\/comments?post=9238"}],"version-history":[{"count":3,"href":"https:\/\/www.stoneplusturkiye.com\/shop\/wp-json\/wp\/v2\/product\/9238\/revisions"}],"predecessor-version":[{"id":9250,"href":"https:\/\/www.stoneplusturkiye.com\/shop\/wp-json\/wp\/v2\/product\/9238\/revisions\/9250"}],"wp:featuredmedia":[{"embeddable":true,"href":"https:\/\/www.stoneplusturkiye.com\/shop\/wp-json\/wp\/v2\/media\/9239"}],"wp:attachment":[{"href":"https:\/\/www.stoneplusturkiye.com\/shop\/wp-json\/wp\/v2\/media?parent=9238"}],"wp:term":[{"taxonomy":"product_brand","embeddable":true,"href":"https:\/\/www.stoneplusturkiye.com\/shop\/wp-json\/wp\/v2\/product_brand?post=9238"},{"taxonomy":"product_cat","embeddable":true,"href":"https:\/\/www.stoneplusturkiye.com\/shop\/wp-json\/wp\/v2\/product_cat?post=9238"},{"taxonomy":"product_tag","embeddable":true,"href":"https:\/\/www.stoneplusturkiye.com\/shop\/wp-json\/wp\/v2\/product_tag?post=9238"}],"curies":[{"name":"wp","href":"https:\/\/api.w.org\/{rel}","templated":true}]}}