{"id":9062,"date":"2024-12-19T21:25:04","date_gmt":"2024-12-19T18:25:04","guid":{"rendered":"https:\/\/www.stoneplusturkiye.com\/shop\/?post_type=product&#038;p=9062"},"modified":"2024-12-19T23:13:41","modified_gmt":"2024-12-19T20:13:41","slug":"lidya-ahsap-konsol-masif","status":"publish","type":"product","link":"https:\/\/www.stoneplusturkiye.com\/shop\/urun\/lidya-ahsap-konsol-masif\/","title":{"rendered":"Lidya Ah\u015fap Konsol Masif"},"content":{"rendered":"<div class=\"flex-1 overflow-hidden @container\/thread\">\n<div class=\"h-full\">\n<div class=\"react-scroll-to-bottom--css-ftfok-79elbk h-full\">\n<div class=\"react-scroll-to-bottom--css-ftfok-1n7m0yu\">\n<div class=\"flex flex-col text-sm md:pb-9\">\n<article class=\"w-full scroll-mb-[var(--thread-trailing-height,150px)] text-token-text-primary focus-visible:outline-2 focus-visible:outline-offset-[-4px]\" dir=\"auto\" data-testid=\"conversation-turn-3\" data-scroll-anchor=\"true\">\n<div class=\"m-auto text-base py-[18px] px-3 md:px-4 w-full md:px-5 lg:px-4 xl:px-5\">\n<div class=\"mx-auto flex flex-1 gap-4 text-base md:gap-5 lg:gap-6 md:max-w-3xl\">\n<div class=\"group\/conversation-turn relative flex w-full min-w-0 flex-col agent-turn\">\n<div class=\"flex-col gap-1 md:gap-3\">\n<div class=\"flex max-w-full flex-col flex-grow\">\n<div class=\"min-h-8 text-message flex w-full flex-col items-end gap-2 whitespace-normal break-words text-start [.text-message+&amp;]:mt-5\" dir=\"auto\" data-message-author-role=\"assistant\" data-message-id=\"7181c8e6-fee3-48f8-9d06-d50ee52e730e\" data-message-model-slug=\"gpt-4o-mini\">\n<div class=\"flex w-full flex-col gap-1 empty:hidden first:pt-[3px]\">\n<div class=\"markdown prose w-full break-words dark:prose-invert dark\">\n<p>Rustik telli dolaplar, genellikle do\u011fal ve rustik tarzda tasarlanm\u0131\u015f, metal tellerle desteklenen dolaplard\u0131r. Bu dolaplar, rustik tasar\u0131m anlay\u0131\u015f\u0131na sahip olan ve do\u011fall\u0131\u011f\u0131 vurgulayan i\u00e7 mekanlarda tercih edilir. Ah\u015fap ve metalin uyumlu kombinasyonu ile estetik a\u00e7\u0131dan \u015f\u0131k ve fonksiyonel bir g\u00f6r\u00fcn\u00fcm sunar. Rustik telli dolaplar, \u00f6zellikle mutfak, banyo veya salon gibi alanlarda, hem saklama alan\u0131 sa\u011flamak hem de dekoratif bir unsur olarak kullan\u0131labilir.<\/p>\n<p><strong>Rustik Telli Dolaplar\u0131n \u00d6zellikleri:<\/strong><\/p>\n<ol>\n<li><strong>Do\u011fal Ah\u015fap ve Metal Kombini<\/strong>: Genellikle do\u011fal ah\u015fap y\u00fczeyler ve metal tellerin birle\u015fimiyle tasarlan\u0131r. Bu kombinasyon, s\u0131cak bir atmosfer yarat\u0131rken dayan\u0131kl\u0131l\u0131\u011f\u0131 da art\u0131r\u0131r.<\/li>\n<li><strong>A\u00e7\u0131k Raflar ve Telli Kapaklar<\/strong>: Dolab\u0131n kapaklar\u0131, \u015feffaf metal tellerle kaplanm\u0131\u015f olabilir, bu da dolab\u0131n i\u00e7indekilerin g\u00f6r\u00fcnmesini sa\u011flar ve havadar bir izlenim b\u0131rak\u0131r.<\/li>\n<li><strong>Rustik Tarz<\/strong>: Ah\u015fap y\u00fczeylerin bazen biraz eskitilmi\u015f veya do\u011fal dokusu korunarak tasarlan\u0131r, b\u00f6ylece &#8220;vintage&#8221; veya &#8220;vintage-modern&#8221; bir hava yarat\u0131l\u0131r.<\/li>\n<li><strong>\u00c7e\u015fitli Boyutlar ve Kullan\u0131m Alanlar\u0131<\/strong>: Bu t\u00fcr dolaplar, mutfak, banyo, giri\u015f halleri gibi farkl\u0131 alanlarda kullan\u0131labilir. Rafl\u0131, \u00e7ekmeceli ya da ask\u0131l\u0131 sistemler i\u00e7erebilir.<\/li>\n<\/ol>\n<p>Rustik telli dolaplar, geleneksel ve modern tarzlar\u0131 harmanlayan bir tasar\u0131ma sahiptir ve ev dekorasyonunda farkl\u0131 alanlarda \u015f\u0131k bir \u00e7\u00f6z\u00fcm sunar.<\/p>\n<\/div>\n<\/div>\n<\/div>\n<\/div>\n<div class=\"mb-2 flex gap-3 empty:hidden -ml-2\">\n<div class=\"items-center justify-start rounded-xl p-1 flex\">\n<div class=\"flex items-center\"><\/div>\n<\/div>\n<\/div>\n<div class=\"pr-2 lg:pr-0\"><\/div>\n<div class=\"mt-3 w-full empty:hidden\">\n<div class=\"text-center\"><\/div>\n<\/div>\n<\/div>\n<div class=\"absolute\">\n<div class=\"flex items-center justify-center\"><\/div>\n<\/div>\n<\/div>\n<\/div>\n<\/div>\n<\/article>\n<\/div>\n<\/div>\n<\/div>\n<\/div>\n<\/div>\n<div class=\"md:pt-0 dark:border-white\/20 md:border-transparent md:dark:border-transparent w-full\">\n<div>\n<div class=\"m-auto text-base px-3 md:px-4 w-full md:px-5 lg:px-4 xl:px-5\">\n<div class=\"mx-auto flex flex-1 gap-4 text-base md:gap-5 lg:gap-6 md:max-w-3xl\">\n<div class=\"flex justify-center\"><\/div>\n<\/div>\n<\/div>\n<\/div>\n<\/div>\n","protected":false},"excerpt":{"rendered":"<p><strong>O\u0308lc\u0327u\u0308ler:<\/strong><\/p>\n<p>Genis\u0327lik: 81 cm Derinlik: 42 cm Yu\u0308kseklik: 56 cm<\/p>\n<p><strong>Malzeme:<\/strong><\/p>\n<p>%100 Masif C\u0327am Ag\u0306ac\u0131<\/p>\n<p><strong>Renk Sec\u0327enekleri:<\/strong><\/p>\n<p>Ac\u0327\u0131k Ceviz &#8211; Koyu Ceviz &#8211; Siyah<\/p>\n<p><strong>Dig\u0306er Bilgiler:<\/strong><\/p>\n<p>Dog\u0306al Kenarl\u0131 Yap\u0131ya Sahiptir. Tamamen El I\u0307s\u0327c\u0327ilig\u0306i Monte Halde Teslim Edilir, Kurulum Gerektirmez Uzun Y\u0131llar Kullan\u0131labilir ve Onar\u0131labilir Yap\u0131ya Sahiptir.<\/p>\n","protected":false},"featured_media":9063,"comment_status":"closed","ping_status":"closed","template":"","meta":[],"product_brand":[],"product_cat":[127,124],"product_tag":[126],"class_list":{"0":"post-9062","1":"product","2":"type-product","3":"status-publish","4":"has-post-thumbnail","6":"product_cat-ahsap-konsollar","7":"product_cat-opsiyonel-urunler","8":"product_tag-komidin","10":"first","11":"instock","12":"shipping-taxable","13":"purchasable","14":"product-type-simple"},"yoast_head":"<!-- This site is optimized with the Yoast SEO Premium plugin v24.8 (Yoast SEO v27.3) - https:\/\/yoast.com\/product\/yoast-seo-premium-wordpress\/ -->\n<title>Lidya Ah\u015fap Konsol Masif - Stoneplus Ah\u015fap \u00dcr\u00fcnleri<\/title>\n<meta name=\"robots\" content=\"index, follow, max-snippet:-1, max-image-preview:large, max-video-preview:-1\" \/>\n<link rel=\"canonical\" href=\"https:\/\/www.stoneplusturkiye.com\/shop\/urun\/lidya-ahsap-konsol-masif\/\" \/>\n<meta property=\"og:locale\" content=\"tr_TR\" \/>\n<meta property=\"og:type\" content=\"article\" \/>\n<meta property=\"og:title\" content=\"Lidya Ah\u015fap Konsol Masif\" \/>\n<meta property=\"og:description\" content=\"O\u0308lc\u0327u\u0308ler:  Genis\u0327lik: 81 cm Derinlik: 42 cm Yu\u0308kseklik: 56 cm  Malzeme:  %100 Masif C\u0327am Ag\u0306ac\u0131  Renk Sec\u0327enekleri:  Ac\u0327\u0131k Ceviz - Koyu Ceviz - Siyah  Dig\u0306er Bilgiler:  Dog\u0306al Kenarl\u0131 Yap\u0131ya Sahiptir. Tamamen El I\u0307s\u0327c\u0327ilig\u0306i Monte Halde Teslim Edilir, Kurulum Gerektirmez Uzun Y\u0131llar Kullan\u0131labilir ve Onar\u0131labilir Yap\u0131ya Sahiptir.\" \/>\n<meta property=\"og:url\" content=\"https:\/\/www.stoneplusturkiye.com\/shop\/urun\/lidya-ahsap-konsol-masif\/\" \/>\n<meta property=\"og:site_name\" content=\"Stoneplus Ah\u015fap \u00dcr\u00fcnleri\" \/>\n<meta property=\"article:publisher\" content=\"https:\/\/www.facebook.com\/stoneplusturkiye\/\" \/>\n<meta property=\"article:modified_time\" content=\"2024-12-19T20:13:41+00:00\" \/>\n<meta property=\"og:image\" content=\"https:\/\/www.stoneplusturkiye.com\/shop\/wp-content\/uploads\/2024\/12\/lidyaahsapkonsol.jpg\" \/>\n\t<meta property=\"og:image:width\" content=\"1000\" \/>\n\t<meta property=\"og:image:height\" content=\"1100\" \/>\n\t<meta property=\"og:image:type\" content=\"image\/jpeg\" \/>\n<meta name=\"twitter:card\" content=\"summary_large_image\" \/>\n<meta name=\"twitter:label1\" content=\"Tahmini okuma s\u00fcresi\" \/>\n\t<meta name=\"twitter:data1\" content=\"1 dakika\" \/>\n<script type=\"application\/ld+json\" class=\"yoast-schema-graph\">{\"@context\":\"https:\\\/\\\/schema.org\",\"@graph\":[{\"@type\":\"WebPage\",\"@id\":\"https:\\\/\\\/www.stoneplusturkiye.com\\\/shop\\\/urun\\\/lidya-ahsap-konsol-masif\\\/\",\"url\":\"https:\\\/\\\/www.stoneplusturkiye.com\\\/shop\\\/urun\\\/lidya-ahsap-konsol-masif\\\/\",\"name\":\"Lidya Ah\u015fap Konsol Masif - Stoneplus Ah\u015fap \u00dcr\u00fcnleri\",\"isPartOf\":{\"@id\":\"https:\\\/\\\/www.stoneplusturkiye.com\\\/shop\\\/#website\"},\"primaryImageOfPage\":{\"@id\":\"https:\\\/\\\/www.stoneplusturkiye.com\\\/shop\\\/urun\\\/lidya-ahsap-konsol-masif\\\/#primaryimage\"},\"image\":{\"@id\":\"https:\\\/\\\/www.stoneplusturkiye.com\\\/shop\\\/urun\\\/lidya-ahsap-konsol-masif\\\/#primaryimage\"},\"thumbnailUrl\":\"https:\\\/\\\/www.stoneplusturkiye.com\\\/shop\\\/wp-content\\\/uploads\\\/2024\\\/12\\\/lidyaahsapkonsol.jpg\",\"datePublished\":\"2024-12-19T18:25:04+00:00\",\"dateModified\":\"2024-12-19T20:13:41+00:00\",\"breadcrumb\":{\"@id\":\"https:\\\/\\\/www.stoneplusturkiye.com\\\/shop\\\/urun\\\/lidya-ahsap-konsol-masif\\\/#breadcrumb\"},\"inLanguage\":\"tr\",\"potentialAction\":[{\"@type\":\"ReadAction\",\"target\":[\"https:\\\/\\\/www.stoneplusturkiye.com\\\/shop\\\/urun\\\/lidya-ahsap-konsol-masif\\\/\"]}]},{\"@type\":\"ImageObject\",\"inLanguage\":\"tr\",\"@id\":\"https:\\\/\\\/www.stoneplusturkiye.com\\\/shop\\\/urun\\\/lidya-ahsap-konsol-masif\\\/#primaryimage\",\"url\":\"https:\\\/\\\/www.stoneplusturkiye.com\\\/shop\\\/wp-content\\\/uploads\\\/2024\\\/12\\\/lidyaahsapkonsol.jpg\",\"contentUrl\":\"https:\\\/\\\/www.stoneplusturkiye.com\\\/shop\\\/wp-content\\\/uploads\\\/2024\\\/12\\\/lidyaahsapkonsol.jpg\",\"width\":1000,\"height\":1100},{\"@type\":\"BreadcrumbList\",\"@id\":\"https:\\\/\\\/www.stoneplusturkiye.com\\\/shop\\\/urun\\\/lidya-ahsap-konsol-masif\\\/#breadcrumb\",\"itemListElement\":[{\"@type\":\"ListItem\",\"position\":1,\"name\":\"Home\",\"item\":\"https:\\\/\\\/www.stoneplusturkiye.com\\\/shop\\\/\"},{\"@type\":\"ListItem\",\"position\":2,\"name\":\"Ma\u011faza\",\"item\":\"https:\\\/\\\/www.stoneplusturkiye.com\\\/shop\\\/magaza\\\/\"},{\"@type\":\"ListItem\",\"position\":3,\"name\":\"Lidya Ah\u015fap Konsol Masif\"}]},{\"@type\":\"WebSite\",\"@id\":\"https:\\\/\\\/www.stoneplusturkiye.com\\\/shop\\\/#website\",\"url\":\"https:\\\/\\\/www.stoneplusturkiye.com\\\/shop\\\/\",\"name\":\"Stoneplus Ah\u015fap \u00dcr\u00fcnleri\",\"description\":\"Stonewood Ah\u015fap \u00c7\u00f6z\u00fcmleri\",\"publisher\":{\"@id\":\"https:\\\/\\\/www.stoneplusturkiye.com\\\/shop\\\/#organization\"},\"potentialAction\":[{\"@type\":\"SearchAction\",\"target\":{\"@type\":\"EntryPoint\",\"urlTemplate\":\"https:\\\/\\\/www.stoneplusturkiye.com\\\/shop\\\/?s={search_term_string}\"},\"query-input\":{\"@type\":\"PropertyValueSpecification\",\"valueRequired\":true,\"valueName\":\"search_term_string\"}}],\"inLanguage\":\"tr\"},{\"@type\":\"Organization\",\"@id\":\"https:\\\/\\\/www.stoneplusturkiye.com\\\/shop\\\/#organization\",\"name\":\"Stoneplus \u0130n\u015faat Yap\u0131 Ah\u015fap \u00dcr\u00fcnleri\",\"url\":\"https:\\\/\\\/www.stoneplusturkiye.com\\\/shop\\\/\",\"logo\":{\"@type\":\"ImageObject\",\"inLanguage\":\"tr\",\"@id\":\"https:\\\/\\\/www.stoneplusturkiye.com\\\/shop\\\/#\\\/schema\\\/logo\\\/image\\\/\",\"url\":\"https:\\\/\\\/www.stoneplusturkiye.com\\\/shop\\\/wp-content\\\/uploads\\\/2025\\\/02\\\/stoneplus2.png\",\"contentUrl\":\"https:\\\/\\\/www.stoneplusturkiye.com\\\/shop\\\/wp-content\\\/uploads\\\/2025\\\/02\\\/stoneplus2.png\",\"width\":1000,\"height\":1000,\"caption\":\"Stoneplus \u0130n\u015faat Yap\u0131 Ah\u015fap \u00dcr\u00fcnleri\"},\"image\":{\"@id\":\"https:\\\/\\\/www.stoneplusturkiye.com\\\/shop\\\/#\\\/schema\\\/logo\\\/image\\\/\"},\"sameAs\":[\"https:\\\/\\\/www.facebook.com\\\/stoneplusturkiye\\\/\"],\"description\":\"Stoneplus in\u015faat yap\u0131 ah\u015fap \u00fcr\u00fcnleri\",\"email\":\"bilgi@stoneplusturkiye.com\",\"telephone\":\"08504950590\",\"legalName\":\"Stoneplus \u0130n\u015f. Yap\u0131 Ah\u015fap \u00dcr\u00fcnleri\",\"taxID\":\"7810871242\",\"numberOfEmployees\":{\"@type\":\"QuantitativeValue\",\"minValue\":\"1\",\"maxValue\":\"10\"}}]}<\/script>\n<!-- \/ Yoast SEO Premium plugin. -->","yoast_head_json":{"title":"Lidya Ah\u015fap Konsol Masif - Stoneplus Ah\u015fap \u00dcr\u00fcnleri","robots":{"index":"index","follow":"follow","max-snippet":"max-snippet:-1","max-image-preview":"max-image-preview:large","max-video-preview":"max-video-preview:-1"},"canonical":"https:\/\/www.stoneplusturkiye.com\/shop\/urun\/lidya-ahsap-konsol-masif\/","og_locale":"tr_TR","og_type":"article","og_title":"Lidya Ah\u015fap Konsol Masif","og_description":"O\u0308lc\u0327u\u0308ler:  Genis\u0327lik: 81 cm Derinlik: 42 cm Yu\u0308kseklik: 56 cm  Malzeme:  %100 Masif C\u0327am Ag\u0306ac\u0131  Renk Sec\u0327enekleri:  Ac\u0327\u0131k Ceviz - Koyu Ceviz - Siyah  Dig\u0306er Bilgiler:  Dog\u0306al Kenarl\u0131 Yap\u0131ya Sahiptir. Tamamen El I\u0307s\u0327c\u0327ilig\u0306i Monte Halde Teslim Edilir, Kurulum Gerektirmez Uzun Y\u0131llar Kullan\u0131labilir ve Onar\u0131labilir Yap\u0131ya Sahiptir.","og_url":"https:\/\/www.stoneplusturkiye.com\/shop\/urun\/lidya-ahsap-konsol-masif\/","og_site_name":"Stoneplus Ah\u015fap \u00dcr\u00fcnleri","article_publisher":"https:\/\/www.facebook.com\/stoneplusturkiye\/","article_modified_time":"2024-12-19T20:13:41+00:00","og_image":[{"width":1000,"height":1100,"url":"https:\/\/www.stoneplusturkiye.com\/shop\/wp-content\/uploads\/2024\/12\/lidyaahsapkonsol.jpg","type":"image\/jpeg"}],"twitter_card":"summary_large_image","twitter_misc":{"Tahmini okuma s\u00fcresi":"1 dakika"},"schema":{"@context":"https:\/\/schema.org","@graph":[{"@type":"WebPage","@id":"https:\/\/www.stoneplusturkiye.com\/shop\/urun\/lidya-ahsap-konsol-masif\/","url":"https:\/\/www.stoneplusturkiye.com\/shop\/urun\/lidya-ahsap-konsol-masif\/","name":"Lidya Ah\u015fap Konsol Masif - Stoneplus Ah\u015fap \u00dcr\u00fcnleri","isPartOf":{"@id":"https:\/\/www.stoneplusturkiye.com\/shop\/#website"},"primaryImageOfPage":{"@id":"https:\/\/www.stoneplusturkiye.com\/shop\/urun\/lidya-ahsap-konsol-masif\/#primaryimage"},"image":{"@id":"https:\/\/www.stoneplusturkiye.com\/shop\/urun\/lidya-ahsap-konsol-masif\/#primaryimage"},"thumbnailUrl":"https:\/\/www.stoneplusturkiye.com\/shop\/wp-content\/uploads\/2024\/12\/lidyaahsapkonsol.jpg","datePublished":"2024-12-19T18:25:04+00:00","dateModified":"2024-12-19T20:13:41+00:00","breadcrumb":{"@id":"https:\/\/www.stoneplusturkiye.com\/shop\/urun\/lidya-ahsap-konsol-masif\/#breadcrumb"},"inLanguage":"tr","potentialAction":[{"@type":"ReadAction","target":["https:\/\/www.stoneplusturkiye.com\/shop\/urun\/lidya-ahsap-konsol-masif\/"]}]},{"@type":"ImageObject","inLanguage":"tr","@id":"https:\/\/www.stoneplusturkiye.com\/shop\/urun\/lidya-ahsap-konsol-masif\/#primaryimage","url":"https:\/\/www.stoneplusturkiye.com\/shop\/wp-content\/uploads\/2024\/12\/lidyaahsapkonsol.jpg","contentUrl":"https:\/\/www.stoneplusturkiye.com\/shop\/wp-content\/uploads\/2024\/12\/lidyaahsapkonsol.jpg","width":1000,"height":1100},{"@type":"BreadcrumbList","@id":"https:\/\/www.stoneplusturkiye.com\/shop\/urun\/lidya-ahsap-konsol-masif\/#breadcrumb","itemListElement":[{"@type":"ListItem","position":1,"name":"Home","item":"https:\/\/www.stoneplusturkiye.com\/shop\/"},{"@type":"ListItem","position":2,"name":"Ma\u011faza","item":"https:\/\/www.stoneplusturkiye.com\/shop\/magaza\/"},{"@type":"ListItem","position":3,"name":"Lidya Ah\u015fap Konsol Masif"}]},{"@type":"WebSite","@id":"https:\/\/www.stoneplusturkiye.com\/shop\/#website","url":"https:\/\/www.stoneplusturkiye.com\/shop\/","name":"Stoneplus Ah\u015fap \u00dcr\u00fcnleri","description":"Stonewood Ah\u015fap \u00c7\u00f6z\u00fcmleri","publisher":{"@id":"https:\/\/www.stoneplusturkiye.com\/shop\/#organization"},"potentialAction":[{"@type":"SearchAction","target":{"@type":"EntryPoint","urlTemplate":"https:\/\/www.stoneplusturkiye.com\/shop\/?s={search_term_string}"},"query-input":{"@type":"PropertyValueSpecification","valueRequired":true,"valueName":"search_term_string"}}],"inLanguage":"tr"},{"@type":"Organization","@id":"https:\/\/www.stoneplusturkiye.com\/shop\/#organization","name":"Stoneplus \u0130n\u015faat Yap\u0131 Ah\u015fap \u00dcr\u00fcnleri","url":"https:\/\/www.stoneplusturkiye.com\/shop\/","logo":{"@type":"ImageObject","inLanguage":"tr","@id":"https:\/\/www.stoneplusturkiye.com\/shop\/#\/schema\/logo\/image\/","url":"https:\/\/www.stoneplusturkiye.com\/shop\/wp-content\/uploads\/2025\/02\/stoneplus2.png","contentUrl":"https:\/\/www.stoneplusturkiye.com\/shop\/wp-content\/uploads\/2025\/02\/stoneplus2.png","width":1000,"height":1000,"caption":"Stoneplus \u0130n\u015faat Yap\u0131 Ah\u015fap \u00dcr\u00fcnleri"},"image":{"@id":"https:\/\/www.stoneplusturkiye.com\/shop\/#\/schema\/logo\/image\/"},"sameAs":["https:\/\/www.facebook.com\/stoneplusturkiye\/"],"description":"Stoneplus in\u015faat yap\u0131 ah\u015fap \u00fcr\u00fcnleri","email":"bilgi@stoneplusturkiye.com","telephone":"08504950590","legalName":"Stoneplus \u0130n\u015f. Yap\u0131 Ah\u015fap \u00dcr\u00fcnleri","taxID":"7810871242","numberOfEmployees":{"@type":"QuantitativeValue","minValue":"1","maxValue":"10"}}]}},"_links":{"self":[{"href":"https:\/\/www.stoneplusturkiye.com\/shop\/wp-json\/wp\/v2\/product\/9062","targetHints":{"allow":["GET"]}}],"collection":[{"href":"https:\/\/www.stoneplusturkiye.com\/shop\/wp-json\/wp\/v2\/product"}],"about":[{"href":"https:\/\/www.stoneplusturkiye.com\/shop\/wp-json\/wp\/v2\/types\/product"}],"replies":[{"embeddable":true,"href":"https:\/\/www.stoneplusturkiye.com\/shop\/wp-json\/wp\/v2\/comments?post=9062"}],"version-history":[{"count":1,"href":"https:\/\/www.stoneplusturkiye.com\/shop\/wp-json\/wp\/v2\/product\/9062\/revisions"}],"predecessor-version":[{"id":9067,"href":"https:\/\/www.stoneplusturkiye.com\/shop\/wp-json\/wp\/v2\/product\/9062\/revisions\/9067"}],"wp:featuredmedia":[{"embeddable":true,"href":"https:\/\/www.stoneplusturkiye.com\/shop\/wp-json\/wp\/v2\/media\/9063"}],"wp:attachment":[{"href":"https:\/\/www.stoneplusturkiye.com\/shop\/wp-json\/wp\/v2\/media?parent=9062"}],"wp:term":[{"taxonomy":"product_brand","embeddable":true,"href":"https:\/\/www.stoneplusturkiye.com\/shop\/wp-json\/wp\/v2\/product_brand?post=9062"},{"taxonomy":"product_cat","embeddable":true,"href":"https:\/\/www.stoneplusturkiye.com\/shop\/wp-json\/wp\/v2\/product_cat?post=9062"},{"taxonomy":"product_tag","embeddable":true,"href":"https:\/\/www.stoneplusturkiye.com\/shop\/wp-json\/wp\/v2\/product_tag?post=9062"}],"curies":[{"name":"wp","href":"https:\/\/api.w.org\/{rel}","templated":true}]}}