{"id":9026,"date":"2024-12-18T22:52:52","date_gmt":"2024-12-18T19:52:52","guid":{"rendered":"https:\/\/www.stoneplusturkiye.com\/shop\/?post_type=product&#038;p=9026"},"modified":"2025-06-12T09:50:16","modified_gmt":"2025-06-12T06:50:16","slug":"stonewood-toprak-keci-ahsap-kapi-100x220","status":"publish","type":"product","link":"https:\/\/www.stoneplusturkiye.com\/shop\/urun\/stonewood-toprak-keci-ahsap-kapi-100x220\/","title":{"rendered":"Stonewood Toprak Ke\u00e7i Ah\u015fap Kap\u0131 100&#215;220"},"content":{"rendered":"<p>A\u011fa\u00e7 kap\u0131 fiyatlar\u0131, kap\u0131n\u0131n boyutuna, malzeme t\u00fcr\u00fcne, i\u015f\u00e7ili\u011fe, tasar\u0131ma ve markaya g\u00f6re de\u011fi\u015fiklik g\u00f6sterebilir. 2023-2024 itibar\u0131yla T\u00fcrkiye&#8217;de standart i\u00e7 kap\u0131 fiyatlar\u0131 genellikle \u015fu aral\u0131klarda olabilir:<\/p>\n<ul>\n<li><strong>Standart \u0130\u00e7 A\u011fa\u00e7 Kap\u0131lar:<\/strong> 4.500 TL &#8211; 41.000 TL<\/li>\n<li><strong>\u00d6zel Tasar\u0131m A\u011fa\u00e7 Kap\u0131lar:<\/strong> 14.000 TL &#8211; 30.000 TL veya daha y\u00fcksek olabilir.<\/li>\n<li><strong>D\u0131\u015f Mekan veya G\u00fc\u00e7lendirilmi\u015f A\u011fa\u00e7 Kap\u0131lar:<\/strong> 5.000 TL &#8211; 15.000 TL aral\u0131\u011f\u0131nda de\u011fi\u015febilir.<\/li>\n<\/ul>\n<p>Fiyatlar genellikle \u015funlara ba\u011fl\u0131 olarak de\u011fi\u015fir:<\/p>\n<ul>\n<li>Kullan\u0131lan a\u011fa\u00e7 t\u00fcr\u00fc (me\u015fe, ceviz, sapelli, tik vb.)<\/li>\n<li>Kap\u0131n\u0131n boyutlar\u0131<\/li>\n<li>\u0130\u015f\u00e7ilik ve tasar\u0131m \u00f6zelle\u015ftirme<\/li>\n<li>Marka ve \u00fcreticiye g\u00f6re tercihler<\/li>\n<\/ul>\n<p>En do\u011fru fiyat\u0131 almak i\u00e7in kap\u0131 sat\u0131c\u0131lar\u0131yla ileti\u015fim kurmak ve ihtiyac\u0131n\u0131za \u00f6zel bir fiyat teklifi almak en iyisidir.<\/p>\n","protected":false},"excerpt":{"rendered":"<p><span style=\"color: #544538;\">Suya ve Ya\u011fmura Dayan\u0131kl\u0131, 0,16 Kuruluk Oran\u0131na Sahip, Kusursuz Cnc \u0130\u015fleme Teknolojisiyle, Ya\u015fam Alanlar\u0131n\u0131za De\u011fer Katacak Ah\u015fap Kap\u0131 Uygulamas\u0131.<\/span><br \/>\n<span style=\"color: #544538;\">\u00dcr\u00fcnlerimizi \u0130ste\u011finize uygun projelendirip, tasar\u0131msal se\u00e7enekleri mimarlar\u0131m\u0131zla birlikte tasarl\u0131yor, ortalama 20 g\u00fcn i\u00e7erisinde kargoya veriyoruz.<br \/>\n\u0130\u00e7 ve D\u0131\u015f alanlarda rahatl\u0131kla kullanabilece\u011finiz, neme ve rutubete dayan\u0131kl\u0131, yang\u0131n riskine kar\u015f\u0131 yang\u0131n besleyici bak\u0131m uygulamas\u0131 yap\u0131l\u0131p g\u00f6nderilecektir.<\/span><\/p>\n<p><span style=\"color: #008000;\"><strong>Ah\u0131r Kap\u0131s\u0131 &#8211; Ah\u015fap Kap\u0131 \u00d6zellikleri:\u00a0<\/strong><\/span><br \/>\n<strong>Aksesuarlar<\/strong>: Fiyat\u0131m\u0131za Dahil Edilmemi\u015ftir.<br \/>\n<strong>Boya Uygulamas\u0131<\/strong>: Su Bazl\u0131 Boya (Hemel) &#8211; Ate\u015f \u00d6teleyici<br \/>\n<strong>Kap\u0131 Kal\u0131nl\u0131\u011f\u0131<\/strong>: 5 cm<br \/>\n<strong>Kap\u0131 K\u00f6rkasas\u0131<\/strong>: Duvar Kal\u0131nl\u0131\u011f\u0131n\u0131za G\u00f6re Belirlenecektir.<br \/>\n<strong>A\u011fa\u00e7 T\u00fcr\u00fc<\/strong>: Sedir (Katran) olarak \u00fcretilebilmektedir.\u00a0 (Opsiyonel Fiyat Talep Ediniz)<br \/>\n<strong>\u00dcr\u00fcn Ebat\u0131<\/strong>: 90&#215;210 cm<br \/>\n<span style=\"color: #993300;\"><strong>\u00dcr\u00fcnlerimizin Kasa Geni\u015flikleri, a\u011fa\u00e7 t\u00fcrleri, aksesuar detaylar\u0131, eklemek istedi\u011finiz logo katmanlar\u0131 ve cila se\u00e7enekleri fiyatlar\u0131m\u0131zda de\u011fi\u015fkenlik g\u00f6stermektedir.\u00a0<\/strong><\/span><\/p>\n","protected":false},"featured_media":9027,"comment_status":"open","ping_status":"closed","template":"","meta":[],"product_brand":[],"product_cat":[72],"product_tag":[73,84,86,88,75],"class_list":{"0":"post-9026","1":"product","2":"type-product","3":"status-publish","4":"has-post-thumbnail","6":"product_cat-ahsapkapi","7":"product_tag-ahsap-kapi","8":"product_tag-ahsap-kapi-fiyatlari","9":"product_tag-figurlu-ahsap-kapilar","10":"product_tag-rustik-ahsap-ahir-kapisi","11":"product_tag-sedir-ahsap-kapi-tasarimlari","13":"first","14":"instock","15":"shipping-taxable","16":"purchasable","17":"product-type-simple"},"yoast_head":"<!-- This site is optimized with the Yoast SEO Premium plugin v24.8 (Yoast SEO v27.3) - https:\/\/yoast.com\/product\/yoast-seo-premium-wordpress\/ -->\n<title>Stonewood Toprak Ke\u00e7i Ah\u015fap Kap\u0131 100x220 - Stoneplus Ah\u015fap \u00dcr\u00fcnleri<\/title>\n<meta name=\"robots\" content=\"index, follow, max-snippet:-1, max-image-preview:large, max-video-preview:-1\" \/>\n<link rel=\"canonical\" href=\"https:\/\/www.stoneplusturkiye.com\/shop\/urun\/stonewood-toprak-keci-ahsap-kapi-100x220\/\" \/>\n<meta property=\"og:locale\" content=\"tr_TR\" \/>\n<meta property=\"og:type\" content=\"article\" \/>\n<meta property=\"og:title\" content=\"Stonewood Toprak Ke\u00e7i Ah\u015fap Kap\u0131 100x220\" \/>\n<meta property=\"og:description\" content=\"Suya ve Ya\u011fmura Dayan\u0131kl\u0131, 0,16 Kuruluk Oran\u0131na Sahip, Kusursuz Cnc \u0130\u015fleme Teknolojisiyle, Ya\u015fam Alanlar\u0131n\u0131za De\u011fer Katacak Ah\u015fap Kap\u0131 Uygulamas\u0131. \u00dcr\u00fcnlerimizi \u0130ste\u011finize uygun projelendirip, tasar\u0131msal se\u00e7enekleri mimarlar\u0131m\u0131zla birlikte tasarl\u0131yor, ortalama 20 g\u00fcn i\u00e7erisinde kargoya veriyoruz. \u0130\u00e7 ve D\u0131\u015f alanlarda rahatl\u0131kla kullanabilece\u011finiz, neme ve rutubete dayan\u0131kl\u0131, yang\u0131n riskine kar\u015f\u0131 yang\u0131n besleyici bak\u0131m uygulamas\u0131 yap\u0131l\u0131p g\u00f6nderilecektir.  Ah\u0131r Kap\u0131s\u0131 - Ah\u015fap Kap\u0131 \u00d6zellikleri:\u00a0 Aksesuarlar: Fiyat\u0131m\u0131za Dahil Edilmemi\u015ftir. Boya Uygulamas\u0131: Su Bazl\u0131 Boya (Hemel) - Ate\u015f \u00d6teleyici Kap\u0131 Kal\u0131nl\u0131\u011f\u0131: 5 cm Kap\u0131 K\u00f6rkasas\u0131: Duvar Kal\u0131nl\u0131\u011f\u0131n\u0131za G\u00f6re Belirlenecektir. A\u011fa\u00e7 T\u00fcr\u00fc: Sedir (Katran) olarak \u00fcretilebilmektedir.\u00a0 (Opsiyonel Fiyat Talep Ediniz) \u00dcr\u00fcn Ebat\u0131: 90x210 cm \u00dcr\u00fcnlerimizin Kasa Geni\u015flikleri, a\u011fa\u00e7 t\u00fcrleri, aksesuar detaylar\u0131, eklemek istedi\u011finiz logo katmanlar\u0131 ve cila se\u00e7enekleri fiyatlar\u0131m\u0131zda de\u011fi\u015fkenlik g\u00f6stermektedir.\u00a0\" \/>\n<meta property=\"og:url\" content=\"https:\/\/www.stoneplusturkiye.com\/shop\/urun\/stonewood-toprak-keci-ahsap-kapi-100x220\/\" \/>\n<meta property=\"og:site_name\" content=\"Stoneplus Ah\u015fap \u00dcr\u00fcnleri\" \/>\n<meta property=\"article:publisher\" content=\"https:\/\/www.facebook.com\/stoneplusturkiye\/\" \/>\n<meta property=\"article:modified_time\" content=\"2025-06-12T06:50:16+00:00\" \/>\n<meta property=\"og:image\" content=\"https:\/\/www.stoneplusturkiye.com\/shop\/wp-content\/uploads\/2024\/12\/ahsapkapi2.jpg\" \/>\n\t<meta property=\"og:image:width\" content=\"1000\" \/>\n\t<meta property=\"og:image:height\" content=\"1100\" \/>\n\t<meta property=\"og:image:type\" content=\"image\/jpeg\" \/>\n<meta name=\"twitter:card\" content=\"summary_large_image\" \/>\n<meta name=\"twitter:label1\" content=\"Tahmini okuma s\u00fcresi\" \/>\n\t<meta name=\"twitter:data1\" content=\"1 dakika\" \/>\n<script type=\"application\/ld+json\" class=\"yoast-schema-graph\">{\"@context\":\"https:\\\/\\\/schema.org\",\"@graph\":[{\"@type\":\"WebPage\",\"@id\":\"https:\\\/\\\/www.stoneplusturkiye.com\\\/shop\\\/urun\\\/stonewood-toprak-keci-ahsap-kapi-100x220\\\/\",\"url\":\"https:\\\/\\\/www.stoneplusturkiye.com\\\/shop\\\/urun\\\/stonewood-toprak-keci-ahsap-kapi-100x220\\\/\",\"name\":\"Stonewood Toprak Ke\u00e7i Ah\u015fap Kap\u0131 100x220 - Stoneplus Ah\u015fap \u00dcr\u00fcnleri\",\"isPartOf\":{\"@id\":\"https:\\\/\\\/www.stoneplusturkiye.com\\\/shop\\\/#website\"},\"primaryImageOfPage\":{\"@id\":\"https:\\\/\\\/www.stoneplusturkiye.com\\\/shop\\\/urun\\\/stonewood-toprak-keci-ahsap-kapi-100x220\\\/#primaryimage\"},\"image\":{\"@id\":\"https:\\\/\\\/www.stoneplusturkiye.com\\\/shop\\\/urun\\\/stonewood-toprak-keci-ahsap-kapi-100x220\\\/#primaryimage\"},\"thumbnailUrl\":\"https:\\\/\\\/www.stoneplusturkiye.com\\\/shop\\\/wp-content\\\/uploads\\\/2024\\\/12\\\/ahsapkapi2.jpg\",\"datePublished\":\"2024-12-18T19:52:52+00:00\",\"dateModified\":\"2025-06-12T06:50:16+00:00\",\"breadcrumb\":{\"@id\":\"https:\\\/\\\/www.stoneplusturkiye.com\\\/shop\\\/urun\\\/stonewood-toprak-keci-ahsap-kapi-100x220\\\/#breadcrumb\"},\"inLanguage\":\"tr\",\"potentialAction\":[{\"@type\":\"ReadAction\",\"target\":[\"https:\\\/\\\/www.stoneplusturkiye.com\\\/shop\\\/urun\\\/stonewood-toprak-keci-ahsap-kapi-100x220\\\/\"]}]},{\"@type\":\"ImageObject\",\"inLanguage\":\"tr\",\"@id\":\"https:\\\/\\\/www.stoneplusturkiye.com\\\/shop\\\/urun\\\/stonewood-toprak-keci-ahsap-kapi-100x220\\\/#primaryimage\",\"url\":\"https:\\\/\\\/www.stoneplusturkiye.com\\\/shop\\\/wp-content\\\/uploads\\\/2024\\\/12\\\/ahsapkapi2.jpg\",\"contentUrl\":\"https:\\\/\\\/www.stoneplusturkiye.com\\\/shop\\\/wp-content\\\/uploads\\\/2024\\\/12\\\/ahsapkapi2.jpg\",\"width\":1000,\"height\":1100,\"caption\":\"Rustik tasar\u0131m\u0131yla \u00f6ne \u00e7\u0131kan bu kemerli ah\u015fap kap\u0131, do\u011fal malzemesiyle otantik bir g\u00f6r\u00fcn\u00fcm sa\u011flar.\"},{\"@type\":\"BreadcrumbList\",\"@id\":\"https:\\\/\\\/www.stoneplusturkiye.com\\\/shop\\\/urun\\\/stonewood-toprak-keci-ahsap-kapi-100x220\\\/#breadcrumb\",\"itemListElement\":[{\"@type\":\"ListItem\",\"position\":1,\"name\":\"Home\",\"item\":\"https:\\\/\\\/www.stoneplusturkiye.com\\\/shop\\\/\"},{\"@type\":\"ListItem\",\"position\":2,\"name\":\"Ma\u011faza\",\"item\":\"https:\\\/\\\/www.stoneplusturkiye.com\\\/shop\\\/magaza\\\/\"},{\"@type\":\"ListItem\",\"position\":3,\"name\":\"Stonewood Toprak Ke\u00e7i Ah\u015fap Kap\u0131 100&#215;220\"}]},{\"@type\":\"WebSite\",\"@id\":\"https:\\\/\\\/www.stoneplusturkiye.com\\\/shop\\\/#website\",\"url\":\"https:\\\/\\\/www.stoneplusturkiye.com\\\/shop\\\/\",\"name\":\"Stoneplus Ah\u015fap \u00dcr\u00fcnleri\",\"description\":\"Stonewood Ah\u015fap \u00c7\u00f6z\u00fcmleri\",\"publisher\":{\"@id\":\"https:\\\/\\\/www.stoneplusturkiye.com\\\/shop\\\/#organization\"},\"potentialAction\":[{\"@type\":\"SearchAction\",\"target\":{\"@type\":\"EntryPoint\",\"urlTemplate\":\"https:\\\/\\\/www.stoneplusturkiye.com\\\/shop\\\/?s={search_term_string}\"},\"query-input\":{\"@type\":\"PropertyValueSpecification\",\"valueRequired\":true,\"valueName\":\"search_term_string\"}}],\"inLanguage\":\"tr\"},{\"@type\":\"Organization\",\"@id\":\"https:\\\/\\\/www.stoneplusturkiye.com\\\/shop\\\/#organization\",\"name\":\"Stoneplus \u0130n\u015faat Yap\u0131 Ah\u015fap \u00dcr\u00fcnleri\",\"url\":\"https:\\\/\\\/www.stoneplusturkiye.com\\\/shop\\\/\",\"logo\":{\"@type\":\"ImageObject\",\"inLanguage\":\"tr\",\"@id\":\"https:\\\/\\\/www.stoneplusturkiye.com\\\/shop\\\/#\\\/schema\\\/logo\\\/image\\\/\",\"url\":\"https:\\\/\\\/www.stoneplusturkiye.com\\\/shop\\\/wp-content\\\/uploads\\\/2025\\\/02\\\/stoneplus2.png\",\"contentUrl\":\"https:\\\/\\\/www.stoneplusturkiye.com\\\/shop\\\/wp-content\\\/uploads\\\/2025\\\/02\\\/stoneplus2.png\",\"width\":1000,\"height\":1000,\"caption\":\"Stoneplus \u0130n\u015faat Yap\u0131 Ah\u015fap \u00dcr\u00fcnleri\"},\"image\":{\"@id\":\"https:\\\/\\\/www.stoneplusturkiye.com\\\/shop\\\/#\\\/schema\\\/logo\\\/image\\\/\"},\"sameAs\":[\"https:\\\/\\\/www.facebook.com\\\/stoneplusturkiye\\\/\"],\"description\":\"Stoneplus in\u015faat yap\u0131 ah\u015fap \u00fcr\u00fcnleri\",\"email\":\"bilgi@stoneplusturkiye.com\",\"telephone\":\"08504950590\",\"legalName\":\"Stoneplus \u0130n\u015f. Yap\u0131 Ah\u015fap \u00dcr\u00fcnleri\",\"taxID\":\"7810871242\",\"numberOfEmployees\":{\"@type\":\"QuantitativeValue\",\"minValue\":\"1\",\"maxValue\":\"10\"}}]}<\/script>\n<!-- \/ Yoast SEO Premium plugin. -->","yoast_head_json":{"title":"Stonewood Toprak Ke\u00e7i Ah\u015fap Kap\u0131 100x220 - Stoneplus Ah\u015fap \u00dcr\u00fcnleri","robots":{"index":"index","follow":"follow","max-snippet":"max-snippet:-1","max-image-preview":"max-image-preview:large","max-video-preview":"max-video-preview:-1"},"canonical":"https:\/\/www.stoneplusturkiye.com\/shop\/urun\/stonewood-toprak-keci-ahsap-kapi-100x220\/","og_locale":"tr_TR","og_type":"article","og_title":"Stonewood Toprak Ke\u00e7i Ah\u015fap Kap\u0131 100x220","og_description":"Suya ve Ya\u011fmura Dayan\u0131kl\u0131, 0,16 Kuruluk Oran\u0131na Sahip, Kusursuz Cnc \u0130\u015fleme Teknolojisiyle, Ya\u015fam Alanlar\u0131n\u0131za De\u011fer Katacak Ah\u015fap Kap\u0131 Uygulamas\u0131. \u00dcr\u00fcnlerimizi \u0130ste\u011finize uygun projelendirip, tasar\u0131msal se\u00e7enekleri mimarlar\u0131m\u0131zla birlikte tasarl\u0131yor, ortalama 20 g\u00fcn i\u00e7erisinde kargoya veriyoruz. \u0130\u00e7 ve D\u0131\u015f alanlarda rahatl\u0131kla kullanabilece\u011finiz, neme ve rutubete dayan\u0131kl\u0131, yang\u0131n riskine kar\u015f\u0131 yang\u0131n besleyici bak\u0131m uygulamas\u0131 yap\u0131l\u0131p g\u00f6nderilecektir.  Ah\u0131r Kap\u0131s\u0131 - Ah\u015fap Kap\u0131 \u00d6zellikleri:\u00a0 Aksesuarlar: Fiyat\u0131m\u0131za Dahil Edilmemi\u015ftir. Boya Uygulamas\u0131: Su Bazl\u0131 Boya (Hemel) - Ate\u015f \u00d6teleyici Kap\u0131 Kal\u0131nl\u0131\u011f\u0131: 5 cm Kap\u0131 K\u00f6rkasas\u0131: Duvar Kal\u0131nl\u0131\u011f\u0131n\u0131za G\u00f6re Belirlenecektir. A\u011fa\u00e7 T\u00fcr\u00fc: Sedir (Katran) olarak \u00fcretilebilmektedir.\u00a0 (Opsiyonel Fiyat Talep Ediniz) \u00dcr\u00fcn Ebat\u0131: 90x210 cm \u00dcr\u00fcnlerimizin Kasa Geni\u015flikleri, a\u011fa\u00e7 t\u00fcrleri, aksesuar detaylar\u0131, eklemek istedi\u011finiz logo katmanlar\u0131 ve cila se\u00e7enekleri fiyatlar\u0131m\u0131zda de\u011fi\u015fkenlik g\u00f6stermektedir.\u00a0","og_url":"https:\/\/www.stoneplusturkiye.com\/shop\/urun\/stonewood-toprak-keci-ahsap-kapi-100x220\/","og_site_name":"Stoneplus Ah\u015fap \u00dcr\u00fcnleri","article_publisher":"https:\/\/www.facebook.com\/stoneplusturkiye\/","article_modified_time":"2025-06-12T06:50:16+00:00","og_image":[{"width":1000,"height":1100,"url":"https:\/\/www.stoneplusturkiye.com\/shop\/wp-content\/uploads\/2024\/12\/ahsapkapi2.jpg","type":"image\/jpeg"}],"twitter_card":"summary_large_image","twitter_misc":{"Tahmini okuma s\u00fcresi":"1 dakika"},"schema":{"@context":"https:\/\/schema.org","@graph":[{"@type":"WebPage","@id":"https:\/\/www.stoneplusturkiye.com\/shop\/urun\/stonewood-toprak-keci-ahsap-kapi-100x220\/","url":"https:\/\/www.stoneplusturkiye.com\/shop\/urun\/stonewood-toprak-keci-ahsap-kapi-100x220\/","name":"Stonewood Toprak Ke\u00e7i Ah\u015fap Kap\u0131 100x220 - Stoneplus Ah\u015fap \u00dcr\u00fcnleri","isPartOf":{"@id":"https:\/\/www.stoneplusturkiye.com\/shop\/#website"},"primaryImageOfPage":{"@id":"https:\/\/www.stoneplusturkiye.com\/shop\/urun\/stonewood-toprak-keci-ahsap-kapi-100x220\/#primaryimage"},"image":{"@id":"https:\/\/www.stoneplusturkiye.com\/shop\/urun\/stonewood-toprak-keci-ahsap-kapi-100x220\/#primaryimage"},"thumbnailUrl":"https:\/\/www.stoneplusturkiye.com\/shop\/wp-content\/uploads\/2024\/12\/ahsapkapi2.jpg","datePublished":"2024-12-18T19:52:52+00:00","dateModified":"2025-06-12T06:50:16+00:00","breadcrumb":{"@id":"https:\/\/www.stoneplusturkiye.com\/shop\/urun\/stonewood-toprak-keci-ahsap-kapi-100x220\/#breadcrumb"},"inLanguage":"tr","potentialAction":[{"@type":"ReadAction","target":["https:\/\/www.stoneplusturkiye.com\/shop\/urun\/stonewood-toprak-keci-ahsap-kapi-100x220\/"]}]},{"@type":"ImageObject","inLanguage":"tr","@id":"https:\/\/www.stoneplusturkiye.com\/shop\/urun\/stonewood-toprak-keci-ahsap-kapi-100x220\/#primaryimage","url":"https:\/\/www.stoneplusturkiye.com\/shop\/wp-content\/uploads\/2024\/12\/ahsapkapi2.jpg","contentUrl":"https:\/\/www.stoneplusturkiye.com\/shop\/wp-content\/uploads\/2024\/12\/ahsapkapi2.jpg","width":1000,"height":1100,"caption":"Rustik tasar\u0131m\u0131yla \u00f6ne \u00e7\u0131kan bu kemerli ah\u015fap kap\u0131, do\u011fal malzemesiyle otantik bir g\u00f6r\u00fcn\u00fcm sa\u011flar."},{"@type":"BreadcrumbList","@id":"https:\/\/www.stoneplusturkiye.com\/shop\/urun\/stonewood-toprak-keci-ahsap-kapi-100x220\/#breadcrumb","itemListElement":[{"@type":"ListItem","position":1,"name":"Home","item":"https:\/\/www.stoneplusturkiye.com\/shop\/"},{"@type":"ListItem","position":2,"name":"Ma\u011faza","item":"https:\/\/www.stoneplusturkiye.com\/shop\/magaza\/"},{"@type":"ListItem","position":3,"name":"Stonewood Toprak Ke\u00e7i Ah\u015fap Kap\u0131 100&#215;220"}]},{"@type":"WebSite","@id":"https:\/\/www.stoneplusturkiye.com\/shop\/#website","url":"https:\/\/www.stoneplusturkiye.com\/shop\/","name":"Stoneplus Ah\u015fap \u00dcr\u00fcnleri","description":"Stonewood Ah\u015fap \u00c7\u00f6z\u00fcmleri","publisher":{"@id":"https:\/\/www.stoneplusturkiye.com\/shop\/#organization"},"potentialAction":[{"@type":"SearchAction","target":{"@type":"EntryPoint","urlTemplate":"https:\/\/www.stoneplusturkiye.com\/shop\/?s={search_term_string}"},"query-input":{"@type":"PropertyValueSpecification","valueRequired":true,"valueName":"search_term_string"}}],"inLanguage":"tr"},{"@type":"Organization","@id":"https:\/\/www.stoneplusturkiye.com\/shop\/#organization","name":"Stoneplus \u0130n\u015faat Yap\u0131 Ah\u015fap \u00dcr\u00fcnleri","url":"https:\/\/www.stoneplusturkiye.com\/shop\/","logo":{"@type":"ImageObject","inLanguage":"tr","@id":"https:\/\/www.stoneplusturkiye.com\/shop\/#\/schema\/logo\/image\/","url":"https:\/\/www.stoneplusturkiye.com\/shop\/wp-content\/uploads\/2025\/02\/stoneplus2.png","contentUrl":"https:\/\/www.stoneplusturkiye.com\/shop\/wp-content\/uploads\/2025\/02\/stoneplus2.png","width":1000,"height":1000,"caption":"Stoneplus \u0130n\u015faat Yap\u0131 Ah\u015fap \u00dcr\u00fcnleri"},"image":{"@id":"https:\/\/www.stoneplusturkiye.com\/shop\/#\/schema\/logo\/image\/"},"sameAs":["https:\/\/www.facebook.com\/stoneplusturkiye\/"],"description":"Stoneplus in\u015faat yap\u0131 ah\u015fap \u00fcr\u00fcnleri","email":"bilgi@stoneplusturkiye.com","telephone":"08504950590","legalName":"Stoneplus \u0130n\u015f. Yap\u0131 Ah\u015fap \u00dcr\u00fcnleri","taxID":"7810871242","numberOfEmployees":{"@type":"QuantitativeValue","minValue":"1","maxValue":"10"}}]}},"_links":{"self":[{"href":"https:\/\/www.stoneplusturkiye.com\/shop\/wp-json\/wp\/v2\/product\/9026","targetHints":{"allow":["GET"]}}],"collection":[{"href":"https:\/\/www.stoneplusturkiye.com\/shop\/wp-json\/wp\/v2\/product"}],"about":[{"href":"https:\/\/www.stoneplusturkiye.com\/shop\/wp-json\/wp\/v2\/types\/product"}],"replies":[{"embeddable":true,"href":"https:\/\/www.stoneplusturkiye.com\/shop\/wp-json\/wp\/v2\/comments?post=9026"}],"version-history":[{"count":3,"href":"https:\/\/www.stoneplusturkiye.com\/shop\/wp-json\/wp\/v2\/product\/9026\/revisions"}],"predecessor-version":[{"id":9315,"href":"https:\/\/www.stoneplusturkiye.com\/shop\/wp-json\/wp\/v2\/product\/9026\/revisions\/9315"}],"wp:featuredmedia":[{"embeddable":true,"href":"https:\/\/www.stoneplusturkiye.com\/shop\/wp-json\/wp\/v2\/media\/9027"}],"wp:attachment":[{"href":"https:\/\/www.stoneplusturkiye.com\/shop\/wp-json\/wp\/v2\/media?parent=9026"}],"wp:term":[{"taxonomy":"product_brand","embeddable":true,"href":"https:\/\/www.stoneplusturkiye.com\/shop\/wp-json\/wp\/v2\/product_brand?post=9026"},{"taxonomy":"product_cat","embeddable":true,"href":"https:\/\/www.stoneplusturkiye.com\/shop\/wp-json\/wp\/v2\/product_cat?post=9026"},{"taxonomy":"product_tag","embeddable":true,"href":"https:\/\/www.stoneplusturkiye.com\/shop\/wp-json\/wp\/v2\/product_tag?post=9026"}],"curies":[{"name":"wp","href":"https:\/\/api.w.org\/{rel}","templated":true}]}}