{"id":8999,"date":"2024-12-18T19:28:01","date_gmt":"2024-12-18T16:28:01","guid":{"rendered":"https:\/\/www.stoneplusturkiye.com\/shop\/?post_type=product&#038;p=8999"},"modified":"2024-12-30T16:24:26","modified_gmt":"2024-12-30T13:24:26","slug":"stonewood-atlas-ahsap-yatak-100x200","status":"publish","type":"product","link":"https:\/\/www.stoneplusturkiye.com\/shop\/urun\/stonewood-atlas-ahsap-yatak-100x200\/","title":{"rendered":"Stonewood Atlas Ah\u015fap Yatak 90&#215;190"},"content":{"rendered":"<p><strong>Ah\u015fap Yatak ve Yatak Ba\u015fl\u0131\u011f\u0131 Se\u00e7erken Nelere Dikkat Edilmelidir?<\/strong><\/p>\n<p>Ah\u015fap yatak veya ah\u015fap yatak ba\u015fl\u0131\u011f\u0131 se\u00e7imi yaparken baz\u0131 noktalara dikkat etmek, uzun vadeli kullan\u0131m a\u00e7\u0131s\u0131ndan \u00f6nemlidir:<\/p>\n<p>1. <strong>Ah\u015fap Malzemenin Kalitesi<\/strong><\/p>\n<p>Yatak veya yatak ba\u015fl\u0131\u011f\u0131 i\u00e7in kullan\u0131lacak ah\u015fab\u0131n dayan\u0131kl\u0131 ve kaliteli oldu\u011fundan emin olun. Me\u015fe, ceviz, akasya gibi sert a\u011fa\u00e7lar uzun \u00f6m\u00fcrl\u00fc ve dayan\u0131kl\u0131d\u0131r.<\/p>\n<p>2. <strong>Odan\u0131n Dekorasyonuna Uygunluk<\/strong><\/p>\n<p>Ah\u015fap yatak veya ba\u015fl\u0131k se\u00e7imi yaparken odan\u0131zdaki dekorasyon tarz\u0131na uygun bir tasar\u0131m se\u00e7meye dikkat edin. Rustik, modern, klasik gibi tarzlar aras\u0131ndan se\u00e7im yapabilirsiniz.<\/p>\n<p>3. <strong>Boyut ve Kullan\u0131m Alan\u0131<\/strong><\/p>\n<p>Yatak \u00f6l\u00e7\u00fclerinin odan\u0131zla uyumlu oldu\u011fundan ve yeterli konfor alan\u0131na sahip oldu\u011fundan emin olun. Ayn\u0131 zamanda ba\u015fl\u0131k alan\u0131n\u0131n duvarla uyumlu yerle\u015fimi de \u00f6nemlidir.<\/p>\n<p>4. <strong>Bak\u0131m ve Temizlik Kolayl\u0131\u011f\u0131<\/strong><\/p>\n<p>Ah\u015fap mobilyalar d\u00fczenli bak\u0131m gerektirir. Bu nedenle se\u00e7ti\u011finiz ah\u015fap \u00fcr\u00fcn\u00fcn bak\u0131m\u0131na uygun oldu\u011fundan ve temizli\u011finin kolay oldu\u011fundan emin olun.<\/p>\n","protected":false},"excerpt":{"rendered":"<p><span style=\"color: #544538;\">Suya ve Ya\u011fmura Dayan\u0131kl\u0131, Kusursuz Cnc \u0130\u015fleme ve El Oymas\u0131 Destekli \u00e7al\u0131\u015fmalar\u0131m\u0131zla Ya\u015fam Alanlar\u0131n\u0131za De\u011fer Katmaya \u00c7al\u0131\u015f\u0131yoruz.\u00a0<\/span><br \/>\n<span style=\"color: #544538;\">\u00dcr\u00fcnlerimizi \u0130ste\u011finize uygun projelendirip, tasar\u0131msal se\u00e7enekleri mimarlar\u0131m\u0131zla birlikte tasarl\u0131yor, ortalama 20 g\u00fcn i\u00e7erisinde kargoya veriyoruz. \u0130\u00e7 ve D\u0131\u015f alanlarda rahatl\u0131kla kullanabilece\u011finiz, neme ve rutubete dayan\u0131kl\u0131, yang\u0131n riskine kar\u015f\u0131 yang\u0131n \u00f6teleyici katman ilave edilmektedir.\u00a0<\/span><\/p>\n<p><strong>===\u00d6ZELLE\u015eT\u0130RME===<\/strong><br \/>\n* \u00d6zel sipari\u015fleriniz i\u00e7in l\u00fctfen bizimle ileti\u015fime ge\u00e7in.<br \/>\n* Herhangi bir boyut veya renk mevcuttur Eviniz i\u00e7in benzersiz el oymas\u0131 yatak \u00e7er\u00e7evesi ve ba\u015fl\u0131k, ah\u0131r kap\u0131s\u0131, yemek masas\u0131, sehpa, ah\u015fap duvar dekoru yapabiliriz.<br \/>\n* Farkl\u0131 bir boyut veya tasar\u0131mda \u00f6zel bir Yatak \u00c7er\u00e7evesi veya Ba\u015fl\u0131k i\u00e7in fiyat teklifi almak isterseniz ayn\u0131 g\u00fcn size bir fiyat teklifiyle geri d\u00f6nebiliriz.<\/p>\n<p><strong>* Farkl\u0131 modeller ve se\u00e7enekler i\u00e7in l\u00fctfen ma\u011fazam\u0131z\u0131 ziyaret etmeyi unutmay\u0131n:<\/strong><\/p>\n","protected":false},"featured_media":9000,"comment_status":"open","ping_status":"closed","template":"","meta":[],"product_brand":[],"product_cat":[123],"product_tag":[73,84,86,88,75],"class_list":{"0":"post-8999","1":"product","2":"type-product","3":"status-publish","4":"has-post-thumbnail","6":"product_cat-ahsap-yatak-baslik","7":"product_tag-ahsap-kapi","8":"product_tag-ahsap-kapi-fiyatlari","9":"product_tag-figurlu-ahsap-kapilar","10":"product_tag-rustik-ahsap-ahir-kapisi","11":"product_tag-sedir-ahsap-kapi-tasarimlari","13":"first","14":"instock","15":"shipping-taxable","16":"purchasable","17":"product-type-simple"},"yoast_head":"<!-- This site is optimized with the Yoast SEO Premium plugin v24.8 (Yoast SEO v25.6) - https:\/\/yoast.com\/wordpress\/plugins\/seo\/ -->\n<title>Stonewood Atlas Ah\u015fap Yatak 90x190 - Stoneplus Ah\u015fap \u00dcr\u00fcnleri<\/title>\n<meta name=\"robots\" content=\"index, follow, max-snippet:-1, max-image-preview:large, max-video-preview:-1\" \/>\n<link rel=\"canonical\" href=\"https:\/\/www.stoneplusturkiye.com\/shop\/urun\/stonewood-atlas-ahsap-yatak-100x200\/\" \/>\n<meta property=\"og:locale\" content=\"tr_TR\" \/>\n<meta property=\"og:type\" content=\"article\" \/>\n<meta property=\"og:title\" content=\"Stonewood Atlas Ah\u015fap Yatak 90x190\" \/>\n<meta property=\"og:description\" content=\"Suya ve Ya\u011fmura Dayan\u0131kl\u0131, Kusursuz Cnc \u0130\u015fleme ve El Oymas\u0131 Destekli \u00e7al\u0131\u015fmalar\u0131m\u0131zla Ya\u015fam Alanlar\u0131n\u0131za De\u011fer Katmaya \u00c7al\u0131\u015f\u0131yoruz.\u00a0 \u00dcr\u00fcnlerimizi \u0130ste\u011finize uygun projelendirip, tasar\u0131msal se\u00e7enekleri mimarlar\u0131m\u0131zla birlikte tasarl\u0131yor, ortalama 20 g\u00fcn i\u00e7erisinde kargoya veriyoruz. \u0130\u00e7 ve D\u0131\u015f alanlarda rahatl\u0131kla kullanabilece\u011finiz, neme ve rutubete dayan\u0131kl\u0131, yang\u0131n riskine kar\u015f\u0131 yang\u0131n \u00f6teleyici katman ilave edilmektedir.\u00a0  ===\u00d6ZELLE\u015eT\u0130RME=== * \u00d6zel sipari\u015fleriniz i\u00e7in l\u00fctfen bizimle ileti\u015fime ge\u00e7in. * Herhangi bir boyut veya renk mevcuttur Eviniz i\u00e7in benzersiz el oymas\u0131 yatak \u00e7er\u00e7evesi ve ba\u015fl\u0131k, ah\u0131r kap\u0131s\u0131, yemek masas\u0131, sehpa, ah\u015fap duvar dekoru yapabiliriz. * Farkl\u0131 bir boyut veya tasar\u0131mda \u00f6zel bir Yatak \u00c7er\u00e7evesi veya Ba\u015fl\u0131k i\u00e7in fiyat teklifi almak isterseniz ayn\u0131 g\u00fcn size bir fiyat teklifiyle geri d\u00f6nebiliriz.  * Farkl\u0131 modeller ve se\u00e7enekler i\u00e7in l\u00fctfen ma\u011fazam\u0131z\u0131 ziyaret etmeyi unutmay\u0131n:\" \/>\n<meta property=\"og:url\" content=\"https:\/\/www.stoneplusturkiye.com\/shop\/urun\/stonewood-atlas-ahsap-yatak-100x200\/\" \/>\n<meta property=\"og:site_name\" content=\"Stoneplus Ah\u015fap \u00dcr\u00fcnleri\" \/>\n<meta property=\"article:publisher\" content=\"https:\/\/www.facebook.com\/stoneplusturkiye\/\" \/>\n<meta property=\"article:modified_time\" content=\"2024-12-30T13:24:26+00:00\" \/>\n<meta property=\"og:image\" content=\"https:\/\/www.stoneplusturkiye.com\/shop\/wp-content\/uploads\/2024\/12\/agacyatak2kisilik.jpg\" \/>\n\t<meta property=\"og:image:width\" content=\"1000\" \/>\n\t<meta property=\"og:image:height\" content=\"1100\" \/>\n\t<meta property=\"og:image:type\" content=\"image\/jpeg\" \/>\n<meta name=\"twitter:card\" content=\"summary_large_image\" \/>\n<meta name=\"twitter:label1\" content=\"Tahmini okuma s\u00fcresi\" \/>\n\t<meta name=\"twitter:data1\" content=\"1 dakika\" \/>\n<script type=\"application\/ld+json\" class=\"yoast-schema-graph\">{\"@context\":\"https:\/\/schema.org\",\"@graph\":[{\"@type\":\"WebPage\",\"@id\":\"https:\/\/www.stoneplusturkiye.com\/shop\/urun\/stonewood-atlas-ahsap-yatak-100x200\/\",\"url\":\"https:\/\/www.stoneplusturkiye.com\/shop\/urun\/stonewood-atlas-ahsap-yatak-100x200\/\",\"name\":\"Stonewood Atlas Ah\u015fap Yatak 90x190 - Stoneplus Ah\u015fap \u00dcr\u00fcnleri\",\"isPartOf\":{\"@id\":\"https:\/\/www.stoneplusturkiye.com\/shop\/#website\"},\"primaryImageOfPage\":{\"@id\":\"https:\/\/www.stoneplusturkiye.com\/shop\/urun\/stonewood-atlas-ahsap-yatak-100x200\/#primaryimage\"},\"image\":{\"@id\":\"https:\/\/www.stoneplusturkiye.com\/shop\/urun\/stonewood-atlas-ahsap-yatak-100x200\/#primaryimage\"},\"thumbnailUrl\":\"https:\/\/www.stoneplusturkiye.com\/shop\/wp-content\/uploads\/2024\/12\/agacyatak2kisilik.jpg\",\"datePublished\":\"2024-12-18T16:28:01+00:00\",\"dateModified\":\"2024-12-30T13:24:26+00:00\",\"breadcrumb\":{\"@id\":\"https:\/\/www.stoneplusturkiye.com\/shop\/urun\/stonewood-atlas-ahsap-yatak-100x200\/#breadcrumb\"},\"inLanguage\":\"tr\",\"potentialAction\":[{\"@type\":\"ReadAction\",\"target\":[\"https:\/\/www.stoneplusturkiye.com\/shop\/urun\/stonewood-atlas-ahsap-yatak-100x200\/\"]}]},{\"@type\":\"ImageObject\",\"inLanguage\":\"tr\",\"@id\":\"https:\/\/www.stoneplusturkiye.com\/shop\/urun\/stonewood-atlas-ahsap-yatak-100x200\/#primaryimage\",\"url\":\"https:\/\/www.stoneplusturkiye.com\/shop\/wp-content\/uploads\/2024\/12\/agacyatak2kisilik.jpg\",\"contentUrl\":\"https:\/\/www.stoneplusturkiye.com\/shop\/wp-content\/uploads\/2024\/12\/agacyatak2kisilik.jpg\",\"width\":1000,\"height\":1100,\"caption\":\"agacyatak\"},{\"@type\":\"BreadcrumbList\",\"@id\":\"https:\/\/www.stoneplusturkiye.com\/shop\/urun\/stonewood-atlas-ahsap-yatak-100x200\/#breadcrumb\",\"itemListElement\":[{\"@type\":\"ListItem\",\"position\":1,\"name\":\"Home\",\"item\":\"https:\/\/www.stoneplusturkiye.com\/shop\/\"},{\"@type\":\"ListItem\",\"position\":2,\"name\":\"Ma\u011faza\",\"item\":\"https:\/\/www.stoneplusturkiye.com\/shop\/magaza\/\"},{\"@type\":\"ListItem\",\"position\":3,\"name\":\"Stonewood Atlas Ah\u015fap Yatak 90&#215;190\"}]},{\"@type\":\"WebSite\",\"@id\":\"https:\/\/www.stoneplusturkiye.com\/shop\/#website\",\"url\":\"https:\/\/www.stoneplusturkiye.com\/shop\/\",\"name\":\"Stoneplus Ah\u015fap \u00dcr\u00fcnleri\",\"description\":\"Stonewood Ah\u015fap \u00c7\u00f6z\u00fcmleri\",\"publisher\":{\"@id\":\"https:\/\/www.stoneplusturkiye.com\/shop\/#organization\"},\"potentialAction\":[{\"@type\":\"SearchAction\",\"target\":{\"@type\":\"EntryPoint\",\"urlTemplate\":\"https:\/\/www.stoneplusturkiye.com\/shop\/?s={search_term_string}\"},\"query-input\":{\"@type\":\"PropertyValueSpecification\",\"valueRequired\":true,\"valueName\":\"search_term_string\"}}],\"inLanguage\":\"tr\"},{\"@type\":\"Organization\",\"@id\":\"https:\/\/www.stoneplusturkiye.com\/shop\/#organization\",\"name\":\"Stoneplus \u0130n\u015faat Yap\u0131 Ah\u015fap \u00dcr\u00fcnleri\",\"url\":\"https:\/\/www.stoneplusturkiye.com\/shop\/\",\"logo\":{\"@type\":\"ImageObject\",\"inLanguage\":\"tr\",\"@id\":\"https:\/\/www.stoneplusturkiye.com\/shop\/#\/schema\/logo\/image\/\",\"url\":\"https:\/\/www.stoneplusturkiye.com\/shop\/wp-content\/uploads\/2025\/02\/stoneplus2.png\",\"contentUrl\":\"https:\/\/www.stoneplusturkiye.com\/shop\/wp-content\/uploads\/2025\/02\/stoneplus2.png\",\"width\":1000,\"height\":1000,\"caption\":\"Stoneplus \u0130n\u015faat Yap\u0131 Ah\u015fap \u00dcr\u00fcnleri\"},\"image\":{\"@id\":\"https:\/\/www.stoneplusturkiye.com\/shop\/#\/schema\/logo\/image\/\"},\"sameAs\":[\"https:\/\/www.facebook.com\/stoneplusturkiye\/\"],\"description\":\"Stoneplus in\u015faat yap\u0131 ah\u015fap \u00fcr\u00fcnleri\",\"email\":\"bilgi@stoneplusturkiye.com\",\"telephone\":\"08504950590\",\"legalName\":\"Stoneplus \u0130n\u015f. Yap\u0131 Ah\u015fap \u00dcr\u00fcnleri\",\"taxID\":\"7810871242\",\"numberOfEmployees\":{\"@type\":\"QuantitativeValue\",\"minValue\":\"1\",\"maxValue\":\"10\"}}]}<\/script>\n<!-- \/ Yoast SEO Premium plugin. -->","yoast_head_json":{"title":"Stonewood Atlas Ah\u015fap Yatak 90x190 - Stoneplus Ah\u015fap \u00dcr\u00fcnleri","robots":{"index":"index","follow":"follow","max-snippet":"max-snippet:-1","max-image-preview":"max-image-preview:large","max-video-preview":"max-video-preview:-1"},"canonical":"https:\/\/www.stoneplusturkiye.com\/shop\/urun\/stonewood-atlas-ahsap-yatak-100x200\/","og_locale":"tr_TR","og_type":"article","og_title":"Stonewood Atlas Ah\u015fap Yatak 90x190","og_description":"Suya ve Ya\u011fmura Dayan\u0131kl\u0131, Kusursuz Cnc \u0130\u015fleme ve El Oymas\u0131 Destekli \u00e7al\u0131\u015fmalar\u0131m\u0131zla Ya\u015fam Alanlar\u0131n\u0131za De\u011fer Katmaya \u00c7al\u0131\u015f\u0131yoruz.\u00a0 \u00dcr\u00fcnlerimizi \u0130ste\u011finize uygun projelendirip, tasar\u0131msal se\u00e7enekleri mimarlar\u0131m\u0131zla birlikte tasarl\u0131yor, ortalama 20 g\u00fcn i\u00e7erisinde kargoya veriyoruz. \u0130\u00e7 ve D\u0131\u015f alanlarda rahatl\u0131kla kullanabilece\u011finiz, neme ve rutubete dayan\u0131kl\u0131, yang\u0131n riskine kar\u015f\u0131 yang\u0131n \u00f6teleyici katman ilave edilmektedir.\u00a0  ===\u00d6ZELLE\u015eT\u0130RME=== * \u00d6zel sipari\u015fleriniz i\u00e7in l\u00fctfen bizimle ileti\u015fime ge\u00e7in. * Herhangi bir boyut veya renk mevcuttur Eviniz i\u00e7in benzersiz el oymas\u0131 yatak \u00e7er\u00e7evesi ve ba\u015fl\u0131k, ah\u0131r kap\u0131s\u0131, yemek masas\u0131, sehpa, ah\u015fap duvar dekoru yapabiliriz. * Farkl\u0131 bir boyut veya tasar\u0131mda \u00f6zel bir Yatak \u00c7er\u00e7evesi veya Ba\u015fl\u0131k i\u00e7in fiyat teklifi almak isterseniz ayn\u0131 g\u00fcn size bir fiyat teklifiyle geri d\u00f6nebiliriz.  * Farkl\u0131 modeller ve se\u00e7enekler i\u00e7in l\u00fctfen ma\u011fazam\u0131z\u0131 ziyaret etmeyi unutmay\u0131n:","og_url":"https:\/\/www.stoneplusturkiye.com\/shop\/urun\/stonewood-atlas-ahsap-yatak-100x200\/","og_site_name":"Stoneplus Ah\u015fap \u00dcr\u00fcnleri","article_publisher":"https:\/\/www.facebook.com\/stoneplusturkiye\/","article_modified_time":"2024-12-30T13:24:26+00:00","og_image":[{"width":1000,"height":1100,"url":"https:\/\/www.stoneplusturkiye.com\/shop\/wp-content\/uploads\/2024\/12\/agacyatak2kisilik.jpg","type":"image\/jpeg"}],"twitter_card":"summary_large_image","twitter_misc":{"Tahmini okuma s\u00fcresi":"1 dakika"},"schema":{"@context":"https:\/\/schema.org","@graph":[{"@type":"WebPage","@id":"https:\/\/www.stoneplusturkiye.com\/shop\/urun\/stonewood-atlas-ahsap-yatak-100x200\/","url":"https:\/\/www.stoneplusturkiye.com\/shop\/urun\/stonewood-atlas-ahsap-yatak-100x200\/","name":"Stonewood Atlas Ah\u015fap Yatak 90x190 - Stoneplus Ah\u015fap \u00dcr\u00fcnleri","isPartOf":{"@id":"https:\/\/www.stoneplusturkiye.com\/shop\/#website"},"primaryImageOfPage":{"@id":"https:\/\/www.stoneplusturkiye.com\/shop\/urun\/stonewood-atlas-ahsap-yatak-100x200\/#primaryimage"},"image":{"@id":"https:\/\/www.stoneplusturkiye.com\/shop\/urun\/stonewood-atlas-ahsap-yatak-100x200\/#primaryimage"},"thumbnailUrl":"https:\/\/www.stoneplusturkiye.com\/shop\/wp-content\/uploads\/2024\/12\/agacyatak2kisilik.jpg","datePublished":"2024-12-18T16:28:01+00:00","dateModified":"2024-12-30T13:24:26+00:00","breadcrumb":{"@id":"https:\/\/www.stoneplusturkiye.com\/shop\/urun\/stonewood-atlas-ahsap-yatak-100x200\/#breadcrumb"},"inLanguage":"tr","potentialAction":[{"@type":"ReadAction","target":["https:\/\/www.stoneplusturkiye.com\/shop\/urun\/stonewood-atlas-ahsap-yatak-100x200\/"]}]},{"@type":"ImageObject","inLanguage":"tr","@id":"https:\/\/www.stoneplusturkiye.com\/shop\/urun\/stonewood-atlas-ahsap-yatak-100x200\/#primaryimage","url":"https:\/\/www.stoneplusturkiye.com\/shop\/wp-content\/uploads\/2024\/12\/agacyatak2kisilik.jpg","contentUrl":"https:\/\/www.stoneplusturkiye.com\/shop\/wp-content\/uploads\/2024\/12\/agacyatak2kisilik.jpg","width":1000,"height":1100,"caption":"agacyatak"},{"@type":"BreadcrumbList","@id":"https:\/\/www.stoneplusturkiye.com\/shop\/urun\/stonewood-atlas-ahsap-yatak-100x200\/#breadcrumb","itemListElement":[{"@type":"ListItem","position":1,"name":"Home","item":"https:\/\/www.stoneplusturkiye.com\/shop\/"},{"@type":"ListItem","position":2,"name":"Ma\u011faza","item":"https:\/\/www.stoneplusturkiye.com\/shop\/magaza\/"},{"@type":"ListItem","position":3,"name":"Stonewood Atlas Ah\u015fap Yatak 90&#215;190"}]},{"@type":"WebSite","@id":"https:\/\/www.stoneplusturkiye.com\/shop\/#website","url":"https:\/\/www.stoneplusturkiye.com\/shop\/","name":"Stoneplus Ah\u015fap \u00dcr\u00fcnleri","description":"Stonewood Ah\u015fap \u00c7\u00f6z\u00fcmleri","publisher":{"@id":"https:\/\/www.stoneplusturkiye.com\/shop\/#organization"},"potentialAction":[{"@type":"SearchAction","target":{"@type":"EntryPoint","urlTemplate":"https:\/\/www.stoneplusturkiye.com\/shop\/?s={search_term_string}"},"query-input":{"@type":"PropertyValueSpecification","valueRequired":true,"valueName":"search_term_string"}}],"inLanguage":"tr"},{"@type":"Organization","@id":"https:\/\/www.stoneplusturkiye.com\/shop\/#organization","name":"Stoneplus \u0130n\u015faat Yap\u0131 Ah\u015fap \u00dcr\u00fcnleri","url":"https:\/\/www.stoneplusturkiye.com\/shop\/","logo":{"@type":"ImageObject","inLanguage":"tr","@id":"https:\/\/www.stoneplusturkiye.com\/shop\/#\/schema\/logo\/image\/","url":"https:\/\/www.stoneplusturkiye.com\/shop\/wp-content\/uploads\/2025\/02\/stoneplus2.png","contentUrl":"https:\/\/www.stoneplusturkiye.com\/shop\/wp-content\/uploads\/2025\/02\/stoneplus2.png","width":1000,"height":1000,"caption":"Stoneplus \u0130n\u015faat Yap\u0131 Ah\u015fap \u00dcr\u00fcnleri"},"image":{"@id":"https:\/\/www.stoneplusturkiye.com\/shop\/#\/schema\/logo\/image\/"},"sameAs":["https:\/\/www.facebook.com\/stoneplusturkiye\/"],"description":"Stoneplus in\u015faat yap\u0131 ah\u015fap \u00fcr\u00fcnleri","email":"bilgi@stoneplusturkiye.com","telephone":"08504950590","legalName":"Stoneplus \u0130n\u015f. Yap\u0131 Ah\u015fap \u00dcr\u00fcnleri","taxID":"7810871242","numberOfEmployees":{"@type":"QuantitativeValue","minValue":"1","maxValue":"10"}}]}},"_links":{"self":[{"href":"https:\/\/www.stoneplusturkiye.com\/shop\/wp-json\/wp\/v2\/product\/8999","targetHints":{"allow":["GET"]}}],"collection":[{"href":"https:\/\/www.stoneplusturkiye.com\/shop\/wp-json\/wp\/v2\/product"}],"about":[{"href":"https:\/\/www.stoneplusturkiye.com\/shop\/wp-json\/wp\/v2\/types\/product"}],"replies":[{"embeddable":true,"href":"https:\/\/www.stoneplusturkiye.com\/shop\/wp-json\/wp\/v2\/comments?post=8999"}],"version-history":[{"count":3,"href":"https:\/\/www.stoneplusturkiye.com\/shop\/wp-json\/wp\/v2\/product\/8999\/revisions"}],"predecessor-version":[{"id":9270,"href":"https:\/\/www.stoneplusturkiye.com\/shop\/wp-json\/wp\/v2\/product\/8999\/revisions\/9270"}],"wp:featuredmedia":[{"embeddable":true,"href":"https:\/\/www.stoneplusturkiye.com\/shop\/wp-json\/wp\/v2\/media\/9000"}],"wp:attachment":[{"href":"https:\/\/www.stoneplusturkiye.com\/shop\/wp-json\/wp\/v2\/media?parent=8999"}],"wp:term":[{"taxonomy":"product_brand","embeddable":true,"href":"https:\/\/www.stoneplusturkiye.com\/shop\/wp-json\/wp\/v2\/product_brand?post=8999"},{"taxonomy":"product_cat","embeddable":true,"href":"https:\/\/www.stoneplusturkiye.com\/shop\/wp-json\/wp\/v2\/product_cat?post=8999"},{"taxonomy":"product_tag","embeddable":true,"href":"https:\/\/www.stoneplusturkiye.com\/shop\/wp-json\/wp\/v2\/product_tag?post=8999"}],"curies":[{"name":"wp","href":"https:\/\/api.w.org\/{rel}","templated":true}]}}