{"id":8759,"date":"2024-12-07T17:20:26","date_gmt":"2024-12-07T14:20:26","guid":{"rendered":"https:\/\/www.stoneplusturkiye.com\/shop\/?post_type=product&#038;p=8759"},"modified":"2025-05-10T13:26:46","modified_gmt":"2025-05-10T10:26:46","slug":"stonewood-damla-dogal-ahsap-kapi-100x220","status":"publish","type":"product","link":"https:\/\/www.stoneplusturkiye.com\/shop\/urun\/stonewood-damla-dogal-ahsap-kapi-100x220\/","title":{"rendered":"Sonsuzluk Ah\u015fap Ah\u0131r Kap\u0131s\u0131 | Stonewood Damla 100&#215;220"},"content":{"rendered":"<article id=\"post-0\">\n<form role=\"search\" action=\"https:\/\/www.stoneplusturkiye.com\/shop\/\" method=\"get\">\n<div class=\"flex-1 overflow-hidden\">\n<div class=\"react-scroll-to-bottom--css-jsdmm-79elbk h-full\">\n<div class=\"react-scroll-to-bottom--css-jsdmm-1n7m0yu\">\n<div class=\"flex flex-col pb-9 text-sm\">\n<div class=\"w-full text-token-text-primary\" data-testid=\"conversation-turn-13\">\n<div class=\"px-4 py-2 justify-center text-base md:gap-6 m-auto\">\n<div class=\"flex flex-1 text-base mx-auto gap-3 md:px-5 lg:px-1 xl:px-5 md:max-w-3xl lg:max-w-[40rem] xl:max-w-[48rem] group final-completion\">\n<div class=\"relative flex w-full flex-col lg:w-[calc(100%-115px)] agent-turn\">\n<div class=\"flex-col gap-1 md:gap-3\">\n<div class=\"flex flex-grow flex-col max-w-full\">\n<div class=\"min-h-[20px] text-message flex flex-col items-start gap-3 whitespace-pre-wrap break-words [.text-message+&amp;]:mt-5 overflow-x-auto\" data-message-author-role=\"assistant\" data-message-id=\"884c8163-e7e9-4a91-9892-88356185c402\">\n<div class=\"markdown prose w-full break-words dark:prose-invert light\">\n<div class=\"flex-1 overflow-hidden\">\n<div class=\"react-scroll-to-bottom--css-jsdmm-79elbk h-full\">\n<div class=\"react-scroll-to-bottom--css-jsdmm-1n7m0yu\">\n<div class=\"flex flex-col pb-9 text-sm\">\n<div class=\"w-full text-token-text-primary\" data-testid=\"conversation-turn-17\">\n<div class=\"px-4 py-2 justify-center text-base md:gap-6 m-auto\">\n<div class=\"flex flex-1 text-base mx-auto gap-3 md:px-5 lg:px-1 xl:px-5 md:max-w-3xl lg:max-w-[40rem] xl:max-w-[48rem] group final-completion\">\n<div class=\"relative flex w-full flex-col lg:w-[calc(100%-115px)] agent-turn\">\n<div class=\"flex-col gap-1 md:gap-3\">\n<div class=\"flex flex-grow flex-col max-w-full\">\n<div class=\"min-h-[20px] text-message flex flex-col items-start gap-3 whitespace-pre-wrap break-words [.text-message+&amp;]:mt-5 overflow-x-auto\" data-message-author-role=\"assistant\" data-message-id=\"dc4a1186-a3f3-4d64-9119-ae861e996d6c\">\n<div class=\"markdown prose w-full break-words dark:prose-invert light\">\n<h3>Sonsuzluk Ah\u015fap Ah\u0131r Kap\u0131s\u0131<\/h3>\n<p>Sonsuzluk Ah\u015fap Ah\u0131r Kap\u0131s\u0131 , zarif tasar\u0131m\u0131 ve do\u011fal malzeme kalitesiyle ya\u015fam alanlar\u0131na s\u0131cakl\u0131k ve \u015f\u0131kl\u0131k kat\u0131yor. Do\u011fal ah\u015fap dokusu, her kap\u0131ya benzersiz bir karakter kazand\u0131r\u0131rken, dayan\u0131kl\u0131 yap\u0131s\u0131 uzun \u00f6m\u00fcrl\u00fc bir kullan\u0131m sunar.<\/p>\n<p>Kap\u0131n\u0131n &#8220;Damla&#8221; ad\u0131n\u0131 ta\u015f\u0131yan tasar\u0131m\u0131, yumu\u015fak k\u0131vr\u0131mlar\u0131 ve minimal detaylar\u0131yla dikkat \u00e7eker. Ah\u015fab\u0131n do\u011fal damar ve desenleri \u00f6zenle i\u015flenmi\u015f, y\u00fczeyde yer alan zarif detaylar estetik bir g\u00f6r\u00fcn\u00fcm sa\u011flam\u0131\u015ft\u0131r. Stonewood, bu modelde genellikle \u00e7am veya sedir gibi dayan\u0131kl\u0131 ah\u015fap t\u00fcrlerini tercih ederek kaliteyi garanti alt\u0131na al\u0131r.<\/p>\n<p>Damla Do\u011fal Ah\u015fap Kap\u0131, hem i\u00e7 mekanlarda hem de d\u0131\u015f mekanlarda rahatl\u0131kla kullan\u0131labilir. Bah\u00e7e giri\u015flerinden salonlara, yatak odalar\u0131ndan ofislere kadar geni\u015f bir kullan\u0131m alan\u0131na sahiptir. Eskitme cilalar, vernikler veya do\u011fal ya\u011flarla korunarak kap\u0131n\u0131n g\u00fczelli\u011fi y\u0131llarca muhafaza edilebilir.<\/p>\n<p>Rustik ve modern tasar\u0131m stilleriyle uyum sa\u011flayabilen bu kap\u0131, yaln\u0131zca bir ge\u00e7i\u015f unsuru de\u011fil, ayn\u0131 zamanda dekoratif bir odak noktas\u0131d\u0131r. Stonewood Damla Do\u011fal Ah\u015fap Kap\u0131, estetik ve dayan\u0131kl\u0131l\u0131\u011f\u0131 bir arada sunarak her mekanda fark yarat\u0131r.<\/p>\n<\/div>\n<\/div>\n<\/div>\n<\/div>\n<\/div>\n<\/div>\n<\/div>\n<\/div>\n<\/div>\n<\/div>\n<\/div>\n<\/div>\n<\/div>\n<\/div>\n<\/div>\n<\/div>\n<\/div>\n<\/div>\n<\/div>\n<\/div>\n<\/div>\n<\/div>\n<\/div>\n<\/div>\n<\/form>\n<p><!-- .entry-content --><\/p>\n<\/article>\n<p><!-- #post-0 --><\/p>\n","protected":false},"excerpt":{"rendered":"<p><span style=\"color: #544538;\">Suya ve Ya\u011fmura Dayan\u0131kl\u0131, 0,16 Kuruluk Oran\u0131na Sahip, Kusursuz Cnc \u0130\u015fleme Teknolojisiyle, Ya\u015fam Alanlar\u0131n\u0131za De\u011fer Katacak Ah\u015fap Kap\u0131 Uygulamas\u0131.<\/span><br \/>\n<span style=\"color: #544538;\">\u00dcr\u00fcnlerimizi \u0130ste\u011finize uygun projelendirip, tasar\u0131msal se\u00e7enekleri mimarlar\u0131m\u0131zla birlikte tasarl\u0131yor, ortalama 20 g\u00fcn i\u00e7erisinde kargoya veriyoruz.<br \/>\n\u0130\u00e7 ve D\u0131\u015f alanlarda rahatl\u0131kla kullanabilece\u011finiz, neme ve rutubete dayan\u0131kl\u0131, yang\u0131n riskine kar\u015f\u0131 yang\u0131n besleyici bak\u0131m uygulamas\u0131 yap\u0131l\u0131p g\u00f6nderilecektir.<\/span><\/p>\n<p><span style=\"color: #008000;\"><strong>Stonewood Damla Do\u011fal Ahsap Kap\u0131 \u00d6zellikleri:\u00a0<\/strong><\/span><br \/>\n<strong>Aksesuarlar<\/strong>: Fiyat\u0131m\u0131za Dahil Edilmemi\u015ftir.<br \/>\n<strong>Boya Uygulamas\u0131<\/strong>: Su Bazl\u0131 Boya (Hemel) &#8211; Ate\u015f \u00d6teleyici<br \/>\n<strong>Kap\u0131 Kal\u0131nl\u0131\u011f\u0131<\/strong>: 5 cm<br \/>\n<strong>Kap\u0131 K\u00f6rkasas\u0131<\/strong>: Duvar Kal\u0131nl\u0131\u011f\u0131n\u0131za G\u00f6re Belirlenecektir.<br \/>\n<strong>A\u011fa\u00e7 T\u00fcr\u00fc<\/strong>: Sedir (Katran) olarak \u00fcretilebilmektedir.\u00a0 (Opsiyonel Fiyat Talep Ediniz)<br \/>\n<strong>\u00dcr\u00fcn Ebat\u0131<\/strong>: 90&#215;210 cm<br \/>\n<span style=\"color: #993300;\"><strong>\u00dcr\u00fcnlerimizin Kasa Geni\u015flikleri, a\u011fa\u00e7 t\u00fcrleri, aksesuar detaylar\u0131, eklemek istedi\u011finiz logo katmanlar\u0131 ve cila se\u00e7enekleri fiyatlar\u0131m\u0131zda de\u011fi\u015fkenlik g\u00f6stermektedir.\u00a0<\/strong><\/span><\/p>\n","protected":false},"featured_media":8760,"comment_status":"open","ping_status":"closed","template":"","meta":[],"product_brand":[],"product_cat":[72],"product_tag":[73,84,86,88,75,231],"class_list":{"0":"post-8759","1":"product","2":"type-product","3":"status-publish","4":"has-post-thumbnail","6":"product_cat-ahsapkapi","7":"product_tag-ahsap-kapi","8":"product_tag-ahsap-kapi-fiyatlari","9":"product_tag-figurlu-ahsap-kapilar","10":"product_tag-rustik-ahsap-ahir-kapisi","11":"product_tag-sedir-ahsap-kapi-tasarimlari","12":"product_tag-sonsuzluk-ahsap-ahir-kapisi","14":"first","15":"instock","16":"shipping-taxable","17":"purchasable","18":"product-type-simple"},"yoast_head":"<!-- This site is optimized with the Yoast SEO Premium plugin v24.8 (Yoast SEO v27.3) - https:\/\/yoast.com\/product\/yoast-seo-premium-wordpress\/ -->\n<title>Sonsuzluk Ah\u015fap Ah\u0131r Kap\u0131s\u0131 | Stonewood Damla 100x220 - Stoneplus Ah\u015fap \u00dcr\u00fcnleri<\/title>\n<meta name=\"description\" content=\"Sonsuzluk Ah\u015fap Ah\u0131r Kap\u0131s\u0131 hem i\u00e7 mekanlarda hem de d\u0131\u015f mekanlarda rahatl\u0131kla kullan\u0131labilir. Bah\u00e7e giri\u015flerinden salonlara, yatak odalar\u0131ndan ofislere\" \/>\n<meta name=\"robots\" content=\"index, follow, max-snippet:-1, max-image-preview:large, max-video-preview:-1\" \/>\n<link rel=\"canonical\" href=\"https:\/\/www.stoneplusturkiye.com\/shop\/urun\/stonewood-damla-dogal-ahsap-kapi-100x220\/\" \/>\n<meta property=\"og:locale\" content=\"tr_TR\" \/>\n<meta property=\"og:type\" content=\"article\" \/>\n<meta property=\"og:title\" content=\"Sonsuzluk Ah\u015fap Ah\u0131r Kap\u0131s\u0131 | Stonewood Damla 100x220\" \/>\n<meta property=\"og:description\" content=\"Sonsuzluk Ah\u015fap Ah\u0131r Kap\u0131s\u0131 hem i\u00e7 mekanlarda hem de d\u0131\u015f mekanlarda rahatl\u0131kla kullan\u0131labilir. Bah\u00e7e giri\u015flerinden salonlara, yatak odalar\u0131ndan ofislere\" \/>\n<meta property=\"og:url\" content=\"https:\/\/www.stoneplusturkiye.com\/shop\/urun\/stonewood-damla-dogal-ahsap-kapi-100x220\/\" \/>\n<meta property=\"og:site_name\" content=\"Stoneplus Ah\u015fap \u00dcr\u00fcnleri\" \/>\n<meta property=\"article:publisher\" content=\"https:\/\/www.facebook.com\/stoneplusturkiye\/\" \/>\n<meta property=\"article:modified_time\" content=\"2025-05-10T10:26:46+00:00\" \/>\n<meta property=\"og:image\" content=\"https:\/\/www.stoneplusturkiye.com\/shop\/wp-content\/uploads\/2024\/12\/damlasonsuzlukkapisi.jpg\" \/>\n\t<meta property=\"og:image:width\" content=\"1000\" \/>\n\t<meta property=\"og:image:height\" content=\"1100\" \/>\n\t<meta property=\"og:image:type\" content=\"image\/jpeg\" \/>\n<meta name=\"twitter:card\" content=\"summary_large_image\" \/>\n<meta name=\"twitter:label1\" content=\"Tahmini okuma s\u00fcresi\" \/>\n\t<meta name=\"twitter:data1\" content=\"2 dakika\" \/>\n<script type=\"application\/ld+json\" class=\"yoast-schema-graph\">{\"@context\":\"https:\\\/\\\/schema.org\",\"@graph\":[{\"@type\":\"WebPage\",\"@id\":\"https:\\\/\\\/www.stoneplusturkiye.com\\\/shop\\\/urun\\\/stonewood-damla-dogal-ahsap-kapi-100x220\\\/\",\"url\":\"https:\\\/\\\/www.stoneplusturkiye.com\\\/shop\\\/urun\\\/stonewood-damla-dogal-ahsap-kapi-100x220\\\/\",\"name\":\"Sonsuzluk Ah\u015fap Ah\u0131r Kap\u0131s\u0131 | Stonewood Damla 100x220 - Stoneplus Ah\u015fap \u00dcr\u00fcnleri\",\"isPartOf\":{\"@id\":\"https:\\\/\\\/www.stoneplusturkiye.com\\\/shop\\\/#website\"},\"primaryImageOfPage\":{\"@id\":\"https:\\\/\\\/www.stoneplusturkiye.com\\\/shop\\\/urun\\\/stonewood-damla-dogal-ahsap-kapi-100x220\\\/#primaryimage\"},\"image\":{\"@id\":\"https:\\\/\\\/www.stoneplusturkiye.com\\\/shop\\\/urun\\\/stonewood-damla-dogal-ahsap-kapi-100x220\\\/#primaryimage\"},\"thumbnailUrl\":\"https:\\\/\\\/www.stoneplusturkiye.com\\\/shop\\\/wp-content\\\/uploads\\\/2024\\\/12\\\/damlasonsuzlukkapisi.jpg\",\"datePublished\":\"2024-12-07T14:20:26+00:00\",\"dateModified\":\"2025-05-10T10:26:46+00:00\",\"description\":\"Sonsuzluk Ah\u015fap Ah\u0131r Kap\u0131s\u0131 hem i\u00e7 mekanlarda hem de d\u0131\u015f mekanlarda rahatl\u0131kla kullan\u0131labilir. Bah\u00e7e giri\u015flerinden salonlara, yatak odalar\u0131ndan ofislere\",\"breadcrumb\":{\"@id\":\"https:\\\/\\\/www.stoneplusturkiye.com\\\/shop\\\/urun\\\/stonewood-damla-dogal-ahsap-kapi-100x220\\\/#breadcrumb\"},\"inLanguage\":\"tr\",\"potentialAction\":[{\"@type\":\"ReadAction\",\"target\":[\"https:\\\/\\\/www.stoneplusturkiye.com\\\/shop\\\/urun\\\/stonewood-damla-dogal-ahsap-kapi-100x220\\\/\"]}]},{\"@type\":\"ImageObject\",\"inLanguage\":\"tr\",\"@id\":\"https:\\\/\\\/www.stoneplusturkiye.com\\\/shop\\\/urun\\\/stonewood-damla-dogal-ahsap-kapi-100x220\\\/#primaryimage\",\"url\":\"https:\\\/\\\/www.stoneplusturkiye.com\\\/shop\\\/wp-content\\\/uploads\\\/2024\\\/12\\\/damlasonsuzlukkapisi.jpg\",\"contentUrl\":\"https:\\\/\\\/www.stoneplusturkiye.com\\\/shop\\\/wp-content\\\/uploads\\\/2024\\\/12\\\/damlasonsuzlukkapisi.jpg\",\"width\":1000,\"height\":1100,\"caption\":\"Sonsuzluk Ah\u015fap Ah\u0131r Kap\u0131s\u0131\"},{\"@type\":\"BreadcrumbList\",\"@id\":\"https:\\\/\\\/www.stoneplusturkiye.com\\\/shop\\\/urun\\\/stonewood-damla-dogal-ahsap-kapi-100x220\\\/#breadcrumb\",\"itemListElement\":[{\"@type\":\"ListItem\",\"position\":1,\"name\":\"Home\",\"item\":\"https:\\\/\\\/www.stoneplusturkiye.com\\\/shop\\\/\"},{\"@type\":\"ListItem\",\"position\":2,\"name\":\"Ma\u011faza\",\"item\":\"https:\\\/\\\/www.stoneplusturkiye.com\\\/shop\\\/magaza\\\/\"},{\"@type\":\"ListItem\",\"position\":3,\"name\":\"Sonsuzluk Ah\u015fap Ah\u0131r Kap\u0131s\u0131 | Stonewood Damla 100&#215;220\"}]},{\"@type\":\"WebSite\",\"@id\":\"https:\\\/\\\/www.stoneplusturkiye.com\\\/shop\\\/#website\",\"url\":\"https:\\\/\\\/www.stoneplusturkiye.com\\\/shop\\\/\",\"name\":\"Stoneplus Ah\u015fap \u00dcr\u00fcnleri\",\"description\":\"Stonewood Ah\u015fap \u00c7\u00f6z\u00fcmleri\",\"publisher\":{\"@id\":\"https:\\\/\\\/www.stoneplusturkiye.com\\\/shop\\\/#organization\"},\"potentialAction\":[{\"@type\":\"SearchAction\",\"target\":{\"@type\":\"EntryPoint\",\"urlTemplate\":\"https:\\\/\\\/www.stoneplusturkiye.com\\\/shop\\\/?s={search_term_string}\"},\"query-input\":{\"@type\":\"PropertyValueSpecification\",\"valueRequired\":true,\"valueName\":\"search_term_string\"}}],\"inLanguage\":\"tr\"},{\"@type\":\"Organization\",\"@id\":\"https:\\\/\\\/www.stoneplusturkiye.com\\\/shop\\\/#organization\",\"name\":\"Stoneplus \u0130n\u015faat Yap\u0131 Ah\u015fap \u00dcr\u00fcnleri\",\"url\":\"https:\\\/\\\/www.stoneplusturkiye.com\\\/shop\\\/\",\"logo\":{\"@type\":\"ImageObject\",\"inLanguage\":\"tr\",\"@id\":\"https:\\\/\\\/www.stoneplusturkiye.com\\\/shop\\\/#\\\/schema\\\/logo\\\/image\\\/\",\"url\":\"https:\\\/\\\/www.stoneplusturkiye.com\\\/shop\\\/wp-content\\\/uploads\\\/2025\\\/02\\\/stoneplus2.png\",\"contentUrl\":\"https:\\\/\\\/www.stoneplusturkiye.com\\\/shop\\\/wp-content\\\/uploads\\\/2025\\\/02\\\/stoneplus2.png\",\"width\":1000,\"height\":1000,\"caption\":\"Stoneplus \u0130n\u015faat Yap\u0131 Ah\u015fap \u00dcr\u00fcnleri\"},\"image\":{\"@id\":\"https:\\\/\\\/www.stoneplusturkiye.com\\\/shop\\\/#\\\/schema\\\/logo\\\/image\\\/\"},\"sameAs\":[\"https:\\\/\\\/www.facebook.com\\\/stoneplusturkiye\\\/\"],\"description\":\"Stoneplus in\u015faat yap\u0131 ah\u015fap \u00fcr\u00fcnleri\",\"email\":\"bilgi@stoneplusturkiye.com\",\"telephone\":\"08504950590\",\"legalName\":\"Stoneplus \u0130n\u015f. Yap\u0131 Ah\u015fap \u00dcr\u00fcnleri\",\"taxID\":\"7810871242\",\"numberOfEmployees\":{\"@type\":\"QuantitativeValue\",\"minValue\":\"1\",\"maxValue\":\"10\"}}]}<\/script>\n<!-- \/ Yoast SEO Premium plugin. -->","yoast_head_json":{"title":"Sonsuzluk Ah\u015fap Ah\u0131r Kap\u0131s\u0131 | Stonewood Damla 100x220 - Stoneplus Ah\u015fap \u00dcr\u00fcnleri","description":"Sonsuzluk Ah\u015fap Ah\u0131r Kap\u0131s\u0131 hem i\u00e7 mekanlarda hem de d\u0131\u015f mekanlarda rahatl\u0131kla kullan\u0131labilir. Bah\u00e7e giri\u015flerinden salonlara, yatak odalar\u0131ndan ofislere","robots":{"index":"index","follow":"follow","max-snippet":"max-snippet:-1","max-image-preview":"max-image-preview:large","max-video-preview":"max-video-preview:-1"},"canonical":"https:\/\/www.stoneplusturkiye.com\/shop\/urun\/stonewood-damla-dogal-ahsap-kapi-100x220\/","og_locale":"tr_TR","og_type":"article","og_title":"Sonsuzluk Ah\u015fap Ah\u0131r Kap\u0131s\u0131 | Stonewood Damla 100x220","og_description":"Sonsuzluk Ah\u015fap Ah\u0131r Kap\u0131s\u0131 hem i\u00e7 mekanlarda hem de d\u0131\u015f mekanlarda rahatl\u0131kla kullan\u0131labilir. Bah\u00e7e giri\u015flerinden salonlara, yatak odalar\u0131ndan ofislere","og_url":"https:\/\/www.stoneplusturkiye.com\/shop\/urun\/stonewood-damla-dogal-ahsap-kapi-100x220\/","og_site_name":"Stoneplus Ah\u015fap \u00dcr\u00fcnleri","article_publisher":"https:\/\/www.facebook.com\/stoneplusturkiye\/","article_modified_time":"2025-05-10T10:26:46+00:00","og_image":[{"width":1000,"height":1100,"url":"https:\/\/www.stoneplusturkiye.com\/shop\/wp-content\/uploads\/2024\/12\/damlasonsuzlukkapisi.jpg","type":"image\/jpeg"}],"twitter_card":"summary_large_image","twitter_misc":{"Tahmini okuma s\u00fcresi":"2 dakika"},"schema":{"@context":"https:\/\/schema.org","@graph":[{"@type":"WebPage","@id":"https:\/\/www.stoneplusturkiye.com\/shop\/urun\/stonewood-damla-dogal-ahsap-kapi-100x220\/","url":"https:\/\/www.stoneplusturkiye.com\/shop\/urun\/stonewood-damla-dogal-ahsap-kapi-100x220\/","name":"Sonsuzluk Ah\u015fap Ah\u0131r Kap\u0131s\u0131 | Stonewood Damla 100x220 - Stoneplus Ah\u015fap \u00dcr\u00fcnleri","isPartOf":{"@id":"https:\/\/www.stoneplusturkiye.com\/shop\/#website"},"primaryImageOfPage":{"@id":"https:\/\/www.stoneplusturkiye.com\/shop\/urun\/stonewood-damla-dogal-ahsap-kapi-100x220\/#primaryimage"},"image":{"@id":"https:\/\/www.stoneplusturkiye.com\/shop\/urun\/stonewood-damla-dogal-ahsap-kapi-100x220\/#primaryimage"},"thumbnailUrl":"https:\/\/www.stoneplusturkiye.com\/shop\/wp-content\/uploads\/2024\/12\/damlasonsuzlukkapisi.jpg","datePublished":"2024-12-07T14:20:26+00:00","dateModified":"2025-05-10T10:26:46+00:00","description":"Sonsuzluk Ah\u015fap Ah\u0131r Kap\u0131s\u0131 hem i\u00e7 mekanlarda hem de d\u0131\u015f mekanlarda rahatl\u0131kla kullan\u0131labilir. Bah\u00e7e giri\u015flerinden salonlara, yatak odalar\u0131ndan ofislere","breadcrumb":{"@id":"https:\/\/www.stoneplusturkiye.com\/shop\/urun\/stonewood-damla-dogal-ahsap-kapi-100x220\/#breadcrumb"},"inLanguage":"tr","potentialAction":[{"@type":"ReadAction","target":["https:\/\/www.stoneplusturkiye.com\/shop\/urun\/stonewood-damla-dogal-ahsap-kapi-100x220\/"]}]},{"@type":"ImageObject","inLanguage":"tr","@id":"https:\/\/www.stoneplusturkiye.com\/shop\/urun\/stonewood-damla-dogal-ahsap-kapi-100x220\/#primaryimage","url":"https:\/\/www.stoneplusturkiye.com\/shop\/wp-content\/uploads\/2024\/12\/damlasonsuzlukkapisi.jpg","contentUrl":"https:\/\/www.stoneplusturkiye.com\/shop\/wp-content\/uploads\/2024\/12\/damlasonsuzlukkapisi.jpg","width":1000,"height":1100,"caption":"Sonsuzluk Ah\u015fap Ah\u0131r Kap\u0131s\u0131"},{"@type":"BreadcrumbList","@id":"https:\/\/www.stoneplusturkiye.com\/shop\/urun\/stonewood-damla-dogal-ahsap-kapi-100x220\/#breadcrumb","itemListElement":[{"@type":"ListItem","position":1,"name":"Home","item":"https:\/\/www.stoneplusturkiye.com\/shop\/"},{"@type":"ListItem","position":2,"name":"Ma\u011faza","item":"https:\/\/www.stoneplusturkiye.com\/shop\/magaza\/"},{"@type":"ListItem","position":3,"name":"Sonsuzluk Ah\u015fap Ah\u0131r Kap\u0131s\u0131 | Stonewood Damla 100&#215;220"}]},{"@type":"WebSite","@id":"https:\/\/www.stoneplusturkiye.com\/shop\/#website","url":"https:\/\/www.stoneplusturkiye.com\/shop\/","name":"Stoneplus Ah\u015fap \u00dcr\u00fcnleri","description":"Stonewood Ah\u015fap \u00c7\u00f6z\u00fcmleri","publisher":{"@id":"https:\/\/www.stoneplusturkiye.com\/shop\/#organization"},"potentialAction":[{"@type":"SearchAction","target":{"@type":"EntryPoint","urlTemplate":"https:\/\/www.stoneplusturkiye.com\/shop\/?s={search_term_string}"},"query-input":{"@type":"PropertyValueSpecification","valueRequired":true,"valueName":"search_term_string"}}],"inLanguage":"tr"},{"@type":"Organization","@id":"https:\/\/www.stoneplusturkiye.com\/shop\/#organization","name":"Stoneplus \u0130n\u015faat Yap\u0131 Ah\u015fap \u00dcr\u00fcnleri","url":"https:\/\/www.stoneplusturkiye.com\/shop\/","logo":{"@type":"ImageObject","inLanguage":"tr","@id":"https:\/\/www.stoneplusturkiye.com\/shop\/#\/schema\/logo\/image\/","url":"https:\/\/www.stoneplusturkiye.com\/shop\/wp-content\/uploads\/2025\/02\/stoneplus2.png","contentUrl":"https:\/\/www.stoneplusturkiye.com\/shop\/wp-content\/uploads\/2025\/02\/stoneplus2.png","width":1000,"height":1000,"caption":"Stoneplus \u0130n\u015faat Yap\u0131 Ah\u015fap \u00dcr\u00fcnleri"},"image":{"@id":"https:\/\/www.stoneplusturkiye.com\/shop\/#\/schema\/logo\/image\/"},"sameAs":["https:\/\/www.facebook.com\/stoneplusturkiye\/"],"description":"Stoneplus in\u015faat yap\u0131 ah\u015fap \u00fcr\u00fcnleri","email":"bilgi@stoneplusturkiye.com","telephone":"08504950590","legalName":"Stoneplus \u0130n\u015f. Yap\u0131 Ah\u015fap \u00dcr\u00fcnleri","taxID":"7810871242","numberOfEmployees":{"@type":"QuantitativeValue","minValue":"1","maxValue":"10"}}]}},"_links":{"self":[{"href":"https:\/\/www.stoneplusturkiye.com\/shop\/wp-json\/wp\/v2\/product\/8759","targetHints":{"allow":["GET"]}}],"collection":[{"href":"https:\/\/www.stoneplusturkiye.com\/shop\/wp-json\/wp\/v2\/product"}],"about":[{"href":"https:\/\/www.stoneplusturkiye.com\/shop\/wp-json\/wp\/v2\/types\/product"}],"replies":[{"embeddable":true,"href":"https:\/\/www.stoneplusturkiye.com\/shop\/wp-json\/wp\/v2\/comments?post=8759"}],"version-history":[{"count":5,"href":"https:\/\/www.stoneplusturkiye.com\/shop\/wp-json\/wp\/v2\/product\/8759\/revisions"}],"predecessor-version":[{"id":10062,"href":"https:\/\/www.stoneplusturkiye.com\/shop\/wp-json\/wp\/v2\/product\/8759\/revisions\/10062"}],"wp:featuredmedia":[{"embeddable":true,"href":"https:\/\/www.stoneplusturkiye.com\/shop\/wp-json\/wp\/v2\/media\/8760"}],"wp:attachment":[{"href":"https:\/\/www.stoneplusturkiye.com\/shop\/wp-json\/wp\/v2\/media?parent=8759"}],"wp:term":[{"taxonomy":"product_brand","embeddable":true,"href":"https:\/\/www.stoneplusturkiye.com\/shop\/wp-json\/wp\/v2\/product_brand?post=8759"},{"taxonomy":"product_cat","embeddable":true,"href":"https:\/\/www.stoneplusturkiye.com\/shop\/wp-json\/wp\/v2\/product_cat?post=8759"},{"taxonomy":"product_tag","embeddable":true,"href":"https:\/\/www.stoneplusturkiye.com\/shop\/wp-json\/wp\/v2\/product_tag?post=8759"}],"curies":[{"name":"wp","href":"https:\/\/api.w.org\/{rel}","templated":true}]}}