{"id":2165,"date":"2024-03-27T18:03:23","date_gmt":"2024-03-27T15:03:23","guid":{"rendered":"https:\/\/www.stoneplusturkiye.com\/shop\/?post_type=product&#038;p=2165"},"modified":"2024-12-18T00:37:22","modified_gmt":"2024-12-17T21:37:22","slug":"stonekitchen-kugu-sik-ve-asil","status":"publish","type":"product","link":"https:\/\/www.stoneplusturkiye.com\/shop\/urun\/stonekitchen-kugu-sik-ve-asil\/","title":{"rendered":"StoneKitchen Ku\u011fu | \u015e\u0131k ve Asil"},"content":{"rendered":"<p>Yeni tasar\u0131m trendimizle sadeli\u011fi sevenlere bu muhte\u015fem dolap tasar\u0131m\u0131 ki\u015fili\u011finizle ilgili her \u015feyi tek kelime \u00f6zetliyor &#8211;<br \/>\n\u00d6zel yap\u0131m zemin d\u00f6\u015femesi, g\u00f6mme ayd\u0131nlatma, \u0130talyan mermeri ve kendi el yap\u0131m\u0131 dolaplar\u0131m\u0131z sayesinde ev, m\u00fcmk\u00fcn olan en y\u00fcksek standartta sevgiyle tasarlanm\u0131\u015f ve \u00fcretilmi\u015ftir.<br \/>\nLake boyal\u0131 masif ah\u015fap dolaplar\u0131m\u0131z\u0131n oranlar\u0131, a\u00e7\u0131k plan alan\u0131nda m\u00fckemmel bir \u015fekilde \u00e7al\u0131\u015f\u0131r<\/p>\n<p>Tarz konumland\u0131rma: Modern |Rustik Desen<br \/>\nTasar\u0131m konsepti: Kusursuz Esteti\u011fin,Modern Birikimle Harmanlanm\u0131\u015f Hali.<\/p>\n<p>&nbsp;<\/p>\n","protected":false},"excerpt":{"rendered":"<p>Modern Koleksiyonumuzdaki bu mutfak tasar\u0131m\u0131nda, boyal\u0131 dolaplar, Corian tezgahlar ve adadaki \u00e7\u0131tal\u0131 me\u015fe gibi y\u00fczeyler i\u00e7in minimal bir palet kulland\u0131k. Sonu\u00e7, \u0130skandinav tasar\u0131m\u0131n\u0131n izlerini ta\u015f\u0131yan \u00e7arp\u0131c\u0131 ve modern bir mutfakt\u0131r.<\/p>\n<p>Kiler alan\u0131 i\u00e7in, ekmek k\u0131zartma makinesini, kahve makinesini, blenderleri vb. saklamak i\u00e7in ek bir \u00e7al\u0131\u015fma y\u00fczeyi alan\u0131 sa\u011flamak \u00fczere a\u00e7\u0131lan d\u00f6rt kap\u0131l\u0131 ikiye katlama sistemi tasarlad\u0131k.<\/p>\n<p>\u00c7ekmece sistemleri ve i\u00e7 mekanlar\u0131 g\u00fczel bir \u015fekilde i\u015flenmi\u015f me\u015fe ile kaplanm\u0131\u015ft\u0131r ve her mutfak i\u00e7in \u00f6zel olarak tasarlanm\u0131\u015ft\u0131r.<\/p>\n<p><span style=\"color: #333333;\"><strong>Mutfak Dolab\u0131 Modellerimiz ve fiyatlar\u0131m\u0131z i\u00e7in +90546 632 47 31 Numaral\u0131 Whatsapp Hatt\u0131m\u0131zdan Detayl\u0131 Bilgi Talep Edebilirsiniz.<\/strong><\/span><\/p>\n","protected":false},"featured_media":2166,"comment_status":"closed","ping_status":"closed","template":"","meta":[],"product_brand":[],"product_cat":[112],"product_tag":[114,113,116,117,118,120,119,115],"class_list":{"0":"post-2165","1":"product","2":"type-product","3":"status-publish","4":"has-post-thumbnail","6":"product_cat-mutfak-dolabi-ve-fiyatlari","7":"product_tag-2025-mutfak-dolabi-modelleri","8":"product_tag-2025-yeni-mutfak-dolabi-modelleri","9":"product_tag-ada-mutfak-tasarimlari","10":"product_tag-beyaz-ada-mutfak-modelleri","11":"product_tag-guzel-mutfak-dolabi-modelleri","12":"product_tag-membran-mutfak-dolabi-fiyatlari","13":"product_tag-mutfak-dolabi-tasarimlari","14":"product_tag-mutfak-fiyatlari","16":"first","17":"instock","18":"shipping-taxable","19":"purchasable","20":"product-type-simple"},"yoast_head":"<!-- This site is optimized with the Yoast SEO Premium plugin v24.8 (Yoast SEO v25.6) - https:\/\/yoast.com\/wordpress\/plugins\/seo\/ -->\n<title>StoneKitchen Ku\u011fu | \u015e\u0131k ve Asil - Stoneplus Ah\u015fap \u00dcr\u00fcnleri<\/title>\n<meta name=\"robots\" content=\"index, follow, max-snippet:-1, max-image-preview:large, max-video-preview:-1\" \/>\n<link rel=\"canonical\" href=\"https:\/\/www.stoneplusturkiye.com\/shop\/urun\/stonekitchen-kugu-sik-ve-asil\/\" \/>\n<meta property=\"og:locale\" content=\"tr_TR\" \/>\n<meta property=\"og:type\" content=\"article\" \/>\n<meta property=\"og:title\" content=\"StoneKitchen Ku\u011fu | \u015e\u0131k ve Asil\" \/>\n<meta property=\"og:description\" content=\"Modern Koleksiyonumuzdaki bu mutfak tasar\u0131m\u0131nda, boyal\u0131 dolaplar, Corian tezgahlar ve adadaki \u00e7\u0131tal\u0131 me\u015fe gibi y\u00fczeyler i\u00e7in minimal bir palet kulland\u0131k. Sonu\u00e7, \u0130skandinav tasar\u0131m\u0131n\u0131n izlerini ta\u015f\u0131yan \u00e7arp\u0131c\u0131 ve modern bir mutfakt\u0131r.  Kiler alan\u0131 i\u00e7in, ekmek k\u0131zartma makinesini, kahve makinesini, blenderleri vb. saklamak i\u00e7in ek bir \u00e7al\u0131\u015fma y\u00fczeyi alan\u0131 sa\u011flamak \u00fczere a\u00e7\u0131lan d\u00f6rt kap\u0131l\u0131 ikiye katlama sistemi tasarlad\u0131k.  \u00c7ekmece sistemleri ve i\u00e7 mekanlar\u0131 g\u00fczel bir \u015fekilde i\u015flenmi\u015f me\u015fe ile kaplanm\u0131\u015ft\u0131r ve her mutfak i\u00e7in \u00f6zel olarak tasarlanm\u0131\u015ft\u0131r.  Mutfak Dolab\u0131 Modellerimiz ve fiyatlar\u0131m\u0131z i\u00e7in +90546 632 47 31 Numaral\u0131 Whatsapp Hatt\u0131m\u0131zdan Detayl\u0131 Bilgi Talep Edebilirsiniz.\" \/>\n<meta property=\"og:url\" content=\"https:\/\/www.stoneplusturkiye.com\/shop\/urun\/stonekitchen-kugu-sik-ve-asil\/\" \/>\n<meta property=\"og:site_name\" content=\"Stoneplus Ah\u015fap \u00dcr\u00fcnleri\" \/>\n<meta property=\"article:publisher\" content=\"https:\/\/www.facebook.com\/stoneplusturkiye\/\" \/>\n<meta property=\"article:modified_time\" content=\"2024-12-17T21:37:22+00:00\" \/>\n<meta property=\"og:image\" content=\"https:\/\/www.stoneplusturkiye.com\/shop\/wp-content\/uploads\/2024\/03\/1-11.jpg\" \/>\n\t<meta property=\"og:image:width\" content=\"1920\" \/>\n\t<meta property=\"og:image:height\" content=\"1280\" \/>\n\t<meta property=\"og:image:type\" content=\"image\/jpeg\" \/>\n<meta name=\"twitter:card\" content=\"summary_large_image\" \/>\n<script type=\"application\/ld+json\" class=\"yoast-schema-graph\">{\"@context\":\"https:\/\/schema.org\",\"@graph\":[{\"@type\":\"WebPage\",\"@id\":\"https:\/\/www.stoneplusturkiye.com\/shop\/urun\/stonekitchen-kugu-sik-ve-asil\/\",\"url\":\"https:\/\/www.stoneplusturkiye.com\/shop\/urun\/stonekitchen-kugu-sik-ve-asil\/\",\"name\":\"StoneKitchen Ku\u011fu | \u015e\u0131k ve Asil - Stoneplus Ah\u015fap \u00dcr\u00fcnleri\",\"isPartOf\":{\"@id\":\"https:\/\/www.stoneplusturkiye.com\/shop\/#website\"},\"primaryImageOfPage\":{\"@id\":\"https:\/\/www.stoneplusturkiye.com\/shop\/urun\/stonekitchen-kugu-sik-ve-asil\/#primaryimage\"},\"image\":{\"@id\":\"https:\/\/www.stoneplusturkiye.com\/shop\/urun\/stonekitchen-kugu-sik-ve-asil\/#primaryimage\"},\"thumbnailUrl\":\"https:\/\/www.stoneplusturkiye.com\/shop\/wp-content\/uploads\/2024\/03\/1-11.jpg\",\"datePublished\":\"2024-03-27T15:03:23+00:00\",\"dateModified\":\"2024-12-17T21:37:22+00:00\",\"breadcrumb\":{\"@id\":\"https:\/\/www.stoneplusturkiye.com\/shop\/urun\/stonekitchen-kugu-sik-ve-asil\/#breadcrumb\"},\"inLanguage\":\"tr\",\"potentialAction\":[{\"@type\":\"ReadAction\",\"target\":[\"https:\/\/www.stoneplusturkiye.com\/shop\/urun\/stonekitchen-kugu-sik-ve-asil\/\"]}]},{\"@type\":\"ImageObject\",\"inLanguage\":\"tr\",\"@id\":\"https:\/\/www.stoneplusturkiye.com\/shop\/urun\/stonekitchen-kugu-sik-ve-asil\/#primaryimage\",\"url\":\"https:\/\/www.stoneplusturkiye.com\/shop\/wp-content\/uploads\/2024\/03\/1-11.jpg\",\"contentUrl\":\"https:\/\/www.stoneplusturkiye.com\/shop\/wp-content\/uploads\/2024\/03\/1-11.jpg\",\"width\":1920,\"height\":1280,\"caption\":\"Stonekitchen Polen, Mutfak Dolab\u0131 Modelleri\"},{\"@type\":\"BreadcrumbList\",\"@id\":\"https:\/\/www.stoneplusturkiye.com\/shop\/urun\/stonekitchen-kugu-sik-ve-asil\/#breadcrumb\",\"itemListElement\":[{\"@type\":\"ListItem\",\"position\":1,\"name\":\"Home\",\"item\":\"https:\/\/www.stoneplusturkiye.com\/shop\/\"},{\"@type\":\"ListItem\",\"position\":2,\"name\":\"Ma\u011faza\",\"item\":\"https:\/\/www.stoneplusturkiye.com\/shop\/magaza\/\"},{\"@type\":\"ListItem\",\"position\":3,\"name\":\"StoneKitchen Ku\u011fu | \u015e\u0131k ve Asil\"}]},{\"@type\":\"WebSite\",\"@id\":\"https:\/\/www.stoneplusturkiye.com\/shop\/#website\",\"url\":\"https:\/\/www.stoneplusturkiye.com\/shop\/\",\"name\":\"Stoneplus Ah\u015fap \u00dcr\u00fcnleri\",\"description\":\"Stonewood Ah\u015fap \u00c7\u00f6z\u00fcmleri\",\"publisher\":{\"@id\":\"https:\/\/www.stoneplusturkiye.com\/shop\/#organization\"},\"potentialAction\":[{\"@type\":\"SearchAction\",\"target\":{\"@type\":\"EntryPoint\",\"urlTemplate\":\"https:\/\/www.stoneplusturkiye.com\/shop\/?s={search_term_string}\"},\"query-input\":{\"@type\":\"PropertyValueSpecification\",\"valueRequired\":true,\"valueName\":\"search_term_string\"}}],\"inLanguage\":\"tr\"},{\"@type\":\"Organization\",\"@id\":\"https:\/\/www.stoneplusturkiye.com\/shop\/#organization\",\"name\":\"Stoneplus \u0130n\u015faat Yap\u0131 Ah\u015fap \u00dcr\u00fcnleri\",\"url\":\"https:\/\/www.stoneplusturkiye.com\/shop\/\",\"logo\":{\"@type\":\"ImageObject\",\"inLanguage\":\"tr\",\"@id\":\"https:\/\/www.stoneplusturkiye.com\/shop\/#\/schema\/logo\/image\/\",\"url\":\"https:\/\/www.stoneplusturkiye.com\/shop\/wp-content\/uploads\/2025\/02\/stoneplus2.png\",\"contentUrl\":\"https:\/\/www.stoneplusturkiye.com\/shop\/wp-content\/uploads\/2025\/02\/stoneplus2.png\",\"width\":1000,\"height\":1000,\"caption\":\"Stoneplus \u0130n\u015faat Yap\u0131 Ah\u015fap \u00dcr\u00fcnleri\"},\"image\":{\"@id\":\"https:\/\/www.stoneplusturkiye.com\/shop\/#\/schema\/logo\/image\/\"},\"sameAs\":[\"https:\/\/www.facebook.com\/stoneplusturkiye\/\"],\"description\":\"Stoneplus in\u015faat yap\u0131 ah\u015fap \u00fcr\u00fcnleri\",\"email\":\"bilgi@stoneplusturkiye.com\",\"telephone\":\"08504950590\",\"legalName\":\"Stoneplus \u0130n\u015f. Yap\u0131 Ah\u015fap \u00dcr\u00fcnleri\",\"taxID\":\"7810871242\",\"numberOfEmployees\":{\"@type\":\"QuantitativeValue\",\"minValue\":\"1\",\"maxValue\":\"10\"}}]}<\/script>\n<!-- \/ Yoast SEO Premium plugin. -->","yoast_head_json":{"title":"StoneKitchen Ku\u011fu | \u015e\u0131k ve Asil - Stoneplus Ah\u015fap \u00dcr\u00fcnleri","robots":{"index":"index","follow":"follow","max-snippet":"max-snippet:-1","max-image-preview":"max-image-preview:large","max-video-preview":"max-video-preview:-1"},"canonical":"https:\/\/www.stoneplusturkiye.com\/shop\/urun\/stonekitchen-kugu-sik-ve-asil\/","og_locale":"tr_TR","og_type":"article","og_title":"StoneKitchen Ku\u011fu | \u015e\u0131k ve Asil","og_description":"Modern Koleksiyonumuzdaki bu mutfak tasar\u0131m\u0131nda, boyal\u0131 dolaplar, Corian tezgahlar ve adadaki \u00e7\u0131tal\u0131 me\u015fe gibi y\u00fczeyler i\u00e7in minimal bir palet kulland\u0131k. Sonu\u00e7, \u0130skandinav tasar\u0131m\u0131n\u0131n izlerini ta\u015f\u0131yan \u00e7arp\u0131c\u0131 ve modern bir mutfakt\u0131r.  Kiler alan\u0131 i\u00e7in, ekmek k\u0131zartma makinesini, kahve makinesini, blenderleri vb. saklamak i\u00e7in ek bir \u00e7al\u0131\u015fma y\u00fczeyi alan\u0131 sa\u011flamak \u00fczere a\u00e7\u0131lan d\u00f6rt kap\u0131l\u0131 ikiye katlama sistemi tasarlad\u0131k.  \u00c7ekmece sistemleri ve i\u00e7 mekanlar\u0131 g\u00fczel bir \u015fekilde i\u015flenmi\u015f me\u015fe ile kaplanm\u0131\u015ft\u0131r ve her mutfak i\u00e7in \u00f6zel olarak tasarlanm\u0131\u015ft\u0131r.  Mutfak Dolab\u0131 Modellerimiz ve fiyatlar\u0131m\u0131z i\u00e7in +90546 632 47 31 Numaral\u0131 Whatsapp Hatt\u0131m\u0131zdan Detayl\u0131 Bilgi Talep Edebilirsiniz.","og_url":"https:\/\/www.stoneplusturkiye.com\/shop\/urun\/stonekitchen-kugu-sik-ve-asil\/","og_site_name":"Stoneplus Ah\u015fap \u00dcr\u00fcnleri","article_publisher":"https:\/\/www.facebook.com\/stoneplusturkiye\/","article_modified_time":"2024-12-17T21:37:22+00:00","og_image":[{"width":1920,"height":1280,"url":"https:\/\/www.stoneplusturkiye.com\/shop\/wp-content\/uploads\/2024\/03\/1-11.jpg","type":"image\/jpeg"}],"twitter_card":"summary_large_image","schema":{"@context":"https:\/\/schema.org","@graph":[{"@type":"WebPage","@id":"https:\/\/www.stoneplusturkiye.com\/shop\/urun\/stonekitchen-kugu-sik-ve-asil\/","url":"https:\/\/www.stoneplusturkiye.com\/shop\/urun\/stonekitchen-kugu-sik-ve-asil\/","name":"StoneKitchen Ku\u011fu | \u015e\u0131k ve Asil - Stoneplus Ah\u015fap \u00dcr\u00fcnleri","isPartOf":{"@id":"https:\/\/www.stoneplusturkiye.com\/shop\/#website"},"primaryImageOfPage":{"@id":"https:\/\/www.stoneplusturkiye.com\/shop\/urun\/stonekitchen-kugu-sik-ve-asil\/#primaryimage"},"image":{"@id":"https:\/\/www.stoneplusturkiye.com\/shop\/urun\/stonekitchen-kugu-sik-ve-asil\/#primaryimage"},"thumbnailUrl":"https:\/\/www.stoneplusturkiye.com\/shop\/wp-content\/uploads\/2024\/03\/1-11.jpg","datePublished":"2024-03-27T15:03:23+00:00","dateModified":"2024-12-17T21:37:22+00:00","breadcrumb":{"@id":"https:\/\/www.stoneplusturkiye.com\/shop\/urun\/stonekitchen-kugu-sik-ve-asil\/#breadcrumb"},"inLanguage":"tr","potentialAction":[{"@type":"ReadAction","target":["https:\/\/www.stoneplusturkiye.com\/shop\/urun\/stonekitchen-kugu-sik-ve-asil\/"]}]},{"@type":"ImageObject","inLanguage":"tr","@id":"https:\/\/www.stoneplusturkiye.com\/shop\/urun\/stonekitchen-kugu-sik-ve-asil\/#primaryimage","url":"https:\/\/www.stoneplusturkiye.com\/shop\/wp-content\/uploads\/2024\/03\/1-11.jpg","contentUrl":"https:\/\/www.stoneplusturkiye.com\/shop\/wp-content\/uploads\/2024\/03\/1-11.jpg","width":1920,"height":1280,"caption":"Stonekitchen Polen, Mutfak Dolab\u0131 Modelleri"},{"@type":"BreadcrumbList","@id":"https:\/\/www.stoneplusturkiye.com\/shop\/urun\/stonekitchen-kugu-sik-ve-asil\/#breadcrumb","itemListElement":[{"@type":"ListItem","position":1,"name":"Home","item":"https:\/\/www.stoneplusturkiye.com\/shop\/"},{"@type":"ListItem","position":2,"name":"Ma\u011faza","item":"https:\/\/www.stoneplusturkiye.com\/shop\/magaza\/"},{"@type":"ListItem","position":3,"name":"StoneKitchen Ku\u011fu | \u015e\u0131k ve Asil"}]},{"@type":"WebSite","@id":"https:\/\/www.stoneplusturkiye.com\/shop\/#website","url":"https:\/\/www.stoneplusturkiye.com\/shop\/","name":"Stoneplus Ah\u015fap \u00dcr\u00fcnleri","description":"Stonewood Ah\u015fap \u00c7\u00f6z\u00fcmleri","publisher":{"@id":"https:\/\/www.stoneplusturkiye.com\/shop\/#organization"},"potentialAction":[{"@type":"SearchAction","target":{"@type":"EntryPoint","urlTemplate":"https:\/\/www.stoneplusturkiye.com\/shop\/?s={search_term_string}"},"query-input":{"@type":"PropertyValueSpecification","valueRequired":true,"valueName":"search_term_string"}}],"inLanguage":"tr"},{"@type":"Organization","@id":"https:\/\/www.stoneplusturkiye.com\/shop\/#organization","name":"Stoneplus \u0130n\u015faat Yap\u0131 Ah\u015fap \u00dcr\u00fcnleri","url":"https:\/\/www.stoneplusturkiye.com\/shop\/","logo":{"@type":"ImageObject","inLanguage":"tr","@id":"https:\/\/www.stoneplusturkiye.com\/shop\/#\/schema\/logo\/image\/","url":"https:\/\/www.stoneplusturkiye.com\/shop\/wp-content\/uploads\/2025\/02\/stoneplus2.png","contentUrl":"https:\/\/www.stoneplusturkiye.com\/shop\/wp-content\/uploads\/2025\/02\/stoneplus2.png","width":1000,"height":1000,"caption":"Stoneplus \u0130n\u015faat Yap\u0131 Ah\u015fap \u00dcr\u00fcnleri"},"image":{"@id":"https:\/\/www.stoneplusturkiye.com\/shop\/#\/schema\/logo\/image\/"},"sameAs":["https:\/\/www.facebook.com\/stoneplusturkiye\/"],"description":"Stoneplus in\u015faat yap\u0131 ah\u015fap \u00fcr\u00fcnleri","email":"bilgi@stoneplusturkiye.com","telephone":"08504950590","legalName":"Stoneplus \u0130n\u015f. Yap\u0131 Ah\u015fap \u00dcr\u00fcnleri","taxID":"7810871242","numberOfEmployees":{"@type":"QuantitativeValue","minValue":"1","maxValue":"10"}}]}},"_links":{"self":[{"href":"https:\/\/www.stoneplusturkiye.com\/shop\/wp-json\/wp\/v2\/product\/2165","targetHints":{"allow":["GET"]}}],"collection":[{"href":"https:\/\/www.stoneplusturkiye.com\/shop\/wp-json\/wp\/v2\/product"}],"about":[{"href":"https:\/\/www.stoneplusturkiye.com\/shop\/wp-json\/wp\/v2\/types\/product"}],"replies":[{"embeddable":true,"href":"https:\/\/www.stoneplusturkiye.com\/shop\/wp-json\/wp\/v2\/comments?post=2165"}],"version-history":[{"count":1,"href":"https:\/\/www.stoneplusturkiye.com\/shop\/wp-json\/wp\/v2\/product\/2165\/revisions"}],"predecessor-version":[{"id":2174,"href":"https:\/\/www.stoneplusturkiye.com\/shop\/wp-json\/wp\/v2\/product\/2165\/revisions\/2174"}],"wp:featuredmedia":[{"embeddable":true,"href":"https:\/\/www.stoneplusturkiye.com\/shop\/wp-json\/wp\/v2\/media\/2166"}],"wp:attachment":[{"href":"https:\/\/www.stoneplusturkiye.com\/shop\/wp-json\/wp\/v2\/media?parent=2165"}],"wp:term":[{"taxonomy":"product_brand","embeddable":true,"href":"https:\/\/www.stoneplusturkiye.com\/shop\/wp-json\/wp\/v2\/product_brand?post=2165"},{"taxonomy":"product_cat","embeddable":true,"href":"https:\/\/www.stoneplusturkiye.com\/shop\/wp-json\/wp\/v2\/product_cat?post=2165"},{"taxonomy":"product_tag","embeddable":true,"href":"https:\/\/www.stoneplusturkiye.com\/shop\/wp-json\/wp\/v2\/product_tag?post=2165"}],"curies":[{"name":"wp","href":"https:\/\/api.w.org\/{rel}","templated":true}]}}