{"id":2123,"date":"2024-03-26T17:37:55","date_gmt":"2024-03-26T14:37:55","guid":{"rendered":"https:\/\/www.stoneplusturkiye.com\/shop\/?post_type=product&#038;p=2123"},"modified":"2024-12-18T00:38:00","modified_gmt":"2024-12-17T21:38:00","slug":"stonekitchen-cimen-white-premium","status":"publish","type":"product","link":"https:\/\/www.stoneplusturkiye.com\/shop\/urun\/stonekitchen-cimen-white-premium\/","title":{"rendered":"StoneKitchen \u00d6yk\u00fc | \u0130ngiliz Konsept"},"content":{"rendered":"<p>\u00c7imen mutfak modeli, \u015f\u0131kl\u0131\u011f\u0131 ve i\u015flevselli\u011fi bulu\u015fturan bir tasar\u0131m harikas\u0131d\u0131r. Temiz ve keskin \u00e7izgiler, minimalist tasar\u0131m anlay\u0131\u015f\u0131n\u0131 vurgularken, bu da mekan\u0131 ferah ve \u00e7a\u011fda\u015f k\u0131l\u0131yor. Geleneksel d\u00fczeni k\u0131ran bu model , mutfak ve yemek alan\u0131n\u0131 daha yak\u0131n ve makul bir \u015fekilde birle\u015ftiriyor ve kulplu ayd\u0131nlatma dekorasyonuyla gen\u00e7lerin romantik ya\u015fam tarz\u0131na daha uygun bir se\u00e7enek olarak yerini al\u0131yor.<\/p>\n<p>Tarz konumland\u0131rma: Modern<br \/>\nTasar\u0131m konsepti: Kusursuz Esteti\u011fin,Modern Birikimle Harmanlanm\u0131\u015f Hali.<\/p>\n<p>&nbsp;<\/p>\n","protected":false},"excerpt":{"rendered":"<p>\u00d6zel yap\u0131m mutfaklar\u0131m\u0131z\u0131n \u00e7ok y\u00f6nl\u00fcl\u00fc\u011f\u00fc \u00d6yk\u00fc&#8217;m\u00fcz\u00fcn bu tasar\u0131m\u0131nda a\u00e7\u0131k\u00e7a g\u00f6r\u00fcl\u00fcyor. Belfast lavabonun arkas\u0131nda dilli ve yivli panellerin kullan\u0131lmas\u0131 daha klasik bir g\u00f6r\u00fcn\u00fcm yarat\u0131rken, kam\u0131\u015fl\u0131 cam ve pirin\u00e7 donan\u0131m geleneksel \u0130ngiliz tasar\u0131m\u0131na bir selam niteli\u011findedir.<\/p>\n<p>Mutfak Dolab\u0131 Modellerimizi Detayl\u0131 Olarak https:\/\/www.stoneplusturkiye.com\/shop Adresimizden inceleyebilir,<br \/>\n0850 495 05 90 veya 0546 632 47 31 Nolu Whatsapp hatt\u0131m\u0131zdan kapsaml\u0131 bilgi talep edebilirsiniz.<\/p>\n","protected":false},"featured_media":2133,"comment_status":"closed","ping_status":"closed","template":"","meta":[],"product_brand":[],"product_cat":[112],"product_tag":[114,113,116,117,118,120,119,115],"class_list":{"0":"post-2123","1":"product","2":"type-product","3":"status-publish","4":"has-post-thumbnail","6":"product_cat-mutfak-dolabi-ve-fiyatlari","7":"product_tag-2025-mutfak-dolabi-modelleri","8":"product_tag-2025-yeni-mutfak-dolabi-modelleri","9":"product_tag-ada-mutfak-tasarimlari","10":"product_tag-beyaz-ada-mutfak-modelleri","11":"product_tag-guzel-mutfak-dolabi-modelleri","12":"product_tag-membran-mutfak-dolabi-fiyatlari","13":"product_tag-mutfak-dolabi-tasarimlari","14":"product_tag-mutfak-fiyatlari","16":"first","17":"instock","18":"shipping-taxable","19":"purchasable","20":"product-type-simple"},"yoast_head":"<!-- This site is optimized with the Yoast SEO Premium plugin v24.8 (Yoast SEO v25.6) - https:\/\/yoast.com\/wordpress\/plugins\/seo\/ -->\n<title>StoneKitchen \u00d6yk\u00fc | \u0130ngiliz Konsept - Stoneplus Ah\u015fap \u00dcr\u00fcnleri<\/title>\n<meta name=\"robots\" content=\"index, follow, max-snippet:-1, max-image-preview:large, max-video-preview:-1\" \/>\n<link rel=\"canonical\" href=\"https:\/\/www.stoneplusturkiye.com\/shop\/urun\/stonekitchen-cimen-white-premium\/\" \/>\n<meta property=\"og:locale\" content=\"tr_TR\" \/>\n<meta property=\"og:type\" content=\"article\" \/>\n<meta property=\"og:title\" content=\"StoneKitchen \u00d6yk\u00fc | \u0130ngiliz Konsept\" \/>\n<meta property=\"og:description\" content=\"\u00d6zel yap\u0131m mutfaklar\u0131m\u0131z\u0131n \u00e7ok y\u00f6nl\u00fcl\u00fc\u011f\u00fc \u00d6yk\u00fc&#039;m\u00fcz\u00fcn bu tasar\u0131m\u0131nda a\u00e7\u0131k\u00e7a g\u00f6r\u00fcl\u00fcyor. Belfast lavabonun arkas\u0131nda dilli ve yivli panellerin kullan\u0131lmas\u0131 daha klasik bir g\u00f6r\u00fcn\u00fcm yarat\u0131rken, kam\u0131\u015fl\u0131 cam ve pirin\u00e7 donan\u0131m geleneksel \u0130ngiliz tasar\u0131m\u0131na bir selam niteli\u011findedir.  Mutfak Dolab\u0131 Modellerimizi Detayl\u0131 Olarak https:\/\/www.stoneplusturkiye.com\/shop Adresimizden inceleyebilir, 0850 495 05 90 veya 0546 632 47 31 Nolu Whatsapp hatt\u0131m\u0131zdan kapsaml\u0131 bilgi talep edebilirsiniz.\" \/>\n<meta property=\"og:url\" content=\"https:\/\/www.stoneplusturkiye.com\/shop\/urun\/stonekitchen-cimen-white-premium\/\" \/>\n<meta property=\"og:site_name\" content=\"Stoneplus Ah\u015fap \u00dcr\u00fcnleri\" \/>\n<meta property=\"article:publisher\" content=\"https:\/\/www.facebook.com\/stoneplusturkiye\/\" \/>\n<meta property=\"article:modified_time\" content=\"2024-12-17T21:38:00+00:00\" \/>\n<meta property=\"og:image\" content=\"https:\/\/www.stoneplusturkiye.com\/shop\/wp-content\/uploads\/2024\/03\/2-7.jpg\" \/>\n\t<meta property=\"og:image:width\" content=\"1920\" \/>\n\t<meta property=\"og:image:height\" content=\"1280\" \/>\n\t<meta property=\"og:image:type\" content=\"image\/jpeg\" \/>\n<meta name=\"twitter:card\" content=\"summary_large_image\" \/>\n<script type=\"application\/ld+json\" class=\"yoast-schema-graph\">{\"@context\":\"https:\/\/schema.org\",\"@graph\":[{\"@type\":\"WebPage\",\"@id\":\"https:\/\/www.stoneplusturkiye.com\/shop\/urun\/stonekitchen-cimen-white-premium\/\",\"url\":\"https:\/\/www.stoneplusturkiye.com\/shop\/urun\/stonekitchen-cimen-white-premium\/\",\"name\":\"StoneKitchen \u00d6yk\u00fc | \u0130ngiliz Konsept - Stoneplus Ah\u015fap \u00dcr\u00fcnleri\",\"isPartOf\":{\"@id\":\"https:\/\/www.stoneplusturkiye.com\/shop\/#website\"},\"primaryImageOfPage\":{\"@id\":\"https:\/\/www.stoneplusturkiye.com\/shop\/urun\/stonekitchen-cimen-white-premium\/#primaryimage\"},\"image\":{\"@id\":\"https:\/\/www.stoneplusturkiye.com\/shop\/urun\/stonekitchen-cimen-white-premium\/#primaryimage\"},\"thumbnailUrl\":\"https:\/\/www.stoneplusturkiye.com\/shop\/wp-content\/uploads\/2024\/03\/2-7.jpg\",\"datePublished\":\"2024-03-26T14:37:55+00:00\",\"dateModified\":\"2024-12-17T21:38:00+00:00\",\"breadcrumb\":{\"@id\":\"https:\/\/www.stoneplusturkiye.com\/shop\/urun\/stonekitchen-cimen-white-premium\/#breadcrumb\"},\"inLanguage\":\"tr\",\"potentialAction\":[{\"@type\":\"ReadAction\",\"target\":[\"https:\/\/www.stoneplusturkiye.com\/shop\/urun\/stonekitchen-cimen-white-premium\/\"]}]},{\"@type\":\"ImageObject\",\"inLanguage\":\"tr\",\"@id\":\"https:\/\/www.stoneplusturkiye.com\/shop\/urun\/stonekitchen-cimen-white-premium\/#primaryimage\",\"url\":\"https:\/\/www.stoneplusturkiye.com\/shop\/wp-content\/uploads\/2024\/03\/2-7.jpg\",\"contentUrl\":\"https:\/\/www.stoneplusturkiye.com\/shop\/wp-content\/uploads\/2024\/03\/2-7.jpg\",\"width\":1920,\"height\":1280},{\"@type\":\"BreadcrumbList\",\"@id\":\"https:\/\/www.stoneplusturkiye.com\/shop\/urun\/stonekitchen-cimen-white-premium\/#breadcrumb\",\"itemListElement\":[{\"@type\":\"ListItem\",\"position\":1,\"name\":\"Home\",\"item\":\"https:\/\/www.stoneplusturkiye.com\/shop\/\"},{\"@type\":\"ListItem\",\"position\":2,\"name\":\"Ma\u011faza\",\"item\":\"https:\/\/www.stoneplusturkiye.com\/shop\/magaza\/\"},{\"@type\":\"ListItem\",\"position\":3,\"name\":\"StoneKitchen \u00d6yk\u00fc | \u0130ngiliz Konsept\"}]},{\"@type\":\"WebSite\",\"@id\":\"https:\/\/www.stoneplusturkiye.com\/shop\/#website\",\"url\":\"https:\/\/www.stoneplusturkiye.com\/shop\/\",\"name\":\"Stoneplus Ah\u015fap \u00dcr\u00fcnleri\",\"description\":\"Stonewood Ah\u015fap \u00c7\u00f6z\u00fcmleri\",\"publisher\":{\"@id\":\"https:\/\/www.stoneplusturkiye.com\/shop\/#organization\"},\"potentialAction\":[{\"@type\":\"SearchAction\",\"target\":{\"@type\":\"EntryPoint\",\"urlTemplate\":\"https:\/\/www.stoneplusturkiye.com\/shop\/?s={search_term_string}\"},\"query-input\":{\"@type\":\"PropertyValueSpecification\",\"valueRequired\":true,\"valueName\":\"search_term_string\"}}],\"inLanguage\":\"tr\"},{\"@type\":\"Organization\",\"@id\":\"https:\/\/www.stoneplusturkiye.com\/shop\/#organization\",\"name\":\"Stoneplus \u0130n\u015faat Yap\u0131 Ah\u015fap \u00dcr\u00fcnleri\",\"url\":\"https:\/\/www.stoneplusturkiye.com\/shop\/\",\"logo\":{\"@type\":\"ImageObject\",\"inLanguage\":\"tr\",\"@id\":\"https:\/\/www.stoneplusturkiye.com\/shop\/#\/schema\/logo\/image\/\",\"url\":\"https:\/\/www.stoneplusturkiye.com\/shop\/wp-content\/uploads\/2025\/02\/stoneplus2.png\",\"contentUrl\":\"https:\/\/www.stoneplusturkiye.com\/shop\/wp-content\/uploads\/2025\/02\/stoneplus2.png\",\"width\":1000,\"height\":1000,\"caption\":\"Stoneplus \u0130n\u015faat Yap\u0131 Ah\u015fap \u00dcr\u00fcnleri\"},\"image\":{\"@id\":\"https:\/\/www.stoneplusturkiye.com\/shop\/#\/schema\/logo\/image\/\"},\"sameAs\":[\"https:\/\/www.facebook.com\/stoneplusturkiye\/\"],\"description\":\"Stoneplus in\u015faat yap\u0131 ah\u015fap \u00fcr\u00fcnleri\",\"email\":\"bilgi@stoneplusturkiye.com\",\"telephone\":\"08504950590\",\"legalName\":\"Stoneplus \u0130n\u015f. Yap\u0131 Ah\u015fap \u00dcr\u00fcnleri\",\"taxID\":\"7810871242\",\"numberOfEmployees\":{\"@type\":\"QuantitativeValue\",\"minValue\":\"1\",\"maxValue\":\"10\"}}]}<\/script>\n<!-- \/ Yoast SEO Premium plugin. -->","yoast_head_json":{"title":"StoneKitchen \u00d6yk\u00fc | \u0130ngiliz Konsept - Stoneplus Ah\u015fap \u00dcr\u00fcnleri","robots":{"index":"index","follow":"follow","max-snippet":"max-snippet:-1","max-image-preview":"max-image-preview:large","max-video-preview":"max-video-preview:-1"},"canonical":"https:\/\/www.stoneplusturkiye.com\/shop\/urun\/stonekitchen-cimen-white-premium\/","og_locale":"tr_TR","og_type":"article","og_title":"StoneKitchen \u00d6yk\u00fc | \u0130ngiliz Konsept","og_description":"\u00d6zel yap\u0131m mutfaklar\u0131m\u0131z\u0131n \u00e7ok y\u00f6nl\u00fcl\u00fc\u011f\u00fc \u00d6yk\u00fc'm\u00fcz\u00fcn bu tasar\u0131m\u0131nda a\u00e7\u0131k\u00e7a g\u00f6r\u00fcl\u00fcyor. Belfast lavabonun arkas\u0131nda dilli ve yivli panellerin kullan\u0131lmas\u0131 daha klasik bir g\u00f6r\u00fcn\u00fcm yarat\u0131rken, kam\u0131\u015fl\u0131 cam ve pirin\u00e7 donan\u0131m geleneksel \u0130ngiliz tasar\u0131m\u0131na bir selam niteli\u011findedir.  Mutfak Dolab\u0131 Modellerimizi Detayl\u0131 Olarak https:\/\/www.stoneplusturkiye.com\/shop Adresimizden inceleyebilir, 0850 495 05 90 veya 0546 632 47 31 Nolu Whatsapp hatt\u0131m\u0131zdan kapsaml\u0131 bilgi talep edebilirsiniz.","og_url":"https:\/\/www.stoneplusturkiye.com\/shop\/urun\/stonekitchen-cimen-white-premium\/","og_site_name":"Stoneplus Ah\u015fap \u00dcr\u00fcnleri","article_publisher":"https:\/\/www.facebook.com\/stoneplusturkiye\/","article_modified_time":"2024-12-17T21:38:00+00:00","og_image":[{"width":1920,"height":1280,"url":"https:\/\/www.stoneplusturkiye.com\/shop\/wp-content\/uploads\/2024\/03\/2-7.jpg","type":"image\/jpeg"}],"twitter_card":"summary_large_image","schema":{"@context":"https:\/\/schema.org","@graph":[{"@type":"WebPage","@id":"https:\/\/www.stoneplusturkiye.com\/shop\/urun\/stonekitchen-cimen-white-premium\/","url":"https:\/\/www.stoneplusturkiye.com\/shop\/urun\/stonekitchen-cimen-white-premium\/","name":"StoneKitchen \u00d6yk\u00fc | \u0130ngiliz Konsept - Stoneplus Ah\u015fap \u00dcr\u00fcnleri","isPartOf":{"@id":"https:\/\/www.stoneplusturkiye.com\/shop\/#website"},"primaryImageOfPage":{"@id":"https:\/\/www.stoneplusturkiye.com\/shop\/urun\/stonekitchen-cimen-white-premium\/#primaryimage"},"image":{"@id":"https:\/\/www.stoneplusturkiye.com\/shop\/urun\/stonekitchen-cimen-white-premium\/#primaryimage"},"thumbnailUrl":"https:\/\/www.stoneplusturkiye.com\/shop\/wp-content\/uploads\/2024\/03\/2-7.jpg","datePublished":"2024-03-26T14:37:55+00:00","dateModified":"2024-12-17T21:38:00+00:00","breadcrumb":{"@id":"https:\/\/www.stoneplusturkiye.com\/shop\/urun\/stonekitchen-cimen-white-premium\/#breadcrumb"},"inLanguage":"tr","potentialAction":[{"@type":"ReadAction","target":["https:\/\/www.stoneplusturkiye.com\/shop\/urun\/stonekitchen-cimen-white-premium\/"]}]},{"@type":"ImageObject","inLanguage":"tr","@id":"https:\/\/www.stoneplusturkiye.com\/shop\/urun\/stonekitchen-cimen-white-premium\/#primaryimage","url":"https:\/\/www.stoneplusturkiye.com\/shop\/wp-content\/uploads\/2024\/03\/2-7.jpg","contentUrl":"https:\/\/www.stoneplusturkiye.com\/shop\/wp-content\/uploads\/2024\/03\/2-7.jpg","width":1920,"height":1280},{"@type":"BreadcrumbList","@id":"https:\/\/www.stoneplusturkiye.com\/shop\/urun\/stonekitchen-cimen-white-premium\/#breadcrumb","itemListElement":[{"@type":"ListItem","position":1,"name":"Home","item":"https:\/\/www.stoneplusturkiye.com\/shop\/"},{"@type":"ListItem","position":2,"name":"Ma\u011faza","item":"https:\/\/www.stoneplusturkiye.com\/shop\/magaza\/"},{"@type":"ListItem","position":3,"name":"StoneKitchen \u00d6yk\u00fc | \u0130ngiliz Konsept"}]},{"@type":"WebSite","@id":"https:\/\/www.stoneplusturkiye.com\/shop\/#website","url":"https:\/\/www.stoneplusturkiye.com\/shop\/","name":"Stoneplus Ah\u015fap \u00dcr\u00fcnleri","description":"Stonewood Ah\u015fap \u00c7\u00f6z\u00fcmleri","publisher":{"@id":"https:\/\/www.stoneplusturkiye.com\/shop\/#organization"},"potentialAction":[{"@type":"SearchAction","target":{"@type":"EntryPoint","urlTemplate":"https:\/\/www.stoneplusturkiye.com\/shop\/?s={search_term_string}"},"query-input":{"@type":"PropertyValueSpecification","valueRequired":true,"valueName":"search_term_string"}}],"inLanguage":"tr"},{"@type":"Organization","@id":"https:\/\/www.stoneplusturkiye.com\/shop\/#organization","name":"Stoneplus \u0130n\u015faat Yap\u0131 Ah\u015fap \u00dcr\u00fcnleri","url":"https:\/\/www.stoneplusturkiye.com\/shop\/","logo":{"@type":"ImageObject","inLanguage":"tr","@id":"https:\/\/www.stoneplusturkiye.com\/shop\/#\/schema\/logo\/image\/","url":"https:\/\/www.stoneplusturkiye.com\/shop\/wp-content\/uploads\/2025\/02\/stoneplus2.png","contentUrl":"https:\/\/www.stoneplusturkiye.com\/shop\/wp-content\/uploads\/2025\/02\/stoneplus2.png","width":1000,"height":1000,"caption":"Stoneplus \u0130n\u015faat Yap\u0131 Ah\u015fap \u00dcr\u00fcnleri"},"image":{"@id":"https:\/\/www.stoneplusturkiye.com\/shop\/#\/schema\/logo\/image\/"},"sameAs":["https:\/\/www.facebook.com\/stoneplusturkiye\/"],"description":"Stoneplus in\u015faat yap\u0131 ah\u015fap \u00fcr\u00fcnleri","email":"bilgi@stoneplusturkiye.com","telephone":"08504950590","legalName":"Stoneplus \u0130n\u015f. Yap\u0131 Ah\u015fap \u00dcr\u00fcnleri","taxID":"7810871242","numberOfEmployees":{"@type":"QuantitativeValue","minValue":"1","maxValue":"10"}}]}},"_links":{"self":[{"href":"https:\/\/www.stoneplusturkiye.com\/shop\/wp-json\/wp\/v2\/product\/2123","targetHints":{"allow":["GET"]}}],"collection":[{"href":"https:\/\/www.stoneplusturkiye.com\/shop\/wp-json\/wp\/v2\/product"}],"about":[{"href":"https:\/\/www.stoneplusturkiye.com\/shop\/wp-json\/wp\/v2\/types\/product"}],"replies":[{"embeddable":true,"href":"https:\/\/www.stoneplusturkiye.com\/shop\/wp-json\/wp\/v2\/comments?post=2123"}],"version-history":[{"count":5,"href":"https:\/\/www.stoneplusturkiye.com\/shop\/wp-json\/wp\/v2\/product\/2123\/revisions"}],"predecessor-version":[{"id":2138,"href":"https:\/\/www.stoneplusturkiye.com\/shop\/wp-json\/wp\/v2\/product\/2123\/revisions\/2138"}],"wp:featuredmedia":[{"embeddable":true,"href":"https:\/\/www.stoneplusturkiye.com\/shop\/wp-json\/wp\/v2\/media\/2133"}],"wp:attachment":[{"href":"https:\/\/www.stoneplusturkiye.com\/shop\/wp-json\/wp\/v2\/media?parent=2123"}],"wp:term":[{"taxonomy":"product_brand","embeddable":true,"href":"https:\/\/www.stoneplusturkiye.com\/shop\/wp-json\/wp\/v2\/product_brand?post=2123"},{"taxonomy":"product_cat","embeddable":true,"href":"https:\/\/www.stoneplusturkiye.com\/shop\/wp-json\/wp\/v2\/product_cat?post=2123"},{"taxonomy":"product_tag","embeddable":true,"href":"https:\/\/www.stoneplusturkiye.com\/shop\/wp-json\/wp\/v2\/product_tag?post=2123"}],"curies":[{"name":"wp","href":"https:\/\/api.w.org\/{rel}","templated":true}]}}