{"id":1742,"date":"2024-01-12T16:58:03","date_gmt":"2024-01-12T13:58:03","guid":{"rendered":"https:\/\/www.stoneplusturkiye.com\/shop\/?post_type=product&#038;p=1742"},"modified":"2025-05-27T12:23:18","modified_gmt":"2025-05-27T09:23:18","slug":"doner-merdiven-fiyati","status":"publish","type":"product","link":"https:\/\/www.stoneplusturkiye.com\/shop\/urun\/doner-merdiven-fiyati\/","title":{"rendered":"D\u00f6ner Merdiven Fiyat\u0131 Ayarlanabilir (1050mm)"},"content":{"rendered":"<ol>\n<li><strong>Minimalist D\u00f6ner Merdivenler:<\/strong>\n<ul>\n<li>Temiz \u00e7izgiler ve sade tasar\u0131m.<\/li>\n<li>Tek renk tonlar\u0131 ve d\u00fc\u015f\u00fck profilli korkuluklar.<\/li>\n<\/ul>\n<\/li>\n<li><strong>Futuristik D\u00f6ner Merdivenler:<\/strong>\n<ul>\n<li>LED ayd\u0131nlatma detaylar\u0131 ile modern ve futuristik bir g\u00f6r\u00fcn\u00fcm.<\/li>\n<li>Metal veya parlak renkli malzemelerin kullan\u0131m\u0131.<\/li>\n<\/ul>\n<\/li>\n<li><strong>Antik Stil D\u00f6ner Merdivenler:<\/strong>\n<ul>\n<li>Oymal\u0131 ah\u015fap detaylar veya antik desenler.<\/li>\n<li>\u0130nce i\u015f\u00e7ilik ve geleneksel tasar\u0131m unsurlar\u0131.<\/li>\n<\/ul>\n<\/li>\n<li><strong>D\u0131\u015f Mek\u00e2n D\u00f6ner Merdivenler:<\/strong>\n<ul>\n<li>Bah\u00e7e veya teras gibi d\u0131\u015f mek\u00e2nlara uygun tasar\u0131mlar.<\/li>\n<li>Dayan\u0131kl\u0131 malzemeler kullanarak hava ko\u015fullar\u0131na diren\u00e7li bir tasar\u0131m.<\/li>\n<\/ul>\n<\/li>\n<li><strong>Renkli D\u00f6ner Merdivenler:<\/strong>\n<ul>\n<li>Farkl\u0131 renk tonlar\u0131 ve kontrastlar\u0131 kullanarak g\u00f6z al\u0131c\u0131 bir tasar\u0131m.<\/li>\n<li>Basamaklar\u0131 ve korkuluklar\u0131 farkl\u0131 renklerde dengeleyerek canl\u0131 bir g\u00f6r\u00fcn\u00fcm elde edebilirsiniz.<\/li>\n<\/ul>\n<\/li>\n<\/ol>\n<p>D\u00f6ner merdiven tasar\u0131mlar\u0131nda g\u00fcvenlik, ergonomi ve estetik unsurlar\u0131n dengeli bir \u015fekilde ele al\u0131nmas\u0131 \u00f6nemlidir. Tasar\u0131m s\u00fcrecinde, profesyonel bir mimar veya tasar\u0131mc\u0131n\u0131n g\u00f6r\u00fc\u015f ve \u00f6nerilerinden faydalanmak, istedi\u011finiz estetik ve fonksiyonu sa\u011flamak ad\u0131na yard\u0131mc\u0131 olabilir.<\/p>\n","protected":false},"excerpt":{"rendered":"<p><span style=\"color: #544538;\">Stoneplus \u00c7ok Basamakl\u0131 Merdiven ile\u00a0 \u00e7ok katl\u0131 g\u00fcrgen basamaklar\u0131n\u0131 \u015f\u0131k bir \u00e7elik korkulukla birle\u015ftiren \u00e7ok modern ve \u00e7a\u011fda\u015f bir g\u00f6r\u00fcn\u00fcme ve hisse sahiptir. Bu, onu tavan a\u00e7\u0131kl\u0131klar\u0131na veya asma kat alan\u0131na eri\u015fim sa\u011flamak i\u00e7in ideal bir \u00e7\u00f6z\u00fcm haline getirir.\u00a0<\/span><\/p>\n<p>&nbsp;<\/p>\n","protected":false},"featured_media":9165,"comment_status":"open","ping_status":"closed","template":"","meta":[],"product_brand":[],"product_cat":[90,89],"product_tag":[160,176],"class_list":{"0":"post-1742","1":"product","2":"type-product","3":"status-publish","4":"has-post-thumbnail","6":"product_cat-hazir-doner-merdivenler","7":"product_cat-merdiven-fiyatlari","8":"product_tag-doner-merdiven-fiyati","9":"product_tag-doner-merdiven-modelleri","11":"first","12":"instock","13":"shipping-taxable","14":"purchasable","15":"product-type-simple"},"yoast_head":"<!-- This site is optimized with the Yoast SEO Premium plugin v24.8 (Yoast SEO v25.6) - https:\/\/yoast.com\/wordpress\/plugins\/seo\/ -->\n<title>D\u00f6ner Merdiven Fiyat\u0131 Ayarlanabilir (1050mm) - Stoneplus Ah\u015fap \u00dcr\u00fcnleri<\/title>\n<meta name=\"description\" content=\"D\u00f6ner Merdiven Fiyat\u0131 modelleirmiz aras\u0131nda en \u00e7ok tutulan modelimiz Stonewood D\u00f6ner Merdiven Modelimizdir. Bu Modelimizi iste\u011finize g\u00f6re uyarlayabiliriz\" \/>\n<meta name=\"robots\" content=\"index, follow, max-snippet:-1, max-image-preview:large, max-video-preview:-1\" \/>\n<link rel=\"canonical\" href=\"https:\/\/www.stoneplusturkiye.com\/shop\/urun\/doner-merdiven-fiyati\/\" \/>\n<meta property=\"og:locale\" content=\"tr_TR\" \/>\n<meta property=\"og:type\" content=\"article\" \/>\n<meta property=\"og:title\" content=\"D\u00f6ner Merdiven Fiyat\u0131 Ayarlanabilir (1050mm)\" \/>\n<meta property=\"og:description\" content=\"D\u00f6ner Merdiven Fiyat\u0131 modelleirmiz aras\u0131nda en \u00e7ok tutulan modelimiz Stonewood D\u00f6ner Merdiven Modelimizdir. Bu Modelimizi iste\u011finize g\u00f6re uyarlayabiliriz\" \/>\n<meta property=\"og:url\" content=\"https:\/\/www.stoneplusturkiye.com\/shop\/urun\/doner-merdiven-fiyati\/\" \/>\n<meta property=\"og:site_name\" content=\"Stoneplus Ah\u015fap \u00dcr\u00fcnleri\" \/>\n<meta property=\"article:publisher\" content=\"https:\/\/www.facebook.com\/stoneplusturkiye\/\" \/>\n<meta property=\"article:modified_time\" content=\"2025-05-27T09:23:18+00:00\" \/>\n<meta property=\"og:image\" content=\"https:\/\/www.stoneplusturkiye.com\/shop\/wp-content\/uploads\/2024\/01\/515.jpg\" \/>\n\t<meta property=\"og:image:width\" content=\"1000\" \/>\n\t<meta property=\"og:image:height\" content=\"1100\" \/>\n\t<meta property=\"og:image:type\" content=\"image\/jpeg\" \/>\n<meta name=\"twitter:card\" content=\"summary_large_image\" \/>\n<meta name=\"twitter:label1\" content=\"Tahmini okuma s\u00fcresi\" \/>\n\t<meta name=\"twitter:data1\" content=\"1 dakika\" \/>\n<script type=\"application\/ld+json\" class=\"yoast-schema-graph\">{\"@context\":\"https:\/\/schema.org\",\"@graph\":[{\"@type\":\"WebPage\",\"@id\":\"https:\/\/www.stoneplusturkiye.com\/shop\/urun\/doner-merdiven-fiyati\/\",\"url\":\"https:\/\/www.stoneplusturkiye.com\/shop\/urun\/doner-merdiven-fiyati\/\",\"name\":\"D\u00f6ner Merdiven Fiyat\u0131 Ayarlanabilir (1050mm) - Stoneplus Ah\u015fap \u00dcr\u00fcnleri\",\"isPartOf\":{\"@id\":\"https:\/\/www.stoneplusturkiye.com\/shop\/#website\"},\"primaryImageOfPage\":{\"@id\":\"https:\/\/www.stoneplusturkiye.com\/shop\/urun\/doner-merdiven-fiyati\/#primaryimage\"},\"image\":{\"@id\":\"https:\/\/www.stoneplusturkiye.com\/shop\/urun\/doner-merdiven-fiyati\/#primaryimage\"},\"thumbnailUrl\":\"https:\/\/www.stoneplusturkiye.com\/shop\/wp-content\/uploads\/2024\/01\/515.jpg\",\"datePublished\":\"2024-01-12T13:58:03+00:00\",\"dateModified\":\"2025-05-27T09:23:18+00:00\",\"description\":\"D\u00f6ner Merdiven Fiyat\u0131 modelleirmiz aras\u0131nda en \u00e7ok tutulan modelimiz Stonewood D\u00f6ner Merdiven Modelimizdir. Bu Modelimizi iste\u011finize g\u00f6re uyarlayabiliriz\",\"breadcrumb\":{\"@id\":\"https:\/\/www.stoneplusturkiye.com\/shop\/urun\/doner-merdiven-fiyati\/#breadcrumb\"},\"inLanguage\":\"tr\",\"potentialAction\":[{\"@type\":\"ReadAction\",\"target\":[\"https:\/\/www.stoneplusturkiye.com\/shop\/urun\/doner-merdiven-fiyati\/\"]}]},{\"@type\":\"ImageObject\",\"inLanguage\":\"tr\",\"@id\":\"https:\/\/www.stoneplusturkiye.com\/shop\/urun\/doner-merdiven-fiyati\/#primaryimage\",\"url\":\"https:\/\/www.stoneplusturkiye.com\/shop\/wp-content\/uploads\/2024\/01\/515.jpg\",\"contentUrl\":\"https:\/\/www.stoneplusturkiye.com\/shop\/wp-content\/uploads\/2024\/01\/515.jpg\",\"width\":1000,\"height\":1100,\"caption\":\"D\u00f6ner Merdiven Fiyat\u0131\"},{\"@type\":\"BreadcrumbList\",\"@id\":\"https:\/\/www.stoneplusturkiye.com\/shop\/urun\/doner-merdiven-fiyati\/#breadcrumb\",\"itemListElement\":[{\"@type\":\"ListItem\",\"position\":1,\"name\":\"Home\",\"item\":\"https:\/\/www.stoneplusturkiye.com\/shop\/\"},{\"@type\":\"ListItem\",\"position\":2,\"name\":\"Ma\u011faza\",\"item\":\"https:\/\/www.stoneplusturkiye.com\/shop\/magaza\/\"},{\"@type\":\"ListItem\",\"position\":3,\"name\":\"D\u00f6ner Merdiven Fiyat\u0131 Ayarlanabilir (1050mm)\"}]},{\"@type\":\"WebSite\",\"@id\":\"https:\/\/www.stoneplusturkiye.com\/shop\/#website\",\"url\":\"https:\/\/www.stoneplusturkiye.com\/shop\/\",\"name\":\"Stoneplus Ah\u015fap \u00dcr\u00fcnleri\",\"description\":\"Stonewood Ah\u015fap \u00c7\u00f6z\u00fcmleri\",\"publisher\":{\"@id\":\"https:\/\/www.stoneplusturkiye.com\/shop\/#organization\"},\"potentialAction\":[{\"@type\":\"SearchAction\",\"target\":{\"@type\":\"EntryPoint\",\"urlTemplate\":\"https:\/\/www.stoneplusturkiye.com\/shop\/?s={search_term_string}\"},\"query-input\":{\"@type\":\"PropertyValueSpecification\",\"valueRequired\":true,\"valueName\":\"search_term_string\"}}],\"inLanguage\":\"tr\"},{\"@type\":\"Organization\",\"@id\":\"https:\/\/www.stoneplusturkiye.com\/shop\/#organization\",\"name\":\"Stoneplus \u0130n\u015faat Yap\u0131 Ah\u015fap \u00dcr\u00fcnleri\",\"url\":\"https:\/\/www.stoneplusturkiye.com\/shop\/\",\"logo\":{\"@type\":\"ImageObject\",\"inLanguage\":\"tr\",\"@id\":\"https:\/\/www.stoneplusturkiye.com\/shop\/#\/schema\/logo\/image\/\",\"url\":\"https:\/\/www.stoneplusturkiye.com\/shop\/wp-content\/uploads\/2025\/02\/stoneplus2.png\",\"contentUrl\":\"https:\/\/www.stoneplusturkiye.com\/shop\/wp-content\/uploads\/2025\/02\/stoneplus2.png\",\"width\":1000,\"height\":1000,\"caption\":\"Stoneplus \u0130n\u015faat Yap\u0131 Ah\u015fap \u00dcr\u00fcnleri\"},\"image\":{\"@id\":\"https:\/\/www.stoneplusturkiye.com\/shop\/#\/schema\/logo\/image\/\"},\"sameAs\":[\"https:\/\/www.facebook.com\/stoneplusturkiye\/\"],\"description\":\"Stoneplus in\u015faat yap\u0131 ah\u015fap \u00fcr\u00fcnleri\",\"email\":\"bilgi@stoneplusturkiye.com\",\"telephone\":\"08504950590\",\"legalName\":\"Stoneplus \u0130n\u015f. Yap\u0131 Ah\u015fap \u00dcr\u00fcnleri\",\"taxID\":\"7810871242\",\"numberOfEmployees\":{\"@type\":\"QuantitativeValue\",\"minValue\":\"1\",\"maxValue\":\"10\"}}]}<\/script>\n<!-- \/ Yoast SEO Premium plugin. -->","yoast_head_json":{"title":"D\u00f6ner Merdiven Fiyat\u0131 Ayarlanabilir (1050mm) - Stoneplus Ah\u015fap \u00dcr\u00fcnleri","description":"D\u00f6ner Merdiven Fiyat\u0131 modelleirmiz aras\u0131nda en \u00e7ok tutulan modelimiz Stonewood D\u00f6ner Merdiven Modelimizdir. Bu Modelimizi iste\u011finize g\u00f6re uyarlayabiliriz","robots":{"index":"index","follow":"follow","max-snippet":"max-snippet:-1","max-image-preview":"max-image-preview:large","max-video-preview":"max-video-preview:-1"},"canonical":"https:\/\/www.stoneplusturkiye.com\/shop\/urun\/doner-merdiven-fiyati\/","og_locale":"tr_TR","og_type":"article","og_title":"D\u00f6ner Merdiven Fiyat\u0131 Ayarlanabilir (1050mm)","og_description":"D\u00f6ner Merdiven Fiyat\u0131 modelleirmiz aras\u0131nda en \u00e7ok tutulan modelimiz Stonewood D\u00f6ner Merdiven Modelimizdir. Bu Modelimizi iste\u011finize g\u00f6re uyarlayabiliriz","og_url":"https:\/\/www.stoneplusturkiye.com\/shop\/urun\/doner-merdiven-fiyati\/","og_site_name":"Stoneplus Ah\u015fap \u00dcr\u00fcnleri","article_publisher":"https:\/\/www.facebook.com\/stoneplusturkiye\/","article_modified_time":"2025-05-27T09:23:18+00:00","og_image":[{"width":1000,"height":1100,"url":"https:\/\/www.stoneplusturkiye.com\/shop\/wp-content\/uploads\/2024\/01\/515.jpg","type":"image\/jpeg"}],"twitter_card":"summary_large_image","twitter_misc":{"Tahmini okuma s\u00fcresi":"1 dakika"},"schema":{"@context":"https:\/\/schema.org","@graph":[{"@type":"WebPage","@id":"https:\/\/www.stoneplusturkiye.com\/shop\/urun\/doner-merdiven-fiyati\/","url":"https:\/\/www.stoneplusturkiye.com\/shop\/urun\/doner-merdiven-fiyati\/","name":"D\u00f6ner Merdiven Fiyat\u0131 Ayarlanabilir (1050mm) - Stoneplus Ah\u015fap \u00dcr\u00fcnleri","isPartOf":{"@id":"https:\/\/www.stoneplusturkiye.com\/shop\/#website"},"primaryImageOfPage":{"@id":"https:\/\/www.stoneplusturkiye.com\/shop\/urun\/doner-merdiven-fiyati\/#primaryimage"},"image":{"@id":"https:\/\/www.stoneplusturkiye.com\/shop\/urun\/doner-merdiven-fiyati\/#primaryimage"},"thumbnailUrl":"https:\/\/www.stoneplusturkiye.com\/shop\/wp-content\/uploads\/2024\/01\/515.jpg","datePublished":"2024-01-12T13:58:03+00:00","dateModified":"2025-05-27T09:23:18+00:00","description":"D\u00f6ner Merdiven Fiyat\u0131 modelleirmiz aras\u0131nda en \u00e7ok tutulan modelimiz Stonewood D\u00f6ner Merdiven Modelimizdir. Bu Modelimizi iste\u011finize g\u00f6re uyarlayabiliriz","breadcrumb":{"@id":"https:\/\/www.stoneplusturkiye.com\/shop\/urun\/doner-merdiven-fiyati\/#breadcrumb"},"inLanguage":"tr","potentialAction":[{"@type":"ReadAction","target":["https:\/\/www.stoneplusturkiye.com\/shop\/urun\/doner-merdiven-fiyati\/"]}]},{"@type":"ImageObject","inLanguage":"tr","@id":"https:\/\/www.stoneplusturkiye.com\/shop\/urun\/doner-merdiven-fiyati\/#primaryimage","url":"https:\/\/www.stoneplusturkiye.com\/shop\/wp-content\/uploads\/2024\/01\/515.jpg","contentUrl":"https:\/\/www.stoneplusturkiye.com\/shop\/wp-content\/uploads\/2024\/01\/515.jpg","width":1000,"height":1100,"caption":"D\u00f6ner Merdiven Fiyat\u0131"},{"@type":"BreadcrumbList","@id":"https:\/\/www.stoneplusturkiye.com\/shop\/urun\/doner-merdiven-fiyati\/#breadcrumb","itemListElement":[{"@type":"ListItem","position":1,"name":"Home","item":"https:\/\/www.stoneplusturkiye.com\/shop\/"},{"@type":"ListItem","position":2,"name":"Ma\u011faza","item":"https:\/\/www.stoneplusturkiye.com\/shop\/magaza\/"},{"@type":"ListItem","position":3,"name":"D\u00f6ner Merdiven Fiyat\u0131 Ayarlanabilir (1050mm)"}]},{"@type":"WebSite","@id":"https:\/\/www.stoneplusturkiye.com\/shop\/#website","url":"https:\/\/www.stoneplusturkiye.com\/shop\/","name":"Stoneplus Ah\u015fap \u00dcr\u00fcnleri","description":"Stonewood Ah\u015fap \u00c7\u00f6z\u00fcmleri","publisher":{"@id":"https:\/\/www.stoneplusturkiye.com\/shop\/#organization"},"potentialAction":[{"@type":"SearchAction","target":{"@type":"EntryPoint","urlTemplate":"https:\/\/www.stoneplusturkiye.com\/shop\/?s={search_term_string}"},"query-input":{"@type":"PropertyValueSpecification","valueRequired":true,"valueName":"search_term_string"}}],"inLanguage":"tr"},{"@type":"Organization","@id":"https:\/\/www.stoneplusturkiye.com\/shop\/#organization","name":"Stoneplus \u0130n\u015faat Yap\u0131 Ah\u015fap \u00dcr\u00fcnleri","url":"https:\/\/www.stoneplusturkiye.com\/shop\/","logo":{"@type":"ImageObject","inLanguage":"tr","@id":"https:\/\/www.stoneplusturkiye.com\/shop\/#\/schema\/logo\/image\/","url":"https:\/\/www.stoneplusturkiye.com\/shop\/wp-content\/uploads\/2025\/02\/stoneplus2.png","contentUrl":"https:\/\/www.stoneplusturkiye.com\/shop\/wp-content\/uploads\/2025\/02\/stoneplus2.png","width":1000,"height":1000,"caption":"Stoneplus \u0130n\u015faat Yap\u0131 Ah\u015fap \u00dcr\u00fcnleri"},"image":{"@id":"https:\/\/www.stoneplusturkiye.com\/shop\/#\/schema\/logo\/image\/"},"sameAs":["https:\/\/www.facebook.com\/stoneplusturkiye\/"],"description":"Stoneplus in\u015faat yap\u0131 ah\u015fap \u00fcr\u00fcnleri","email":"bilgi@stoneplusturkiye.com","telephone":"08504950590","legalName":"Stoneplus \u0130n\u015f. Yap\u0131 Ah\u015fap \u00dcr\u00fcnleri","taxID":"7810871242","numberOfEmployees":{"@type":"QuantitativeValue","minValue":"1","maxValue":"10"}}]}},"_links":{"self":[{"href":"https:\/\/www.stoneplusturkiye.com\/shop\/wp-json\/wp\/v2\/product\/1742","targetHints":{"allow":["GET"]}}],"collection":[{"href":"https:\/\/www.stoneplusturkiye.com\/shop\/wp-json\/wp\/v2\/product"}],"about":[{"href":"https:\/\/www.stoneplusturkiye.com\/shop\/wp-json\/wp\/v2\/types\/product"}],"replies":[{"embeddable":true,"href":"https:\/\/www.stoneplusturkiye.com\/shop\/wp-json\/wp\/v2\/comments?post=1742"}],"version-history":[{"count":7,"href":"https:\/\/www.stoneplusturkiye.com\/shop\/wp-json\/wp\/v2\/product\/1742\/revisions"}],"predecessor-version":[{"id":9621,"href":"https:\/\/www.stoneplusturkiye.com\/shop\/wp-json\/wp\/v2\/product\/1742\/revisions\/9621"}],"wp:featuredmedia":[{"embeddable":true,"href":"https:\/\/www.stoneplusturkiye.com\/shop\/wp-json\/wp\/v2\/media\/9165"}],"wp:attachment":[{"href":"https:\/\/www.stoneplusturkiye.com\/shop\/wp-json\/wp\/v2\/media?parent=1742"}],"wp:term":[{"taxonomy":"product_brand","embeddable":true,"href":"https:\/\/www.stoneplusturkiye.com\/shop\/wp-json\/wp\/v2\/product_brand?post=1742"},{"taxonomy":"product_cat","embeddable":true,"href":"https:\/\/www.stoneplusturkiye.com\/shop\/wp-json\/wp\/v2\/product_cat?post=1742"},{"taxonomy":"product_tag","embeddable":true,"href":"https:\/\/www.stoneplusturkiye.com\/shop\/wp-json\/wp\/v2\/product_tag?post=1742"}],"curies":[{"name":"wp","href":"https:\/\/api.w.org\/{rel}","templated":true}]}}