{"id":10734,"date":"2025-06-19T12:14:01","date_gmt":"2025-06-19T09:14:01","guid":{"rendered":"https:\/\/www.stoneplusturkiye.com\/shop\/?post_type=product&#038;p=10734"},"modified":"2025-06-19T13:50:22","modified_gmt":"2025-06-19T10:50:22","slug":"cocuk-oyun-parklari","status":"publish","type":"product","link":"https:\/\/www.stoneplusturkiye.com\/shop\/urun\/cocuk-oyun-parklari\/","title":{"rendered":"\u00c7ocuk Oyun Parklar\u0131 | Stonewood Salyangoz"},"content":{"rendered":"<article class=\"text-token-text-primary w-full\" dir=\"auto\" data-testid=\"conversation-turn-8\" data-scroll-anchor=\"true\">\n<div class=\"text-base my-auto mx-auto py-5 [--thread-content-margin:--spacing(4)] @[37rem]:[--thread-content-margin:--spacing(6)] @[72rem]:[--thread-content-margin:--spacing(16)] px-(--thread-content-margin)\">\n<div class=\"[--thread-content-max-width:32rem] @[34rem]:[--thread-content-max-width:40rem] @[64rem]:[--thread-content-max-width:48rem] mx-auto flex max-w-(--thread-content-max-width) flex-1 text-base gap-4 md:gap-5 lg:gap-6 group\/turn-messages focus-visible:outline-hidden\" tabindex=\"-1\">\n<div class=\"group\/conversation-turn relative flex w-full min-w-0 flex-col agent-turn\">\n<div class=\"relative flex-col gap-1 md:gap-3\">\n<div class=\"flex max-w-full flex-col grow\">\n<div class=\"min-h-8 text-message relative flex w-full flex-col items-end gap-2 text-start break-words whitespace-normal [.text-message+&amp;]:mt-5\" dir=\"auto\" data-message-author-role=\"assistant\" data-message-id=\"0e3585d8-7396-4212-9869-2360ce8a491f\" data-message-model-slug=\"gpt-4o\">\n<div class=\"flex w-full flex-col gap-1 empty:hidden first:pt-[3px]\">\n<div class=\"markdown prose dark:prose-invert w-full break-words dark\">\n<p data-start=\"0\" data-end=\"305\"><strong data-start=\"0\" data-end=\"23\">\u00c7ocuk Oyun Parklar\u0131<\/strong><br data-start=\"23\" data-end=\"26\" \/><strong data-start=\"26\" data-end=\"49\">\u00c7ocuk oyun parklar\u0131<\/strong>, \u00e7ocuklar\u0131n a\u00e7\u0131k havada g\u00fcvenli ve e\u011flenceli vakit ge\u00e7irebilece\u011fi \u00f6zel alanlard\u0131r. Bu parklar, hem fiziksel geli\u015fimi hem de sosyal becerileri destekler. Oyun s\u0131ras\u0131nda \u00e7ocuklar arkada\u015fl\u0131k kurar, payla\u015fmay\u0131 \u00f6\u011frenir ve enerjilerini sa\u011fl\u0131kl\u0131 \u015fekilde atarlar.<\/p>\n<p data-start=\"307\" data-end=\"722\">Modern <strong data-start=\"314\" data-end=\"337\">\u00e7ocuk oyun parklar\u0131<\/strong>, farkl\u0131 ya\u015f gruplar\u0131na hitap eden ekipmanlarla donat\u0131l\u0131r. Sal\u0131ncak, kayd\u0131rak, tahterevalli, t\u0131rmanma duvar\u0131 ve z\u0131plama alanlar\u0131 en s\u0131k kar\u015f\u0131la\u015f\u0131lan b\u00f6l\u00fcmlerdir. Zeminde genellikle kau\u00e7uk kaplama kullan\u0131larak d\u00fc\u015fmelere kar\u015f\u0131 koruma sa\u011flan\u0131r. Renkli ve dikkat \u00e7ekici tasar\u0131mlar, \u00e7ocuklar\u0131n ilgisini \u00e7ekerken, g\u00fcvenlik standartlar\u0131na uygun yap\u0131 malzemeleri ebeveynlerin i\u00e7ini rahatlat\u0131r.<\/p>\n<p data-start=\"724\" data-end=\"911\">Ayr\u0131ca engelli \u00e7ocuklar i\u00e7in \u00f6zel tasarlanm\u0131\u015f <strong data-start=\"770\" data-end=\"800\">eri\u015filebilir oyun parklar\u0131<\/strong> da giderek yayg\u0131nla\u015fmaktad\u0131r. Bu parklar, her \u00e7ocu\u011fun e\u015fit \u015fekilde oyun alan\u0131ndan yararlanmas\u0131na olanak tan\u0131r.<\/p>\n<p data-start=\"913\" data-end=\"1177\">Mahalle aralar\u0131nda, okullarda, sitelerde ya da b\u00fcy\u00fck park alanlar\u0131nda kurulan bu oyun alanlar\u0131, sadece oyun de\u011fil, ayn\u0131 zamanda \u00f6\u011frenme ve ke\u015fif alanlar\u0131d\u0131r. \u00d6zellikle do\u011fayla i\u00e7 i\u00e7e konumland\u0131r\u0131lan parklar, \u00e7ocuklara a\u00e7\u0131k havada \u00f6zg\u00fcrce hareket etme imkan\u0131 sunar.<\/p>\n<p data-start=\"1179\" data-end=\"1376\" data-is-last-node=\"\" data-is-only-node=\"\">Sonu\u00e7 olarak, <strong data-start=\"1193\" data-end=\"1216\">\u00e7ocuk oyun parklar\u0131<\/strong>, sa\u011fl\u0131kl\u0131 b\u00fcy\u00fcme, sosyalle\u015fme ve keyifli zaman i\u00e7in vazge\u00e7ilmez alanlard\u0131r. Hem \u015fehir planlamas\u0131nda hem de ailelerin tercihlerinde \u00f6ncelikli bir yere sahiptir<\/p>\n<\/div>\n<\/div>\n<\/div>\n<\/div>\n<div class=\"flex min-h-[46px] justify-start\">\n<div class=\"touch:-me-2 touch:-ms-3.5 -ms-2.5 -me-1 flex flex-wrap items-center gap-y-4 p-1 select-none touch:w-[calc(100%+--spacing(3.5))] -mt-1 w-[calc(100%+--spacing(2.5))] duration-[1.5s] focus-within:transition-none hover:transition-none pointer-events-none [mask-image:linear-gradient(to_right,black_33%,transparent_66%)] [mask-size:300%_100%] [mask-position:100%_0%] motion-safe:transition-[mask-position] group-hover\/turn-messages:pointer-events-auto group-hover\/turn-messages:[mask-position:0_0] group-focus-within\/turn-messages:pointer-events-auto group-focus-within\/turn-messages:[mask-position:0_0] has-data-[state=open]:pointer-events-auto has-data-[state=open]:[mask-position:0_0]\">\n<div class=\"flex items-center\"><\/div>\n<div dir=\"ltr\" data-gpts-theme=\"light\"><\/div>\n<\/div>\n<\/div>\n<div class=\"mt-3 w-full empty:hidden\">\n<div class=\"text-center\"><\/div>\n<\/div>\n<\/div>\n<div class=\"absolute\">\n<div class=\"flex items-center justify-center\"><\/div>\n<\/div>\n<\/div>\n<\/div>\n<\/div>\n<\/article>\n<div class=\"pointer-events-none h-px w-px\" aria-hidden=\"true\" data-edge=\"true\"><\/div>\n","protected":false},"excerpt":{"rendered":"<p><strong><span>\u00c7ocuk oyun alan\u0131 &#8220;Salyangoz&#8221; &#8211; \u00e7ocuklar i\u00e7in \u015f\u0131k ve g\u00fcvenilir bir oyun alan\u0131<\/span><\/strong><\/p>\n<p><strong><span>Animals<\/span><\/strong><span>\u00a0serisinden Snail,\u00a0halka a\u00e7\u0131k alanlarda g\u00fcvenli ve estetik a\u00e7\u0131dan ho\u015f rekreasyon alanlar\u0131 yaratmak i\u00e7in ideal olan birinci s\u0131n\u0131f bir \u00e7ocuk oyun alan\u0131d\u0131r. Kara\u00e7amdan yap\u0131lm\u0131\u015f, dayan\u0131kl\u0131 bir kontrplak \u00e7er\u00e7eve ve paslanmaz \u00e7elik korkuluklara sahip Snail oyun alan\u0131, dayan\u0131kl\u0131d\u0131r ve d\u0131\u015f etkenlere kar\u015f\u0131 diren\u00e7lidir, bu da onu uzun s\u00fcreli kullan\u0131m i\u00e7in ideal bir se\u00e7im haline getirir.<\/span><\/p>\n<p><span>Bu model, oyun alan\u0131na yumu\u015fakl\u0131k ve uyum kazand\u0131ran, park alanlar\u0131 ve konut komplekslerinin manzaras\u0131na kolayca entegre edilmesini sa\u011flayan, masmavi tonlardaki vurgularla klasik bir renk \u015femas\u0131nda mevcuttur. &#8220;Snail&#8221;, \u00e7ocuklara g\u00fcvenli, ilgi \u00e7ekici ve dayan\u0131kl\u0131 oyun alanlar\u0131 sunmay\u0131 ama\u00e7layan geli\u015ftiricilerin ve genel m\u00fcteahhitlerin projelerine ba\u015far\u0131l\u0131 bir katk\u0131 sa\u011flayacakt\u0131r.<\/span><\/p>\n<p><strong><span>Avantajlar\u0131:<\/span><\/strong><\/p>\n<ul>\n<li><span>Y\u00fcksek kaliteli malzemeler: do\u011fal kara\u00e7am ve paslanmaz \u00e7elik.<\/span><\/li>\n<li><span>A\u015f\u0131nmaya ve hava ko\u015fullar\u0131na dayan\u0131kl\u0131d\u0131r.<\/span><\/li>\n<li><span>K\u00fc\u00e7\u00fck mimari formlara ve d\u0131\u015f mekan mobilyalar\u0131na m\u00fckemmel uyum sa\u011flayan \u015f\u0131k bir tasar\u0131m.<\/span><\/li>\n<\/ul>\n<p><span>\u00c7ocuk oyun alanlar\u0131n\u0131n olu\u015fturulmas\u0131nda kaliteye, stile ve g\u00fcvenilirli\u011fe \u00f6nem veren mimarlar ve tasar\u0131mc\u0131lar aras\u0131nda &#8220;Snail&#8221; aran\u0131yor.<\/span><\/p>\n<h5><span style=\"color: #993300;\"><strong>Genel \u00d6zellikler | Hizmet Detaylar\u0131<br \/>\n<\/strong><\/span><\/h5>\n<div class=\"sizes__item\"><strong><span class=\"sizes__text\">Uzunluk : 3350 mm<\/span><\/strong><\/div>\n<div class=\"sizes__item\"><strong><span class=\"sizes__text\">Geni\u015flik: 1580 mm\u00a0<\/span><\/strong><\/div>\n<div class=\"sizes__item\"><strong><span class=\"sizes__text\">Y\u00fckseklik: 2380 mm<\/span><\/strong><\/div>\n<h5><span style=\"color: #008080;\">Ah\u015fap ve Aluminyum renkleri taleplerinize g\u00f6re de\u011fi\u015fiklik g\u00f6sterebilmektedir. Ah\u015fap su bazl\u0131 boya uygulamalar\u0131 ile renk ve desenleri taleplerinize g\u00f6re imal edebilmekteyiz.<\/span><\/h5>\n<h5><span style=\"color: #993300;\">\u00a0Kurulum ve Nakliye Giderleri Fiyat\u0131m\u0131z Haricindedir. <\/span>Kurulum ve nakliye fiyatlar\u0131 de\u011fi\u015fiklik g\u00f6sterebilmektedir. Alan\u0131n\u0131za uygun farkl\u0131 y\u00fckseklik ve en oranlar\u0131 \u00f6zel taleplerinize g\u00f6re imal edilebilmektedir.<\/h5>\n<p>&nbsp;<\/p>\n","protected":false},"featured_media":10765,"comment_status":"closed","ping_status":"closed","template":"","meta":[],"product_brand":[263],"product_cat":[289],"product_tag":[332,333,277,336,334,335,331],"class_list":{"0":"post-10734","1":"product","2":"type-product","3":"status-publish","4":"has-post-thumbnail","6":"product_brand-stonewood","7":"product_cat-salincak-oyun-evleri","8":"product_tag-ahsap-cocuk-oyun-evi","9":"product_tag-ahsap-cocuk-oyun-parki","10":"product_tag-aydinlatmali-yuzuk-salincak","11":"product_tag-cocuk-oyun-alani-modelleri-cocuk-oyun-alani-modelleri","12":"product_tag-cocuk-parklari","13":"product_tag-daire-cocuk-oyun-alani","14":"product_tag-tekli-iki-kisilik-salincak","16":"first","17":"instock","18":"shipping-taxable","19":"purchasable","20":"product-type-simple"},"yoast_head":"<!-- This site is optimized with the Yoast SEO Premium plugin v24.8 (Yoast SEO v27.3) - https:\/\/yoast.com\/product\/yoast-seo-premium-wordpress\/ -->\n<title>\u00c7ocuk Oyun Parklar\u0131 | Stonewood Salyangoz - Stoneplus Ah\u015fap \u00dcr\u00fcnleri<\/title>\n<meta name=\"description\" content=\"\u00c7ocuk Oyun Alan\u0131 Modelleri | Stonewood Park ve sa\u011fl\u0131k sa\u011flamak \u00fczere tasarlanm\u0131\u015f birinci s\u0131n\u0131f Fin saunalar\u0131 serimizi sunmaktan gurur duyar\u0131z.\" \/>\n<meta name=\"robots\" content=\"index, follow, max-snippet:-1, max-image-preview:large, max-video-preview:-1\" \/>\n<link rel=\"canonical\" href=\"https:\/\/www.stoneplusturkiye.com\/shop\/urun\/cocuk-oyun-parklari\/\" \/>\n<meta property=\"og:locale\" content=\"tr_TR\" \/>\n<meta property=\"og:type\" content=\"article\" \/>\n<meta property=\"og:title\" content=\"\u00c7ocuk Oyun Parklar\u0131 | Stonewood Salyangoz\" \/>\n<meta property=\"og:description\" content=\"\u00c7ocuk Oyun Alan\u0131 Modelleri | Stonewood Park ve sa\u011fl\u0131k sa\u011flamak \u00fczere tasarlanm\u0131\u015f birinci s\u0131n\u0131f Fin saunalar\u0131 serimizi sunmaktan gurur duyar\u0131z.\" \/>\n<meta property=\"og:url\" content=\"https:\/\/www.stoneplusturkiye.com\/shop\/urun\/cocuk-oyun-parklari\/\" \/>\n<meta property=\"og:site_name\" content=\"Stoneplus Ah\u015fap \u00dcr\u00fcnleri\" \/>\n<meta property=\"article:publisher\" content=\"https:\/\/www.facebook.com\/stoneplusturkiye\/\" \/>\n<meta property=\"article:modified_time\" content=\"2025-06-19T10:50:22+00:00\" \/>\n<meta property=\"og:image\" content=\"https:\/\/www.stoneplusturkiye.com\/shop\/wp-content\/uploads\/2025\/06\/untitled-17.jpg\" \/>\n\t<meta property=\"og:image:width\" content=\"1920\" \/>\n\t<meta property=\"og:image:height\" content=\"1080\" \/>\n\t<meta property=\"og:image:type\" content=\"image\/jpeg\" \/>\n<meta name=\"twitter:card\" content=\"summary_large_image\" \/>\n<meta name=\"twitter:label1\" content=\"Tahmini okuma s\u00fcresi\" \/>\n\t<meta name=\"twitter:data1\" content=\"2 dakika\" \/>\n<script type=\"application\/ld+json\" class=\"yoast-schema-graph\">{\"@context\":\"https:\\\/\\\/schema.org\",\"@graph\":[{\"@type\":\"WebPage\",\"@id\":\"https:\\\/\\\/www.stoneplusturkiye.com\\\/shop\\\/urun\\\/cocuk-oyun-parklari\\\/\",\"url\":\"https:\\\/\\\/www.stoneplusturkiye.com\\\/shop\\\/urun\\\/cocuk-oyun-parklari\\\/\",\"name\":\"\u00c7ocuk Oyun Parklar\u0131 | Stonewood Salyangoz - Stoneplus Ah\u015fap \u00dcr\u00fcnleri\",\"isPartOf\":{\"@id\":\"https:\\\/\\\/www.stoneplusturkiye.com\\\/shop\\\/#website\"},\"primaryImageOfPage\":{\"@id\":\"https:\\\/\\\/www.stoneplusturkiye.com\\\/shop\\\/urun\\\/cocuk-oyun-parklari\\\/#primaryimage\"},\"image\":{\"@id\":\"https:\\\/\\\/www.stoneplusturkiye.com\\\/shop\\\/urun\\\/cocuk-oyun-parklari\\\/#primaryimage\"},\"thumbnailUrl\":\"https:\\\/\\\/www.stoneplusturkiye.com\\\/shop\\\/wp-content\\\/uploads\\\/2025\\\/06\\\/untitled-17.jpg\",\"datePublished\":\"2025-06-19T09:14:01+00:00\",\"dateModified\":\"2025-06-19T10:50:22+00:00\",\"description\":\"\u00c7ocuk Oyun Alan\u0131 Modelleri | Stonewood Park ve sa\u011fl\u0131k sa\u011flamak \u00fczere tasarlanm\u0131\u015f birinci s\u0131n\u0131f Fin saunalar\u0131 serimizi sunmaktan gurur duyar\u0131z.\",\"breadcrumb\":{\"@id\":\"https:\\\/\\\/www.stoneplusturkiye.com\\\/shop\\\/urun\\\/cocuk-oyun-parklari\\\/#breadcrumb\"},\"inLanguage\":\"tr\",\"potentialAction\":[{\"@type\":\"ReadAction\",\"target\":[\"https:\\\/\\\/www.stoneplusturkiye.com\\\/shop\\\/urun\\\/cocuk-oyun-parklari\\\/\"]}]},{\"@type\":\"ImageObject\",\"inLanguage\":\"tr\",\"@id\":\"https:\\\/\\\/www.stoneplusturkiye.com\\\/shop\\\/urun\\\/cocuk-oyun-parklari\\\/#primaryimage\",\"url\":\"https:\\\/\\\/www.stoneplusturkiye.com\\\/shop\\\/wp-content\\\/uploads\\\/2025\\\/06\\\/untitled-17.jpg\",\"contentUrl\":\"https:\\\/\\\/www.stoneplusturkiye.com\\\/shop\\\/wp-content\\\/uploads\\\/2025\\\/06\\\/untitled-17.jpg\",\"width\":1920,\"height\":1080},{\"@type\":\"BreadcrumbList\",\"@id\":\"https:\\\/\\\/www.stoneplusturkiye.com\\\/shop\\\/urun\\\/cocuk-oyun-parklari\\\/#breadcrumb\",\"itemListElement\":[{\"@type\":\"ListItem\",\"position\":1,\"name\":\"Home\",\"item\":\"https:\\\/\\\/www.stoneplusturkiye.com\\\/shop\\\/\"},{\"@type\":\"ListItem\",\"position\":2,\"name\":\"Ma\u011faza\",\"item\":\"https:\\\/\\\/www.stoneplusturkiye.com\\\/shop\\\/magaza\\\/\"},{\"@type\":\"ListItem\",\"position\":3,\"name\":\"\u00c7ocuk Oyun Parklar\u0131 | Stonewood Salyangoz\"}]},{\"@type\":\"WebSite\",\"@id\":\"https:\\\/\\\/www.stoneplusturkiye.com\\\/shop\\\/#website\",\"url\":\"https:\\\/\\\/www.stoneplusturkiye.com\\\/shop\\\/\",\"name\":\"Stoneplus Ah\u015fap \u00dcr\u00fcnleri\",\"description\":\"Stonewood Ah\u015fap \u00c7\u00f6z\u00fcmleri\",\"publisher\":{\"@id\":\"https:\\\/\\\/www.stoneplusturkiye.com\\\/shop\\\/#organization\"},\"potentialAction\":[{\"@type\":\"SearchAction\",\"target\":{\"@type\":\"EntryPoint\",\"urlTemplate\":\"https:\\\/\\\/www.stoneplusturkiye.com\\\/shop\\\/?s={search_term_string}\"},\"query-input\":{\"@type\":\"PropertyValueSpecification\",\"valueRequired\":true,\"valueName\":\"search_term_string\"}}],\"inLanguage\":\"tr\"},{\"@type\":\"Organization\",\"@id\":\"https:\\\/\\\/www.stoneplusturkiye.com\\\/shop\\\/#organization\",\"name\":\"Stoneplus \u0130n\u015faat Yap\u0131 Ah\u015fap \u00dcr\u00fcnleri\",\"url\":\"https:\\\/\\\/www.stoneplusturkiye.com\\\/shop\\\/\",\"logo\":{\"@type\":\"ImageObject\",\"inLanguage\":\"tr\",\"@id\":\"https:\\\/\\\/www.stoneplusturkiye.com\\\/shop\\\/#\\\/schema\\\/logo\\\/image\\\/\",\"url\":\"https:\\\/\\\/www.stoneplusturkiye.com\\\/shop\\\/wp-content\\\/uploads\\\/2025\\\/02\\\/stoneplus2.png\",\"contentUrl\":\"https:\\\/\\\/www.stoneplusturkiye.com\\\/shop\\\/wp-content\\\/uploads\\\/2025\\\/02\\\/stoneplus2.png\",\"width\":1000,\"height\":1000,\"caption\":\"Stoneplus \u0130n\u015faat Yap\u0131 Ah\u015fap \u00dcr\u00fcnleri\"},\"image\":{\"@id\":\"https:\\\/\\\/www.stoneplusturkiye.com\\\/shop\\\/#\\\/schema\\\/logo\\\/image\\\/\"},\"sameAs\":[\"https:\\\/\\\/www.facebook.com\\\/stoneplusturkiye\\\/\"],\"description\":\"Stoneplus in\u015faat yap\u0131 ah\u015fap \u00fcr\u00fcnleri\",\"email\":\"bilgi@stoneplusturkiye.com\",\"telephone\":\"08504950590\",\"legalName\":\"Stoneplus \u0130n\u015f. Yap\u0131 Ah\u015fap \u00dcr\u00fcnleri\",\"taxID\":\"7810871242\",\"numberOfEmployees\":{\"@type\":\"QuantitativeValue\",\"minValue\":\"1\",\"maxValue\":\"10\"}}]}<\/script>\n<!-- \/ Yoast SEO Premium plugin. -->","yoast_head_json":{"title":"\u00c7ocuk Oyun Parklar\u0131 | Stonewood Salyangoz - Stoneplus Ah\u015fap \u00dcr\u00fcnleri","description":"\u00c7ocuk Oyun Alan\u0131 Modelleri | Stonewood Park ve sa\u011fl\u0131k sa\u011flamak \u00fczere tasarlanm\u0131\u015f birinci s\u0131n\u0131f Fin saunalar\u0131 serimizi sunmaktan gurur duyar\u0131z.","robots":{"index":"index","follow":"follow","max-snippet":"max-snippet:-1","max-image-preview":"max-image-preview:large","max-video-preview":"max-video-preview:-1"},"canonical":"https:\/\/www.stoneplusturkiye.com\/shop\/urun\/cocuk-oyun-parklari\/","og_locale":"tr_TR","og_type":"article","og_title":"\u00c7ocuk Oyun Parklar\u0131 | Stonewood Salyangoz","og_description":"\u00c7ocuk Oyun Alan\u0131 Modelleri | Stonewood Park ve sa\u011fl\u0131k sa\u011flamak \u00fczere tasarlanm\u0131\u015f birinci s\u0131n\u0131f Fin saunalar\u0131 serimizi sunmaktan gurur duyar\u0131z.","og_url":"https:\/\/www.stoneplusturkiye.com\/shop\/urun\/cocuk-oyun-parklari\/","og_site_name":"Stoneplus Ah\u015fap \u00dcr\u00fcnleri","article_publisher":"https:\/\/www.facebook.com\/stoneplusturkiye\/","article_modified_time":"2025-06-19T10:50:22+00:00","og_image":[{"width":1920,"height":1080,"url":"https:\/\/www.stoneplusturkiye.com\/shop\/wp-content\/uploads\/2025\/06\/untitled-17.jpg","type":"image\/jpeg"}],"twitter_card":"summary_large_image","twitter_misc":{"Tahmini okuma s\u00fcresi":"2 dakika"},"schema":{"@context":"https:\/\/schema.org","@graph":[{"@type":"WebPage","@id":"https:\/\/www.stoneplusturkiye.com\/shop\/urun\/cocuk-oyun-parklari\/","url":"https:\/\/www.stoneplusturkiye.com\/shop\/urun\/cocuk-oyun-parklari\/","name":"\u00c7ocuk Oyun Parklar\u0131 | Stonewood Salyangoz - Stoneplus Ah\u015fap \u00dcr\u00fcnleri","isPartOf":{"@id":"https:\/\/www.stoneplusturkiye.com\/shop\/#website"},"primaryImageOfPage":{"@id":"https:\/\/www.stoneplusturkiye.com\/shop\/urun\/cocuk-oyun-parklari\/#primaryimage"},"image":{"@id":"https:\/\/www.stoneplusturkiye.com\/shop\/urun\/cocuk-oyun-parklari\/#primaryimage"},"thumbnailUrl":"https:\/\/www.stoneplusturkiye.com\/shop\/wp-content\/uploads\/2025\/06\/untitled-17.jpg","datePublished":"2025-06-19T09:14:01+00:00","dateModified":"2025-06-19T10:50:22+00:00","description":"\u00c7ocuk Oyun Alan\u0131 Modelleri | Stonewood Park ve sa\u011fl\u0131k sa\u011flamak \u00fczere tasarlanm\u0131\u015f birinci s\u0131n\u0131f Fin saunalar\u0131 serimizi sunmaktan gurur duyar\u0131z.","breadcrumb":{"@id":"https:\/\/www.stoneplusturkiye.com\/shop\/urun\/cocuk-oyun-parklari\/#breadcrumb"},"inLanguage":"tr","potentialAction":[{"@type":"ReadAction","target":["https:\/\/www.stoneplusturkiye.com\/shop\/urun\/cocuk-oyun-parklari\/"]}]},{"@type":"ImageObject","inLanguage":"tr","@id":"https:\/\/www.stoneplusturkiye.com\/shop\/urun\/cocuk-oyun-parklari\/#primaryimage","url":"https:\/\/www.stoneplusturkiye.com\/shop\/wp-content\/uploads\/2025\/06\/untitled-17.jpg","contentUrl":"https:\/\/www.stoneplusturkiye.com\/shop\/wp-content\/uploads\/2025\/06\/untitled-17.jpg","width":1920,"height":1080},{"@type":"BreadcrumbList","@id":"https:\/\/www.stoneplusturkiye.com\/shop\/urun\/cocuk-oyun-parklari\/#breadcrumb","itemListElement":[{"@type":"ListItem","position":1,"name":"Home","item":"https:\/\/www.stoneplusturkiye.com\/shop\/"},{"@type":"ListItem","position":2,"name":"Ma\u011faza","item":"https:\/\/www.stoneplusturkiye.com\/shop\/magaza\/"},{"@type":"ListItem","position":3,"name":"\u00c7ocuk Oyun Parklar\u0131 | Stonewood Salyangoz"}]},{"@type":"WebSite","@id":"https:\/\/www.stoneplusturkiye.com\/shop\/#website","url":"https:\/\/www.stoneplusturkiye.com\/shop\/","name":"Stoneplus Ah\u015fap \u00dcr\u00fcnleri","description":"Stonewood Ah\u015fap \u00c7\u00f6z\u00fcmleri","publisher":{"@id":"https:\/\/www.stoneplusturkiye.com\/shop\/#organization"},"potentialAction":[{"@type":"SearchAction","target":{"@type":"EntryPoint","urlTemplate":"https:\/\/www.stoneplusturkiye.com\/shop\/?s={search_term_string}"},"query-input":{"@type":"PropertyValueSpecification","valueRequired":true,"valueName":"search_term_string"}}],"inLanguage":"tr"},{"@type":"Organization","@id":"https:\/\/www.stoneplusturkiye.com\/shop\/#organization","name":"Stoneplus \u0130n\u015faat Yap\u0131 Ah\u015fap \u00dcr\u00fcnleri","url":"https:\/\/www.stoneplusturkiye.com\/shop\/","logo":{"@type":"ImageObject","inLanguage":"tr","@id":"https:\/\/www.stoneplusturkiye.com\/shop\/#\/schema\/logo\/image\/","url":"https:\/\/www.stoneplusturkiye.com\/shop\/wp-content\/uploads\/2025\/02\/stoneplus2.png","contentUrl":"https:\/\/www.stoneplusturkiye.com\/shop\/wp-content\/uploads\/2025\/02\/stoneplus2.png","width":1000,"height":1000,"caption":"Stoneplus \u0130n\u015faat Yap\u0131 Ah\u015fap \u00dcr\u00fcnleri"},"image":{"@id":"https:\/\/www.stoneplusturkiye.com\/shop\/#\/schema\/logo\/image\/"},"sameAs":["https:\/\/www.facebook.com\/stoneplusturkiye\/"],"description":"Stoneplus in\u015faat yap\u0131 ah\u015fap \u00fcr\u00fcnleri","email":"bilgi@stoneplusturkiye.com","telephone":"08504950590","legalName":"Stoneplus \u0130n\u015f. Yap\u0131 Ah\u015fap \u00dcr\u00fcnleri","taxID":"7810871242","numberOfEmployees":{"@type":"QuantitativeValue","minValue":"1","maxValue":"10"}}]}},"_links":{"self":[{"href":"https:\/\/www.stoneplusturkiye.com\/shop\/wp-json\/wp\/v2\/product\/10734","targetHints":{"allow":["GET"]}}],"collection":[{"href":"https:\/\/www.stoneplusturkiye.com\/shop\/wp-json\/wp\/v2\/product"}],"about":[{"href":"https:\/\/www.stoneplusturkiye.com\/shop\/wp-json\/wp\/v2\/types\/product"}],"replies":[{"embeddable":true,"href":"https:\/\/www.stoneplusturkiye.com\/shop\/wp-json\/wp\/v2\/comments?post=10734"}],"version-history":[{"count":6,"href":"https:\/\/www.stoneplusturkiye.com\/shop\/wp-json\/wp\/v2\/product\/10734\/revisions"}],"predecessor-version":[{"id":10766,"href":"https:\/\/www.stoneplusturkiye.com\/shop\/wp-json\/wp\/v2\/product\/10734\/revisions\/10766"}],"wp:featuredmedia":[{"embeddable":true,"href":"https:\/\/www.stoneplusturkiye.com\/shop\/wp-json\/wp\/v2\/media\/10765"}],"wp:attachment":[{"href":"https:\/\/www.stoneplusturkiye.com\/shop\/wp-json\/wp\/v2\/media?parent=10734"}],"wp:term":[{"taxonomy":"product_brand","embeddable":true,"href":"https:\/\/www.stoneplusturkiye.com\/shop\/wp-json\/wp\/v2\/product_brand?post=10734"},{"taxonomy":"product_cat","embeddable":true,"href":"https:\/\/www.stoneplusturkiye.com\/shop\/wp-json\/wp\/v2\/product_cat?post=10734"},{"taxonomy":"product_tag","embeddable":true,"href":"https:\/\/www.stoneplusturkiye.com\/shop\/wp-json\/wp\/v2\/product_tag?post=10734"}],"curies":[{"name":"wp","href":"https:\/\/api.w.org\/{rel}","templated":true}]}}