{"id":10722,"date":"2025-06-19T11:58:43","date_gmt":"2025-06-19T08:58:43","guid":{"rendered":"https:\/\/www.stoneplusturkiye.com\/shop\/?post_type=product&#038;p=10722"},"modified":"2025-06-19T12:05:26","modified_gmt":"2025-06-19T09:05:26","slug":"ahsap-cocuk-oyun-evi","status":"publish","type":"product","link":"https:\/\/www.stoneplusturkiye.com\/shop\/urun\/ahsap-cocuk-oyun-evi\/","title":{"rendered":"Ah\u015fap \u00c7ocuk Oyun Evi | Stonewood Kirpi"},"content":{"rendered":"<p data-start=\"0\" data-end=\"380\"><strong data-start=\"0\" data-end=\"24\">Ah\u015fap \u00c7ocuk Oyun Evi<\/strong><br data-start=\"24\" data-end=\"27\" \/>Ah\u015fap \u00e7ocuk oyun evleri, hem e\u011flenceli hem de sa\u011fl\u0131kl\u0131 bir oyun alan\u0131 sunarak \u00e7ocuklar\u0131n hayal g\u00fcc\u00fcn\u00fc geli\u015ftirir. Do\u011fal malzemelerle \u00fcretilen bu yap\u0131lar, \u00e7ocuklar\u0131n g\u00fcvenle oynayabilece\u011fi s\u0131cak ve estetik bir ortam olu\u015fturur. Bah\u00e7elerde veya geni\u015f teraslarda rahatl\u0131kla kurulabilen bu evler, \u00e7ocuklar\u0131n a\u00e7\u0131k havada daha fazla zaman ge\u00e7irmesini sa\u011flar.<\/p>\n<p data-start=\"382\" data-end=\"671\"><strong data-start=\"382\" data-end=\"403\">Ah\u015fap oyun evleri<\/strong>, genellikle \u00e7am, ladin veya sedir gibi dayan\u0131kl\u0131 a\u011fa\u00e7lardan yap\u0131l\u0131r. Bu da uzun \u00f6m\u00fcrl\u00fc kullan\u0131m ve d\u0131\u015f hava \u015fartlar\u0131na kar\u015f\u0131 diren\u00e7 anlam\u0131na gelir. Baz\u0131 modellerde kayd\u0131rak, sal\u0131ncak ya da t\u0131rmanma duvar\u0131 gibi eklentiler de bulunarak e\u011flence seviyesi art\u0131r\u0131labilir.<\/p>\n<p data-start=\"673\" data-end=\"866\">Estetik g\u00f6r\u00fcn\u00fcmleri sayesinde yaln\u0131zca \u00e7ocuklar i\u00e7in de\u011fil, bah\u00e7e dekorasyonuna da katk\u0131 sa\u011flarlar. Ah\u015fap olmas\u0131, plasti\u011fe k\u0131yasla hem \u00e7evre dostudur hem de daha do\u011fal bir oyun alan\u0131 yarat\u0131r.<\/p>\n<p data-start=\"868\" data-end=\"1110\"><strong data-start=\"868\" data-end=\"892\">Ah\u015fap \u00e7ocuk oyun evi<\/strong> ararken dikkat edilmesi gereken ba\u015fl\u0131ca noktalar, kullan\u0131lan ah\u015fab\u0131n kalitesi, yap\u0131n\u0131n sa\u011flaml\u0131\u011f\u0131 ve montaj kolayl\u0131\u011f\u0131d\u0131r. \u0130ste\u011fe ba\u011fl\u0131 olarak \u00f6zel tasar\u0131m ve renk se\u00e7enekleriyle ki\u015fiye \u00f6zel \u00e7\u00f6z\u00fcmler de \u00fcretilebilir.<\/p>\n<p data-start=\"1112\" data-end=\"1244\" data-is-last-node=\"\" data-is-only-node=\"\">\u00c7ocuklar i\u00e7in g\u00fcvenli, sa\u011fl\u0131kl\u0131 ve e\u011flenceli bir alan olu\u015fturmak istiyorsan\u0131z, <strong data-start=\"1191\" data-end=\"1215\">ah\u015fap \u00e7ocuk oyun evi<\/strong> harika bir tercih olacakt\u0131r.<\/p>\n","protected":false},"excerpt":{"rendered":"<p><strong>\u00c7ocuk oyun alan\u0131 &#8220;Kirpi&#8221; &#8211; kamusal alanlar\u0131n d\u00fczenlenmesi i\u00e7in birinci s\u0131n\u0131f bir \u00e7\u00f6z\u00fcm<\/strong><\/p>\n<p><strong>Animals<\/strong>\u00a0serisinden Hedgehog oyun alan\u0131\u00a0, y\u00fcksek kalite ve \u00e7evre dostu olma vurgusu ile yap\u0131lm\u0131\u015f, \u015f\u0131k ve g\u00fcvenilir bir \u00e7ocuk oyun ekipman\u0131d\u0131r. Do\u011fal kara\u00e7amdan yap\u0131lm\u0131\u015f olan oyun alan\u0131, sa\u011flaml\u0131k ve uzun bir kullan\u0131m \u00f6mr\u00fc sa\u011flar. Kontrplak \u00e7er\u00e7eve ve paslanmaz \u00e7elik korkuluklar, yap\u0131n\u0131n a\u015f\u0131nma ve y\u0131pranmaya ve d\u0131\u015f etkenlere kar\u015f\u0131 direncini art\u0131r\u0131r, bu da Hedgehog&#8217;u halka a\u00e7\u0131k alanlarda uzun s\u00fcreli kullan\u0131m i\u00e7in ideal bir se\u00e7im haline getirir.<\/p>\n<p>Bu model, siteye do\u011fal bir g\u00f6r\u00fcn\u00fcm kazand\u0131ran ve modern bir manzaraya uyumlu bir \u015fekilde uyum sa\u011flamas\u0131n\u0131 sa\u011flayan ye\u015fil vurgulu klasik bir renk \u015femas\u0131nda mevcuttur. &#8220;Hedgehog&#8221;, premium segmentin esteti\u011fini ve i\u015flevselli\u011fini vurgulayarak konut komplekslerinde ve park alanlar\u0131nda kullan\u0131m i\u00e7in idealdir.<\/p>\n<p><strong>Modelin avantajlar\u0131:<\/strong><\/p>\n<ul>\n<li>G\u00fcvenilir do\u011fal malzemeler: kara\u00e7am ve paslanmaz \u00e7elik.<\/li>\n<li>Hava ko\u015fullar\u0131na dayan\u0131kl\u0131l\u0131k ve y\u00fcksek dayan\u0131kl\u0131l\u0131k.<\/li>\n<li>Kent mobilyalar\u0131 ve mimari form elemanlar\u0131yla uyumluluk.<\/li>\n<\/ul>\n<p>&#8220;Hedgehog&#8221;, g\u00fcvenli, dayan\u0131kl\u0131 ve estetik a\u00e7\u0131dan ho\u015f oyun alanlar\u0131 yaratmay\u0131 hedefleyen geli\u015ftiriciler, genel m\u00fcteahhitler ve tasar\u0131mc\u0131lar i\u00e7in bir tercihtir.<\/p>\n<h5><span style=\"color: #993300;\"><strong>Genel \u00d6zellikler | Hizmet Detaylar\u0131<br \/>\n<\/strong><\/span><\/h5>\n<div class=\"sizes__item\"><strong><span class=\"sizes__text\">Uzunluk : 3720 mm<\/span><\/strong><\/div>\n<div class=\"sizes__item\"><strong><span class=\"sizes__text\">Geni\u015flik: 1545 mm\u00a0<\/span><\/strong><\/div>\n<div class=\"sizes__item\"><strong><span class=\"sizes__text\">Y\u00fckseklik: 2185 mm<\/span><\/strong><\/div>\n<h5><span style=\"color: #008080;\">Ah\u015fap ve Aluminyum renkleri taleplerinize g\u00f6re de\u011fi\u015fiklik g\u00f6sterebilmektedir. Ah\u015fap su bazl\u0131 boya uygulamalar\u0131 ile renk ve desenleri taleplerinize g\u00f6re imal edebilmekteyiz.<\/span><\/h5>\n<h5><span style=\"color: #993300;\">\u00a0Kurulum ve Nakliye Giderleri Fiyat\u0131m\u0131z Haricindedir. <\/span>Kurulum ve nakliye fiyatlar\u0131 de\u011fi\u015fiklik g\u00f6sterebilmektedir. Alan\u0131n\u0131za uygun farkl\u0131 y\u00fckseklik ve en oranlar\u0131 \u00f6zel taleplerinize g\u00f6re imal edilebilmektedir.<\/h5>\n<p>&nbsp;<\/p>\n","protected":false},"featured_media":10723,"comment_status":"closed","ping_status":"closed","template":"","meta":[],"product_brand":[263],"product_cat":[289],"product_tag":[332,333,277,334,331],"class_list":{"0":"post-10722","1":"product","2":"type-product","3":"status-publish","4":"has-post-thumbnail","6":"product_brand-stonewood","7":"product_cat-salincak-oyun-evleri","8":"product_tag-ahsap-cocuk-oyun-evi","9":"product_tag-ahsap-cocuk-oyun-parki","10":"product_tag-aydinlatmali-yuzuk-salincak","11":"product_tag-cocuk-parklari","12":"product_tag-tekli-iki-kisilik-salincak","14":"first","15":"instock","16":"shipping-taxable","17":"purchasable","18":"product-type-simple"},"yoast_head":"<!-- This site is optimized with the Yoast SEO Premium plugin v24.8 (Yoast SEO v27.3) - https:\/\/yoast.com\/product\/yoast-seo-premium-wordpress\/ -->\n<title>Ah\u015fap \u00c7ocuk Oyun Evi | Stonewood Kirpi - Stoneplus Ah\u015fap \u00dcr\u00fcnleri<\/title>\n<meta name=\"description\" content=\"Ah\u015fap \u00c7ocuk Oyun Evi | Stonewood Park ve sa\u011fl\u0131k sa\u011flamak \u00fczere tasarlanm\u0131\u015f birinci s\u0131n\u0131f Fin saunalar\u0131 serimizi sunmaktan gurur duyar\u0131z.\" \/>\n<meta name=\"robots\" content=\"index, follow, max-snippet:-1, max-image-preview:large, max-video-preview:-1\" \/>\n<link rel=\"canonical\" href=\"https:\/\/www.stoneplusturkiye.com\/shop\/urun\/ahsap-cocuk-oyun-evi\/\" \/>\n<meta property=\"og:locale\" content=\"tr_TR\" \/>\n<meta property=\"og:type\" content=\"article\" \/>\n<meta property=\"og:title\" content=\"Ah\u015fap \u00c7ocuk Oyun Evi | Stonewood Kirpi\" \/>\n<meta property=\"og:description\" content=\"Ah\u015fap \u00c7ocuk Oyun Evi | Stonewood Park ve sa\u011fl\u0131k sa\u011flamak \u00fczere tasarlanm\u0131\u015f birinci s\u0131n\u0131f Fin saunalar\u0131 serimizi sunmaktan gurur duyar\u0131z.\" \/>\n<meta property=\"og:url\" content=\"https:\/\/www.stoneplusturkiye.com\/shop\/urun\/ahsap-cocuk-oyun-evi\/\" \/>\n<meta property=\"og:site_name\" content=\"Stoneplus Ah\u015fap \u00dcr\u00fcnleri\" \/>\n<meta property=\"article:publisher\" content=\"https:\/\/www.facebook.com\/stoneplusturkiye\/\" \/>\n<meta property=\"article:modified_time\" content=\"2025-06-19T09:05:26+00:00\" \/>\n<meta property=\"og:image\" content=\"https:\/\/www.stoneplusturkiye.com\/shop\/wp-content\/uploads\/2025\/06\/1-14.jpg\" \/>\n\t<meta property=\"og:image:width\" content=\"1920\" \/>\n\t<meta property=\"og:image:height\" content=\"1080\" \/>\n\t<meta property=\"og:image:type\" content=\"image\/jpeg\" \/>\n<meta name=\"twitter:card\" content=\"summary_large_image\" \/>\n<meta name=\"twitter:label1\" content=\"Tahmini okuma s\u00fcresi\" \/>\n\t<meta name=\"twitter:data1\" content=\"2 dakika\" \/>\n<script type=\"application\/ld+json\" class=\"yoast-schema-graph\">{\"@context\":\"https:\\\/\\\/schema.org\",\"@graph\":[{\"@type\":\"WebPage\",\"@id\":\"https:\\\/\\\/www.stoneplusturkiye.com\\\/shop\\\/urun\\\/ahsap-cocuk-oyun-evi\\\/\",\"url\":\"https:\\\/\\\/www.stoneplusturkiye.com\\\/shop\\\/urun\\\/ahsap-cocuk-oyun-evi\\\/\",\"name\":\"Ah\u015fap \u00c7ocuk Oyun Evi | Stonewood Kirpi - Stoneplus Ah\u015fap \u00dcr\u00fcnleri\",\"isPartOf\":{\"@id\":\"https:\\\/\\\/www.stoneplusturkiye.com\\\/shop\\\/#website\"},\"primaryImageOfPage\":{\"@id\":\"https:\\\/\\\/www.stoneplusturkiye.com\\\/shop\\\/urun\\\/ahsap-cocuk-oyun-evi\\\/#primaryimage\"},\"image\":{\"@id\":\"https:\\\/\\\/www.stoneplusturkiye.com\\\/shop\\\/urun\\\/ahsap-cocuk-oyun-evi\\\/#primaryimage\"},\"thumbnailUrl\":\"https:\\\/\\\/www.stoneplusturkiye.com\\\/shop\\\/wp-content\\\/uploads\\\/2025\\\/06\\\/1-14.jpg\",\"datePublished\":\"2025-06-19T08:58:43+00:00\",\"dateModified\":\"2025-06-19T09:05:26+00:00\",\"description\":\"Ah\u015fap \u00c7ocuk Oyun Evi | Stonewood Park ve sa\u011fl\u0131k sa\u011flamak \u00fczere tasarlanm\u0131\u015f birinci s\u0131n\u0131f Fin saunalar\u0131 serimizi sunmaktan gurur duyar\u0131z.\",\"breadcrumb\":{\"@id\":\"https:\\\/\\\/www.stoneplusturkiye.com\\\/shop\\\/urun\\\/ahsap-cocuk-oyun-evi\\\/#breadcrumb\"},\"inLanguage\":\"tr\",\"potentialAction\":[{\"@type\":\"ReadAction\",\"target\":[\"https:\\\/\\\/www.stoneplusturkiye.com\\\/shop\\\/urun\\\/ahsap-cocuk-oyun-evi\\\/\"]}]},{\"@type\":\"ImageObject\",\"inLanguage\":\"tr\",\"@id\":\"https:\\\/\\\/www.stoneplusturkiye.com\\\/shop\\\/urun\\\/ahsap-cocuk-oyun-evi\\\/#primaryimage\",\"url\":\"https:\\\/\\\/www.stoneplusturkiye.com\\\/shop\\\/wp-content\\\/uploads\\\/2025\\\/06\\\/1-14.jpg\",\"contentUrl\":\"https:\\\/\\\/www.stoneplusturkiye.com\\\/shop\\\/wp-content\\\/uploads\\\/2025\\\/06\\\/1-14.jpg\",\"width\":1920,\"height\":1080},{\"@type\":\"BreadcrumbList\",\"@id\":\"https:\\\/\\\/www.stoneplusturkiye.com\\\/shop\\\/urun\\\/ahsap-cocuk-oyun-evi\\\/#breadcrumb\",\"itemListElement\":[{\"@type\":\"ListItem\",\"position\":1,\"name\":\"Home\",\"item\":\"https:\\\/\\\/www.stoneplusturkiye.com\\\/shop\\\/\"},{\"@type\":\"ListItem\",\"position\":2,\"name\":\"Ma\u011faza\",\"item\":\"https:\\\/\\\/www.stoneplusturkiye.com\\\/shop\\\/magaza\\\/\"},{\"@type\":\"ListItem\",\"position\":3,\"name\":\"Ah\u015fap \u00c7ocuk Oyun Evi | Stonewood Kirpi\"}]},{\"@type\":\"WebSite\",\"@id\":\"https:\\\/\\\/www.stoneplusturkiye.com\\\/shop\\\/#website\",\"url\":\"https:\\\/\\\/www.stoneplusturkiye.com\\\/shop\\\/\",\"name\":\"Stoneplus Ah\u015fap \u00dcr\u00fcnleri\",\"description\":\"Stonewood Ah\u015fap \u00c7\u00f6z\u00fcmleri\",\"publisher\":{\"@id\":\"https:\\\/\\\/www.stoneplusturkiye.com\\\/shop\\\/#organization\"},\"potentialAction\":[{\"@type\":\"SearchAction\",\"target\":{\"@type\":\"EntryPoint\",\"urlTemplate\":\"https:\\\/\\\/www.stoneplusturkiye.com\\\/shop\\\/?s={search_term_string}\"},\"query-input\":{\"@type\":\"PropertyValueSpecification\",\"valueRequired\":true,\"valueName\":\"search_term_string\"}}],\"inLanguage\":\"tr\"},{\"@type\":\"Organization\",\"@id\":\"https:\\\/\\\/www.stoneplusturkiye.com\\\/shop\\\/#organization\",\"name\":\"Stoneplus \u0130n\u015faat Yap\u0131 Ah\u015fap \u00dcr\u00fcnleri\",\"url\":\"https:\\\/\\\/www.stoneplusturkiye.com\\\/shop\\\/\",\"logo\":{\"@type\":\"ImageObject\",\"inLanguage\":\"tr\",\"@id\":\"https:\\\/\\\/www.stoneplusturkiye.com\\\/shop\\\/#\\\/schema\\\/logo\\\/image\\\/\",\"url\":\"https:\\\/\\\/www.stoneplusturkiye.com\\\/shop\\\/wp-content\\\/uploads\\\/2025\\\/02\\\/stoneplus2.png\",\"contentUrl\":\"https:\\\/\\\/www.stoneplusturkiye.com\\\/shop\\\/wp-content\\\/uploads\\\/2025\\\/02\\\/stoneplus2.png\",\"width\":1000,\"height\":1000,\"caption\":\"Stoneplus \u0130n\u015faat Yap\u0131 Ah\u015fap \u00dcr\u00fcnleri\"},\"image\":{\"@id\":\"https:\\\/\\\/www.stoneplusturkiye.com\\\/shop\\\/#\\\/schema\\\/logo\\\/image\\\/\"},\"sameAs\":[\"https:\\\/\\\/www.facebook.com\\\/stoneplusturkiye\\\/\"],\"description\":\"Stoneplus in\u015faat yap\u0131 ah\u015fap \u00fcr\u00fcnleri\",\"email\":\"bilgi@stoneplusturkiye.com\",\"telephone\":\"08504950590\",\"legalName\":\"Stoneplus \u0130n\u015f. Yap\u0131 Ah\u015fap \u00dcr\u00fcnleri\",\"taxID\":\"7810871242\",\"numberOfEmployees\":{\"@type\":\"QuantitativeValue\",\"minValue\":\"1\",\"maxValue\":\"10\"}}]}<\/script>\n<!-- \/ Yoast SEO Premium plugin. -->","yoast_head_json":{"title":"Ah\u015fap \u00c7ocuk Oyun Evi | Stonewood Kirpi - Stoneplus Ah\u015fap \u00dcr\u00fcnleri","description":"Ah\u015fap \u00c7ocuk Oyun Evi | Stonewood Park ve sa\u011fl\u0131k sa\u011flamak \u00fczere tasarlanm\u0131\u015f birinci s\u0131n\u0131f Fin saunalar\u0131 serimizi sunmaktan gurur duyar\u0131z.","robots":{"index":"index","follow":"follow","max-snippet":"max-snippet:-1","max-image-preview":"max-image-preview:large","max-video-preview":"max-video-preview:-1"},"canonical":"https:\/\/www.stoneplusturkiye.com\/shop\/urun\/ahsap-cocuk-oyun-evi\/","og_locale":"tr_TR","og_type":"article","og_title":"Ah\u015fap \u00c7ocuk Oyun Evi | Stonewood Kirpi","og_description":"Ah\u015fap \u00c7ocuk Oyun Evi | Stonewood Park ve sa\u011fl\u0131k sa\u011flamak \u00fczere tasarlanm\u0131\u015f birinci s\u0131n\u0131f Fin saunalar\u0131 serimizi sunmaktan gurur duyar\u0131z.","og_url":"https:\/\/www.stoneplusturkiye.com\/shop\/urun\/ahsap-cocuk-oyun-evi\/","og_site_name":"Stoneplus Ah\u015fap \u00dcr\u00fcnleri","article_publisher":"https:\/\/www.facebook.com\/stoneplusturkiye\/","article_modified_time":"2025-06-19T09:05:26+00:00","og_image":[{"width":1920,"height":1080,"url":"https:\/\/www.stoneplusturkiye.com\/shop\/wp-content\/uploads\/2025\/06\/1-14.jpg","type":"image\/jpeg"}],"twitter_card":"summary_large_image","twitter_misc":{"Tahmini okuma s\u00fcresi":"2 dakika"},"schema":{"@context":"https:\/\/schema.org","@graph":[{"@type":"WebPage","@id":"https:\/\/www.stoneplusturkiye.com\/shop\/urun\/ahsap-cocuk-oyun-evi\/","url":"https:\/\/www.stoneplusturkiye.com\/shop\/urun\/ahsap-cocuk-oyun-evi\/","name":"Ah\u015fap \u00c7ocuk Oyun Evi | Stonewood Kirpi - Stoneplus Ah\u015fap \u00dcr\u00fcnleri","isPartOf":{"@id":"https:\/\/www.stoneplusturkiye.com\/shop\/#website"},"primaryImageOfPage":{"@id":"https:\/\/www.stoneplusturkiye.com\/shop\/urun\/ahsap-cocuk-oyun-evi\/#primaryimage"},"image":{"@id":"https:\/\/www.stoneplusturkiye.com\/shop\/urun\/ahsap-cocuk-oyun-evi\/#primaryimage"},"thumbnailUrl":"https:\/\/www.stoneplusturkiye.com\/shop\/wp-content\/uploads\/2025\/06\/1-14.jpg","datePublished":"2025-06-19T08:58:43+00:00","dateModified":"2025-06-19T09:05:26+00:00","description":"Ah\u015fap \u00c7ocuk Oyun Evi | Stonewood Park ve sa\u011fl\u0131k sa\u011flamak \u00fczere tasarlanm\u0131\u015f birinci s\u0131n\u0131f Fin saunalar\u0131 serimizi sunmaktan gurur duyar\u0131z.","breadcrumb":{"@id":"https:\/\/www.stoneplusturkiye.com\/shop\/urun\/ahsap-cocuk-oyun-evi\/#breadcrumb"},"inLanguage":"tr","potentialAction":[{"@type":"ReadAction","target":["https:\/\/www.stoneplusturkiye.com\/shop\/urun\/ahsap-cocuk-oyun-evi\/"]}]},{"@type":"ImageObject","inLanguage":"tr","@id":"https:\/\/www.stoneplusturkiye.com\/shop\/urun\/ahsap-cocuk-oyun-evi\/#primaryimage","url":"https:\/\/www.stoneplusturkiye.com\/shop\/wp-content\/uploads\/2025\/06\/1-14.jpg","contentUrl":"https:\/\/www.stoneplusturkiye.com\/shop\/wp-content\/uploads\/2025\/06\/1-14.jpg","width":1920,"height":1080},{"@type":"BreadcrumbList","@id":"https:\/\/www.stoneplusturkiye.com\/shop\/urun\/ahsap-cocuk-oyun-evi\/#breadcrumb","itemListElement":[{"@type":"ListItem","position":1,"name":"Home","item":"https:\/\/www.stoneplusturkiye.com\/shop\/"},{"@type":"ListItem","position":2,"name":"Ma\u011faza","item":"https:\/\/www.stoneplusturkiye.com\/shop\/magaza\/"},{"@type":"ListItem","position":3,"name":"Ah\u015fap \u00c7ocuk Oyun Evi | Stonewood Kirpi"}]},{"@type":"WebSite","@id":"https:\/\/www.stoneplusturkiye.com\/shop\/#website","url":"https:\/\/www.stoneplusturkiye.com\/shop\/","name":"Stoneplus Ah\u015fap \u00dcr\u00fcnleri","description":"Stonewood Ah\u015fap \u00c7\u00f6z\u00fcmleri","publisher":{"@id":"https:\/\/www.stoneplusturkiye.com\/shop\/#organization"},"potentialAction":[{"@type":"SearchAction","target":{"@type":"EntryPoint","urlTemplate":"https:\/\/www.stoneplusturkiye.com\/shop\/?s={search_term_string}"},"query-input":{"@type":"PropertyValueSpecification","valueRequired":true,"valueName":"search_term_string"}}],"inLanguage":"tr"},{"@type":"Organization","@id":"https:\/\/www.stoneplusturkiye.com\/shop\/#organization","name":"Stoneplus \u0130n\u015faat Yap\u0131 Ah\u015fap \u00dcr\u00fcnleri","url":"https:\/\/www.stoneplusturkiye.com\/shop\/","logo":{"@type":"ImageObject","inLanguage":"tr","@id":"https:\/\/www.stoneplusturkiye.com\/shop\/#\/schema\/logo\/image\/","url":"https:\/\/www.stoneplusturkiye.com\/shop\/wp-content\/uploads\/2025\/02\/stoneplus2.png","contentUrl":"https:\/\/www.stoneplusturkiye.com\/shop\/wp-content\/uploads\/2025\/02\/stoneplus2.png","width":1000,"height":1000,"caption":"Stoneplus \u0130n\u015faat Yap\u0131 Ah\u015fap \u00dcr\u00fcnleri"},"image":{"@id":"https:\/\/www.stoneplusturkiye.com\/shop\/#\/schema\/logo\/image\/"},"sameAs":["https:\/\/www.facebook.com\/stoneplusturkiye\/"],"description":"Stoneplus in\u015faat yap\u0131 ah\u015fap \u00fcr\u00fcnleri","email":"bilgi@stoneplusturkiye.com","telephone":"08504950590","legalName":"Stoneplus \u0130n\u015f. Yap\u0131 Ah\u015fap \u00dcr\u00fcnleri","taxID":"7810871242","numberOfEmployees":{"@type":"QuantitativeValue","minValue":"1","maxValue":"10"}}]}},"_links":{"self":[{"href":"https:\/\/www.stoneplusturkiye.com\/shop\/wp-json\/wp\/v2\/product\/10722","targetHints":{"allow":["GET"]}}],"collection":[{"href":"https:\/\/www.stoneplusturkiye.com\/shop\/wp-json\/wp\/v2\/product"}],"about":[{"href":"https:\/\/www.stoneplusturkiye.com\/shop\/wp-json\/wp\/v2\/types\/product"}],"replies":[{"embeddable":true,"href":"https:\/\/www.stoneplusturkiye.com\/shop\/wp-json\/wp\/v2\/comments?post=10722"}],"version-history":[{"count":3,"href":"https:\/\/www.stoneplusturkiye.com\/shop\/wp-json\/wp\/v2\/product\/10722\/revisions"}],"predecessor-version":[{"id":10733,"href":"https:\/\/www.stoneplusturkiye.com\/shop\/wp-json\/wp\/v2\/product\/10722\/revisions\/10733"}],"wp:featuredmedia":[{"embeddable":true,"href":"https:\/\/www.stoneplusturkiye.com\/shop\/wp-json\/wp\/v2\/media\/10723"}],"wp:attachment":[{"href":"https:\/\/www.stoneplusturkiye.com\/shop\/wp-json\/wp\/v2\/media?parent=10722"}],"wp:term":[{"taxonomy":"product_brand","embeddable":true,"href":"https:\/\/www.stoneplusturkiye.com\/shop\/wp-json\/wp\/v2\/product_brand?post=10722"},{"taxonomy":"product_cat","embeddable":true,"href":"https:\/\/www.stoneplusturkiye.com\/shop\/wp-json\/wp\/v2\/product_cat?post=10722"},{"taxonomy":"product_tag","embeddable":true,"href":"https:\/\/www.stoneplusturkiye.com\/shop\/wp-json\/wp\/v2\/product_tag?post=10722"}],"curies":[{"name":"wp","href":"https:\/\/api.w.org\/{rel}","templated":true}]}}