{"id":10641,"date":"2025-06-17T14:43:04","date_gmt":"2025-06-17T11:43:04","guid":{"rendered":"https:\/\/www.stoneplusturkiye.com\/shop\/?post_type=product&#038;p=10641"},"modified":"2025-06-17T15:07:26","modified_gmt":"2025-06-17T12:07:26","slug":"cicek-bahcesi-oturma-banki-stoneplus-cicek","status":"publish","type":"product","link":"https:\/\/www.stoneplusturkiye.com\/shop\/urun\/cicek-bahcesi-oturma-banki-stoneplus-cicek\/","title":{"rendered":"\u00c7i\u00e7ek Bah\u00e7esi Oturma Bank\u0131 | Stoneplus \u00c7i\u00e7ek"},"content":{"rendered":"<p data-start=\"0\" data-end=\"291\"><strong data-start=\"0\" data-end=\"30\">\u00c7i\u00e7ek bah\u00e7esi oturma bank\u0131<\/strong>, do\u011fal ya\u015famla i\u00e7 i\u00e7e tasarlanm\u0131\u015f, hem estetik hem de fonksiyonel bir kent mobilyas\u0131 modelidir. Bu \u00f6zel bank modeli, \u00e7i\u00e7eklik veya saks\u0131 b\u00f6lmeleriyle birle\u015ftirilmi\u015f yap\u0131s\u0131 sayesinde oturma alan\u0131n\u0131 ye\u015fillikle b\u00fct\u00fcnle\u015ftirir ve \u00e7evresine do\u011fal bir g\u00fczellik katar.<\/p>\n<p data-start=\"293\" data-end=\"622\"><strong data-start=\"293\" data-end=\"323\">\u00c7i\u00e7ek bah\u00e7esi oturma bank\u0131<\/strong> genellikle ah\u015fap oturum y\u00fczeyi ve metal ya da beton ta\u015f\u0131y\u0131c\u0131 yap\u0131larla \u00fcretilir. Bank\u0131n u\u00e7 k\u0131s\u0131mlar\u0131na veya arka taraf\u0131na entegre edilen saks\u0131l\u0131klar sayesinde renkli \u00e7i\u00e7ekler ya da k\u00fc\u00e7\u00fck s\u00fcs bitkileriyle donat\u0131labilir. Bu sayede kullan\u0131c\u0131lar yaln\u0131zca oturmakla kalmaz, ayn\u0131 zamanda do\u011fayla bulu\u015fur.<\/p>\n<p data-start=\"624\" data-end=\"894\">Parklar, y\u00fcr\u00fcy\u00fc\u015f yollar\u0131, al\u0131\u015fveri\u015f merkezleri, okul bah\u00e7eleri ve site i\u00e7i dinlenme alanlar\u0131nda s\u0131k\u00e7a tercih edilen bu model, \u00e7evre d\u00fczenlemesine canl\u0131l\u0131k ve s\u0131cakl\u0131k katar. Ayn\u0131 zamanda g\u00f6rsel bir odak noktas\u0131 olu\u015fturur ve bulundu\u011fu alanda huzurlu bir atmosfer yarat\u0131r.<\/p>\n<p data-start=\"896\" data-end=\"1217\" data-is-last-node=\"\" data-is-only-node=\"\"><strong data-start=\"896\" data-end=\"926\">\u00c7i\u00e7ek bah\u00e7esi oturma bank\u0131<\/strong>, hem fonksiyonel bir dinlenme alan\u0131 hem de peyzaj \u00f6\u011fesi olarak \u00e7ift g\u00f6rev \u00fcstlenir. Konforlu oturumu, estetik tasar\u0131m\u0131 ve do\u011fayla i\u00e7 i\u00e7e yap\u0131s\u0131yla modern d\u0131\u015f mek\u00e2n projeleri i\u00e7in ideal bir tercihtir. Bu bank modeli, ya\u015fanabilir ve ye\u015fil alanlar yaratmak isteyenler i\u00e7in harika bir \u00e7\u00f6z\u00fcmd\u00fcr.<\/p>\n","protected":false},"excerpt":{"rendered":"<p><strong>&#8220;\u00c7i\u00e7ek Bah\u00e7esi&#8221; Bank\u0131 &#8211; modern kentsel alanlar i\u00e7in stil ve i\u015flevsellik<\/strong><\/p>\n<p>Flowerbed bank\u0131, her mekana konfor ve estetik getirecek benzersiz bir d\u0131\u015f mekan mobilyas\u0131d\u0131r. Bu \u00fcr\u00fcn, dayan\u0131kl\u0131l\u0131k ve zarafet vurgulanarak tasarlanm\u0131\u015ft\u0131r ve \u015fehir parklar\u0131nda, setlerde, rekreasyon alanlar\u0131nda ve kamu binalar\u0131n\u0131n yak\u0131n\u0131nda kurulum i\u00e7in idealdir. Bank\u0131n zarif tasar\u0131m\u0131, g\u00fcvenilir malzemelerle birle\u015fti\u011finde, premium segmente ait oldu\u011funu ve \u015f\u0131k \u015fehir mimarisini vurgular.<\/p>\n<p>Tezgah\u0131n iskeleti, dikkatli bir \u015fekilde kumlama i\u015fleminden ge\u00e7irilen ve \u00e7inko astar\u0131 eklenmi\u015f toz boya ile kaplanan y\u00fcksek kaliteli \u00e7elikten yap\u0131lm\u0131\u015ft\u0131r. Bu kaplama, yap\u0131y\u0131 korozyona ve hava ko\u015fullar\u0131na kar\u015f\u0131 dayan\u0131kl\u0131 hale getirerek \u00fcr\u00fcn\u00fcn dayan\u0131kl\u0131l\u0131\u011f\u0131n\u0131 garanti eder. Oturma yeri, yaln\u0131zca asil bir g\u00f6lge vermekle kalmay\u0131p ayn\u0131 zamanda ah\u015fab\u0131 a\u015f\u0131nma ve nemden koruyan \u0130talyan Renner ya\u011f\u0131 ile emprenye edilmi\u015f do\u011fal kara\u00e7amdan yap\u0131lm\u0131\u015ft\u0131r. Be\u015f tonun de\u011fi\u015fkenli\u011fi, \u00e7evredeki alan\u0131n konseptine m\u00fckemmel \u015fekilde uyacak uygun bir renk \u015femas\u0131 se\u00e7menize olanak tan\u0131r.<\/p>\n<h3><span style=\"color: #993300;\">\u00d6zellikler ve Avantajlar:<\/span><\/h3>\n<ul>\n<li>D\u0131\u015f etkenlere dayan\u0131kl\u0131,\u00a0<strong>dayan\u0131kl\u0131 toz boya kapl\u0131 \u00e7elik \u00e7er\u00e7eve.<\/strong><\/li>\n<li><strong>Koruyucu Renner ya\u011f\u0131 i\u00e7eren do\u011fal kara\u00e7am a\u011fac\u0131<\/strong>\u00a0, estetik g\u00f6r\u00fcn\u00fcm\u00fcn\u00fc uzun s\u00fcre korur.<\/li>\n<li><strong>\u00c7e\u015fitli tonlar<\/strong>\u00a0&#8211; Bank, her projenin mimari tarz\u0131na uyum sa\u011flayacak \u015fekilde be\u015f renkte yap\u0131labilir.<\/li>\n<li>Kamusal alanlara konfor ve rahatl\u0131k katacak\u00a0<strong>estetik ve fonksiyonel tasar\u0131m .<\/strong><\/li>\n<\/ul>\n<p>&#8220;\u00c7i\u00e7ek Bah\u00e7esi&#8221; bank\u0131, pratiklik ve modern tarz\u0131n ba\u015far\u0131l\u0131 bir birle\u015fimi olup, kentsel ortamlarda konforlu ve \u00e7ekici dinlenme alanlar\u0131 yaratmak i\u00e7in m\u00fckemmel bir \u00e7\u00f6z\u00fcmd\u00fcr.<\/p>\n<h5><span style=\"color: #993300;\"><strong>Genel \u00d6zellikler | Hizmet Detaylar\u0131<br \/>\n<\/strong><\/span><\/h5>\n<div class=\"sizes__item\"><strong><span class=\"sizes__text\">Uzunluk : 2745 mm<\/span><\/strong><\/div>\n<div class=\"sizes__item\"><strong><span class=\"sizes__text\">Geni\u015flik: 1245 mm<\/span><\/strong><\/div>\n<div class=\"sizes__item\"><strong><span class=\"sizes__text\">Y\u00fckseklik: 680 mm<br \/>\nKumlanm\u0131\u015f \u00e7elik, \u00e7inko astarl\u0131 toz boya, D\u0131\u015f kaplama &#8211; paslanmaz \u00e7elik<br \/>\n<\/span><\/strong><\/div>\n<h5><span style=\"color: #008080;\">Ah\u015fap ve Aluminyum renkleri taleplerinize g\u00f6re de\u011fi\u015fiklik g\u00f6sterebilmektedir. Ah\u015fap su bazl\u0131 boya uygulamalar\u0131 ile renk ve desenleri taleplerinize g\u00f6re imal edebilmekteyiz.<\/span><\/h5>\n<h5><span style=\"color: #993300;\">\u00a0Kurulum ve Nakliye Giderleri Fiyat\u0131m\u0131z Haricindedir. <\/span>Kurulum ve nakliye fiyatlar\u0131 de\u011fi\u015fiklik g\u00f6sterebilmektedir. Alan\u0131n\u0131za uygun farkl\u0131 y\u00fckseklik ve en oranlar\u0131 \u00f6zel taleplerinize g\u00f6re imal edilebilmektedir.<\/h5>\n<p>&nbsp;<\/p>\n","protected":false},"featured_media":10648,"comment_status":"closed","ping_status":"closed","template":"","meta":[],"product_brand":[263],"product_cat":[282],"product_tag":[315,324,323,313,325,326],"class_list":{"0":"post-10641","1":"product","2":"type-product","3":"status-publish","4":"has-post-thumbnail","6":"product_brand-stonewood","7":"product_cat-oturma-banklari-sehir-mobilyasi","8":"product_tag-bahce-banklari","9":"product_tag-beton-bank","10":"product_tag-beton-bank-modelleri","11":"product_tag-oturma-banki","12":"product_tag-sandalye-oturma-banki","13":"product_tag-sirtlikli-modern-bank-gruplari","15":"first","16":"instock","17":"shipping-taxable","18":"purchasable","19":"product-type-simple"},"yoast_head":"<!-- This site is optimized with the Yoast SEO Premium plugin v24.8 (Yoast SEO v27.4) - https:\/\/yoast.com\/product\/yoast-seo-premium-wordpress\/ -->\n<title>\u00c7i\u00e7ek Bah\u00e7esi Oturma Bank\u0131 | Stoneplus \u00c7i\u00e7ek - Stoneplus Ah\u015fap \u00dcr\u00fcnleri<\/title>\n<meta name=\"description\" content=\"S\u0131rtl\u0131kl\u0131 Modern Bank Gruplar\u0131 ah\u015fap oturma banklar\u0131 ve ah\u015fap modern bank \u00e7e\u015fitleri ile hizmetinizdeyiz ve tasar\u0131mlar\u0131m\u0131z\u0131 yay\u0131nl\u0131yoruz\" \/>\n<meta name=\"robots\" content=\"index, follow, max-snippet:-1, max-image-preview:large, max-video-preview:-1\" \/>\n<link rel=\"canonical\" href=\"https:\/\/www.stoneplusturkiye.com\/shop\/urun\/cicek-bahcesi-oturma-banki-stoneplus-cicek\/\" \/>\n<meta property=\"og:locale\" content=\"tr_TR\" \/>\n<meta property=\"og:type\" content=\"article\" \/>\n<meta property=\"og:title\" content=\"\u00c7i\u00e7ek Bah\u00e7esi Oturma Bank\u0131 | Stoneplus \u00c7i\u00e7ek\" \/>\n<meta property=\"og:description\" content=\"S\u0131rtl\u0131kl\u0131 Modern Bank Gruplar\u0131 ah\u015fap oturma banklar\u0131 ve ah\u015fap modern bank \u00e7e\u015fitleri ile hizmetinizdeyiz ve tasar\u0131mlar\u0131m\u0131z\u0131 yay\u0131nl\u0131yoruz\" \/>\n<meta property=\"og:url\" content=\"https:\/\/www.stoneplusturkiye.com\/shop\/urun\/cicek-bahcesi-oturma-banki-stoneplus-cicek\/\" \/>\n<meta property=\"og:site_name\" content=\"Stoneplus Ah\u015fap \u00dcr\u00fcnleri\" \/>\n<meta property=\"article:publisher\" content=\"https:\/\/www.facebook.com\/stoneplusturkiye\/\" \/>\n<meta property=\"article:modified_time\" content=\"2025-06-17T12:07:26+00:00\" \/>\n<meta property=\"og:image\" content=\"https:\/\/www.stoneplusturkiye.com\/shop\/wp-content\/uploads\/2025\/06\/sd-0052-skamejka-czvetnik-scaled-1.jpg\" \/>\n\t<meta property=\"og:image:width\" content=\"2048\" \/>\n\t<meta property=\"og:image:height\" content=\"1365\" \/>\n\t<meta property=\"og:image:type\" content=\"image\/jpeg\" \/>\n<meta name=\"twitter:card\" content=\"summary_large_image\" \/>\n<meta name=\"twitter:label1\" content=\"Tahmini okuma s\u00fcresi\" \/>\n\t<meta name=\"twitter:data1\" content=\"2 dakika\" \/>\n<script type=\"application\/ld+json\" class=\"yoast-schema-graph\">{\"@context\":\"https:\\\/\\\/schema.org\",\"@graph\":[{\"@type\":\"WebPage\",\"@id\":\"https:\\\/\\\/www.stoneplusturkiye.com\\\/shop\\\/urun\\\/cicek-bahcesi-oturma-banki-stoneplus-cicek\\\/\",\"url\":\"https:\\\/\\\/www.stoneplusturkiye.com\\\/shop\\\/urun\\\/cicek-bahcesi-oturma-banki-stoneplus-cicek\\\/\",\"name\":\"\u00c7i\u00e7ek Bah\u00e7esi Oturma Bank\u0131 | Stoneplus \u00c7i\u00e7ek - Stoneplus Ah\u015fap \u00dcr\u00fcnleri\",\"isPartOf\":{\"@id\":\"https:\\\/\\\/www.stoneplusturkiye.com\\\/shop\\\/#website\"},\"primaryImageOfPage\":{\"@id\":\"https:\\\/\\\/www.stoneplusturkiye.com\\\/shop\\\/urun\\\/cicek-bahcesi-oturma-banki-stoneplus-cicek\\\/#primaryimage\"},\"image\":{\"@id\":\"https:\\\/\\\/www.stoneplusturkiye.com\\\/shop\\\/urun\\\/cicek-bahcesi-oturma-banki-stoneplus-cicek\\\/#primaryimage\"},\"thumbnailUrl\":\"https:\\\/\\\/www.stoneplusturkiye.com\\\/shop\\\/wp-content\\\/uploads\\\/2025\\\/06\\\/sd-0052-skamejka-czvetnik-scaled-1.jpg\",\"datePublished\":\"2025-06-17T11:43:04+00:00\",\"dateModified\":\"2025-06-17T12:07:26+00:00\",\"description\":\"S\u0131rtl\u0131kl\u0131 Modern Bank Gruplar\u0131 ah\u015fap oturma banklar\u0131 ve ah\u015fap modern bank \u00e7e\u015fitleri ile hizmetinizdeyiz ve tasar\u0131mlar\u0131m\u0131z\u0131 yay\u0131nl\u0131yoruz\",\"breadcrumb\":{\"@id\":\"https:\\\/\\\/www.stoneplusturkiye.com\\\/shop\\\/urun\\\/cicek-bahcesi-oturma-banki-stoneplus-cicek\\\/#breadcrumb\"},\"inLanguage\":\"tr\",\"potentialAction\":[{\"@type\":\"ReadAction\",\"target\":[\"https:\\\/\\\/www.stoneplusturkiye.com\\\/shop\\\/urun\\\/cicek-bahcesi-oturma-banki-stoneplus-cicek\\\/\"]}]},{\"@type\":\"ImageObject\",\"inLanguage\":\"tr\",\"@id\":\"https:\\\/\\\/www.stoneplusturkiye.com\\\/shop\\\/urun\\\/cicek-bahcesi-oturma-banki-stoneplus-cicek\\\/#primaryimage\",\"url\":\"https:\\\/\\\/www.stoneplusturkiye.com\\\/shop\\\/wp-content\\\/uploads\\\/2025\\\/06\\\/sd-0052-skamejka-czvetnik-scaled-1.jpg\",\"contentUrl\":\"https:\\\/\\\/www.stoneplusturkiye.com\\\/shop\\\/wp-content\\\/uploads\\\/2025\\\/06\\\/sd-0052-skamejka-czvetnik-scaled-1.jpg\",\"width\":2048,\"height\":1365},{\"@type\":\"BreadcrumbList\",\"@id\":\"https:\\\/\\\/www.stoneplusturkiye.com\\\/shop\\\/urun\\\/cicek-bahcesi-oturma-banki-stoneplus-cicek\\\/#breadcrumb\",\"itemListElement\":[{\"@type\":\"ListItem\",\"position\":1,\"name\":\"Home\",\"item\":\"https:\\\/\\\/www.stoneplusturkiye.com\\\/shop\\\/\"},{\"@type\":\"ListItem\",\"position\":2,\"name\":\"Ma\u011faza\",\"item\":\"https:\\\/\\\/www.stoneplusturkiye.com\\\/shop\\\/magaza\\\/\"},{\"@type\":\"ListItem\",\"position\":3,\"name\":\"\u00c7i\u00e7ek Bah\u00e7esi Oturma Bank\u0131 | Stoneplus \u00c7i\u00e7ek\"}]},{\"@type\":\"WebSite\",\"@id\":\"https:\\\/\\\/www.stoneplusturkiye.com\\\/shop\\\/#website\",\"url\":\"https:\\\/\\\/www.stoneplusturkiye.com\\\/shop\\\/\",\"name\":\"Stoneplus Ah\u015fap \u00dcr\u00fcnleri\",\"description\":\"Stonewood Ah\u015fap \u00c7\u00f6z\u00fcmleri\",\"publisher\":{\"@id\":\"https:\\\/\\\/www.stoneplusturkiye.com\\\/shop\\\/#organization\"},\"potentialAction\":[{\"@type\":\"SearchAction\",\"target\":{\"@type\":\"EntryPoint\",\"urlTemplate\":\"https:\\\/\\\/www.stoneplusturkiye.com\\\/shop\\\/?s={search_term_string}\"},\"query-input\":{\"@type\":\"PropertyValueSpecification\",\"valueRequired\":true,\"valueName\":\"search_term_string\"}}],\"inLanguage\":\"tr\"},{\"@type\":\"Organization\",\"@id\":\"https:\\\/\\\/www.stoneplusturkiye.com\\\/shop\\\/#organization\",\"name\":\"Stoneplus \u0130n\u015faat Yap\u0131 Ah\u015fap \u00dcr\u00fcnleri\",\"url\":\"https:\\\/\\\/www.stoneplusturkiye.com\\\/shop\\\/\",\"logo\":{\"@type\":\"ImageObject\",\"inLanguage\":\"tr\",\"@id\":\"https:\\\/\\\/www.stoneplusturkiye.com\\\/shop\\\/#\\\/schema\\\/logo\\\/image\\\/\",\"url\":\"https:\\\/\\\/www.stoneplusturkiye.com\\\/shop\\\/wp-content\\\/uploads\\\/2025\\\/02\\\/stoneplus2.png\",\"contentUrl\":\"https:\\\/\\\/www.stoneplusturkiye.com\\\/shop\\\/wp-content\\\/uploads\\\/2025\\\/02\\\/stoneplus2.png\",\"width\":1000,\"height\":1000,\"caption\":\"Stoneplus \u0130n\u015faat Yap\u0131 Ah\u015fap \u00dcr\u00fcnleri\"},\"image\":{\"@id\":\"https:\\\/\\\/www.stoneplusturkiye.com\\\/shop\\\/#\\\/schema\\\/logo\\\/image\\\/\"},\"sameAs\":[\"https:\\\/\\\/www.facebook.com\\\/stoneplusturkiye\\\/\"],\"description\":\"Stoneplus in\u015faat yap\u0131 ah\u015fap \u00fcr\u00fcnleri\",\"email\":\"bilgi@stoneplusturkiye.com\",\"telephone\":\"08504950590\",\"legalName\":\"Stoneplus \u0130n\u015f. Yap\u0131 Ah\u015fap \u00dcr\u00fcnleri\",\"taxID\":\"7810871242\",\"numberOfEmployees\":{\"@type\":\"QuantitativeValue\",\"minValue\":\"1\",\"maxValue\":\"10\"}}]}<\/script>\n<!-- \/ Yoast SEO Premium plugin. -->","yoast_head_json":{"title":"\u00c7i\u00e7ek Bah\u00e7esi Oturma Bank\u0131 | Stoneplus \u00c7i\u00e7ek - Stoneplus Ah\u015fap \u00dcr\u00fcnleri","description":"S\u0131rtl\u0131kl\u0131 Modern Bank Gruplar\u0131 ah\u015fap oturma banklar\u0131 ve ah\u015fap modern bank \u00e7e\u015fitleri ile hizmetinizdeyiz ve tasar\u0131mlar\u0131m\u0131z\u0131 yay\u0131nl\u0131yoruz","robots":{"index":"index","follow":"follow","max-snippet":"max-snippet:-1","max-image-preview":"max-image-preview:large","max-video-preview":"max-video-preview:-1"},"canonical":"https:\/\/www.stoneplusturkiye.com\/shop\/urun\/cicek-bahcesi-oturma-banki-stoneplus-cicek\/","og_locale":"tr_TR","og_type":"article","og_title":"\u00c7i\u00e7ek Bah\u00e7esi Oturma Bank\u0131 | Stoneplus \u00c7i\u00e7ek","og_description":"S\u0131rtl\u0131kl\u0131 Modern Bank Gruplar\u0131 ah\u015fap oturma banklar\u0131 ve ah\u015fap modern bank \u00e7e\u015fitleri ile hizmetinizdeyiz ve tasar\u0131mlar\u0131m\u0131z\u0131 yay\u0131nl\u0131yoruz","og_url":"https:\/\/www.stoneplusturkiye.com\/shop\/urun\/cicek-bahcesi-oturma-banki-stoneplus-cicek\/","og_site_name":"Stoneplus Ah\u015fap \u00dcr\u00fcnleri","article_publisher":"https:\/\/www.facebook.com\/stoneplusturkiye\/","article_modified_time":"2025-06-17T12:07:26+00:00","og_image":[{"width":2048,"height":1365,"url":"https:\/\/www.stoneplusturkiye.com\/shop\/wp-content\/uploads\/2025\/06\/sd-0052-skamejka-czvetnik-scaled-1.jpg","type":"image\/jpeg"}],"twitter_card":"summary_large_image","twitter_misc":{"Tahmini okuma s\u00fcresi":"2 dakika"},"schema":{"@context":"https:\/\/schema.org","@graph":[{"@type":"WebPage","@id":"https:\/\/www.stoneplusturkiye.com\/shop\/urun\/cicek-bahcesi-oturma-banki-stoneplus-cicek\/","url":"https:\/\/www.stoneplusturkiye.com\/shop\/urun\/cicek-bahcesi-oturma-banki-stoneplus-cicek\/","name":"\u00c7i\u00e7ek Bah\u00e7esi Oturma Bank\u0131 | Stoneplus \u00c7i\u00e7ek - Stoneplus Ah\u015fap \u00dcr\u00fcnleri","isPartOf":{"@id":"https:\/\/www.stoneplusturkiye.com\/shop\/#website"},"primaryImageOfPage":{"@id":"https:\/\/www.stoneplusturkiye.com\/shop\/urun\/cicek-bahcesi-oturma-banki-stoneplus-cicek\/#primaryimage"},"image":{"@id":"https:\/\/www.stoneplusturkiye.com\/shop\/urun\/cicek-bahcesi-oturma-banki-stoneplus-cicek\/#primaryimage"},"thumbnailUrl":"https:\/\/www.stoneplusturkiye.com\/shop\/wp-content\/uploads\/2025\/06\/sd-0052-skamejka-czvetnik-scaled-1.jpg","datePublished":"2025-06-17T11:43:04+00:00","dateModified":"2025-06-17T12:07:26+00:00","description":"S\u0131rtl\u0131kl\u0131 Modern Bank Gruplar\u0131 ah\u015fap oturma banklar\u0131 ve ah\u015fap modern bank \u00e7e\u015fitleri ile hizmetinizdeyiz ve tasar\u0131mlar\u0131m\u0131z\u0131 yay\u0131nl\u0131yoruz","breadcrumb":{"@id":"https:\/\/www.stoneplusturkiye.com\/shop\/urun\/cicek-bahcesi-oturma-banki-stoneplus-cicek\/#breadcrumb"},"inLanguage":"tr","potentialAction":[{"@type":"ReadAction","target":["https:\/\/www.stoneplusturkiye.com\/shop\/urun\/cicek-bahcesi-oturma-banki-stoneplus-cicek\/"]}]},{"@type":"ImageObject","inLanguage":"tr","@id":"https:\/\/www.stoneplusturkiye.com\/shop\/urun\/cicek-bahcesi-oturma-banki-stoneplus-cicek\/#primaryimage","url":"https:\/\/www.stoneplusturkiye.com\/shop\/wp-content\/uploads\/2025\/06\/sd-0052-skamejka-czvetnik-scaled-1.jpg","contentUrl":"https:\/\/www.stoneplusturkiye.com\/shop\/wp-content\/uploads\/2025\/06\/sd-0052-skamejka-czvetnik-scaled-1.jpg","width":2048,"height":1365},{"@type":"BreadcrumbList","@id":"https:\/\/www.stoneplusturkiye.com\/shop\/urun\/cicek-bahcesi-oturma-banki-stoneplus-cicek\/#breadcrumb","itemListElement":[{"@type":"ListItem","position":1,"name":"Home","item":"https:\/\/www.stoneplusturkiye.com\/shop\/"},{"@type":"ListItem","position":2,"name":"Ma\u011faza","item":"https:\/\/www.stoneplusturkiye.com\/shop\/magaza\/"},{"@type":"ListItem","position":3,"name":"\u00c7i\u00e7ek Bah\u00e7esi Oturma Bank\u0131 | Stoneplus \u00c7i\u00e7ek"}]},{"@type":"WebSite","@id":"https:\/\/www.stoneplusturkiye.com\/shop\/#website","url":"https:\/\/www.stoneplusturkiye.com\/shop\/","name":"Stoneplus Ah\u015fap \u00dcr\u00fcnleri","description":"Stonewood Ah\u015fap \u00c7\u00f6z\u00fcmleri","publisher":{"@id":"https:\/\/www.stoneplusturkiye.com\/shop\/#organization"},"potentialAction":[{"@type":"SearchAction","target":{"@type":"EntryPoint","urlTemplate":"https:\/\/www.stoneplusturkiye.com\/shop\/?s={search_term_string}"},"query-input":{"@type":"PropertyValueSpecification","valueRequired":true,"valueName":"search_term_string"}}],"inLanguage":"tr"},{"@type":"Organization","@id":"https:\/\/www.stoneplusturkiye.com\/shop\/#organization","name":"Stoneplus \u0130n\u015faat Yap\u0131 Ah\u015fap \u00dcr\u00fcnleri","url":"https:\/\/www.stoneplusturkiye.com\/shop\/","logo":{"@type":"ImageObject","inLanguage":"tr","@id":"https:\/\/www.stoneplusturkiye.com\/shop\/#\/schema\/logo\/image\/","url":"https:\/\/www.stoneplusturkiye.com\/shop\/wp-content\/uploads\/2025\/02\/stoneplus2.png","contentUrl":"https:\/\/www.stoneplusturkiye.com\/shop\/wp-content\/uploads\/2025\/02\/stoneplus2.png","width":1000,"height":1000,"caption":"Stoneplus \u0130n\u015faat Yap\u0131 Ah\u015fap \u00dcr\u00fcnleri"},"image":{"@id":"https:\/\/www.stoneplusturkiye.com\/shop\/#\/schema\/logo\/image\/"},"sameAs":["https:\/\/www.facebook.com\/stoneplusturkiye\/"],"description":"Stoneplus in\u015faat yap\u0131 ah\u015fap \u00fcr\u00fcnleri","email":"bilgi@stoneplusturkiye.com","telephone":"08504950590","legalName":"Stoneplus \u0130n\u015f. Yap\u0131 Ah\u015fap \u00dcr\u00fcnleri","taxID":"7810871242","numberOfEmployees":{"@type":"QuantitativeValue","minValue":"1","maxValue":"10"}}]}},"_links":{"self":[{"href":"https:\/\/www.stoneplusturkiye.com\/shop\/wp-json\/wp\/v2\/product\/10641","targetHints":{"allow":["GET"]}}],"collection":[{"href":"https:\/\/www.stoneplusturkiye.com\/shop\/wp-json\/wp\/v2\/product"}],"about":[{"href":"https:\/\/www.stoneplusturkiye.com\/shop\/wp-json\/wp\/v2\/types\/product"}],"replies":[{"embeddable":true,"href":"https:\/\/www.stoneplusturkiye.com\/shop\/wp-json\/wp\/v2\/comments?post=10641"}],"version-history":[{"count":3,"href":"https:\/\/www.stoneplusturkiye.com\/shop\/wp-json\/wp\/v2\/product\/10641\/revisions"}],"predecessor-version":[{"id":10651,"href":"https:\/\/www.stoneplusturkiye.com\/shop\/wp-json\/wp\/v2\/product\/10641\/revisions\/10651"}],"wp:featuredmedia":[{"embeddable":true,"href":"https:\/\/www.stoneplusturkiye.com\/shop\/wp-json\/wp\/v2\/media\/10648"}],"wp:attachment":[{"href":"https:\/\/www.stoneplusturkiye.com\/shop\/wp-json\/wp\/v2\/media?parent=10641"}],"wp:term":[{"taxonomy":"product_brand","embeddable":true,"href":"https:\/\/www.stoneplusturkiye.com\/shop\/wp-json\/wp\/v2\/product_brand?post=10641"},{"taxonomy":"product_cat","embeddable":true,"href":"https:\/\/www.stoneplusturkiye.com\/shop\/wp-json\/wp\/v2\/product_cat?post=10641"},{"taxonomy":"product_tag","embeddable":true,"href":"https:\/\/www.stoneplusturkiye.com\/shop\/wp-json\/wp\/v2\/product_tag?post=10641"}],"curies":[{"name":"wp","href":"https:\/\/api.w.org\/{rel}","templated":true}]}}