{"id":10611,"date":"2025-06-17T11:45:40","date_gmt":"2025-06-17T08:45:40","guid":{"rendered":"https:\/\/www.stoneplusturkiye.com\/shop\/?post_type=product&#038;p=10611"},"modified":"2025-07-10T15:33:12","modified_gmt":"2025-07-10T12:33:12","slug":"estetik-oturma-banklari","status":"publish","type":"product","link":"https:\/\/www.stoneplusturkiye.com\/shop\/urun\/estetik-oturma-banklari\/","title":{"rendered":"Estetik Oturma Banklar\u0131 | Stonewood H\u00fcner"},"content":{"rendered":"<p data-start=\"0\" data-end=\"284\"><strong data-start=\"0\" data-end=\"27\">Estetik oturma banklar\u0131<\/strong>, sadece bir oturma alan\u0131 sunmakla kalmaz; ayn\u0131 zamanda bulundu\u011fu mek\u00e2na zarafet, denge ve b\u00fct\u00fcnl\u00fck kazand\u0131ran kent mobilyalar\u0131d\u0131r. Modern mimari anlay\u0131\u015fla tasarlanan bu banklar, \u015fehir esteti\u011fini \u00f6n plana \u00e7\u0131kar\u0131rken kullan\u0131c\u0131ya konforlu bir deneyim ya\u015fat\u0131r.<\/p>\n<p data-start=\"286\" data-end=\"618\"><strong data-start=\"286\" data-end=\"313\">Estetik oturma banklar\u0131<\/strong> \u00fcretiminde genellikle ah\u015fap, metal, beton ve kompozit gibi dayan\u0131kl\u0131 ve g\u00f6rsel a\u00e7\u0131dan uyumlu malzemeler tercih edilir. Ah\u015fab\u0131n s\u0131cak dokusu ile metalin modern \u00e7izgileri birle\u015ftirilerek hem \u00e7a\u011fda\u015f hem de do\u011fal bir g\u00f6r\u00fcn\u00fcm elde edilir. Bu banklar a\u00e7\u0131k hava ko\u015fullar\u0131na kar\u015f\u0131 dayan\u0131kl\u0131d\u0131r ve uzun \u00f6m\u00fcrl\u00fcd\u00fcr.<\/p>\n<p data-start=\"620\" data-end=\"933\">Tasar\u0131m a\u00e7\u0131s\u0131ndan klasik d\u00fcz formlar\u0131n d\u0131\u015f\u0131nda, k\u0131vr\u0131ml\u0131 hatlar, yuvarlak veya mod\u00fcler yap\u0131lar da olduk\u00e7a yayg\u0131nd\u0131r. \u00c7i\u00e7eklik entegreli, ayd\u0131nlatmal\u0131, logolu ya da \u00f6zel renk uyumlar\u0131na sahip modeller, <strong data-start=\"821\" data-end=\"848\">estetik oturma banklar\u0131<\/strong> kategorisinde \u00f6ne \u00e7\u0131kar. B\u00f6ylece her projeye \u00f6zel bir tasar\u0131m dokunu\u015fu sa\u011flanabilir.<\/p>\n<p data-start=\"935\" data-end=\"1172\">Bu banklar genellikle parklar, bah\u00e7eler, al\u0131\u015fveri\u015f merkezleri, otel avlular\u0131, sahil y\u00fcr\u00fcy\u00fc\u015f yollar\u0131 ve modern kamp\u00fcs alanlar\u0131nda tercih edilir. Estetik de\u011fer ta\u015f\u0131yan bir \u00e7evre d\u00fczenlemesinin en \u00f6nemli tamamlay\u0131c\u0131s\u0131 olarak g\u00f6rev yaparlar.<\/p>\n<p data-start=\"1174\" data-end=\"1391\" data-is-last-node=\"\" data-is-only-node=\"\"><strong data-start=\"1174\" data-end=\"1201\">Estetik oturma banklar\u0131<\/strong>, sadece konfor de\u011fil, bulundu\u011fu \u00e7evreyle g\u00f6rsel bir uyum da arayanlar i\u00e7in ideal bir tercihtir. Do\u011fru tasarlanm\u0131\u015f bir bank modeli, ya\u015fam alanlar\u0131na sanatla b\u00fct\u00fcnle\u015fmi\u015f bir soluk kazand\u0131r\u0131r.<\/p>\n","protected":false},"excerpt":{"rendered":"<p data-start=\"0\" data-end=\"284\"><strong data-start=\"0\" data-end=\"27\">Estetik oturma banklar\u0131<\/strong>, sadece bir oturma alan\u0131 sunmakla kalmaz; ayn\u0131 zamanda bulundu\u011fu mek\u00e2na zarafet, denge ve b\u00fct\u00fcnl\u00fck kazand\u0131ran kent mobilyalar\u0131d\u0131r. Modern mimari anlay\u0131\u015fla tasarlanan bu banklar, \u015fehir esteti\u011fini \u00f6n plana \u00e7\u0131kar\u0131rken kullan\u0131c\u0131ya konforlu bir deneyim ya\u015fat\u0131r.<\/p>\n<p data-start=\"286\" data-end=\"618\"><strong data-start=\"286\" data-end=\"313\">Estetik oturma banklar\u0131<\/strong> \u00fcretiminde genellikle ah\u015fap, metal, beton ve kompozit gibi dayan\u0131kl\u0131 ve g\u00f6rsel a\u00e7\u0131dan uyumlu malzemeler tercih edilir. Ah\u015fab\u0131n s\u0131cak dokusu ile metalin modern \u00e7izgileri birle\u015ftirilerek hem \u00e7a\u011fda\u015f hem de do\u011fal bir g\u00f6r\u00fcn\u00fcm elde edilir. Bu banklar a\u00e7\u0131k hava ko\u015fullar\u0131na kar\u015f\u0131 dayan\u0131kl\u0131d\u0131r ve uzun \u00f6m\u00fcrl\u00fcd\u00fcr.<\/p>\n<p data-start=\"620\" data-end=\"933\">Tasar\u0131m a\u00e7\u0131s\u0131ndan klasik d\u00fcz formlar\u0131n d\u0131\u015f\u0131nda, k\u0131vr\u0131ml\u0131 hatlar, yuvarlak veya mod\u00fcler yap\u0131lar da olduk\u00e7a yayg\u0131nd\u0131r. \u00c7i\u00e7eklik entegreli, ayd\u0131nlatmal\u0131, logolu ya da \u00f6zel renk uyumlar\u0131na sahip modeller, <strong data-start=\"821\" data-end=\"848\">estetik oturma banklar\u0131<\/strong> kategorisinde \u00f6ne \u00e7\u0131kar. B\u00f6ylece her projeye \u00f6zel bir tasar\u0131m dokunu\u015fu sa\u011flanabilir.<\/p>\n<h5><span style=\"color: #993300;\"><strong>Genel \u00d6zellikler | Hizmet Detaylar\u0131<br \/>\n<\/strong><\/span><\/h5>\n<div class=\"sizes__item\"><strong><span class=\"sizes__text\">Uzunluk : 1685mm<\/span><\/strong><\/div>\n<div class=\"sizes__item\"><strong><span class=\"sizes__text\">Geni\u015flik: 1685 mm<\/span><\/strong><\/div>\n<div class=\"sizes__item\"><strong><span class=\"sizes__text\">Y\u00fckseklik: 43,5 mm<br \/>\nKumlanm\u0131\u015f \u00e7elik, \u00e7inko astarl\u0131 toz boya, D\u0131\u015f kaplama &#8211; paslanmaz \u00e7elik<br \/>\n<\/span><\/strong><\/div>\n<h5><span style=\"color: #008080;\">Ah\u015fap ve Aluminyum renkleri taleplerinize g\u00f6re de\u011fi\u015fiklik g\u00f6sterebilmektedir. Ah\u015fap su bazl\u0131 boya uygulamalar\u0131 ile renk ve desenleri taleplerinize g\u00f6re imal edebilmekteyiz.<\/span><\/h5>\n<h5><span style=\"color: #993300;\">\u00a0Kurulum ve Nakliye Giderleri Fiyat\u0131m\u0131z Haricindedir. <\/span>Kurulum ve nakliye fiyatlar\u0131 de\u011fi\u015fiklik g\u00f6sterebilmektedir. Alan\u0131n\u0131za uygun farkl\u0131 y\u00fckseklik ve en oranlar\u0131 \u00f6zel taleplerinize g\u00f6re imal edilebilmektedir.<\/h5>\n<p>&nbsp;<\/p>\n","protected":false},"featured_media":10612,"comment_status":"closed","ping_status":"closed","template":"","meta":[],"product_brand":[263],"product_cat":[282],"product_tag":[319,313,318,311,317,316],"class_list":{"0":"post-10611","1":"product","2":"type-product","3":"status-publish","4":"has-post-thumbnail","6":"product_brand-stonewood","7":"product_cat-oturma-banklari-sehir-mobilyasi","8":"product_tag-estetik-oturma-banklari","9":"product_tag-oturma-banki","10":"product_tag-oturma-banki-fiyatlari","11":"product_tag-saksili-oturma-banki-modeli","12":"product_tag-sirtlikli-bank","13":"product_tag-sirtlikli-oturma-banki-modeli","15":"first","16":"instock","17":"shipping-taxable","18":"purchasable","19":"product-type-simple"},"yoast_head":"<!-- This site is optimized with the Yoast SEO Premium plugin v24.8 (Yoast SEO v27.4) - https:\/\/yoast.com\/product\/yoast-seo-premium-wordpress\/ -->\n<title>Estetik Oturma Banklar\u0131 | Stonewood H\u00fcner - Stoneplus Ah\u015fap \u00dcr\u00fcnleri<\/title>\n<meta name=\"description\" content=\"Estetik Oturma Banklar\u0131 ah\u015fap oturma banklar\u0131 ve ah\u015fap modern bank \u00e7e\u015fitleri ile hizmetinizdeyiz ve tasar\u0131mlar\u0131m\u0131z\u0131 yay\u0131nl\u0131yoruz\" \/>\n<meta name=\"robots\" content=\"index, follow, max-snippet:-1, max-image-preview:large, max-video-preview:-1\" \/>\n<link rel=\"canonical\" href=\"https:\/\/www.stoneplusturkiye.com\/shop\/urun\/estetik-oturma-banklari\/\" \/>\n<meta property=\"og:locale\" content=\"tr_TR\" \/>\n<meta property=\"og:type\" content=\"article\" \/>\n<meta property=\"og:title\" content=\"Estetik Oturma Banklar\u0131 | Stonewood H\u00fcner\" \/>\n<meta property=\"og:description\" content=\"Estetik Oturma Banklar\u0131 ah\u015fap oturma banklar\u0131 ve ah\u015fap modern bank \u00e7e\u015fitleri ile hizmetinizdeyiz ve tasar\u0131mlar\u0131m\u0131z\u0131 yay\u0131nl\u0131yoruz\" \/>\n<meta property=\"og:url\" content=\"https:\/\/www.stoneplusturkiye.com\/shop\/urun\/estetik-oturma-banklari\/\" \/>\n<meta property=\"og:site_name\" content=\"Stoneplus Ah\u015fap \u00dcr\u00fcnleri\" \/>\n<meta property=\"article:publisher\" content=\"https:\/\/www.facebook.com\/stoneplusturkiye\/\" \/>\n<meta property=\"article:modified_time\" content=\"2025-07-10T12:33:12+00:00\" \/>\n<meta property=\"og:image\" content=\"https:\/\/www.stoneplusturkiye.com\/shop\/wp-content\/uploads\/2025\/06\/1-7.jpg\" \/>\n\t<meta property=\"og:image:width\" content=\"2048\" \/>\n\t<meta property=\"og:image:height\" content=\"1365\" \/>\n\t<meta property=\"og:image:type\" content=\"image\/jpeg\" \/>\n<meta name=\"twitter:card\" content=\"summary_large_image\" \/>\n<meta name=\"twitter:label1\" content=\"Tahmini okuma s\u00fcresi\" \/>\n\t<meta name=\"twitter:data1\" content=\"2 dakika\" \/>\n<script type=\"application\/ld+json\" class=\"yoast-schema-graph\">{\"@context\":\"https:\\\/\\\/schema.org\",\"@graph\":[{\"@type\":\"WebPage\",\"@id\":\"https:\\\/\\\/www.stoneplusturkiye.com\\\/shop\\\/urun\\\/estetik-oturma-banklari\\\/\",\"url\":\"https:\\\/\\\/www.stoneplusturkiye.com\\\/shop\\\/urun\\\/estetik-oturma-banklari\\\/\",\"name\":\"Estetik Oturma Banklar\u0131 | Stonewood H\u00fcner - Stoneplus Ah\u015fap \u00dcr\u00fcnleri\",\"isPartOf\":{\"@id\":\"https:\\\/\\\/www.stoneplusturkiye.com\\\/shop\\\/#website\"},\"primaryImageOfPage\":{\"@id\":\"https:\\\/\\\/www.stoneplusturkiye.com\\\/shop\\\/urun\\\/estetik-oturma-banklari\\\/#primaryimage\"},\"image\":{\"@id\":\"https:\\\/\\\/www.stoneplusturkiye.com\\\/shop\\\/urun\\\/estetik-oturma-banklari\\\/#primaryimage\"},\"thumbnailUrl\":\"https:\\\/\\\/www.stoneplusturkiye.com\\\/shop\\\/wp-content\\\/uploads\\\/2025\\\/06\\\/1-7.jpg\",\"datePublished\":\"2025-06-17T08:45:40+00:00\",\"dateModified\":\"2025-07-10T12:33:12+00:00\",\"description\":\"Estetik Oturma Banklar\u0131 ah\u015fap oturma banklar\u0131 ve ah\u015fap modern bank \u00e7e\u015fitleri ile hizmetinizdeyiz ve tasar\u0131mlar\u0131m\u0131z\u0131 yay\u0131nl\u0131yoruz\",\"breadcrumb\":{\"@id\":\"https:\\\/\\\/www.stoneplusturkiye.com\\\/shop\\\/urun\\\/estetik-oturma-banklari\\\/#breadcrumb\"},\"inLanguage\":\"tr\",\"potentialAction\":[{\"@type\":\"ReadAction\",\"target\":[\"https:\\\/\\\/www.stoneplusturkiye.com\\\/shop\\\/urun\\\/estetik-oturma-banklari\\\/\"]}]},{\"@type\":\"ImageObject\",\"inLanguage\":\"tr\",\"@id\":\"https:\\\/\\\/www.stoneplusturkiye.com\\\/shop\\\/urun\\\/estetik-oturma-banklari\\\/#primaryimage\",\"url\":\"https:\\\/\\\/www.stoneplusturkiye.com\\\/shop\\\/wp-content\\\/uploads\\\/2025\\\/06\\\/1-7.jpg\",\"contentUrl\":\"https:\\\/\\\/www.stoneplusturkiye.com\\\/shop\\\/wp-content\\\/uploads\\\/2025\\\/06\\\/1-7.jpg\",\"width\":2048,\"height\":1365,\"caption\":\"Estetik Oturma Banklar\u0131\"},{\"@type\":\"BreadcrumbList\",\"@id\":\"https:\\\/\\\/www.stoneplusturkiye.com\\\/shop\\\/urun\\\/estetik-oturma-banklari\\\/#breadcrumb\",\"itemListElement\":[{\"@type\":\"ListItem\",\"position\":1,\"name\":\"Home\",\"item\":\"https:\\\/\\\/www.stoneplusturkiye.com\\\/shop\\\/\"},{\"@type\":\"ListItem\",\"position\":2,\"name\":\"Ma\u011faza\",\"item\":\"https:\\\/\\\/www.stoneplusturkiye.com\\\/shop\\\/magaza\\\/\"},{\"@type\":\"ListItem\",\"position\":3,\"name\":\"Estetik Oturma Banklar\u0131 | Stonewood H\u00fcner\"}]},{\"@type\":\"WebSite\",\"@id\":\"https:\\\/\\\/www.stoneplusturkiye.com\\\/shop\\\/#website\",\"url\":\"https:\\\/\\\/www.stoneplusturkiye.com\\\/shop\\\/\",\"name\":\"Stoneplus Ah\u015fap \u00dcr\u00fcnleri\",\"description\":\"Stonewood Ah\u015fap \u00c7\u00f6z\u00fcmleri\",\"publisher\":{\"@id\":\"https:\\\/\\\/www.stoneplusturkiye.com\\\/shop\\\/#organization\"},\"potentialAction\":[{\"@type\":\"SearchAction\",\"target\":{\"@type\":\"EntryPoint\",\"urlTemplate\":\"https:\\\/\\\/www.stoneplusturkiye.com\\\/shop\\\/?s={search_term_string}\"},\"query-input\":{\"@type\":\"PropertyValueSpecification\",\"valueRequired\":true,\"valueName\":\"search_term_string\"}}],\"inLanguage\":\"tr\"},{\"@type\":\"Organization\",\"@id\":\"https:\\\/\\\/www.stoneplusturkiye.com\\\/shop\\\/#organization\",\"name\":\"Stoneplus \u0130n\u015faat Yap\u0131 Ah\u015fap \u00dcr\u00fcnleri\",\"url\":\"https:\\\/\\\/www.stoneplusturkiye.com\\\/shop\\\/\",\"logo\":{\"@type\":\"ImageObject\",\"inLanguage\":\"tr\",\"@id\":\"https:\\\/\\\/www.stoneplusturkiye.com\\\/shop\\\/#\\\/schema\\\/logo\\\/image\\\/\",\"url\":\"https:\\\/\\\/www.stoneplusturkiye.com\\\/shop\\\/wp-content\\\/uploads\\\/2025\\\/02\\\/stoneplus2.png\",\"contentUrl\":\"https:\\\/\\\/www.stoneplusturkiye.com\\\/shop\\\/wp-content\\\/uploads\\\/2025\\\/02\\\/stoneplus2.png\",\"width\":1000,\"height\":1000,\"caption\":\"Stoneplus \u0130n\u015faat Yap\u0131 Ah\u015fap \u00dcr\u00fcnleri\"},\"image\":{\"@id\":\"https:\\\/\\\/www.stoneplusturkiye.com\\\/shop\\\/#\\\/schema\\\/logo\\\/image\\\/\"},\"sameAs\":[\"https:\\\/\\\/www.facebook.com\\\/stoneplusturkiye\\\/\"],\"description\":\"Stoneplus in\u015faat yap\u0131 ah\u015fap \u00fcr\u00fcnleri\",\"email\":\"bilgi@stoneplusturkiye.com\",\"telephone\":\"08504950590\",\"legalName\":\"Stoneplus \u0130n\u015f. Yap\u0131 Ah\u015fap \u00dcr\u00fcnleri\",\"taxID\":\"7810871242\",\"numberOfEmployees\":{\"@type\":\"QuantitativeValue\",\"minValue\":\"1\",\"maxValue\":\"10\"}}]}<\/script>\n<!-- \/ Yoast SEO Premium plugin. -->","yoast_head_json":{"title":"Estetik Oturma Banklar\u0131 | Stonewood H\u00fcner - Stoneplus Ah\u015fap \u00dcr\u00fcnleri","description":"Estetik Oturma Banklar\u0131 ah\u015fap oturma banklar\u0131 ve ah\u015fap modern bank \u00e7e\u015fitleri ile hizmetinizdeyiz ve tasar\u0131mlar\u0131m\u0131z\u0131 yay\u0131nl\u0131yoruz","robots":{"index":"index","follow":"follow","max-snippet":"max-snippet:-1","max-image-preview":"max-image-preview:large","max-video-preview":"max-video-preview:-1"},"canonical":"https:\/\/www.stoneplusturkiye.com\/shop\/urun\/estetik-oturma-banklari\/","og_locale":"tr_TR","og_type":"article","og_title":"Estetik Oturma Banklar\u0131 | Stonewood H\u00fcner","og_description":"Estetik Oturma Banklar\u0131 ah\u015fap oturma banklar\u0131 ve ah\u015fap modern bank \u00e7e\u015fitleri ile hizmetinizdeyiz ve tasar\u0131mlar\u0131m\u0131z\u0131 yay\u0131nl\u0131yoruz","og_url":"https:\/\/www.stoneplusturkiye.com\/shop\/urun\/estetik-oturma-banklari\/","og_site_name":"Stoneplus Ah\u015fap \u00dcr\u00fcnleri","article_publisher":"https:\/\/www.facebook.com\/stoneplusturkiye\/","article_modified_time":"2025-07-10T12:33:12+00:00","og_image":[{"width":2048,"height":1365,"url":"https:\/\/www.stoneplusturkiye.com\/shop\/wp-content\/uploads\/2025\/06\/1-7.jpg","type":"image\/jpeg"}],"twitter_card":"summary_large_image","twitter_misc":{"Tahmini okuma s\u00fcresi":"2 dakika"},"schema":{"@context":"https:\/\/schema.org","@graph":[{"@type":"WebPage","@id":"https:\/\/www.stoneplusturkiye.com\/shop\/urun\/estetik-oturma-banklari\/","url":"https:\/\/www.stoneplusturkiye.com\/shop\/urun\/estetik-oturma-banklari\/","name":"Estetik Oturma Banklar\u0131 | Stonewood H\u00fcner - Stoneplus Ah\u015fap \u00dcr\u00fcnleri","isPartOf":{"@id":"https:\/\/www.stoneplusturkiye.com\/shop\/#website"},"primaryImageOfPage":{"@id":"https:\/\/www.stoneplusturkiye.com\/shop\/urun\/estetik-oturma-banklari\/#primaryimage"},"image":{"@id":"https:\/\/www.stoneplusturkiye.com\/shop\/urun\/estetik-oturma-banklari\/#primaryimage"},"thumbnailUrl":"https:\/\/www.stoneplusturkiye.com\/shop\/wp-content\/uploads\/2025\/06\/1-7.jpg","datePublished":"2025-06-17T08:45:40+00:00","dateModified":"2025-07-10T12:33:12+00:00","description":"Estetik Oturma Banklar\u0131 ah\u015fap oturma banklar\u0131 ve ah\u015fap modern bank \u00e7e\u015fitleri ile hizmetinizdeyiz ve tasar\u0131mlar\u0131m\u0131z\u0131 yay\u0131nl\u0131yoruz","breadcrumb":{"@id":"https:\/\/www.stoneplusturkiye.com\/shop\/urun\/estetik-oturma-banklari\/#breadcrumb"},"inLanguage":"tr","potentialAction":[{"@type":"ReadAction","target":["https:\/\/www.stoneplusturkiye.com\/shop\/urun\/estetik-oturma-banklari\/"]}]},{"@type":"ImageObject","inLanguage":"tr","@id":"https:\/\/www.stoneplusturkiye.com\/shop\/urun\/estetik-oturma-banklari\/#primaryimage","url":"https:\/\/www.stoneplusturkiye.com\/shop\/wp-content\/uploads\/2025\/06\/1-7.jpg","contentUrl":"https:\/\/www.stoneplusturkiye.com\/shop\/wp-content\/uploads\/2025\/06\/1-7.jpg","width":2048,"height":1365,"caption":"Estetik Oturma Banklar\u0131"},{"@type":"BreadcrumbList","@id":"https:\/\/www.stoneplusturkiye.com\/shop\/urun\/estetik-oturma-banklari\/#breadcrumb","itemListElement":[{"@type":"ListItem","position":1,"name":"Home","item":"https:\/\/www.stoneplusturkiye.com\/shop\/"},{"@type":"ListItem","position":2,"name":"Ma\u011faza","item":"https:\/\/www.stoneplusturkiye.com\/shop\/magaza\/"},{"@type":"ListItem","position":3,"name":"Estetik Oturma Banklar\u0131 | Stonewood H\u00fcner"}]},{"@type":"WebSite","@id":"https:\/\/www.stoneplusturkiye.com\/shop\/#website","url":"https:\/\/www.stoneplusturkiye.com\/shop\/","name":"Stoneplus Ah\u015fap \u00dcr\u00fcnleri","description":"Stonewood Ah\u015fap \u00c7\u00f6z\u00fcmleri","publisher":{"@id":"https:\/\/www.stoneplusturkiye.com\/shop\/#organization"},"potentialAction":[{"@type":"SearchAction","target":{"@type":"EntryPoint","urlTemplate":"https:\/\/www.stoneplusturkiye.com\/shop\/?s={search_term_string}"},"query-input":{"@type":"PropertyValueSpecification","valueRequired":true,"valueName":"search_term_string"}}],"inLanguage":"tr"},{"@type":"Organization","@id":"https:\/\/www.stoneplusturkiye.com\/shop\/#organization","name":"Stoneplus \u0130n\u015faat Yap\u0131 Ah\u015fap \u00dcr\u00fcnleri","url":"https:\/\/www.stoneplusturkiye.com\/shop\/","logo":{"@type":"ImageObject","inLanguage":"tr","@id":"https:\/\/www.stoneplusturkiye.com\/shop\/#\/schema\/logo\/image\/","url":"https:\/\/www.stoneplusturkiye.com\/shop\/wp-content\/uploads\/2025\/02\/stoneplus2.png","contentUrl":"https:\/\/www.stoneplusturkiye.com\/shop\/wp-content\/uploads\/2025\/02\/stoneplus2.png","width":1000,"height":1000,"caption":"Stoneplus \u0130n\u015faat Yap\u0131 Ah\u015fap \u00dcr\u00fcnleri"},"image":{"@id":"https:\/\/www.stoneplusturkiye.com\/shop\/#\/schema\/logo\/image\/"},"sameAs":["https:\/\/www.facebook.com\/stoneplusturkiye\/"],"description":"Stoneplus in\u015faat yap\u0131 ah\u015fap \u00fcr\u00fcnleri","email":"bilgi@stoneplusturkiye.com","telephone":"08504950590","legalName":"Stoneplus \u0130n\u015f. Yap\u0131 Ah\u015fap \u00dcr\u00fcnleri","taxID":"7810871242","numberOfEmployees":{"@type":"QuantitativeValue","minValue":"1","maxValue":"10"}}]}},"_links":{"self":[{"href":"https:\/\/www.stoneplusturkiye.com\/shop\/wp-json\/wp\/v2\/product\/10611","targetHints":{"allow":["GET"]}}],"collection":[{"href":"https:\/\/www.stoneplusturkiye.com\/shop\/wp-json\/wp\/v2\/product"}],"about":[{"href":"https:\/\/www.stoneplusturkiye.com\/shop\/wp-json\/wp\/v2\/types\/product"}],"replies":[{"embeddable":true,"href":"https:\/\/www.stoneplusturkiye.com\/shop\/wp-json\/wp\/v2\/comments?post=10611"}],"version-history":[{"count":1,"href":"https:\/\/www.stoneplusturkiye.com\/shop\/wp-json\/wp\/v2\/product\/10611\/revisions"}],"predecessor-version":[{"id":10614,"href":"https:\/\/www.stoneplusturkiye.com\/shop\/wp-json\/wp\/v2\/product\/10611\/revisions\/10614"}],"wp:featuredmedia":[{"embeddable":true,"href":"https:\/\/www.stoneplusturkiye.com\/shop\/wp-json\/wp\/v2\/media\/10612"}],"wp:attachment":[{"href":"https:\/\/www.stoneplusturkiye.com\/shop\/wp-json\/wp\/v2\/media?parent=10611"}],"wp:term":[{"taxonomy":"product_brand","embeddable":true,"href":"https:\/\/www.stoneplusturkiye.com\/shop\/wp-json\/wp\/v2\/product_brand?post=10611"},{"taxonomy":"product_cat","embeddable":true,"href":"https:\/\/www.stoneplusturkiye.com\/shop\/wp-json\/wp\/v2\/product_cat?post=10611"},{"taxonomy":"product_tag","embeddable":true,"href":"https:\/\/www.stoneplusturkiye.com\/shop\/wp-json\/wp\/v2\/product_tag?post=10611"}],"curies":[{"name":"wp","href":"https:\/\/api.w.org\/{rel}","templated":true}]}}